{"id":807,"date":"2023-07-28T08:11:10","date_gmt":"2023-07-28T08:11:10","guid":{"rendered":"https:\/\/thesaraofactory.com\/?page_id=807"},"modified":"2025-04-09T06:53:48","modified_gmt":"2025-04-09T06:53:48","slug":"financiacion","status":"publish","type":"page","link":"https:\/\/thesaraofactory.com\/pt\/financiacion\/","title":{"rendered":"Financiamento"},"content":{"rendered":"<div class=\"wpb-content-wrapper\"><style id=\"mk-shortcode-style-69e08c50f0e72\" type=\"text\/css\"><\/style>\r\n<div class=\"vc_col-sm-12 wpb_column column_container  jupiter-donut- _ jupiter-donut-height-full\">\r\n\t\r\n\r\n<div class=\"wpb_row vc_inner vc_row vc_row-fluid jupiter-donut-   attched-false\">\r\n\t\t\t\t<\/div>\r\n<div class=\"wpb_column vc_column_container vc_col-sm-12\"><div class=\"vc_column-inner\"><div class=\"wpb_wrapper\"><\/div><\/div><\/div><div class=\"vc_empty_space\"   style=\"height: 5px\"><span class=\"vc_empty_space_inner\"><\/span><\/div><style id=\"mk-shortcode-style-69e08c50f1542\" type=\"text\/css\">#text-block-69e08c50f1542 { margin-bottom:0px; text-align:left; }<\/style>\t<div class=\"vc_custom_1654203243248\">\r\n\r\n<div id=\"text-block-69e08c50f1542\" class=\"mk-text-block  jupiter-donut-\">\r\n\r\n\t\r\n\t<h3 style=\"text-align: center; margin-bottom: 0px;\"><strong>FINANCIAMENTO INNOC\u00c1MARAS<\/strong><\/h3>\n\r\n\t<div class=\"clearboth\"><\/div>\r\n<\/div>\r\n\r\n\t<\/div>\r\n<\/div>\r\n\r\n<div class=\"mk-page-section-wrapper\" data-mk-full-width=\"true\" data-mk-full-width-init=\"true\" data-mk-stretch-content=\"true\">\r\n\t<div id=\"page-section-69e08c50f17cb\" class=\"mk-page-section self-hosted   full_layout full-width-69e08c50f17cb js-el js-master-row jupiter-donut-\"    data-intro-effect=\"false\">\r\n\r\n\t\t\t\r\n\t\t\t<div class=\"mk-page-section-inner\">\r\n\t\t\t\t\r\n\r\n\r\n<div class=\"mk-video-color-mask\"><\/div>\r\n\r\n\t\t\t\t\r\n\t\t\t\t\t\t\t<\/div>\r\n\r\n\t\t\t\r\n        <div class=\"page-section-content vc_row-fluid page-section-fullwidth\" >\r\n            <div class=\"mk-padding-wrapper wpb_row\"><style id=\"mk-shortcode-style-69e08c50f1aa2\" type=\"text\/css\"><\/style>\r\n<div class=\"vc_col-sm-12 wpb_column column_container  jupiter-donut- _ jupiter-donut-height-full\">\r\n\t\r\n\r\n<div class=\"wpb_row vc_inner vc_row vc_row-fluid jupiter-donut-   attched-false   vc_custom_1655134021891\">\r\n\t\t\t<div class=\"wpb_column vc_column_container vc_col-sm-12\"><div class=\"vc_column-inner\"><div class=\"wpb_wrapper\"><style id=\"mk-shortcode-style-69e08c50f1deb\" type=\"text\/css\">#text-block-69e08c50f1deb { margin-bottom:0px; text-align:left; }<\/style>\t<div class=\"vc_custom_1703846135452\">\r\n\r\n<div id=\"text-block-69e08c50f1deb\" class=\"mk-text-block  jupiter-donut-\">\r\n\r\n\t\r\n\t<p style=\"font-weight: 400;\">The Sarao Factory, SLU foi benefici\u00e1ria do Fundo Europeu de Desenvolvimento Regional, cujo objetivo \u00e9 Promover a pesquisa, o desenvolvimento tecnol\u00f3gico e a inova\u00e7\u00e3o, e gra\u00e7as a isso foi realizado um projeto de\u00a0<strong><u>Implanta\u00e7\u00e3o de Sistem\u00e1ticas e metodologias de Gest\u00e3o<\/u><\/strong>\u00a0para apoiar a cria\u00e7\u00e3o e consolida\u00e7\u00e3o de empresas inovadoras. Para isso, contou com o apoio do Programa de InnoC\u00e1maras 2023 da C\u00e2mara de Com\u00e9rcio de Alicante.&#034;<\/p>\n<p style=\"font-weight: 400;\">Uma maneira de fazer a Europa<\/p>\n<p>&nbsp;<\/p>\n<p><img decoding=\"async\" class=\"aligncenter wp-image-832\" src=\"https:\/\/thesaraofactory.com\/wp-content\/uploads\/2023\/07\/logo-feder-300x254.jpg\" alt=\"\" width=\"212\" height=\"179\" \/> <img decoding=\"async\" class=\"aligncenter size-medium wp-image-831\" src=\"https:\/\/thesaraofactory.com\/wp-content\/uploads\/2023\/07\/logo-ivace-r-300x90.jpg\" alt=\"\" width=\"300\" height=\"90\" \/><\/p>\n\r\n\t<div class=\"clearboth\"><\/div>\r\n<\/div>\r\n\r\n\t<\/div>\r\n<\/div><\/div><\/div>\t<\/div>\r\n\r\n\r\n<div class=\"wpb_row vc_inner vc_row vc_row-fluid jupiter-donut-   attched-false   vc_custom_1655134021891\">\r\n\t\t\t\t<\/div>\r\n<div class=\"wpb_column vc_column_container vc_col-sm-12\"><div class=\"vc_column-inner\"><div class=\"wpb_wrapper\"><\/div><\/div><\/div><style id=\"mk-shortcode-style-69e08c50f2054\" type=\"text\/css\">#text-block-69e08c50f2054 { margin-bottom:0px; text-align:left; }<\/style>\t<div class=\"vc_custom_1703846451276\">\r\n\r\n<div id=\"text-block-69e08c50f2054\" class=\"mk-text-block  jupiter-donut-\">\r\n\r\n\t\r\n\t<div  data-mk-stretch-content=\"true\" class=\"wpb_row vc_row vc_row-fluid jupiter-donut- mk-fullwidth-false  attched-false     js-master-row  mk-grid\">\r\n\t\t\t\t\t<\/div>\r\n<style id=\"mk-shortcode-style-69e08c50f2273\" type=\"text\/css\"><\/style>\r\n<div class=\"vc_col-sm-12 wpb_column column_container  jupiter-donut- _ jupiter-donut-height-full\">\r\n\t<\/div>\r\n<style id=\"mk-shortcode-style-69e08c50f232c\" type=\"text\/css\">#text-block-69e08c50f232c { margin-bottom:0px; text-align:left; }<\/style>\r\n<div id=\"text-block-69e08c50f232c\" class=\"mk-text-block  jupiter-donut-\">\r\n\r\n\t\r\n\t\r\n\t<div class=\"clearboth\"><\/div>\r\n<\/div>\n<div class=\"mk-page-section-wrapper\" style=\"position: relative; box-sizing: border-box; width: 483px; left: -20px;\" data-mk-full-width=\"true\" data-mk-full-width-init=\"true\" data-mk-stretch-content=\"true\">\n<div id=\"page-section-2\" class=\"mk-page-section self-hosted full_layout full-width-2 js-el js-master-row jupiter-donut-visible-sm\" style=\"position: fixed; z-index: 100;\" data-intro-effect=\"false\">\n<div class=\"page-section-content vc_row-fluid page-section-fullwidth\">\n<div class=\"mk-padding-wrapper wpb_row\">\n<div class=\"vc_col-sm-12 wpb_column column_container jupiter-donut- _ jupiter-donut-height-full\">\n<div class=\"wpb_row vc_inner vc_row vc_row-fluid jupiter-donut- attched-false\">\n<div class=\"wpb_column vc_column_container vc_col-sm-12\">\n<div class=\"vc_column-inner\">\n<div class=\"wpb_wrapper\">\n<div class=\"vc_custom_1654203243248\">\n<div id=\"text-block-4\" class=\"mk-text-block jupiter-donut-\">\n<p style=\"text-align: center; margin-bottom: 0px; padding: 5px;\">Aviso legal<\/p>\n<div class=\"clearboth\"><\/div>\n<\/div>\n<\/div>\n<\/div>\n<\/div>\n<\/div>\n<\/div>\n<\/div>\n<\/div>\n<div class=\"clearboth\"><\/div>\n<\/div>\n<div class=\"clearboth\"><\/div>\n<\/div>\n<\/div>\n<div class=\"mk-page-section-wrapper\" data-mk-full-width=\"true\" data-mk-full-width-init=\"true\" data-mk-stretch-content=\"true\">\r\n\t<div id=\"page-section-69e08c50f2549\" class=\"mk-page-section self-hosted   full_layout full-width-69e08c50f2549 js-el js-master-row jupiter-donut-visible-sm\"    data-intro-effect=\"false\">\r\n\r\n\t\t\t\r\n\t\t\t<div class=\"mk-page-section-inner\">\r\n\t\t\t\t\r\n\r\n\r\n<div class=\"mk-video-color-mask\"><\/div>\r\n\r\n\t\t\t\t\r\n\t\t\t\t\t\t\t<\/div>\r\n\r\n\t\t\t\r\n        <div class=\"page-section-content vc_row-fluid page-section-fullwidth\" >\r\n            <div class=\"mk-padding-wrapper wpb_row\"><\/div>\r\n            <div class=\"clearboth\"><\/div>\r\n        <\/div>\r\n\r\n\r\n\t\t\t\r\n\t\t\t\r\n\t\t\t\r\n\t\t<div class=\"clearboth\"><\/div>\r\n\t<\/div>\r\n<\/div>\r\n<div class=\"vc_row-full-width vc_clearfix\"><\/div>\r\n\r\n<style id=\"mk-shortcode-style-69e08c50f2549\" type=\"text\/css\">.full-width-69e08c50f2549 { min-height:40px; margin-bottom:0px; background-color:#329471; border:1px solid #ffffff;border-left:none;border-right:none; } .full-width-69e08c50f2549 .page-section-content { padding:0px 0 0px; } #background-layer--69e08c50f2549 { ; background-position:left top; background-repeat:repeat; ; } #background-layer--69e08c50f2549 .mk-color-layer { ; width:100%; height:100%; position:absolute; top:0; left:0; }<\/style><style id=\"mk-shortcode-style-69e08c50f2549\" type=\"text\/css\">.full-width-69e08c50f2549 .mk-fancy-title.pattern-style span, .full-width-69e08c50f2549 .mk-blog-view-all { background-color:#329471 !important; }<\/style><style id=\"mk-shortcode-style-69e08c50f2822\" type=\"text\/css\"><\/style>\r\n<div class=\"vc_col-sm-12 wpb_column column_container  jupiter-donut- _ jupiter-donut-height-full\">\r\n\t<\/div>\r\n\r\n\r\n<div class=\"wpb_row vc_inner vc_row vc_row-fluid jupiter-donut-   attched-false\">\r\n\t\t\t\t<\/div>\r\n<div class=\"wpb_column vc_column_container vc_col-sm-12\"><div class=\"vc_column-inner\"><div class=\"wpb_wrapper\"><\/div><\/div><\/div><div class=\"vc_empty_space\"   style=\"height: 5px\"><span class=\"vc_empty_space_inner\"><\/span><\/div><style id=\"mk-shortcode-style-69e08c50f2a90\" type=\"text\/css\">#text-block-69e08c50f2a90 { margin-bottom:0px; text-align:left; }<\/style>\t<div class=\"vc_custom_1654203243248\">\r\n\r\n<div id=\"text-block-69e08c50f2a90\" class=\"mk-text-block  jupiter-donut-\">\r\n\r\n\t\r\n\t\r\n\t<div class=\"clearboth\"><\/div>\r\n<\/div>\r\n\r\n\t<\/div>\n<h3 style=\"text-align: center; margin-bottom: 0px;\">Programa FEDER da Comunidade Valenciana 2021-27<\/h3>\n\r\n\t<div class=\"clearboth\"><\/div>\r\n<\/div>\r\n\r\n\t<\/div>\r\n<\/div>\r\n\r\n<div class=\"mk-page-section-wrapper\" data-mk-full-width=\"true\" data-mk-full-width-init=\"true\" data-mk-stretch-content=\"true\">\r\n\t<div id=\"page-section-69e08c50f2cfd\" class=\"mk-page-section self-hosted   full_layout full-width-69e08c50f2cfd js-el js-master-row jupiter-donut-\"    data-intro-effect=\"false\">\r\n\r\n\t\t\t\r\n\t\t\t<div class=\"mk-page-section-inner\">\r\n\t\t\t\t\r\n\r\n\r\n<div class=\"mk-video-color-mask\"><\/div>\r\n\r\n\t\t\t\t\r\n\t\t\t\t\t\t\t<\/div>\r\n\r\n\t\t\t\r\n        <div class=\"page-section-content vc_row-fluid page-section-fullwidth\" >\r\n            <div class=\"mk-padding-wrapper wpb_row\"><\/div>\r\n            <div class=\"clearboth\"><\/div>\r\n        <\/div>\r\n\r\n\r\n\t\t\t\r\n\t\t\t\r\n\t\t\t\r\n\t\t<div class=\"clearboth\"><\/div>\r\n\t<\/div>\r\n<\/div>\r\n<div class=\"vc_row-full-width vc_clearfix\"><\/div>\r\n\r\n<style id=\"mk-shortcode-style-69e08c50f2cfd\" type=\"text\/css\">.full-width-69e08c50f2cfd { min-height:100px; margin-bottom:0px; } .full-width-69e08c50f2cfd .page-section-content { padding:10px 0 10px; } #background-layer--69e08c50f2cfd { ; background-position:left top; background-repeat:repeat; ; } #background-layer--69e08c50f2cfd .mk-color-layer { ; width:100%; height:100%; position:absolute; top:0; left:0; }<\/style><\/div>\r\n            <div class=\"clearboth\"><\/div>\r\n        <\/div>\r\n\r\n\r\n\t\t\t\r\n\t\t\t\r\n\t\t\t\r\n\t\t<div class=\"clearboth\"><\/div>\r\n\t<\/div>\r\n<\/div>\r\n<div class=\"vc_row-full-width vc_clearfix\"><\/div>\r\n\r\n<style id=\"mk-shortcode-style-69e08c50f17cb\" type=\"text\/css\">.full-width-69e08c50f17cb { min-height:100px; margin-bottom:0px; } .full-width-69e08c50f17cb .page-section-content { padding:10px 0 10px; } #background-layer--69e08c50f17cb { ; background-position:left top; background-repeat:repeat; ; } #background-layer--69e08c50f17cb .mk-color-layer { ; width:100%; height:100%; position:absolute; top:0; left:0; }<\/style>[\/mk_page_section]<style id=\"mk-shortcode-style-69e08c50f3063\" type=\"text\/css\"><\/style>\r\n<div class=\"vc_col-sm-12 wpb_column column_container  jupiter-donut- _ jupiter-donut-height-full\">\r\n\t\r\n\r\n<div class=\"wpb_row vc_inner vc_row vc_row-fluid jupiter-donut-   attched-false   vc_custom_1655134021891\">\r\n\t\t\t<div class=\"wpb_column vc_column_container vc_col-sm-12\"><div class=\"vc_column-inner\"><div class=\"wpb_wrapper\"><style id=\"mk-shortcode-style-69e08c50f3333\" type=\"text\/css\">#text-block-69e08c50f3333 { margin-bottom:0px; text-align:left; }<\/style>\t<div class=\"vc_custom_1703846135452\">\r\n\r\n<div id=\"text-block-69e08c50f3333\" class=\"mk-text-block  jupiter-donut-\">\r\n\r\n\t\r\n\t<p>THE SARAU FACTORY, S. L. U. tem realizado a\u00e7\u00f5es voltadas para a consultoria estrat\u00e9gica com o objetivo de definir a estrat\u00e9gia de expans\u00e3o comercial do projeto internacional. Esta atua\u00e7\u00e3o \u00e9 co-financiada pela Uni\u00e3o Europeia atrav\u00e9s do Programa FEDER da Comunidade Valenciana 2021-27.<\/p>\n<p>O projeto, com n\u00famero de registro ITCOES\/2023\/123, tem sido apoiado com uma subven\u00e7\u00e3o de 13.410,00 \u20ac<\/p>\n<p>&nbsp;<\/p>\n<p><img decoding=\"async\" class=\"aligncenter wp-image-1195\" src=\"https:\/\/thesaraofactory.com\/wp-content\/uploads\/2023\/12\/logo-financiacion-300x32.png\" alt=\"\" width=\"375\" height=\"40\" srcset=\"https:\/\/thesaraofactory.com\/wp-content\/uploads\/2023\/12\/logo-financiacion-300x32.png 300w, https:\/\/thesaraofactory.com\/wp-content\/uploads\/2023\/12\/logo-financiacion-1024x108.png 1024w, https:\/\/thesaraofactory.com\/wp-content\/uploads\/2023\/12\/logo-financiacion-768x81.png 768w, https:\/\/thesaraofactory.com\/wp-content\/uploads\/2023\/12\/logo-financiacion.png 1030w\" sizes=\"(max-width: 375px) 100vw, 375px\" \/><\/p>\n\r\n\t<div class=\"clearboth\"><\/div>\r\n<\/div>\r\n\r\n\t<\/div>\r\n<\/div><\/div><\/div>\t<\/div>\r\n\r\n\r\n<div class=\"wpb_row vc_inner vc_row vc_row-fluid jupiter-donut-   attched-false   vc_custom_1655134021891\">\r\n\t\t\t<div class=\"wpb_column vc_column_container vc_col-sm-12\"><div class=\"vc_column-inner\"><div class=\"wpb_wrapper\"><style id=\"mk-shortcode-style-69e08c50f35ae\" type=\"text\/css\">#text-block-69e08c50f35ae { margin-bottom:0px; text-align:left; }<\/style>\t<div class=\"vc_custom_1744181402748\">\r\n\r\n<div id=\"text-block-69e08c50f35ae\" class=\"mk-text-block  jupiter-donut-\">\r\n\r\n\t\r\n\t<p><span data-olk-copy-source=\"MessageBody\">THE SARAO FACTORY S.L.U\u00a0<\/span>foi benefici\u00e1ria de Fundos Europeus, cujo objetivo \u00e9 o refor\u00e7o do crescimento sustent\u00e1vel e a competitividade das pequenas e m\u00e9dias EMPRESAS, e gra\u00e7as ao qual foi posto em marcha um Plano de Ac\u00e7\u00e3o com o objectivo de melhorar a sua competitividade atrav\u00e9s da transforma\u00e7\u00e3o digital, a promo\u00e7\u00e3o online e o com\u00e9rcio electr\u00f3nico em mercados internacionais durante o ano de 2024. Para isso, contou com o apoio do Programa Xpande Digital da C\u00e2mara de Com\u00e9rcio de Alicante. #EuropaSeSiente<\/p>\n<p><img loading=\"lazy\" decoding=\"async\" class=\"aligncenter wp-image-1559 size-full\" src=\"https:\/\/thesaraofactory.com\/wp-content\/uploads\/2024\/10\/fondos-europeos.jpg\" alt=\"\" width=\"998\" height=\"74\" srcset=\"https:\/\/thesaraofactory.com\/wp-content\/uploads\/2024\/10\/fondos-europeos.jpg 998w, https:\/\/thesaraofactory.com\/wp-content\/uploads\/2024\/10\/fondos-europeos-300x22.jpg 300w, https:\/\/thesaraofactory.com\/wp-content\/uploads\/2024\/10\/fondos-europeos-768x57.jpg 768w\" sizes=\"(max-width: 998px) 100vw, 998px\" \/><\/p>\n\r\n\t<div class=\"clearboth\"><\/div>\r\n<\/div>\r\n\r\n\t<\/div>\r\n<\/div><\/div><\/div>\t<\/div>\r\n<\/div>\r\n[\/vc_row]\n<\/div>","protected":false},"excerpt":{"rendered":"<p>[\/mk_page_section][\/vc_row]<\/p>","protected":false},"author":2,"featured_media":0,"parent":0,"menu_order":0,"comment_status":"closed","ping_status":"closed","template":"","meta":{"footnotes":""},"class_list":["post-807","page","type-page","status-publish","hentry"],"_links":{"self":[{"href":"https:\/\/thesaraofactory.com\/pt\/wp-json\/wp\/v2\/pages\/807","targetHints":{"allow":["GET"]}}],"collection":[{"href":"https:\/\/thesaraofactory.com\/pt\/wp-json\/wp\/v2\/pages"}],"about":[{"href":"https:\/\/thesaraofactory.com\/pt\/wp-json\/wp\/v2\/types\/page"}],"author":[{"embeddable":true,"href":"https:\/\/thesaraofactory.com\/pt\/wp-json\/wp\/v2\/users\/2"}],"replies":[{"embeddable":true,"href":"https:\/\/thesaraofactory.com\/pt\/wp-json\/wp\/v2\/comments?post=807"}],"version-history":[{"count":28,"href":"https:\/\/thesaraofactory.com\/pt\/wp-json\/wp\/v2\/pages\/807\/revisions"}],"predecessor-version":[{"id":1493,"href":"https:\/\/thesaraofactory.com\/pt\/wp-json\/wp\/v2\/pages\/807\/revisions\/1493"}],"wp:attachment":[{"href":"https:\/\/thesaraofactory.com\/pt\/wp-json\/wp\/v2\/media?parent=807"}],"curies":[{"name":"wp","href":"https:\/\/api.w.org\/{rel}","templated":true}]}}