{"id":766,"date":"2023-04-17T08:28:37","date_gmt":"2023-04-17T08:28:37","guid":{"rendered":"https:\/\/thesaraofactory.com\/?page_id=766"},"modified":"2025-04-09T06:46:22","modified_gmt":"2025-04-09T06:46:22","slug":"fsc","status":"publish","type":"page","link":"https:\/\/thesaraofactory.com\/pt\/fsc\/","title":{"rendered":"FSC"},"content":{"rendered":"<div class=\"wpb-content-wrapper\">\r\n<div class=\"mk-page-section-wrapper\" data-mk-full-width=\"true\" data-mk-full-width-init=\"true\" data-mk-stretch-content=\"true\">\r\n\t<div id=\"page-section-69e08bf69fe76\" class=\"mk-page-section self-hosted   full_layout full-width-69e08bf69fe76 js-el js-master-row jupiter-donut-visible-sm\"    data-intro-effect=\"false\">\r\n\r\n\t\t\t\r\n\t\t\t<div class=\"mk-page-section-inner\">\r\n\t\t\t\t\r\n\r\n\r\n<div class=\"mk-video-color-mask\"><\/div>\r\n\r\n\t\t\t\t\r\n\t\t\t\t\t\t\t<\/div>\r\n\r\n\t\t\t\r\n        <div class=\"page-section-content vc_row-fluid page-section-fullwidth\" >\r\n            <div class=\"mk-padding-wrapper wpb_row\"><style id=\"mk-shortcode-style-69e08bf6a029c\" type=\"text\/css\"><\/style>\r\n<div class=\"vc_col-sm-12 wpb_column column_container  jupiter-donut- _ jupiter-donut-height-full\">\r\n\t\r\n\r\n<div class=\"wpb_row vc_inner vc_row vc_row-fluid jupiter-donut-   attched-false\">\r\n\t\t\t<div class=\"wpb_column vc_column_container vc_col-sm-12\"><div class=\"vc_column-inner\"><div class=\"wpb_wrapper\"><div class=\"vc_empty_space\"   style=\"height: 5px\"><span class=\"vc_empty_space_inner\"><\/span><\/div><style id=\"mk-shortcode-style-69e08bf6a0849\" type=\"text\/css\">#text-block-69e08bf6a0849 { margin-bottom:0px; text-align:left; }<\/style>\t<div class=\"vc_custom_1654203243248\">\r\n\r\n<div id=\"text-block-69e08bf6a0849\" class=\"mk-text-block  jupiter-donut-\">\r\n\r\n\t\r\n\t<p style=\"text-align: center; margin-bottom: 0px;\">FSC<\/p>\n\r\n\t<div class=\"clearboth\"><\/div>\r\n<\/div>\r\n\r\n\t<\/div>\r\n<\/div><\/div><\/div>\t<\/div>\r\n<\/div>\r\n<\/div>\r\n            <div class=\"clearboth\"><\/div>\r\n        <\/div>\r\n\r\n\r\n\t\t\t\r\n\t\t\t\r\n\t\t\t\r\n\t\t<div class=\"clearboth\"><\/div>\r\n\t<\/div>\r\n<\/div>\r\n<div class=\"vc_row-full-width vc_clearfix\"><\/div>\r\n\r\n<style id=\"mk-shortcode-style-69e08bf69fe76\" type=\"text\/css\">.full-width-69e08bf69fe76 { min-height:40px; margin-bottom:0px; background-color:#329471; border:1px solid #ffffff;border-left:none;border-right:none; } .full-width-69e08bf69fe76 .page-section-content { padding:0px 0 0px; } #background-layer--69e08bf69fe76 { ; background-position:left top; background-repeat:repeat; ; } #background-layer--69e08bf69fe76 .mk-color-layer { ; width:100%; height:100%; position:absolute; top:0; left:0; }<\/style><style id=\"mk-shortcode-style-69e08bf69fe76\" type=\"text\/css\">.full-width-69e08bf69fe76 .mk-fancy-title.pattern-style span, .full-width-69e08bf69fe76 .mk-blog-view-all { background-color:#329471 !important; }<\/style>\r\n<div class=\"mk-page-section-wrapper\" data-mk-full-width=\"true\" data-mk-full-width-init=\"true\" data-mk-stretch-content=\"true\">\r\n\t<div id=\"page-section-69e08bf6a0b55\" class=\"mk-page-section self-hosted   full_layout full-width-69e08bf6a0b55 js-el js-master-row jupiter-donut-\"    data-intro-effect=\"false\">\r\n\r\n\t\t\t\r\n\t\t\t<div class=\"mk-page-section-inner\">\r\n\t\t\t\t\r\n\r\n\r\n<div class=\"mk-video-color-mask\"><\/div>\r\n\r\n\t\t\t\t\r\n\t\t\t\t\t\t\t<\/div>\r\n\r\n\t\t\t\r\n        <div class=\"page-section-content vc_row-fluid page-section-fullwidth\" >\r\n            <div class=\"mk-padding-wrapper wpb_row\"><style id=\"mk-shortcode-style-69e08bf6a0de2\" type=\"text\/css\"><\/style>\r\n<div class=\"vc_col-sm-12 wpb_column column_container  jupiter-donut- _ jupiter-donut-height-full\">\r\n\t\r\n\r\n<div class=\"wpb_row vc_inner vc_row vc_row-fluid jupiter-donut-   attched-false   vc_custom_1655134021891\">\r\n\t\t\t<div class=\"wpb_column vc_column_container vc_col-sm-12\"><div class=\"vc_column-inner\"><div class=\"wpb_wrapper\"><style id=\"mk-shortcode-style-69e08bf6a106c\" type=\"text\/css\">#text-block-69e08bf6a106c { margin-bottom:0px; text-align:left; }<\/style>\t<div class=\"vc_custom_1699875252259\">\r\n\r\n<div id=\"text-block-69e08bf6a106c\" class=\"mk-text-block  jupiter-donut-\">\r\n\r\n\t\r\n\t<h1><b>CERTIFICA\u00c7\u00c3O FSC<\/b><b>\u00a0<\/b><\/h1>\n<p>Pol\u00edtica de The Sarao Factory, S. L. U. com <strong>n\u00famero de Licen\u00e7a FSC\u00ae C178166<\/strong>sobre o consumo de material florestal e compromisso com ls Sa\u00fade, Seguran\u00e7a e Trabalho.<\/p>\n<p>A certifica\u00e7\u00e3o florestal sob os requisitos das normas de <strong>FSC (Forest Stewardship Council\u00ae)<\/strong> s\u00e3o excelentes ferramentas para promover a conserva\u00e7\u00e3o das florestas e a manuten\u00e7\u00e3o e melhoria da biodiversidade florestal. Por outro lado, a certifica\u00e7\u00e3o da cadeia de cust\u00f3dia \u00e9 uma pe\u00e7a-chave para garantir perante o mercado, a origem das mat\u00e9rias-primas que utilizamos.<\/p>\n<p>The Sarao Factory, S. L. U. \u00e9 mais consciente do impacto que as suas decis\u00f5es de compra sobre as florestas de que se nutre, como a import\u00e2ncia de promover entre os seus fornecedores uma gest\u00e3o florestal respons\u00e1vel e os direitos dos trabalhadores. Em consequ\u00eancia, The Sarao Factory, S. L. U. compromete-se a evitar, tanto quanto poss\u00edvel qualquer tipo de rela\u00e7\u00e3o direta ou indireta com atividades como:<\/p>\n<p>\u2013 A explora\u00e7\u00e3o de madeira ilegal, ou a comercializa\u00e7\u00e3o ilegal de produtos madeireiros e florestais;<\/p>\n<p>\u2013 A viola\u00e7\u00e3o de direitos humanos e tradicionais em opera\u00e7\u00f5es florestais;<\/p>\n<p>\u2013 A destrui\u00e7\u00e3o de grandes valores de conserva\u00e7\u00e3o por atividades de explora\u00e7\u00e3o florestal;<\/p>\n<p>\u2013 A convers\u00e3o de florestas naturais em planta\u00e7\u00f5es ou para usos n\u00e3o florestais;<\/p>\n<p>\u2013 A introdu\u00e7\u00e3o de organismos geneticamente modificados em opera\u00e7\u00f5es florestais;<\/p>\n<p>\u2013 A viola\u00e7\u00e3o de qualquer dos Conv\u00eanios Fundamentais da OIT, tal como expressas na Declara\u00e7\u00e3o da OIT relativa a princ\u00edpios e direitos fundamentais no trabalho, 1998.<\/p>\n<p>The Sarao Factory, S. L. U. assim mesmo compromete-se a cumprir os compromissos sociais e de sa\u00fade e seguran\u00e7a estabelecidos na legisla\u00e7\u00e3o vigente, tais como:<\/p>\n<p>\u2013 Permitir aos trabalhadores a associar-se livremente, escolher representantes e a negocia\u00e7\u00e3o coletiva.<\/p>\n<p>\u2013 Respeitar a idade m\u00ednima legal de contrata\u00e7\u00e3o (16 anos).<\/p>\n<p>\u2013 Cumprir os requisitos legais de seguran\u00e7a e sa\u00fade no trabalho, bem como n\u00e3o fazer uso do trabalho for\u00e7ado.<\/p>\n<p>\u2013 Respeitar condi\u00e7\u00f5es de igualdade de oportunidades e de tratamento para os trabalhadores.<\/p>\n<p>Por isso, a direc\u00e7\u00e3o compromete-se a que esta Pol\u00edtica seja compreendida e implementada em todos os n\u00edveis da empresa, e est\u00e1 dispon\u00edvel para todos os nossos clientes e grupos de interesse.<\/p>\n<p>Alberto Garc\u00eda Costa\u2013 Gerente de The Sarao Factory, S. L. U. 1 de julho de 2022<\/p>\n\r\n\t<div class=\"clearboth\"><\/div>\r\n<\/div>\r\n\r\n\t<\/div>\r\n<div class=\"vc_empty_space\"   style=\"height: 10px\"><span class=\"vc_empty_space_inner\"><\/span><\/div><\/div><\/div><\/div>\t<\/div>\r\n<\/div>\r\n<\/div>\r\n            <div class=\"clearboth\"><\/div>\r\n        <\/div>\r\n\r\n\r\n\t\t\t\r\n\t\t\t\r\n\t\t\t\r\n\t\t<div class=\"clearboth\"><\/div>\r\n\t<\/div>\r\n<\/div>\r\n<div class=\"vc_row-full-width vc_clearfix\"><\/div>\r\n\r\n<style id=\"mk-shortcode-style-69e08bf6a0b55\" type=\"text\/css\">.full-width-69e08bf6a0b55 { min-height:100px; margin-bottom:0px; } .full-width-69e08bf6a0b55 .page-section-content { padding:10px 0 10px; } #background-layer--69e08bf6a0b55 { ; background-position:left top; background-repeat:repeat; ; } #background-layer--69e08bf6a0b55 .mk-color-layer { ; width:100%; height:100%; position:absolute; top:0; left:0; }<\/style>\n<\/div>","protected":false},"excerpt":{"rendered":"FSC CERTIFICACI\u00d3N\u00a0 FSC\u00a0 Pol\u00edtica de The Sarao Factory, S.L.U. con n\u00famero de Licencia\u00a0FSC\u00ae C178166,\u00a0sobre el consumo de material forestal y compromiso con ls Salud, Seguridad y Trabajo. La certificaci\u00f3n forestal bajo los requisitos de las normas de FSC (Forest Stewardship Council\u00ae) son excelentes herramientas para promover la conservaci\u00f3n de los bosques y el mantenimiento y [...]","protected":false},"author":2,"featured_media":0,"parent":0,"menu_order":0,"comment_status":"closed","ping_status":"closed","template":"","meta":{"footnotes":""},"class_list":["post-766","page","type-page","status-publish","hentry"],"_links":{"self":[{"href":"https:\/\/thesaraofactory.com\/pt\/wp-json\/wp\/v2\/pages\/766","targetHints":{"allow":["GET"]}}],"collection":[{"href":"https:\/\/thesaraofactory.com\/pt\/wp-json\/wp\/v2\/pages"}],"about":[{"href":"https:\/\/thesaraofactory.com\/pt\/wp-json\/wp\/v2\/types\/page"}],"author":[{"embeddable":true,"href":"https:\/\/thesaraofactory.com\/pt\/wp-json\/wp\/v2\/users\/2"}],"replies":[{"embeddable":true,"href":"https:\/\/thesaraofactory.com\/pt\/wp-json\/wp\/v2\/comments?post=766"}],"version-history":[{"count":23,"href":"https:\/\/thesaraofactory.com\/pt\/wp-json\/wp\/v2\/pages\/766\/revisions"}],"predecessor-version":[{"id":2416,"href":"https:\/\/thesaraofactory.com\/pt\/wp-json\/wp\/v2\/pages\/766\/revisions\/2416"}],"wp:attachment":[{"href":"https:\/\/thesaraofactory.com\/pt\/wp-json\/wp\/v2\/media?parent=766"}],"curies":[{"name":"wp","href":"https:\/\/api.w.org\/{rel}","templated":true}]}}