{"id":633,"date":"2023-03-17T13:06:03","date_gmt":"2023-03-17T13:06:03","guid":{"rendered":"https:\/\/thesaraofactory.com\/?page_id=633"},"modified":"2025-04-09T06:46:04","modified_gmt":"2025-04-09T06:46:04","slug":"proteccion-datos-personales","status":"publish","type":"page","link":"https:\/\/thesaraofactory.com\/pt\/proteccion-datos-personales\/","title":{"rendered":"Protecci\u00f3n datos personales"},"content":{"rendered":"<div class=\"wpb-content-wrapper\">\r\n<div  data-mk-stretch-content=\"true\" class=\"wpb_row vc_row vc_row-fluid jupiter-donut- mk-fullwidth-false  attched-false     js-master-row  mk-grid\">\r\n\t\t\t\t\t<\/div>\r\n<style id=\"mk-shortcode-style-69e08d87498a6\" type=\"text\/css\"><\/style>\r\n<div class=\"vc_col-sm-12 wpb_column column_container  jupiter-donut- _ jupiter-donut-height-full\">\r\n\t<style id=\"mk-shortcode-style-69e08d8749b8d\" type=\"text\/css\">#text-block-69e08d8749b8d { margin-bottom:0px; text-align:left; }<\/style>\r\n<div id=\"text-block-69e08d8749b8d\" class=\"mk-text-block  jupiter-donut-\">\r\n\r\n\t\r\n\t<div class=\"mk-page-section-wrapper\" style=\"position: relative; box-sizing: border-box; width: 483px; left: -20px;\" data-mk-full-width=\"true\" data-mk-full-width-init=\"true\" data-mk-stretch-content=\"true\">\n<div id=\"page-section-2\" class=\"mk-page-section self-hosted full_layout full-width-2 js-el js-master-row jupiter-donut-visible-sm\" style=\"position: fixed; z-index: 100;\" data-intro-effect=\"false\">\n<div class=\"page-section-content vc_row-fluid page-section-fullwidth\">\n<div class=\"mk-padding-wrapper wpb_row\">\n<div class=\"vc_col-sm-12 wpb_column column_container jupiter-donut- _ jupiter-donut-height-full\">\n<div class=\"wpb_row vc_inner vc_row vc_row-fluid jupiter-donut- attched-false\">\n<div class=\"wpb_column vc_column_container vc_col-sm-12\">\n<div class=\"vc_column-inner\">\n<div class=\"wpb_wrapper\">\n<div class=\"vc_custom_1654203243248\">\n<div id=\"text-block-4\" class=\"mk-text-block jupiter-donut-\">\n<p style=\"text-align: center; margin-bottom: 0px; padding: 5px;\">Pol\u00edtica de privacidade<\/p>\n<div class=\"clearboth\"><\/div>\n<\/div>\n<\/div>\n<\/div>\n<\/div>\n<\/div>\n<\/div>\n<\/div>\n<\/div>\n<div class=\"clearboth\"><\/div>\n<\/div>\n<div class=\"clearboth\"><\/div>\n<\/div>\n<\/div>\n<div class=\"mk-page-section-wrapper\" data-mk-full-width=\"true\" data-mk-full-width-init=\"true\" data-mk-stretch-content=\"true\">\r\n\t<div id=\"page-section-69e08d8749e99\" class=\"mk-page-section self-hosted   full_layout full-width-69e08d8749e99 js-el js-master-row jupiter-donut-visible-sm\"    data-intro-effect=\"false\">\r\n\r\n\t\t\t\r\n\t\t\t<div class=\"mk-page-section-inner\">\r\n\t\t\t\t\r\n\r\n\r\n<div class=\"mk-video-color-mask\"><\/div>\r\n\r\n\t\t\t\t\r\n\t\t\t\t\t\t\t<\/div>\r\n\r\n\t\t\t\r\n        <div class=\"page-section-content vc_row-fluid page-section-fullwidth\" >\r\n            <div class=\"mk-padding-wrapper wpb_row\"><\/div>\r\n            <div class=\"clearboth\"><\/div>\r\n        <\/div>\r\n\r\n\r\n\t\t\t\r\n\t\t\t\r\n\t\t\t\r\n\t\t<div class=\"clearboth\"><\/div>\r\n\t<\/div>\r\n<\/div>\r\n<div class=\"vc_row-full-width vc_clearfix\"><\/div>\r\n\r\n<style id=\"mk-shortcode-style-69e08d8749e99\" type=\"text\/css\">.full-width-69e08d8749e99 { min-height:40px; margin-bottom:0px; background-color:#329471; border:1px solid #ffffff;border-left:none;border-right:none; } .full-width-69e08d8749e99 .page-section-content { padding:0px 0 0px; } #background-layer--69e08d8749e99 { ; background-position:left top; background-repeat:repeat; ; } #background-layer--69e08d8749e99 .mk-color-layer { ; width:100%; height:100%; position:absolute; top:0; left:0; }<\/style><style id=\"mk-shortcode-style-69e08d8749e99\" type=\"text\/css\">.full-width-69e08d8749e99 .mk-fancy-title.pattern-style span, .full-width-69e08d8749e99 .mk-blog-view-all { background-color:#329471 !important; }<\/style><style id=\"mk-shortcode-style-69e08d874a1c7\" type=\"text\/css\"><\/style>\r\n<div class=\"vc_col-sm-12 wpb_column column_container  jupiter-donut- _ jupiter-donut-height-full\">\r\n\t<\/div>\r\n\r\n\r\n<div class=\"wpb_row vc_inner vc_row vc_row-fluid jupiter-donut-   attched-false\">\r\n\t\t\t\t<\/div>\r\n<div class=\"wpb_column vc_column_container vc_col-sm-12\"><div class=\"vc_column-inner\"><div class=\"wpb_wrapper\"><\/div><\/div><\/div><div class=\"vc_empty_space\"   style=\"height: 5px\"><span class=\"vc_empty_space_inner\"><\/span><\/div><style id=\"mk-shortcode-style-69e08d874a590\" type=\"text\/css\">#text-block-69e08d874a590 { margin-bottom:0px; text-align:left; }<\/style>\t<div class=\"vc_custom_1654203243248\">\r\n\r\n<div id=\"text-block-69e08d874a590\" class=\"mk-text-block  jupiter-donut-\">\r\n\r\n\t\r\n\t\r\n\t<div class=\"clearboth\"><\/div>\r\n<\/div>\r\n\r\n\t<\/div>\n<p style=\"text-align: center; margin-bottom: 0px;\">Pol\u00edtica de privacidade<\/p>\n\r\n\t<div class=\"clearboth\"><\/div>\r\n<\/div>\r\n\r\n<\/div>\r\n\r\n<div class=\"mk-page-section-wrapper\" data-mk-full-width=\"true\" data-mk-full-width-init=\"true\" data-mk-stretch-content=\"true\">\r\n\t<div id=\"page-section-69e08d874a7eb\" class=\"mk-page-section self-hosted   full_layout full-width-69e08d874a7eb js-el js-master-row jupiter-donut-\"    data-intro-effect=\"false\">\r\n\r\n\t\t\t\r\n\t\t\t<div class=\"mk-page-section-inner\">\r\n\t\t\t\t\r\n\r\n\r\n<div class=\"mk-video-color-mask\"><\/div>\r\n\r\n\t\t\t\t\r\n\t\t\t\t\t\t\t<\/div>\r\n\r\n\t\t\t\r\n        <div class=\"page-section-content vc_row-fluid page-section-fullwidth\" >\r\n            <div class=\"mk-padding-wrapper wpb_row\"><style id=\"mk-shortcode-style-69e08d874aae4\" type=\"text\/css\"><\/style>\r\n<div class=\"vc_col-sm-12 wpb_column column_container  jupiter-donut- _ jupiter-donut-height-full\">\r\n\t\r\n\r\n<div class=\"wpb_row vc_inner vc_row vc_row-fluid jupiter-donut-   attched-false   vc_custom_1655134021891\">\r\n\t\t\t<div class=\"wpb_column vc_column_container vc_col-sm-12\"><div class=\"vc_column-inner\"><div class=\"wpb_wrapper\"><style id=\"mk-shortcode-style-69e08d874ae60\" type=\"text\/css\">#text-block-69e08d874ae60 { margin-bottom:0px; text-align:left; }<\/style>\t<div class=\"vc_custom_1699874954287\">\r\n\r\n<div id=\"text-block-69e08d874ae60\" class=\"mk-text-block  jupiter-donut-\">\r\n\r\n\t\r\n\t<h1><span style=\"font-weight: 400;\">Protec\u00e7\u00e3o de dados<\/span><span style=\"font-weight: 400;\">\u00a0<\/span><\/h1>\n<p><b>INFORMA\u00c7\u00d5ES SOBRE A PROTEC\u00c7\u00c3O E TRATAMENTO DE DADOS PESSOAIS<\/b><\/p>\n<p><span style=\"font-weight: 400;\">Esta mensagem e os anexos s\u00e3o confidenciais e destinam-se exclusivamente a seu destinat\u00e1rio. Se voc\u00ea n\u00e3o \u00e9 o destinat\u00e1rio indicado, fica notificado de que a utiliza\u00e7\u00e3o, divulga\u00e7\u00e3o e\/ou c\u00f3pia sem autoriza\u00e7\u00e3o \u00e9 proibida nos termos da legisla\u00e7\u00e3o vigente. Se voc\u00ea recebeu este email por engano, por favor avise-nos imediatamente atrav\u00e9s de e-mail ou por telefone, descritos na parte superior, e por favor, a gentileza de elimin\u00e1-lo do seu sistema.\u00a0<\/span><span style=\"font-weight: 400;\">\u00a0<\/span><\/p>\n<p><span style=\"font-weight: 400;\">Em cumprimento do REGULAMENTO (UE) 2016\/679, e em rela\u00e7\u00e3o ao tratamento de seus dados pessoais, informamos o seguinte: Respons\u00e1vel: O respons\u00e1vel pelo tratamento \u00e9 o SARAU FACTORY, S. L. U., Avenida Do Brinquedo 39, 03440, feij\u00f3. Finalidade: Presta\u00e7\u00e3o de nosso servi\u00e7o, envio de informa\u00e7\u00f5es, resposta a suas consultas e requisi\u00e7\u00f5es, enquanto durar a nossa rela\u00e7\u00e3o e\/ou tenhamos o seu consentimento. Legitima\u00e7\u00e3o: Execu\u00e7\u00e3o de contrato, o consentimento do interessado ou interesse leg\u00edtimo. Destinat\u00e1rios: N\u00e3o ser\u00e3o cedidos dados a terceiros, exceto por obriga\u00e7\u00e3o legal. Direitos: Pode exercer os direitos de acesso, rectifica\u00e7\u00e3o, o apagamento e a portabilidade de seus dados e a limita\u00e7\u00e3o ou oposi\u00e7\u00e3o ao tratamento usando o nosso SISTEMA DE EXERC\u00cdCIO DE DIREITOS, em\u00a0<\/span><a href=\"https:\/\/www.adelopd.com\/portalderechos\/the-sarao-factory-slu\"><span style=\"font-weight: 400;\">https:\/\/www.adelopd.com\/portalderechos\/the-sarao-factory-slu<\/span><\/a><span style=\"font-weight: 400;\">. Em caso de desconformidade com o tratamento, tem o direito de apresentar uma queixa perante a Ag\u00eancia Espanhola de Protec\u00e7\u00e3o de Dados. Mais informa\u00e7\u00f5es:\u00a0<\/span><a href=\"https:\/\/www.adelopd.com\/privacidad\/the-sarao-factory-slu\"><span style=\"font-weight: 400;\">https:\/\/www.adelopd.com\/privacidad\/the-sarao-factory-slu<\/span><\/a><span style=\"font-weight: 400;\">\u00a0<\/span><\/p>\n\r\n\t<div class=\"clearboth\"><\/div>\r\n<\/div>\r\n\r\n\t<\/div>\r\n<div class=\"vc_empty_space\"   style=\"height: 10px\"><span class=\"vc_empty_space_inner\"><\/span><\/div><\/div><\/div><\/div>\t<\/div>\r\n<\/div>\r\n<\/div>\r\n            <div class=\"clearboth\"><\/div>\r\n        <\/div>\r\n\r\n\r\n\t\t\t\r\n\t\t\t\r\n\t\t\t\r\n\t\t<div class=\"clearboth\"><\/div>\r\n\t<\/div>\r\n<\/div>\r\n<div class=\"vc_row-full-width vc_clearfix\"><\/div>\r\n\r\n<style id=\"mk-shortcode-style-69e08d874a7eb\" type=\"text\/css\">.full-width-69e08d874a7eb { min-height:100px; margin-bottom:0px; } .full-width-69e08d874a7eb .page-section-content { padding:10px 0 10px; } #background-layer--69e08d874a7eb { ; background-position:left top; background-repeat:repeat; ; } #background-layer--69e08d874a7eb .mk-color-layer { ; width:100%; height:100%; position:absolute; top:0; left:0; }<\/style>\n<\/div>","protected":false},"excerpt":{"rendered":"Pol\u00edtica de privacidad Pol\u00edtica de privacidad Protecci\u00f3n de datos\u00a0 INFORMACI\u00d3N\u00a0 SOBRE PROTECCI\u00d3N Y TRATAMIENTO DE DATOS PERSONALES Este mensaje y los archivos adjuntos son confidenciales y se dirigen exclusivamente a su destinatario. Si no es usted el destinatario indicado, queda notificado de que la utilizaci\u00f3n, divulgaci\u00f3n y\/o copia sin autorizaci\u00f3n est\u00e1 prohibida en virtud de [...]","protected":false},"author":2,"featured_media":0,"parent":0,"menu_order":0,"comment_status":"closed","ping_status":"closed","template":"","meta":{"footnotes":""},"class_list":["post-633","page","type-page","status-publish","hentry"],"_links":{"self":[{"href":"https:\/\/thesaraofactory.com\/pt\/wp-json\/wp\/v2\/pages\/633","targetHints":{"allow":["GET"]}}],"collection":[{"href":"https:\/\/thesaraofactory.com\/pt\/wp-json\/wp\/v2\/pages"}],"about":[{"href":"https:\/\/thesaraofactory.com\/pt\/wp-json\/wp\/v2\/types\/page"}],"author":[{"embeddable":true,"href":"https:\/\/thesaraofactory.com\/pt\/wp-json\/wp\/v2\/users\/2"}],"replies":[{"embeddable":true,"href":"https:\/\/thesaraofactory.com\/pt\/wp-json\/wp\/v2\/comments?post=633"}],"version-history":[{"count":16,"href":"https:\/\/thesaraofactory.com\/pt\/wp-json\/wp\/v2\/pages\/633\/revisions"}],"predecessor-version":[{"id":2414,"href":"https:\/\/thesaraofactory.com\/pt\/wp-json\/wp\/v2\/pages\/633\/revisions\/2414"}],"wp:attachment":[{"href":"https:\/\/thesaraofactory.com\/pt\/wp-json\/wp\/v2\/media?parent=633"}],"curies":[{"name":"wp","href":"https:\/\/api.w.org\/{rel}","templated":true}]}}