{"id":6,"date":"2022-04-28T12:10:49","date_gmt":"2022-04-28T12:10:49","guid":{"rendered":"https:\/\/thesaraofactory.com\/?page_id=6"},"modified":"2025-04-09T06:32:30","modified_gmt":"2025-04-09T06:32:30","slug":"inicio","status":"publish","type":"page","link":"https:\/\/thesaraofactory.com\/pt","title":{"rendered":"Inicio"},"content":{"rendered":"<div class=\"wpb-content-wrapper\">\r\n<div class=\"mk-page-section-wrapper\" data-mk-full-width=\"true\" data-mk-full-width-init=\"true\" data-mk-stretch-content=\"true\">\r\n\t<div id=\"page-section-69e09b1562038\" class=\"mk-page-section self-hosted   full_layout full-width-69e09b1562038 js-el js-master-row jupiter-donut-hidden-sm\"    data-intro-effect=\"false\">\r\n\r\n\t\t\t\r\n\t\t\t<div class=\"mk-page-section-inner\">\r\n\t\t\t\t\r\n\r\n\r\n<div class=\"mk-video-color-mask\"><\/div>\r\n\r\n\t\t\t\t\r\n\t\t\t\t\r\n\t\r\n\t<div class=\"background-layer-holder\">\r\n\t\t<div id=\"background-layer--69e09b1562038\" data-mk-lazyload=\"false\" class=\"background-layer mk-background-stretch none-blend-effect js-el\"    data-mk-img-set='{\"landscape\":{\"desktop\":\"https:\/\/thesaraofactory.com\/wp-content\/uploads\/2022\/06\/tsf-homepage-scaled.jpeg\",\"tablet\":\"https:\/\/thesaraofactory.com\/wp-content\/uploads\/2022\/06\/tsf-homepage-scaled-1024x768.jpeg\",\"mobile\":\"https:\/\/thesaraofactory.com\/wp-content\/uploads\/2022\/06\/tsf-homepage-scaled-736x414.jpeg\"},\"responsive\":\"true\"}' >\r\n\t\t\t\t\t\t\t\t\t<div class=\"mk-color-layer\"><\/div>\r\n\t\t<\/div>\r\n\t<\/div>\r\n\r\n\t\t\t<\/div>\r\n\r\n\t\t\t\r\n        <div class=\"page-section-content vc_row-fluid mk-grid\" >\r\n            <div class=\"mk-padding-wrapper wpb_row\"><style id=\"mk-shortcode-style-69e09b156292b\" type=\"text\/css\"><\/style>\r\n<div class=\"vc_col-sm-12 wpb_column column_container  jupiter-donut- _ jupiter-donut-height-full\">\r\n\t<div class=\"vc_empty_space\"   style=\"height: 32px\"><span class=\"vc_empty_space_inner\"><\/span><\/div>\r\n\r\n<div class=\"wpb_row vc_inner vc_row vc_row-fluid jupiter-donut-   attched-false\">\r\n\t\t\t<div class=\"wpb_column vc_column_container vc_col-sm-12\"><div class=\"vc_column-inner\"><div class=\"wpb_wrapper\"><style id=\"mk-shortcode-style-69e09b1562dc1\" type=\"text\/css\">#text-block-69e09b1562dc1 { margin-bottom:0px; text-align:left; }<\/style>\t<div class=\"vc_custom_1655992569187\">\r\n\r\n<div id=\"text-block-69e09b1562dc1\" class=\"mk-text-block  jupiter-donut-\">\r\n\r\n\t\r\n\t<p style=\"text-align: center; font-size: 64px; font-weight: 600; line-height: 75px;\">Solu\u00e7\u00f5es sustent\u00e1veis<br \/>\n<em style=\"font-weight: 300;\">para montar um bom sarau.<\/em><\/p>\n\r\n\t<div class=\"clearboth\"><\/div>\r\n<\/div>\r\n\r\n\t<\/div>\r\n<\/div><\/div><\/div>\t<\/div>\r\n<\/div>\r\n<\/div>\r\n            <div class=\"clearboth\"><\/div>\r\n        <\/div>\r\n\r\n\r\n\t\t\t\r\n\t\t\t\r\n\t\t\t\r\n\t\t<div class=\"clearboth\"><\/div>\r\n\t<\/div>\r\n<\/div>\r\n<div class=\"vc_row-full-width vc_clearfix\"><\/div>\r\n\r\n<style id=\"mk-shortcode-style-69e09b1562038\" type=\"text\/css\">.full-width-69e09b1562038 { min-height:850px; margin-bottom:0px; } .full-width-69e09b1562038 .page-section-content { padding:10px 0 10px; } #background-layer--69e09b1562038 { ; background-position:center center; background-repeat:no-repeat; ; } #background-layer--69e09b1562038 .mk-color-layer { ; width:100%; height:100%; position:absolute; top:0; left:0; }<\/style>\r\n<div class=\"mk-page-section-wrapper\" data-mk-full-width=\"true\" data-mk-full-width-init=\"true\" data-mk-stretch-content=\"true\">\r\n\t<div id=\"page-section-69e09b1562f09\" class=\"mk-page-section self-hosted   full_layout full-width-69e09b1562f09 js-el js-master-row jupiter-donut-visible-sm\"    data-intro-effect=\"false\">\r\n\r\n\t\t\t\r\n\t\t\t<div class=\"mk-page-section-inner\">\r\n\t\t\t\t\r\n\r\n\r\n<div class=\"mk-video-color-mask\"><\/div>\r\n\r\n\t\t\t\t\r\n\t\t\t\t\r\n\t\r\n\t<div class=\"background-layer-holder\">\r\n\t\t<div id=\"background-layer--69e09b1562f09\" data-mk-lazyload=\"false\" class=\"background-layer mk-background-stretch none-blend-effect js-el\"    data-mk-img-set='{\"landscape\":{\"desktop\":\"https:\/\/thesaraofactory.com\/wp-content\/uploads\/2022\/06\/tsf-home-movil.jpg\",\"tablet\":\"https:\/\/thesaraofactory.com\/wp-content\/uploads\/2022\/06\/tsf-home-movil.jpg\",\"mobile\":\"https:\/\/thesaraofactory.com\/wp-content\/uploads\/2022\/06\/tsf-home-movil.jpg\"},\"responsive\":\"true\"}' >\r\n\t\t\t\t\t\t\t\t\t<div class=\"mk-color-layer\"><\/div>\r\n\t\t<\/div>\r\n\t<\/div>\r\n\r\n\t\t\t<\/div>\r\n\r\n\t\t\t\r\n        <div class=\"page-section-content vc_row-fluid mk-grid\" >\r\n            <div class=\"mk-padding-wrapper wpb_row\"><style id=\"mk-shortcode-style-69e09b156347f\" type=\"text\/css\"><\/style>\r\n<div class=\"vc_col-sm-12 wpb_column column_container  jupiter-donut- _ jupiter-donut-height-full\">\r\n\t<div class=\"vc_empty_space\"   style=\"height: 32px\"><span class=\"vc_empty_space_inner\"><\/span><\/div>\r\n\r\n<div class=\"wpb_row vc_inner vc_row vc_row-fluid jupiter-donut-   attched-false\">\r\n\t\t\t<div class=\"wpb_column vc_column_container vc_col-sm-12\"><div class=\"vc_column-inner\"><div class=\"wpb_wrapper\"><style id=\"mk-shortcode-style-69e09b15635fa\" type=\"text\/css\">#text-block-69e09b15635fa { margin-bottom:0px; text-align:left; }<\/style>\t<div class=\"vc_custom_1655992576623\">\r\n\r\n<div id=\"text-block-69e09b15635fa\" class=\"mk-text-block  jupiter-donut-\">\r\n\r\n\t\r\n\t<p style=\"text-align: center; font-size: 40px; font-weight: 600; line-height: 45px;\">Solu\u00e7\u00f5es sustent\u00e1veis<br \/>\n<em style=\"font-weight: 300;\">para montar um bom sarau.<\/em><\/p>\n\r\n\t<div class=\"clearboth\"><\/div>\r\n<\/div>\r\n\r\n\t<\/div>\r\n<\/div><\/div><\/div>\t<\/div>\r\n<div class=\"vc_empty_space\"   style=\"height: 300px\"><span class=\"vc_empty_space_inner\"><\/span><\/div><\/div>\r\n<\/div>\r\n            <div class=\"clearboth\"><\/div>\r\n        <\/div>\r\n\r\n\r\n\t\t\t\r\n\t\t\t\r\n\t\t\t\r\n\t\t<div class=\"clearboth\"><\/div>\r\n\t<\/div>\r\n<\/div>\r\n<div class=\"vc_row-full-width vc_clearfix\"><\/div>\r\n\r\n<style id=\"mk-shortcode-style-69e09b1562f09\" type=\"text\/css\">.full-width-69e09b1562f09 { min-height:100px; margin-bottom:0px; } .full-width-69e09b1562f09 .page-section-content { padding:10px 0 10px; } #background-layer--69e09b1562f09 { ; background-position:center center; background-repeat:no-repeat; ; } #background-layer--69e09b1562f09 .mk-color-layer { ; width:100%; height:100%; position:absolute; top:0; left:0; }<\/style>\r\n<div class=\"mk-page-section-wrapper\" data-mk-full-width=\"true\" data-mk-full-width-init=\"true\" data-mk-stretch-content=\"true\">\r\n\t<div id=\"page-section-69e09b156373c\" class=\"mk-page-section self-hosted   full_layout full-width-69e09b156373c js-el js-master-row jupiter-donut-hidden-sm\"    data-intro-effect=\"false\">\r\n\r\n\t\t\t\r\n\t\t\t<div class=\"mk-page-section-inner\">\r\n\t\t\t\t\r\n\r\n\r\n<div class=\"mk-video-color-mask\"><\/div>\r\n\r\n\t\t\t\t\r\n\t\t\t\t\t\t\t<\/div>\r\n\r\n\t\t\t\r\n        <div class=\"page-section-content vc_row-fluid mk-grid\" >\r\n            <div class=\"mk-padding-wrapper wpb_row\"><style id=\"mk-shortcode-style-69e09b1563882\" type=\"text\/css\"><\/style>\r\n<div class=\"vc_col-sm-12 wpb_column column_container  jupiter-donut- _ jupiter-donut-height-full\">\r\n\t<div class=\"vc_empty_space\"   style=\"height: 50px\"><span class=\"vc_empty_space_inner\"><\/span><\/div>\r\n\r\n<div class=\"wpb_row vc_inner vc_row vc_row-fluid jupiter-donut-   attched-false\">\r\n\t\t\t<div class=\"wpb_column vc_column_container vc_col-sm-12\"><div class=\"vc_column-inner\"><div class=\"wpb_wrapper\"><style id=\"mk-shortcode-style-69e09b1563a78\" type=\"text\/css\">#text-block-69e09b1563a78 { margin-bottom:0px; text-align:left; }<\/style>\t<div class=\"vc_custom_1653029098671\">\r\n\r\n<div id=\"text-block-69e09b1563a78\" class=\"mk-text-block  jupiter-donut-\">\r\n\r\n\t\r\n\t<p style=\"text-align: center; font-size: 36px; font-weight: 500; line-height: 42.19px;\">Organizar uma festa, um team-building e at\u00e9 mesmo servir um buffet j\u00e1 n\u00e3o ser\u00e1 uma dor de cabe\u00e7a <em style=\"font-weight: 300;\">#notanymore #takeiteasy<\/em>.<\/p>\n\r\n\t<div class=\"clearboth\"><\/div>\r\n<\/div>\r\n\r\n\t<\/div>\r\n<style id=\"mk-shortcode-style-69e09b1563aef\" type=\"text\/css\">#text-block-69e09b1563aef { margin-bottom:0px; text-align:left; }<\/style>\t<div class=\"vc_custom_1653029069187\">\r\n\r\n<div id=\"text-block-69e09b1563aef\" class=\"mk-text-block  jupiter-donut-\">\r\n\r\n\t\r\n\t<p style=\"text-align: center; font-weight: 300; line-height: 28.13px;\">A alegria de criar solu\u00e7\u00f5es sustent\u00e1veis para montar um bom <strong>#sarau<\/strong> alcan\u00e7a<br \/>\nnosso n\u00edvel m\u00e1ximo de satisfa\u00e7\u00e3o e nos abala o cora\u00e7\u00e3o cumprir com as expectativas<br \/>\nde nossos clientes, gra\u00e7as \u00e0 nossa participa\u00e7\u00e3o como equipe.<\/p>\n\r\n\t<div class=\"clearboth\"><\/div>\r\n<\/div>\r\n\r\n\t<\/div>\r\n<div class=\"vc_empty_space\"   style=\"height: 10px\"><span class=\"vc_empty_space_inner\"><\/span><\/div><\/div><\/div><\/div>\t<\/div>\r\n<\/div>\r\n<\/div>\r\n            <div class=\"clearboth\"><\/div>\r\n        <\/div>\r\n\r\n\r\n\t\t\t\r\n\t\t\t\r\n\t\t\t\r\n\t\t<div class=\"clearboth\"><\/div>\r\n\t<\/div>\r\n<\/div>\r\n<div class=\"vc_row-full-width vc_clearfix\"><\/div>\r\n\r\n<style id=\"mk-shortcode-style-69e09b156373c\" type=\"text\/css\">.full-width-69e09b156373c { min-height:100px; margin-bottom:0px; } .full-width-69e09b156373c .page-section-content { padding:10px 0 10px; } #background-layer--69e09b156373c { ; background-position:left top; background-repeat:repeat; ; } #background-layer--69e09b156373c .mk-color-layer { ; width:100%; height:100%; position:absolute; top:0; left:0; }<\/style>\r\n<div class=\"mk-page-section-wrapper\" data-mk-full-width=\"true\" data-mk-full-width-init=\"true\" data-mk-stretch-content=\"true\">\r\n\t<div id=\"page-section-69e09b1563c1d\" class=\"mk-page-section self-hosted   full_layout full-width-69e09b1563c1d js-el js-master-row jupiter-donut-visible-sm\"    data-intro-effect=\"false\">\r\n\r\n\t\t\t\r\n\t\t\t<div class=\"mk-page-section-inner\">\r\n\t\t\t\t\r\n\r\n\r\n<div class=\"mk-video-color-mask\"><\/div>\r\n\r\n\t\t\t\t\r\n\t\t\t\t\t\t\t<\/div>\r\n\r\n\t\t\t\r\n        <div class=\"page-section-content vc_row-fluid mk-grid\" >\r\n            <div class=\"mk-padding-wrapper wpb_row\"><style id=\"mk-shortcode-style-69e09b1563d61\" type=\"text\/css\"><\/style>\r\n<div class=\"vc_col-sm-12 wpb_column column_container  jupiter-donut- _ jupiter-donut-height-full\">\r\n\t<div class=\"vc_empty_space\"   style=\"height: 50px\"><span class=\"vc_empty_space_inner\"><\/span><\/div>\r\n\r\n<div class=\"wpb_row vc_inner vc_row vc_row-fluid jupiter-donut-   attched-false\">\r\n\t\t\t<div class=\"wpb_column vc_column_container vc_col-sm-12\"><div class=\"vc_column-inner\"><div class=\"wpb_wrapper\"><style id=\"mk-shortcode-style-69e09b1563ebf\" type=\"text\/css\">#text-block-69e09b1563ebf { margin-bottom:0px; text-align:left; }<\/style>\t<div class=\"vc_custom_1653039274868\">\r\n\r\n<div id=\"text-block-69e09b1563ebf\" class=\"mk-text-block  jupiter-donut-\">\r\n\r\n\t\r\n\t<p style=\"text-align: center; font-size: 28px; font-weight: 500; line-height: 32px;\">Organizar uma festa, um team-building e at\u00e9 mesmo servir um buffet j\u00e1 n\u00e3o ser\u00e1 uma dor de cabe\u00e7a <em style=\"font-weight: 300;\">#notanymore #takeiteasy<\/em>.<\/p>\n\r\n\t<div class=\"clearboth\"><\/div>\r\n<\/div>\r\n\r\n\t<\/div>\r\n<style id=\"mk-shortcode-style-69e09b1563f2f\" type=\"text\/css\">#text-block-69e09b1563f2f { margin-bottom:0px; text-align:left; }<\/style>\t<div class=\"vc_custom_1653029069187\">\r\n\r\n<div id=\"text-block-69e09b1563f2f\" class=\"mk-text-block  jupiter-donut-\">\r\n\r\n\t\r\n\t<p style=\"text-align: center; font-weight: 300; line-height: 28.13px;\">A alegria de criar solu\u00e7\u00f5es sustent\u00e1veis para montar um bom <strong>#sarau<\/strong> alcan\u00e7a<br \/>\nnosso n\u00edvel m\u00e1ximo de satisfa\u00e7\u00e3o e nos abala o cora\u00e7\u00e3o cumprir com as expectativas<br \/>\nde nossos clientes, gra\u00e7as \u00e0 nossa participa\u00e7\u00e3o como equipe.<\/p>\n\r\n\t<div class=\"clearboth\"><\/div>\r\n<\/div>\r\n\r\n\t<\/div>\r\n<div class=\"vc_empty_space\"   style=\"height: 10px\"><span class=\"vc_empty_space_inner\"><\/span><\/div><\/div><\/div><\/div>\t<\/div>\r\n<\/div>\r\n<\/div>\r\n            <div class=\"clearboth\"><\/div>\r\n        <\/div>\r\n\r\n\r\n\t\t\t\r\n\t\t\t\r\n\t\t\t\r\n\t\t<div class=\"clearboth\"><\/div>\r\n\t<\/div>\r\n<\/div>\r\n<div class=\"vc_row-full-width vc_clearfix\"><\/div>\r\n\r\n<style id=\"mk-shortcode-style-69e09b1563c1d\" type=\"text\/css\">.full-width-69e09b1563c1d { min-height:100px; margin-bottom:0px; } .full-width-69e09b1563c1d .page-section-content { padding:10px 0 10px; } #background-layer--69e09b1563c1d { ; background-position:left top; background-repeat:repeat; ; } #background-layer--69e09b1563c1d .mk-color-layer { ; width:100%; height:100%; position:absolute; top:0; left:0; }<\/style>\n<\/div>","protected":false},"excerpt":{"rendered":"Soluciones sostenibles para armar un buen sarao. Soluciones sostenibles para armar un buen sarao. Organizar una fiesta, un team-building e incluso servir un catering ya no ser\u00e1 un quebradero de cabeza #notanymore #takeiteasy. El regocijo de crear soluciones sostenibles para montar un buen #sarao alcanza nuestro nivel m\u00e1ximo de satisfacci\u00f3n y nos revoluciona el coraz\u00f3n [...]","protected":false},"author":1,"featured_media":0,"parent":0,"menu_order":0,"comment_status":"closed","ping_status":"closed","template":"","meta":{"footnotes":""},"class_list":["post-6","page","type-page","status-publish","hentry"],"_links":{"self":[{"href":"https:\/\/thesaraofactory.com\/pt\/wp-json\/wp\/v2\/pages\/6","targetHints":{"allow":["GET"]}}],"collection":[{"href":"https:\/\/thesaraofactory.com\/pt\/wp-json\/wp\/v2\/pages"}],"about":[{"href":"https:\/\/thesaraofactory.com\/pt\/wp-json\/wp\/v2\/types\/page"}],"author":[{"embeddable":true,"href":"https:\/\/thesaraofactory.com\/pt\/wp-json\/wp\/v2\/users\/1"}],"replies":[{"embeddable":true,"href":"https:\/\/thesaraofactory.com\/pt\/wp-json\/wp\/v2\/comments?post=6"}],"version-history":[{"count":65,"href":"https:\/\/thesaraofactory.com\/pt\/wp-json\/wp\/v2\/pages\/6\/revisions"}],"predecessor-version":[{"id":2392,"href":"https:\/\/thesaraofactory.com\/pt\/wp-json\/wp\/v2\/pages\/6\/revisions\/2392"}],"wp:attachment":[{"href":"https:\/\/thesaraofactory.com\/pt\/wp-json\/wp\/v2\/media?parent=6"}],"curies":[{"name":"wp","href":"https:\/\/api.w.org\/{rel}","templated":true}]}}