{"id":52,"date":"2022-04-29T11:40:59","date_gmt":"2022-04-29T11:40:59","guid":{"rendered":"https:\/\/thesaraofactory.com\/?page_id=52"},"modified":"2025-04-09T12:21:08","modified_gmt":"2025-04-09T12:21:08","slug":"eco-living","status":"publish","type":"page","link":"https:\/\/thesaraofactory.com\/pt\/eco-living\/","title":{"rendered":"Eco-living"},"content":{"rendered":"<div class=\"wpb-content-wrapper\">\r\n<div  data-mk-stretch-content=\"true\" class=\"wpb_row vc_row vc_row-fluid jupiter-donut- mk-fullwidth-false  attched-false     js-master-row  mk-grid\">\r\n\t\t\t\t<style id=\"mk-shortcode-style-69e08c50f10fa\" type=\"text\/css\"><\/style>\r\n<div class=\"vc_col-sm-12 wpb_column column_container  jupiter-donut- _ jupiter-donut-height-full\">\r\n\t<style id=\"mk-shortcode-style-69e08c50f137e\" type=\"text\/css\">#text-block-69e08c50f137e { margin-bottom:0px; text-align:left; }<\/style>\r\n<div id=\"text-block-69e08c50f137e\" class=\"mk-text-block  jupiter-donut-\">\r\n\r\n\t\r\n\t<p class=\"subtitle-desk\" style=\"text-align: center; margin-bottom: 0px;\">Eco living<\/p>\n\r\n\t<div class=\"clearboth\"><\/div>\r\n<\/div>\r\n\r\n<\/div>\r\n\r\n<div class=\"mk-page-section-wrapper\" data-mk-full-width=\"true\" data-mk-full-width-init=\"true\" data-mk-stretch-content=\"true\">\r\n\t<div id=\"page-section-69e08c50f1630\" class=\"mk-page-section self-hosted   full_layout full-width-69e08c50f1630 js-el js-master-row jupiter-donut-hidden-sm\"    data-intro-effect=\"false\">\r\n\r\n\t\t\t\r\n\t\t\t<div class=\"mk-page-section-inner\">\r\n\t\t\t\t\r\n\r\n\r\n<div class=\"mk-video-color-mask\"><\/div>\r\n\r\n\t\t\t\t\r\n\t\t\t\t\t\t\t<\/div>\r\n\r\n\t\t\t\r\n        <div class=\"page-section-content vc_row-fluid page-section-fullwidth\" >\r\n            <div class=\"mk-padding-wrapper wpb_row\"><style id=\"mk-shortcode-style-69e08c50f198a\" type=\"text\/css\"><\/style>\r\n<div class=\"vc_col-sm-12 wpb_column column_container  jupiter-donut- _ jupiter-donut-height-full\">\r\n\t\r\n\r\n<div class=\"wpb_row vc_inner vc_row vc_row-fluid jupiter-donut-   attched-false\">\r\n\t\t\t<div class=\"wpb_column vc_column_container vc_col-sm-12\"><div class=\"vc_column-inner\"><div class=\"wpb_wrapper\"><div class=\"vc_empty_space\"   style=\"height: 20px\"><span class=\"vc_empty_space_inner\"><\/span><\/div><style id=\"mk-shortcode-style-69e08c50f1ea4\" type=\"text\/css\">#text-block-69e08c50f1ea4 { margin-bottom:0px; text-align:left; }<\/style>\t<div class=\"vc_custom_1653029808863\">\r\n\r\n<div id=\"text-block-69e08c50f1ea4\" class=\"mk-text-block  jupiter-donut-\">\r\n\r\n\t\r\n\t<p style=\"margin-left: 50px; font-size: 48px; font-weight: bold; line-height: 52.73px;\">A conex\u00e3o nos empodera. Cada a\u00e7\u00e3o importa. Cada um de n\u00f3s \u00e9 necess\u00e1rio para alcan\u00e7ar a mudan\u00e7a. Juntos, podemos fazer coisas extraordin\u00e1rias. Isso \u00e9 apenas o pontap\u00e9 de sa\u00edda.<\/p>\n\r\n\t<div class=\"clearboth\"><\/div>\r\n<\/div>\r\n\r\n\t<\/div>\r\n<div class=\"vc_empty_space\"   style=\"height: 20px\"><span class=\"vc_empty_space_inner\"><\/span><\/div><\/div><\/div><\/div>\t<\/div>\r\n<div class=\"vc_separator wpb_content_element vc_separator_align_center vc_sep_width_100 vc_sep_pos_align_center vc_separator_no_text vc_sep_color_white vc_custom_1651162394176 wpb_content_element  vc_custom_1651162394176 wpb_content_element\" ><span class=\"vc_sep_holder vc_sep_holder_l\"><span class=\"vc_sep_line\"><\/span><\/span><span class=\"vc_sep_holder vc_sep_holder_r\"><span class=\"vc_sep_line\"><\/span><\/span>\n<\/div><\/div>\r\n<\/div>\r\n            <div class=\"clearboth\"><\/div>\r\n        <\/div>\r\n\r\n\r\n\t\t\t\r\n\t\t\t\r\n\t\t\t\r\n\t\t<div class=\"clearboth\"><\/div>\r\n\t<\/div>\r\n<\/div>\r\n<div class=\"vc_row-full-width vc_clearfix\"><\/div>\r\n\r\n<style id=\"mk-shortcode-style-69e08c50f1630\" type=\"text\/css\">.full-width-69e08c50f1630 { min-height:100px; margin-bottom:0px; } .full-width-69e08c50f1630 .page-section-content { padding:10px 0 1px; } #background-layer--69e08c50f1630 { ; background-position:left top; background-repeat:repeat; ; } #background-layer--69e08c50f1630 .mk-color-layer { ; width:100%; height:100%; position:absolute; top:0; left:0; }<\/style>\r\n<div class=\"mk-page-section-wrapper\" data-mk-full-width=\"true\" data-mk-full-width-init=\"true\" data-mk-stretch-content=\"true\">\r\n\t<div id=\"page-section-69e08c50f23ef\" class=\"mk-page-section self-hosted   full_layout full-width-69e08c50f23ef js-el js-master-row jupiter-donut-visible-sm\"    data-intro-effect=\"false\">\r\n\r\n\t\t\t\r\n\t\t\t<div class=\"mk-page-section-inner\">\r\n\t\t\t\t\r\n\r\n\r\n<div class=\"mk-video-color-mask\"><\/div>\r\n\r\n\t\t\t\t\r\n\t\t\t\t\t\t\t<\/div>\r\n\r\n\t\t\t\r\n        <div class=\"page-section-content vc_row-fluid page-section-fullwidth\" >\r\n            <div class=\"mk-padding-wrapper wpb_row\"><style id=\"mk-shortcode-style-69e08c50f26b8\" type=\"text\/css\"><\/style>\r\n<div class=\"vc_col-sm-12 wpb_column column_container  jupiter-donut- _ jupiter-donut-height-full\">\r\n\t\r\n\r\n<div class=\"wpb_row vc_inner vc_row vc_row-fluid jupiter-donut-   attched-false\">\r\n\t\t\t<div class=\"wpb_column vc_column_container vc_col-sm-12\"><div class=\"vc_column-inner\"><div class=\"wpb_wrapper\"><div class=\"vc_empty_space\"   style=\"height: 40px\"><span class=\"vc_empty_space_inner\"><\/span><\/div><style id=\"mk-shortcode-style-69e08c50f29e9\" type=\"text\/css\">#text-block-69e08c50f29e9 { margin-bottom:0px; text-align:left; }<\/style>\t<div class=\"vc_custom_1653040948547\">\r\n\r\n<div id=\"text-block-69e08c50f29e9\" class=\"mk-text-block  jupiter-donut-\">\r\n\r\n\t\r\n\t<p style=\"font-size: 28px; font-weight: bold; line-height: 32px;\">A conex\u00e3o nos empodera. Cada a\u00e7\u00e3o importa. Cada um de n\u00f3s \u00e9 necess\u00e1rio para alcan\u00e7ar a mudan\u00e7a. Juntos, podemos fazer coisas extraordin\u00e1rias. Isso \u00e9 apenas o pontap\u00e9 de sa\u00edda.<\/p>\n\r\n\t<div class=\"clearboth\"><\/div>\r\n<\/div>\r\n\r\n\t<\/div>\r\n<div class=\"vc_empty_space\"   style=\"height: 50px\"><span class=\"vc_empty_space_inner\"><\/span><\/div><\/div><\/div><\/div>\t<\/div>\r\n<\/div>\r\n<\/div>\r\n            <div class=\"clearboth\"><\/div>\r\n        <\/div>\r\n\r\n\r\n\t\t\t\r\n\t\t\t\r\n\t\t\t\r\n\t\t<div class=\"clearboth\"><\/div>\r\n\t<\/div>\r\n<\/div>\r\n<div class=\"vc_row-full-width vc_clearfix\"><\/div>\r\n\r\n<style id=\"mk-shortcode-style-69e08c50f23ef\" type=\"text\/css\">.full-width-69e08c50f23ef { min-height:100px; margin-bottom:0px; } .full-width-69e08c50f23ef .page-section-content { padding:10px 0 1px; } #background-layer--69e08c50f23ef { ; background-position:left top; background-repeat:repeat; ; } #background-layer--69e08c50f23ef .mk-color-layer { ; width:100%; height:100%; position:absolute; top:0; left:0; }<\/style>\r\n<div class=\"mk-page-section-wrapper\" data-mk-full-width=\"true\" data-mk-full-width-init=\"true\" data-mk-stretch-content=\"true\">\r\n\t<div id=\"page-section-69e08c50f2d49\" class=\"mk-page-section self-hosted   full_layout full-width-69e08c50f2d49 js-el js-master-row jupiter-donut-hidden-sm\"    data-intro-effect=\"false\">\r\n\r\n\t\t\t\r\n\t\t\t<div class=\"mk-page-section-inner\">\r\n\t\t\t\t\r\n\r\n\r\n<div class=\"mk-video-color-mask\"><\/div>\r\n\r\n\t\t\t\t\r\n\t\t\t\t\t\t\t<\/div>\r\n\r\n\t\t\t\r\n        <div class=\"page-section-content vc_row-fluid page-section-fullwidth\" >\r\n            <div class=\"mk-padding-wrapper wpb_row\"><style id=\"mk-shortcode-style-69e08c50f2fa9\" type=\"text\/css\"><\/style>\r\n<div class=\"vc_col-sm-12 wpb_column column_container  jupiter-donut- _ jupiter-donut-height-full\">\r\n\t\r\n\r\n<div class=\"wpb_row vc_inner vc_row vc_row-fluid jupiter-donut-   attched-false\">\r\n\t\t\t<div class=\"wpb_column vc_column_container vc_col-sm-4\"><div class=\"vc_column-inner\"><div class=\"wpb_wrapper\"><div class=\"vc_empty_space\"   style=\"height: 50px\"><span class=\"vc_empty_space_inner\"><\/span><\/div><style id=\"mk-shortcode-style-69e08c50f3280\" type=\"text\/css\">#text-block-69e08c50f3280 { margin-bottom:0px; text-align:left; }<\/style>\t<div class=\"vc_custom_1651232250236\">\r\n\r\n<div id=\"text-block-69e08c50f3280\" class=\"mk-text-block  jupiter-donut-\">\r\n\r\n\t\r\n\t<p style=\"font-size: 36px; font-weight: bold; margin-left: 50px;\">Para onde?<\/p>\n\r\n\t<div class=\"clearboth\"><\/div>\r\n<\/div>\r\n\r\n\t<\/div>\r\n<style id=\"mk-shortcode-style-69e08c50f3348\" type=\"text\/css\">#text-block-69e08c50f3348 { margin-bottom:0px; text-align:left; }<\/style>\t<div class=\"vc_custom_1697464174048\">\r\n\r\n<div id=\"text-block-69e08c50f3348\" class=\"mk-text-block  jupiter-donut-\">\r\n\r\n\t\r\n\t<p style=\"margin-left: 50px; font-size: 24px; font-weight: 300; line-height: 28.13px;\">Aqui e agora. Na Terra, desde a Espanha at\u00e9 onde voc\u00ea quiser.<\/p>\n\r\n\t<div class=\"clearboth\"><\/div>\r\n<\/div>\r\n\r\n\t<\/div>\r\n<div class=\"vc_empty_space\"   style=\"height: 20px\"><span class=\"vc_empty_space_inner\"><\/span><\/div><style id=\"mk-shortcode-style-69e08c50f3480\" type=\"text\/css\">#text-block-69e08c50f3480 { margin-bottom:0px; text-align:left; }<\/style>\t<div class=\"vc_custom_1651232282456\">\r\n\r\n<div id=\"text-block-69e08c50f3480\" class=\"mk-text-block  jupiter-donut-\">\r\n\r\n\t\r\n\t<p style=\"font-size: 36px; font-weight: bold; margin-left: 50px;\">Como?<\/p>\n\r\n\t<div class=\"clearboth\"><\/div>\r\n<\/div>\r\n\r\n\t<\/div>\r\n<style id=\"mk-shortcode-style-69e08c50f3530\" type=\"text\/css\">#text-block-69e08c50f3530 { margin-bottom:0px; text-align:left; }<\/style>\t<div class=\"vc_custom_1653029873042\">\r\n\r\n<div id=\"text-block-69e08c50f3530\" class=\"mk-text-block  jupiter-donut-\">\r\n\r\n\t\r\n\t<p style=\"margin-left: 50px; font-size: 24px; font-weight: 300; line-height: 28.13px;\">Eco-desenhando solu\u00e7\u00f5es sustent\u00e1veis em Portugal, em conformidade com a Regulamenta\u00e7\u00e3o Europeia.<\/p>\n\r\n\t<div class=\"clearboth\"><\/div>\r\n<\/div>\r\n\r\n\t<\/div>\r\n<div class=\"vc_empty_space\"   style=\"height: 20px\"><span class=\"vc_empty_space_inner\"><\/span><\/div><style id=\"mk-shortcode-style-69e08c50f3658\" type=\"text\/css\">#text-block-69e08c50f3658 { margin-bottom:0px; text-align:left; }<\/style>\t<div class=\"vc_custom_1651232317998\">\r\n\r\n<div id=\"text-block-69e08c50f3658\" class=\"mk-text-block  jupiter-donut-\">\r\n\r\n\t\r\n\t<p style=\"font-size: 36px; font-weight: bold; margin-left: 50px;\">Quando?<\/p>\n\r\n\t<div class=\"clearboth\"><\/div>\r\n<\/div>\r\n\r\n\t<\/div>\r\n<style id=\"mk-shortcode-style-69e08c50f370f\" type=\"text\/css\">#text-block-69e08c50f370f { margin-bottom:0px; text-align:left; }<\/style>\t<div class=\"vc_custom_1653029877679\">\r\n\r\n<div id=\"text-block-69e08c50f370f\" class=\"mk-text-block  jupiter-donut-\">\r\n\r\n\t\r\n\t<p style=\"margin-left: 50px; font-size: 24px; font-weight: 300; line-height: 28.13px;\">H\u00e1 mais de 18 anos, atuando no momento presente e antecipar o amanh\u00e3 #24\/7<\/p>\n\r\n\t<div class=\"clearboth\"><\/div>\r\n<\/div>\r\n\r\n\t<\/div>\r\n<div class=\"vc_empty_space\"   style=\"height: 40px\"><span class=\"vc_empty_space_inner\"><\/span><\/div><\/div><\/div><\/div><div class=\"wpb_column vc_column_container vc_col-sm-2\"><div class=\"vc_column-inner\"><div class=\"wpb_wrapper\"><\/div><\/div><\/div><div class=\"wpb_column vc_column_container vc_col-sm-6 vc_col-has-fill\"><div class=\"vc_column-inner vc_custom_1654206481429\"><div class=\"wpb_wrapper\"><div class=\"vc_empty_space\"   style=\"height: 600px\"><span class=\"vc_empty_space_inner\"><\/span><\/div><\/div><\/div><\/div>\t<\/div>\r\n<div class=\"vc_separator wpb_content_element vc_separator_align_center vc_sep_width_100 vc_sep_pos_align_center vc_separator_no_text vc_sep_color_white vc_custom_1651162394176 wpb_content_element  vc_custom_1651162394176 wpb_content_element\" ><span class=\"vc_sep_holder vc_sep_holder_l\"><span class=\"vc_sep_line\"><\/span><\/span><span class=\"vc_sep_holder vc_sep_holder_r\"><span class=\"vc_sep_line\"><\/span><\/span>\n<\/div><\/div>\r\n<\/div>\r\n            <div class=\"clearboth\"><\/div>\r\n        <\/div>\r\n\r\n\r\n\t\t\t\r\n\t\t\t\r\n\t\t\t\r\n\t\t<div class=\"clearboth\"><\/div>\r\n\t<\/div>\r\n<\/div>\r\n<div class=\"vc_row-full-width vc_clearfix\"><\/div>\r\n\r\n<style id=\"mk-shortcode-style-69e08c50f2d49\" type=\"text\/css\">.full-width-69e08c50f2d49 { min-height:100px; margin-bottom:0px; } .full-width-69e08c50f2d49 .page-section-content { padding:0px 0 1px; } #background-layer--69e08c50f2d49 { ; background-position:left top; background-repeat:repeat; ; } #background-layer--69e08c50f2d49 .mk-color-layer { ; width:100%; height:100%; position:absolute; top:0; left:0; }<\/style>\r\n<div class=\"mk-page-section-wrapper\" data-mk-full-width=\"true\" data-mk-full-width-init=\"true\" data-mk-stretch-content=\"true\">\r\n\t<div id=\"page-section-69e08c50f3e13\" class=\"mk-page-section self-hosted   full_layout full-width-69e08c50f3e13 js-el js-master-row jupiter-donut-visible-sm\"    data-intro-effect=\"false\">\r\n\r\n\t\t\t\r\n\t\t\t<div class=\"mk-page-section-inner\">\r\n\t\t\t\t\r\n\r\n\r\n<div class=\"mk-video-color-mask\"><\/div>\r\n\r\n\t\t\t\t\r\n\t\t\t\t\r\n\t\r\n\t<div class=\"background-layer-holder\">\r\n\t\t<div id=\"background-layer--69e08c50f3e13\" data-mk-lazyload=\"false\" class=\"background-layer  none-blend-effect js-el\"    data-mk-img-set='{\"landscape\":{\"desktop\":\"https:\/\/thesaraofactory.com\/wp-content\/uploads\/2022\/06\/the-sarao-factory-1.png\",\"tablet\":\"https:\/\/thesaraofactory.com\/wp-content\/uploads\/2022\/06\/the-sarao-factory-1-1024x768.png\",\"mobile\":\"https:\/\/thesaraofactory.com\/wp-content\/uploads\/2022\/06\/the-sarao-factory-1-736x414.png\"},\"responsive\":\"true\"}' >\r\n\t\t\t\t\t\t\t\t\t<div class=\"mk-color-layer\"><\/div>\r\n\t\t<\/div>\r\n\t<\/div>\r\n\r\n\t\t\t<\/div>\r\n\r\n\t\t\t\r\n        <div class=\"page-section-content vc_row-fluid page-section-fullwidth\" >\r\n            <div class=\"mk-padding-wrapper wpb_row\"><style id=\"mk-shortcode-style-69e08c510057a\" type=\"text\/css\"><\/style>\r\n<div class=\"vc_col-sm-12 wpb_column column_container  jupiter-donut- _ jupiter-donut-height-full\">\r\n\t\r\n\r\n<div class=\"wpb_row vc_inner vc_row vc_row-fluid jupiter-donut-   attched-false\">\r\n\t\t\t<div class=\"wpb_column vc_column_container vc_col-sm-12\"><div class=\"vc_column-inner\"><div class=\"wpb_wrapper\"><div class=\"vc_empty_space\"   style=\"height: 315px\"><span class=\"vc_empty_space_inner\"><\/span><\/div><\/div><\/div><\/div>\t<\/div>\r\n<\/div>\r\n<\/div>\r\n            <div class=\"clearboth\"><\/div>\r\n        <\/div>\r\n\r\n\r\n\t\t\t\r\n\t\t\t\r\n\t\t\t\r\n\t\t<div class=\"clearboth\"><\/div>\r\n\t<\/div>\r\n<\/div>\r\n<div class=\"vc_row-full-width vc_clearfix\"><\/div>\r\n\r\n<style id=\"mk-shortcode-style-69e08c50f3e13\" type=\"text\/css\">.full-width-69e08c50f3e13 { min-height:100px; margin-bottom:0px; } .full-width-69e08c50f3e13 .page-section-content { padding:0px 0 1px; } #background-layer--69e08c50f3e13 { ; background-position:center center; background-repeat:no-repeat; ; } #background-layer--69e08c50f3e13 .mk-color-layer { ; width:100%; height:100%; position:absolute; top:0; left:0; }<\/style>\r\n<div class=\"mk-page-section-wrapper\" data-mk-full-width=\"true\" data-mk-full-width-init=\"true\" data-mk-stretch-content=\"true\">\r\n\t<div id=\"page-section-69e08c5100b05\" class=\"mk-page-section self-hosted   full_layout full-width-69e08c5100b05 js-el js-master-row jupiter-donut-visible-sm\"    data-intro-effect=\"false\">\r\n\r\n\t\t\t\r\n\t\t\t<div class=\"mk-page-section-inner\">\r\n\t\t\t\t\r\n\r\n\r\n<div class=\"mk-video-color-mask\"><\/div>\r\n\r\n\t\t\t\t\r\n\t\t\t\t\t\t\t<\/div>\r\n\r\n\t\t\t\r\n        <div class=\"page-section-content vc_row-fluid page-section-fullwidth\" >\r\n            <div class=\"mk-padding-wrapper wpb_row\"><style id=\"mk-shortcode-style-69e08c5100d72\" type=\"text\/css\"><\/style>\r\n<div class=\"vc_col-sm-12 wpb_column column_container  jupiter-donut- _ jupiter-donut-height-full\">\r\n\t\r\n\r\n<div class=\"wpb_row vc_inner vc_row vc_row-fluid jupiter-donut-   attched-false\">\r\n\t\t\t<div class=\"wpb_column vc_column_container vc_col-sm-12\"><div class=\"vc_column-inner\"><div class=\"wpb_wrapper\"><div class=\"vc_empty_space\"   style=\"height: 50px\"><span class=\"vc_empty_space_inner\"><\/span><\/div><style id=\"mk-shortcode-style-69e08c510102e\" type=\"text\/css\">#text-block-69e08c510102e { margin-bottom:0px; text-align:left; }<\/style>\t<div class=\"vc_custom_1653040986312\">\r\n\r\n<div id=\"text-block-69e08c510102e\" class=\"mk-text-block  jupiter-donut-\">\r\n\r\n\t\r\n\t<p style=\"font-size: 28px; font-weight: bold; line-height: 32px;\">Para onde?<\/p>\n\r\n\t<div class=\"clearboth\"><\/div>\r\n<\/div>\r\n\r\n\t<\/div>\r\n<style id=\"mk-shortcode-style-69e08c5101107\" type=\"text\/css\">#text-block-69e08c5101107 { margin-bottom:0px; text-align:left; }<\/style>\t<div class=\"vc_custom_1697464187497\">\r\n\r\n<div id=\"text-block-69e08c5101107\" class=\"mk-text-block  jupiter-donut-\">\r\n\r\n\t\r\n\t<p style=\"font-weight: 300;\">Aqui e agora. Na Terra, desde a Espanha at\u00e9 onde voc\u00ea quiser.<\/p>\n\r\n\t<div class=\"clearboth\"><\/div>\r\n<\/div>\r\n\r\n\t<\/div>\r\n<div class=\"vc_empty_space\"   style=\"height: 30px\"><span class=\"vc_empty_space_inner\"><\/span><\/div><style id=\"mk-shortcode-style-69e08c5101234\" type=\"text\/css\">#text-block-69e08c5101234 { margin-bottom:0px; text-align:left; }<\/style>\t<div class=\"vc_custom_1653041066161\">\r\n\r\n<div id=\"text-block-69e08c5101234\" class=\"mk-text-block  jupiter-donut-\">\r\n\r\n\t\r\n\t<p style=\"font-size: 28px; font-weight: bold; line-height: 32px;\">Como?<\/p>\n\r\n\t<div class=\"clearboth\"><\/div>\r\n<\/div>\r\n\r\n\t<\/div>\r\n<style id=\"mk-shortcode-style-69e08c51012e8\" type=\"text\/css\">#text-block-69e08c51012e8 { margin-bottom:0px; text-align:left; }<\/style>\t<div class=\"vc_custom_1653041042245\">\r\n\r\n<div id=\"text-block-69e08c51012e8\" class=\"mk-text-block  jupiter-donut-\">\r\n\r\n\t\r\n\t<p style=\"font-weight: 300;\">Eco-desenhando solu\u00e7\u00f5es sustent\u00e1veis em Portugal, em conformidade com a Regulamenta\u00e7\u00e3o Europeia.<\/p>\n\r\n\t<div class=\"clearboth\"><\/div>\r\n<\/div>\r\n\r\n\t<\/div>\r\n<div class=\"vc_empty_space\"   style=\"height: 30px\"><span class=\"vc_empty_space_inner\"><\/span><\/div><style id=\"mk-shortcode-style-69e08c5101410\" type=\"text\/css\">#text-block-69e08c5101410 { margin-bottom:0px; text-align:left; }<\/style>\t<div class=\"vc_custom_1653041056829\">\r\n\r\n<div id=\"text-block-69e08c5101410\" class=\"mk-text-block  jupiter-donut-\">\r\n\r\n\t\r\n\t<p style=\"font-size: 28px; font-weight: bold; line-height: 32px;\">Quando?<\/p>\n\r\n\t<div class=\"clearboth\"><\/div>\r\n<\/div>\r\n\r\n\t<\/div>\r\n<style id=\"mk-shortcode-style-69e08c51014cb\" type=\"text\/css\">#text-block-69e08c51014cb { margin-bottom:0px; text-align:left; }<\/style>\t<div class=\"vc_custom_1653041074929\">\r\n\r\n<div id=\"text-block-69e08c51014cb\" class=\"mk-text-block  jupiter-donut-\">\r\n\r\n\t\r\n\t<p style=\"font-weight: 300;\">H\u00e1 mais de 18 anos, atuando no momento presente e antecipar o amanh\u00e3 #24\/7<\/p>\n\r\n\t<div class=\"clearboth\"><\/div>\r\n<\/div>\r\n\r\n\t<\/div>\r\n<div class=\"vc_empty_space\"   style=\"height: 40px\"><span class=\"vc_empty_space_inner\"><\/span><\/div><\/div><\/div><\/div>\t<\/div>\r\n<div class=\"vc_separator wpb_content_element vc_separator_align_center vc_sep_width_100 vc_sep_pos_align_center vc_separator_no_text vc_sep_color_white vc_custom_1651162394176 wpb_content_element  vc_custom_1651162394176 wpb_content_element\" ><span class=\"vc_sep_holder vc_sep_holder_l\"><span class=\"vc_sep_line\"><\/span><\/span><span class=\"vc_sep_holder vc_sep_holder_r\"><span class=\"vc_sep_line\"><\/span><\/span>\n<\/div><\/div>\r\n<\/div>\r\n            <div class=\"clearboth\"><\/div>\r\n        <\/div>\r\n\r\n\r\n\t\t\t\r\n\t\t\t\r\n\t\t\t\r\n\t\t<div class=\"clearboth\"><\/div>\r\n\t<\/div>\r\n<\/div>\r\n<div class=\"vc_row-full-width vc_clearfix\"><\/div>\r\n\r\n<style id=\"mk-shortcode-style-69e08c5100b05\" type=\"text\/css\">.full-width-69e08c5100b05 { min-height:100px; margin-bottom:0px; } .full-width-69e08c5100b05 .page-section-content { padding:0px 0 1px; } #background-layer--69e08c5100b05 { ; background-position:left top; background-repeat:repeat; ; } #background-layer--69e08c5100b05 .mk-color-layer { ; width:100%; height:100%; position:absolute; top:0; left:0; }<\/style>\t<\/div>\r\n\n<\/div>","protected":false},"excerpt":{"rendered":"Eco living La conexi\u00f3n nos empodera. Cada acci\u00f3n importa. Cada uno de nosotros es necesario para lograr el cambio. Juntos podemos hacer cosas extraordinarias. Esto es solo el pistoletazo de salida. La conexi\u00f3n nos empodera. Cada acci\u00f3n importa. Cada uno de nosotros es necesario para lograr el cambio. Juntos podemos hacer cosas extraordinarias. Esto es [...]","protected":false},"author":1,"featured_media":0,"parent":0,"menu_order":0,"comment_status":"closed","ping_status":"closed","template":"","meta":{"footnotes":""},"class_list":["post-52","page","type-page","status-publish","hentry"],"_links":{"self":[{"href":"https:\/\/thesaraofactory.com\/pt\/wp-json\/wp\/v2\/pages\/52","targetHints":{"allow":["GET"]}}],"collection":[{"href":"https:\/\/thesaraofactory.com\/pt\/wp-json\/wp\/v2\/pages"}],"about":[{"href":"https:\/\/thesaraofactory.com\/pt\/wp-json\/wp\/v2\/types\/page"}],"author":[{"embeddable":true,"href":"https:\/\/thesaraofactory.com\/pt\/wp-json\/wp\/v2\/users\/1"}],"replies":[{"embeddable":true,"href":"https:\/\/thesaraofactory.com\/pt\/wp-json\/wp\/v2\/comments?post=52"}],"version-history":[{"count":77,"href":"https:\/\/thesaraofactory.com\/pt\/wp-json\/wp\/v2\/pages\/52\/revisions"}],"predecessor-version":[{"id":815,"href":"https:\/\/thesaraofactory.com\/pt\/wp-json\/wp\/v2\/pages\/52\/revisions\/815"}],"wp:attachment":[{"href":"https:\/\/thesaraofactory.com\/pt\/wp-json\/wp\/v2\/media?parent=52"}],"curies":[{"name":"wp","href":"https:\/\/api.w.org\/{rel}","templated":true}]}}