{"id":372,"date":"2022-06-13T15:32:50","date_gmt":"2022-06-13T15:32:50","guid":{"rendered":"https:\/\/thesaraofactory.com\/?page_id=372"},"modified":"2025-04-09T06:48:54","modified_gmt":"2025-04-09T06:48:54","slug":"politica-de-cookies","status":"publish","type":"page","link":"https:\/\/thesaraofactory.com\/pt\/politica-de-cookies\/","title":{"rendered":"Pol\u00edtica de cookies"},"content":{"rendered":"<div class=\"wpb-content-wrapper\">\r\n<div  data-mk-stretch-content=\"true\" class=\"wpb_row vc_row vc_row-fluid jupiter-donut- mk-fullwidth-false  attched-false     js-master-row  mk-grid\">\r\n\t\t\t\t\t<\/div>\r\n<style id=\"mk-shortcode-style-69e08fa9792ea\" type=\"text\/css\"><\/style>\r\n<div class=\"vc_col-sm-12 wpb_column column_container  jupiter-donut- _ jupiter-donut-height-full\">\r\n\t<style id=\"mk-shortcode-style-69e08fa9794d1\" type=\"text\/css\">#text-block-69e08fa9794d1 { margin-bottom:0px; text-align:left; }<\/style>\r\n<div id=\"text-block-69e08fa9794d1\" class=\"mk-text-block  jupiter-donut-\">\r\n\r\n\t\r\n\t<div class=\"mk-page-section-wrapper\" style=\"position: relative; box-sizing: border-box; width: 483px; left: -20px;\" data-mk-full-width=\"true\" data-mk-full-width-init=\"true\" data-mk-stretch-content=\"true\">\n<div id=\"page-section-2\" class=\"mk-page-section self-hosted full_layout full-width-2 js-el js-master-row jupiter-donut-visible-sm\" style=\"position: fixed; z-index: 100;\" data-intro-effect=\"false\">\n<div class=\"page-section-content vc_row-fluid page-section-fullwidth\">\n<div class=\"mk-padding-wrapper wpb_row\">\n<div class=\"vc_col-sm-12 wpb_column column_container jupiter-donut- _ jupiter-donut-height-full\">\n<div class=\"wpb_row vc_inner vc_row vc_row-fluid jupiter-donut- attched-false\">\n<div class=\"wpb_column vc_column_container vc_col-sm-12\">\n<div class=\"vc_column-inner\">\n<div class=\"wpb_wrapper\">\n<div class=\"vc_custom_1654203243248\">\n<div id=\"text-block-4\" class=\"mk-text-block jupiter-donut-\">\n<p style=\"text-align: center; margin-bottom: 0px; padding: 5px;\">Pol\u00edtica de cookies<\/p>\n<div class=\"clearboth\"><\/div>\n<\/div>\n<\/div>\n<\/div>\n<\/div>\n<\/div>\n<\/div>\n<\/div>\n<\/div>\n<div class=\"clearboth\"><\/div>\n<\/div>\n<div class=\"clearboth\"><\/div>\n<\/div>\n<\/div>\n<div class=\"mk-page-section-wrapper\" data-mk-full-width=\"true\" data-mk-full-width-init=\"true\" data-mk-stretch-content=\"true\">\r\n\t<div id=\"page-section-69e08fa97979c\" class=\"mk-page-section self-hosted   full_layout full-width-69e08fa97979c js-el js-master-row jupiter-donut-visible-sm\"    data-intro-effect=\"false\">\r\n\r\n\t\t\t\r\n\t\t\t<div class=\"mk-page-section-inner\">\r\n\t\t\t\t\r\n\r\n\r\n<div class=\"mk-video-color-mask\"><\/div>\r\n\r\n\t\t\t\t\r\n\t\t\t\t\t\t\t<\/div>\r\n\r\n\t\t\t\r\n        <div class=\"page-section-content vc_row-fluid page-section-fullwidth\" >\r\n            <div class=\"mk-padding-wrapper wpb_row\"><\/div>\r\n            <div class=\"clearboth\"><\/div>\r\n        <\/div>\r\n\r\n\r\n\t\t\t\r\n\t\t\t\r\n\t\t\t\r\n\t\t<div class=\"clearboth\"><\/div>\r\n\t<\/div>\r\n<\/div>\r\n<div class=\"vc_row-full-width vc_clearfix\"><\/div>\r\n\r\n<style id=\"mk-shortcode-style-69e08fa97979c\" type=\"text\/css\">.full-width-69e08fa97979c { min-height:40px; margin-bottom:0px; background-color:#329471; border:1px solid #ffffff;border-left:none;border-right:none; } .full-width-69e08fa97979c .page-section-content { padding:0px 0 0px; } #background-layer--69e08fa97979c { ; background-position:left top; background-repeat:repeat; ; } #background-layer--69e08fa97979c .mk-color-layer { ; width:100%; height:100%; position:absolute; top:0; left:0; }<\/style><style id=\"mk-shortcode-style-69e08fa97979c\" type=\"text\/css\">.full-width-69e08fa97979c .mk-fancy-title.pattern-style span, .full-width-69e08fa97979c .mk-blog-view-all { background-color:#329471 !important; }<\/style><style id=\"mk-shortcode-style-69e08fa979a8d\" type=\"text\/css\"><\/style>\r\n<div class=\"vc_col-sm-12 wpb_column column_container  jupiter-donut- _ jupiter-donut-height-full\">\r\n\t<\/div>\r\n\r\n\r\n<div class=\"wpb_row vc_inner vc_row vc_row-fluid jupiter-donut-   attched-false\">\r\n\t\t\t\t<\/div>\r\n<div class=\"wpb_column vc_column_container vc_col-sm-12\"><div class=\"vc_column-inner\"><div class=\"wpb_wrapper\"><\/div><\/div><\/div><div class=\"vc_empty_space\"   style=\"height: 5px\"><span class=\"vc_empty_space_inner\"><\/span><\/div><style id=\"mk-shortcode-style-69e08fa979dbd\" type=\"text\/css\">#text-block-69e08fa979dbd { margin-bottom:0px; text-align:left; }<\/style>\t<div class=\"vc_custom_1654203243248\">\r\n\r\n<div id=\"text-block-69e08fa979dbd\" class=\"mk-text-block  jupiter-donut-\">\r\n\r\n\t\r\n\t\r\n\t<div class=\"clearboth\"><\/div>\r\n<\/div>\r\n\r\n\t<\/div>\n<p style=\"text-align: center; margin-bottom: 0px;\">Pol\u00edtica de cookies<\/p>\n\r\n\t<div class=\"clearboth\"><\/div>\r\n<\/div>\r\n\r\n<\/div>\r\n\r\n<div class=\"mk-page-section-wrapper\" data-mk-full-width=\"true\" data-mk-full-width-init=\"true\" data-mk-stretch-content=\"true\">\r\n\t<div id=\"page-section-69e08fa97a01e\" class=\"mk-page-section self-hosted   full_layout full-width-69e08fa97a01e js-el js-master-row jupiter-donut-\"    data-intro-effect=\"false\">\r\n\r\n\t\t\t\r\n\t\t\t<div class=\"mk-page-section-inner\">\r\n\t\t\t\t\r\n\r\n\r\n<div class=\"mk-video-color-mask\"><\/div>\r\n\r\n\t\t\t\t\r\n\t\t\t\t\t\t\t<\/div>\r\n\r\n\t\t\t\r\n        <div class=\"page-section-content vc_row-fluid page-section-fullwidth\" >\r\n            <div class=\"mk-padding-wrapper wpb_row\"><style id=\"mk-shortcode-style-69e08fa97a2a2\" type=\"text\/css\"><\/style>\r\n<div class=\"vc_col-sm-12 wpb_column column_container  jupiter-donut- _ jupiter-donut-height-full\">\r\n\t\r\n\r\n<div class=\"wpb_row vc_inner vc_row vc_row-fluid jupiter-donut-   attched-false   vc_custom_1655134021891\">\r\n\t\t\t<div class=\"wpb_column vc_column_container vc_col-sm-12\"><div class=\"vc_column-inner\"><div class=\"wpb_wrapper\"><style id=\"mk-shortcode-style-69e08fa97a52a\" type=\"text\/css\">#text-block-69e08fa97a52a { margin-bottom:0px; text-align:left; }<\/style>\t<div class=\"vc_custom_1684408681913\">\r\n\r\n<div id=\"text-block-69e08fa97a52a\" class=\"mk-text-block  jupiter-donut-\">\r\n\r\n\t\r\n\t<p style=\"margin-left: 50px; margin-right: 50px; font-size: 35px;\">POL\u00cdTICA DE COOKIES<\/p>\n<p style=\"margin-left: 50px; margin-right: 50px; font-weight: bold;\">O que \u00e9 um Cookie?<\/p>\n<p style=\"font-weight: 400;\">Um cookie \u00e9 um arquivo que \u00e9 baixado no terminal (um computador, um celular, um tablet eletr\u00f4nica, etc.) do usu\u00e1rio quando este acede a determinadas p\u00e1ginas web.<\/p>\n<p style=\"font-weight: 400;\">Os cookies permitem \u00e0s referidas p\u00e1ginas web, entre outras coisas, monitorar, armazenar e recuperar informa\u00e7\u00f5es sobre os h\u00e1bitos de navega\u00e7\u00e3o do usu\u00e1rio, bem como obter informa\u00e7\u00f5es t\u00e9cnicas relacionadas com a navegabilidade das p\u00e1ginas web. Os cookies tamb\u00e9m contribuem para a funcionalidade, a usabilidade e acessibilidade das p\u00e1ginas web.<\/p>\n<p style=\"font-weight: 400;\"><strong>Quais os Cookies que usa o nosso site?<\/strong><\/p>\n<p style=\"font-weight: 400;\">O nosso site utiliza cookies pr\u00f3prias e de terceiros.<\/p>\n<p style=\"font-weight: 400;\">Um cookie \u00e9 um pequeno arquivo de letras e n\u00fameros que est\u00e1 instalado no seu computador.<\/p>\n<p style=\"font-weight: 400;\">Estes cookies permitem-nos distinguir de outros usu\u00e1rios do site e nos ajuda a proporcionar uma boa experi\u00eancia ao navegar em nosso site, bem como melhor\u00e1-lo.<\/p>\n<p style=\"font-weight: 400;\">Nosso site inclui funcionalidades que s\u00e3o fornecidas por terceiros.<\/p>\n<p style=\"font-weight: 400;\"><strong>Cookies de terceiros<\/strong><\/p>\n<p style=\"font-weight: 400;\">Em algumas p\u00e1ginas da web podem instalar cookies de terceiros que permitem gerir e melhorar os servi\u00e7os oferecidos.<\/p>\n<p style=\"font-weight: 400;\">Para gerenciar a atividade de cookies do seu computador, voc\u00ea pode bloque\u00e1-los ou elimin\u00e1-los. Em caso contr\u00e1rio, a navega\u00e7\u00e3o pelo site implica na aceita\u00e7\u00e3o do uso das mesmas, conforme o exposto.<\/p>\n<p style=\"font-weight: 400;\">Para levar a cabo a gest\u00e3o de cookies devem seguir as seguintes instru\u00e7\u00f5es:<\/p>\n<ul>\n<li style=\"font-weight: 400;\"><strong>Internet Explorer<\/strong>: Ferramentas -&gt; Op\u00e7\u00f5es de Internet -&gt; Privacidade -&gt; Configura\u00e7\u00e3o. Para mais informa\u00e7\u00f5es, pode consultar o suporte da Microsoft ou a Ajuda do navegador.<\/li>\n<li style=\"font-weight: 400;\"><strong>Firefox<\/strong>: Ferramentas -&gt; Op\u00e7\u00f5es -&gt; Privacidade -&gt; Hist\u00f3rico -&gt; Configura\u00e7\u00e3o Personalizada. Para mais informa\u00e7\u00f5es, pode consultar o suporte da Mozilla ou a Ajuda do navegador.<\/li>\n<li style=\"font-weight: 400;\"><strong>Chrome<\/strong>: Configura\u00e7\u00f5es&gt; Mostrar configura\u00e7\u00f5es avan\u00e7adas -&gt; Privacidade -&gt; Configura\u00e7\u00f5es de conte\u00fado. Para mais informa\u00e7\u00f5es, pode consultar o suporte do Google ou da Ajuda do navegador.<\/li>\n<li style=\"font-weight: 400;\"><strong>Safari<\/strong>: Prefer\u00eancias -&gt; Seguran\u00e7a. Para mais informa\u00e7\u00f5es, pode consultar o suporte da Apple ou da Ajuda do navegador.<\/li>\n<\/ul>\n<p style=\"font-weight: 400;\">Desativar esses cookies provavelmente impe\u00e7a as fun\u00e7\u00f5es oferecidas por estes servi\u00e7os. Voc\u00ea pode excluir e bloquear todos os cookies deste site, mas partes do site n\u00e3o funcionar\u00e1 corretamente.<\/p>\n\r\n\t<div class=\"clearboth\"><\/div>\r\n<\/div>\r\n\r\n\t<\/div>\r\n<div class=\"vc_empty_space\"   style=\"height: 10px\"><span class=\"vc_empty_space_inner\"><\/span><\/div><\/div><\/div><\/div>\t<\/div>\r\n<\/div>\r\n<\/div>\r\n            <div class=\"clearboth\"><\/div>\r\n        <\/div>\r\n\r\n\r\n\t\t\t\r\n\t\t\t\r\n\t\t\t\r\n\t\t<div class=\"clearboth\"><\/div>\r\n\t<\/div>\r\n<\/div>\r\n<div class=\"vc_row-full-width vc_clearfix\"><\/div>\r\n\r\n<style id=\"mk-shortcode-style-69e08fa97a01e\" type=\"text\/css\">.full-width-69e08fa97a01e { min-height:100px; margin-bottom:0px; } .full-width-69e08fa97a01e .page-section-content { padding:10px 0 10px; } #background-layer--69e08fa97a01e { ; background-position:left top; background-repeat:repeat; ; } #background-layer--69e08fa97a01e .mk-color-layer { ; width:100%; height:100%; position:absolute; top:0; left:0; }<\/style>\n<\/div>","protected":false},"excerpt":{"rendered":"Pol\u00edtica de cookies Pol\u00edtica de cookies POL\u00cdTICA DE COOKIES \u00bfQu\u00e9 es una Cookie? Una cookie es un fichero que se descarga en el terminal (un ordenador, un tel\u00e9fono m\u00f3vil, una tableta electr\u00f3nica, etc.) del usuario cuando \u00e9ste accede a determinadas p\u00e1ginas web. Las cookies permiten a dichas p\u00e1ginas web, entre otras cosas, monitorear, almacenar y [...]","protected":false},"author":1,"featured_media":0,"parent":0,"menu_order":0,"comment_status":"closed","ping_status":"closed","template":"","meta":{"footnotes":""},"class_list":["post-372","page","type-page","status-publish","hentry"],"_links":{"self":[{"href":"https:\/\/thesaraofactory.com\/pt\/wp-json\/wp\/v2\/pages\/372","targetHints":{"allow":["GET"]}}],"collection":[{"href":"https:\/\/thesaraofactory.com\/pt\/wp-json\/wp\/v2\/pages"}],"about":[{"href":"https:\/\/thesaraofactory.com\/pt\/wp-json\/wp\/v2\/types\/page"}],"author":[{"embeddable":true,"href":"https:\/\/thesaraofactory.com\/pt\/wp-json\/wp\/v2\/users\/1"}],"replies":[{"embeddable":true,"href":"https:\/\/thesaraofactory.com\/pt\/wp-json\/wp\/v2\/comments?post=372"}],"version-history":[{"count":22,"href":"https:\/\/thesaraofactory.com\/pt\/wp-json\/wp\/v2\/pages\/372\/revisions"}],"predecessor-version":[{"id":2421,"href":"https:\/\/thesaraofactory.com\/pt\/wp-json\/wp\/v2\/pages\/372\/revisions\/2421"}],"wp:attachment":[{"href":"https:\/\/thesaraofactory.com\/pt\/wp-json\/wp\/v2\/media?parent=372"}],"curies":[{"name":"wp","href":"https:\/\/api.w.org\/{rel}","templated":true}]}}