{"id":368,"date":"2022-06-13T15:25:35","date_gmt":"2022-06-13T15:25:35","guid":{"rendered":"https:\/\/thesaraofactory.com\/?page_id=368"},"modified":"2025-04-09T06:45:09","modified_gmt":"2025-04-09T06:45:09","slug":"aviso-legal","status":"publish","type":"page","link":"https:\/\/thesaraofactory.com\/pt\/aviso-legal\/","title":{"rendered":"Aviso legal"},"content":{"rendered":"<div class=\"wpb-content-wrapper\">\r\n<div  data-mk-stretch-content=\"true\" class=\"wpb_row vc_row vc_row-fluid jupiter-donut- mk-fullwidth-false  attched-false     js-master-row  mk-grid\">\r\n\t\t\t\t<style id=\"mk-shortcode-style-69e08fa6c1fd2\" type=\"text\/css\"><\/style>\r\n<div class=\"vc_col-sm-12 wpb_column column_container  jupiter-donut- _ jupiter-donut-height-full\">\r\n\t<style id=\"mk-shortcode-style-69e08fa6c227e\" type=\"text\/css\">#text-block-69e08fa6c227e { margin-bottom:0px; text-align:left; }<\/style>\r\n<div id=\"text-block-69e08fa6c227e\" class=\"mk-text-block  jupiter-donut-\">\r\n\r\n\t\r\n\t<div class=\"mk-page-section-wrapper\" style=\"position: relative; box-sizing: border-box; width: 483px; left: -20px;\" data-mk-full-width=\"true\" data-mk-full-width-init=\"true\" data-mk-stretch-content=\"true\">\n<div id=\"page-section-2\" class=\"mk-page-section self-hosted full_layout full-width-2 js-el js-master-row jupiter-donut-visible-sm\" style=\"position: fixed; z-index: 100;\" data-intro-effect=\"false\">\n<div class=\"page-section-content vc_row-fluid page-section-fullwidth\">\n<div class=\"mk-padding-wrapper wpb_row\">\n<div class=\"vc_col-sm-12 wpb_column column_container jupiter-donut- _ jupiter-donut-height-full\">\n<div class=\"wpb_row vc_inner vc_row vc_row-fluid jupiter-donut- attched-false\">\n<div class=\"wpb_column vc_column_container vc_col-sm-12\">\n<div class=\"vc_column-inner\">\n<div class=\"wpb_wrapper\">\n<div class=\"vc_custom_1654203243248\">\n<div id=\"text-block-4\" class=\"mk-text-block jupiter-donut-\">\n<p style=\"text-align: center; margin-bottom: 0px; padding: 5px;\">Aviso legal<\/p>\n<div class=\"clearboth\"><\/div>\n<\/div>\n<\/div>\n<\/div>\n<\/div>\n<\/div>\n<\/div>\n<\/div>\n<\/div>\n<div class=\"clearboth\"><\/div>\n<\/div>\n<div class=\"clearboth\"><\/div>\n<\/div>\n<\/div>\n<div class=\"mk-page-section-wrapper\" data-mk-full-width=\"true\" data-mk-full-width-init=\"true\" data-mk-stretch-content=\"true\">\r\n\t<div id=\"page-section-69e08fa6c2589\" class=\"mk-page-section self-hosted   full_layout full-width-69e08fa6c2589 js-el js-master-row jupiter-donut-visible-sm\"    data-intro-effect=\"false\">\r\n\r\n\t\t\t\r\n\t\t\t<div class=\"mk-page-section-inner\">\r\n\t\t\t\t\r\n\r\n\r\n<div class=\"mk-video-color-mask\"><\/div>\r\n\r\n\t\t\t\t\r\n\t\t\t\t\t\t\t<\/div>\r\n\r\n\t\t\t\r\n        <div class=\"page-section-content vc_row-fluid page-section-fullwidth\" >\r\n            <div class=\"mk-padding-wrapper wpb_row\"><\/div>\r\n            <div class=\"clearboth\"><\/div>\r\n        <\/div>\r\n\r\n\r\n\t\t\t\r\n\t\t\t\r\n\t\t\t\r\n\t\t<div class=\"clearboth\"><\/div>\r\n\t<\/div>\r\n<\/div>\r\n<div class=\"vc_row-full-width vc_clearfix\"><\/div>\r\n\r\n<style id=\"mk-shortcode-style-69e08fa6c2589\" type=\"text\/css\">.full-width-69e08fa6c2589 { min-height:40px; margin-bottom:0px; background-color:#329471; border:1px solid #ffffff;border-left:none;border-right:none; } .full-width-69e08fa6c2589 .page-section-content { padding:0px 0 0px; } #background-layer--69e08fa6c2589 { ; background-position:left top; background-repeat:repeat; ; } #background-layer--69e08fa6c2589 .mk-color-layer { ; width:100%; height:100%; position:absolute; top:0; left:0; }<\/style><style id=\"mk-shortcode-style-69e08fa6c2589\" type=\"text\/css\">.full-width-69e08fa6c2589 .mk-fancy-title.pattern-style span, .full-width-69e08fa6c2589 .mk-blog-view-all { background-color:#329471 !important; }<\/style><style id=\"mk-shortcode-style-69e08fa6c28c9\" type=\"text\/css\"><\/style>\r\n<div class=\"vc_col-sm-12 wpb_column column_container  jupiter-donut- _ jupiter-donut-height-full\">\r\n\t<\/div>\r\n\r\n\r\n<div class=\"wpb_row vc_inner vc_row vc_row-fluid jupiter-donut-   attched-false\">\r\n\t\t\t\t<\/div>\r\n<div class=\"wpb_column vc_column_container vc_col-sm-12\"><div class=\"vc_column-inner\"><div class=\"wpb_wrapper\"><\/div><\/div><\/div><div class=\"vc_empty_space\"   style=\"height: 5px\"><span class=\"vc_empty_space_inner\"><\/span><\/div><style id=\"mk-shortcode-style-69e08fa6c2c94\" type=\"text\/css\">#text-block-69e08fa6c2c94 { margin-bottom:0px; text-align:left; }<\/style>\t<div class=\"vc_custom_1654203243248\">\r\n\r\n<div id=\"text-block-69e08fa6c2c94\" class=\"mk-text-block  jupiter-donut-\">\r\n\r\n\t\r\n\t\r\n\t<div class=\"clearboth\"><\/div>\r\n<\/div>\r\n\r\n\t<\/div>\n<p style=\"text-align: center; margin-bottom: 0px;\">Aviso legal<\/p>\n\r\n\t<div class=\"clearboth\"><\/div>\r\n<\/div>\r\n\r\n<\/div>\r\n\r\n<div class=\"mk-page-section-wrapper\" data-mk-full-width=\"true\" data-mk-full-width-init=\"true\" data-mk-stretch-content=\"true\">\r\n\t<div id=\"page-section-69e08fa6c2f05\" class=\"mk-page-section self-hosted   full_layout full-width-69e08fa6c2f05 js-el js-master-row jupiter-donut-\"    data-intro-effect=\"false\">\r\n\r\n\t\t\t\r\n\t\t\t<div class=\"mk-page-section-inner\">\r\n\t\t\t\t\r\n\r\n\r\n<div class=\"mk-video-color-mask\"><\/div>\r\n\r\n\t\t\t\t\r\n\t\t\t\t\t\t\t<\/div>\r\n\r\n\t\t\t\r\n        <div class=\"page-section-content vc_row-fluid page-section-fullwidth\" >\r\n            <div class=\"mk-padding-wrapper wpb_row\"><style id=\"mk-shortcode-style-69e08fa6c31e9\" type=\"text\/css\"><\/style>\r\n<div class=\"vc_col-sm-12 wpb_column column_container  jupiter-donut- _ jupiter-donut-height-full\">\r\n\t\r\n\r\n<div class=\"wpb_row vc_inner vc_row vc_row-fluid jupiter-donut-   attched-false   vc_custom_1655134021891\">\r\n\t\t\t<div class=\"wpb_column vc_column_container vc_col-sm-12\"><div class=\"vc_column-inner\"><div class=\"wpb_wrapper\"><style id=\"mk-shortcode-style-69e08fa6c353a\" type=\"text\/css\">#text-block-69e08fa6c353a { margin-bottom:0px; text-align:left; }<\/style>\t<div class=\"vc_custom_1679563518770\">\r\n\r\n<div id=\"text-block-69e08fa6c353a\" class=\"mk-text-block  jupiter-donut-\">\r\n\r\n\t\r\n\t<p style=\"margin-left: 50px; margin-right: 50px; font-size: 35px;\">AVISO LEGAL<\/p>\n<p style=\"margin-left: 50px; margin-right: 50px;\">O respons\u00e1vel por esta p\u00e1gina web \u00e9: THE SARAO FACTORY S.L.U., sociedade inscrita no Registo Comercial de Coimbra, tomo 2.787, livro 2, f\u00f3lio 148 folha A-83991 com C. I. F. B-42588467 e sede social na Av. Juguete, 39, 03440, feij\u00f3.<\/p>\n<p style=\"margin-left: 50px; margin-right: 50px;\">Voc\u00ea tamb\u00e9m pode entrar em contato conosco atrav\u00e9s do n\u00famero de telefone +34 965 564871 ou atrav\u00e9s do seguinte endere\u00e7o de e-mail: hola@thesaraofactory.com<\/p>\n<p style=\"margin-left: 50px; margin-right: 50px;\">Propriedade Intelectual e Industrial<\/p>\n<p style=\"margin-left: 50px; margin-right: 50px;\">O design deste site e de seus c\u00f3digos-fonte, assim como os logotipos, marcas e outros sinais distintivos que aparecem no mesmo pertencem a THE SARAO FACTORY S.L.U. e est\u00e3o protegidos pelos direitos correspondentes aos direitos de propriedade intelectual e industrial.<\/p>\n<p style=\"margin-left: 50px; margin-right: 50px;\">Responsabilidade pelos conte\u00fados<\/p>\n<p style=\"margin-left: 50px; margin-right: 50px;\">THE SARAO FACTORY S.L.U. n\u00e3o se responsabiliza pela legalidade de outros sites da web de terceiros a partir dos quais se possa aceder a este site. THE SARAO FACTORY S.L.U. tamb\u00e9m n\u00e3o responde pela legalidade de outros sites de terceiros que podem estar ligados ou ligados a partir deste site. THE SARAO FACTORY S.L.U. reserva-se o direito de fazer altera\u00e7\u00f5es no site, sem aviso pr\u00e9vio, com o objectivo de manter actualizada a sua informa\u00e7\u00e3o, adicionando, modificando e corrigindo ou eliminando os conte\u00fados publicados e \/ ou o projeto do portal. THE SARAO FACTORY S.L.U. n\u00e3o ser\u00e1 respons\u00e1vel pelo uso que terceiros fa\u00e7am das informa\u00e7\u00f5es disponibilizadas no portal, nem por danos ou perdas econ\u00f3micas que, de forma direta ou indireta, produzam ou possam produzir preju\u00edzos econ\u00f4micos, materiais ou dados, causados pelo uso de tais informa\u00e7\u00f5es.<\/p>\n<p style=\"margin-left: 50px; margin-right: 50px;\">Reprodu\u00e7\u00e3o de conte\u00fado<\/p>\n<p style=\"margin-left: 50px; margin-right: 50px;\">\u00c9 proibida a reprodu\u00e7\u00e3o total ou parcial dos conte\u00fados publicados neste web site sem a autoriza\u00e7\u00e3o pr\u00e9via e por escrito do THE SARAO FACTORY S.L.U. Toda a informa\u00e7\u00e3o relativa \u00e0 privacidade, voc\u00ea tem na nossa Pol\u00edtica de Privacidade<\/p>\n\r\n\t<div class=\"clearboth\"><\/div>\r\n<\/div>\r\n\r\n\t<\/div>\r\n<\/div><\/div><\/div>\t<\/div>\r\n<\/div>\r\n<\/div>\r\n            <div class=\"clearboth\"><\/div>\r\n        <\/div>\r\n\r\n\r\n\t\t\t\r\n\t\t\t\r\n\t\t\t\r\n\t\t<div class=\"clearboth\"><\/div>\r\n\t<\/div>\r\n<\/div>\r\n<div class=\"vc_row-full-width vc_clearfix\"><\/div>\r\n\r\n<style id=\"mk-shortcode-style-69e08fa6c2f05\" type=\"text\/css\">.full-width-69e08fa6c2f05 { min-height:100px; margin-bottom:0px; } .full-width-69e08fa6c2f05 .page-section-content { padding:10px 0 10px; } #background-layer--69e08fa6c2f05 { ; background-position:left top; background-repeat:repeat; ; } #background-layer--69e08fa6c2f05 .mk-color-layer { ; width:100%; height:100%; position:absolute; top:0; left:0; }<\/style>\r\n<div class=\"mk-page-section-wrapper\" data-mk-full-width=\"true\" data-mk-full-width-init=\"true\" data-mk-stretch-content=\"true\">\r\n\t<div id=\"page-section-69e08fa6c3899\" class=\"mk-page-section self-hosted   full_layout full-width-69e08fa6c3899 js-el js-master-row jupiter-donut-\"    data-intro-effect=\"false\">\r\n\r\n\t\t\t\r\n\t\t\t<div class=\"mk-page-section-inner\">\r\n\t\t\t\t\r\n\r\n\r\n<div class=\"mk-video-color-mask\"><\/div>\r\n\r\n\t\t\t\t\r\n\t\t\t\t\t\t\t<\/div>\r\n\r\n\t\t\t\r\n        <div class=\"page-section-content vc_row-fluid page-section-fullwidth\" >\r\n            <div class=\"mk-padding-wrapper wpb_row\"><style id=\"mk-shortcode-style-69e08fa6c3b5b\" type=\"text\/css\"><\/style>\r\n<div class=\"vc_col-sm-12 wpb_column column_container  jupiter-donut- _ jupiter-donut-height-full\">\r\n\t<div class=\"vc_separator wpb_content_element vc_separator_align_center vc_sep_width_100 vc_sep_pos_align_center vc_separator_no_text vc_sep_color_white vc_custom_1651162394176 wpb_content_element  vc_custom_1651162394176 wpb_content_element\" ><span class=\"vc_sep_holder vc_sep_holder_l\"><span class=\"vc_sep_line\"><\/span><\/span><span class=\"vc_sep_holder vc_sep_holder_r\"><span class=\"vc_sep_line\"><\/span><\/span>\n<\/div><\/div>\r\n<\/div>\r\n            <div class=\"clearboth\"><\/div>\r\n        <\/div>\r\n\r\n\r\n\t\t\t\r\n\t\t\t\r\n\t\t\t\r\n\t\t<div class=\"clearboth\"><\/div>\r\n\t<\/div>\r\n<\/div>\r\n<div class=\"vc_row-full-width vc_clearfix\"><\/div>\r\n\r\n<style id=\"mk-shortcode-style-69e08fa6c3899\" type=\"text\/css\">.full-width-69e08fa6c3899 { min-height:100px; margin-bottom:0px; } .full-width-69e08fa6c3899 .page-section-content { padding:10px 0 10px; } #background-layer--69e08fa6c3899 { ; background-position:left top; background-repeat:repeat; ; } #background-layer--69e08fa6c3899 .mk-color-layer { ; width:100%; height:100%; position:absolute; top:0; left:0; }<\/style>\t<\/div>\r\n\n<\/div>","protected":false},"excerpt":{"rendered":"Aviso legal Aviso legal AVISO LEGAL El responsable de esta p\u00e1gina web es: THE SARAO FACTORY S.L.U., sociedad inscrita en el Registro Mercantil de Alicante, tomo 2.787, libro 2, folio 148 hoja A-83991 con C.I.F. B-42588467 y domicilio social en Avda. del Juguete, 39, 03440, Ibi (ALICANTE). Tambi\u00e9n puedes contactar con nosotros a trav\u00e9s del [...]","protected":false},"author":1,"featured_media":0,"parent":0,"menu_order":0,"comment_status":"closed","ping_status":"closed","template":"","meta":{"footnotes":""},"class_list":["post-368","page","type-page","status-publish","hentry"],"_links":{"self":[{"href":"https:\/\/thesaraofactory.com\/pt\/wp-json\/wp\/v2\/pages\/368","targetHints":{"allow":["GET"]}}],"collection":[{"href":"https:\/\/thesaraofactory.com\/pt\/wp-json\/wp\/v2\/pages"}],"about":[{"href":"https:\/\/thesaraofactory.com\/pt\/wp-json\/wp\/v2\/types\/page"}],"author":[{"embeddable":true,"href":"https:\/\/thesaraofactory.com\/pt\/wp-json\/wp\/v2\/users\/1"}],"replies":[{"embeddable":true,"href":"https:\/\/thesaraofactory.com\/pt\/wp-json\/wp\/v2\/comments?post=368"}],"version-history":[{"count":26,"href":"https:\/\/thesaraofactory.com\/pt\/wp-json\/wp\/v2\/pages\/368\/revisions"}],"predecessor-version":[{"id":2412,"href":"https:\/\/thesaraofactory.com\/pt\/wp-json\/wp\/v2\/pages\/368\/revisions\/2412"}],"wp:attachment":[{"href":"https:\/\/thesaraofactory.com\/pt\/wp-json\/wp\/v2\/media?parent=368"}],"curies":[{"name":"wp","href":"https:\/\/api.w.org\/{rel}","templated":true}]}}