{"id":807,"date":"2023-07-28T08:11:10","date_gmt":"2023-07-28T08:11:10","guid":{"rendered":"https:\/\/thesaraofactory.com\/?page_id=807"},"modified":"2025-04-09T06:53:48","modified_gmt":"2025-04-09T06:53:48","slug":"financiacion","status":"publish","type":"page","link":"https:\/\/thesaraofactory.com\/it\/financiacion\/","title":{"rendered":"Finanziamento"},"content":{"rendered":"<div class=\"wpb-content-wrapper\"><style id=\"mk-shortcode-style-69e08c3d0a548\" type=\"text\/css\"><\/style>\r\n<div class=\"vc_col-sm-12 wpb_column column_container  jupiter-donut- _ jupiter-donut-height-full\">\r\n\t\r\n\r\n<div class=\"wpb_row vc_inner vc_row vc_row-fluid jupiter-donut-   attched-false\">\r\n\t\t\t\t<\/div>\r\n<div class=\"wpb_column vc_column_container vc_col-sm-12\"><div class=\"vc_column-inner\"><div class=\"wpb_wrapper\"><\/div><\/div><\/div><div class=\"vc_empty_space\"   style=\"height: 5px\"><span class=\"vc_empty_space_inner\"><\/span><\/div><style id=\"mk-shortcode-style-69e08c3d0abf7\" type=\"text\/css\">#text-block-69e08c3d0abf7 { margin-bottom:0px; text-align:left; }<\/style>\t<div class=\"vc_custom_1654203243248\">\r\n\r\n<div id=\"text-block-69e08c3d0abf7\" class=\"mk-text-block  jupiter-donut-\">\r\n\r\n\t\r\n\t<h3 style=\"text-align: center; margin-bottom: 0px;\"><strong>FINANZIAMENTO INNOC\u00c1MARAS<\/strong><\/h3>\n\r\n\t<div class=\"clearboth\"><\/div>\r\n<\/div>\r\n\r\n\t<\/div>\r\n<\/div>\r\n\r\n<div class=\"mk-page-section-wrapper\" data-mk-full-width=\"true\" data-mk-full-width-init=\"true\" data-mk-stretch-content=\"true\">\r\n\t<div id=\"page-section-69e08c3d0ae93\" class=\"mk-page-section self-hosted   full_layout full-width-69e08c3d0ae93 js-el js-master-row jupiter-donut-\"    data-intro-effect=\"false\">\r\n\r\n\t\t\t\r\n\t\t\t<div class=\"mk-page-section-inner\">\r\n\t\t\t\t\r\n\r\n\r\n<div class=\"mk-video-color-mask\"><\/div>\r\n\r\n\t\t\t\t\r\n\t\t\t\t\t\t\t<\/div>\r\n\r\n\t\t\t\r\n        <div class=\"page-section-content vc_row-fluid page-section-fullwidth\" >\r\n            <div class=\"mk-padding-wrapper wpb_row\"><style id=\"mk-shortcode-style-69e08c3d0b152\" type=\"text\/css\"><\/style>\r\n<div class=\"vc_col-sm-12 wpb_column column_container  jupiter-donut- _ jupiter-donut-height-full\">\r\n\t\r\n\r\n<div class=\"wpb_row vc_inner vc_row vc_row-fluid jupiter-donut-   attched-false   vc_custom_1655134021891\">\r\n\t\t\t<div class=\"wpb_column vc_column_container vc_col-sm-12\"><div class=\"vc_column-inner\"><div class=\"wpb_wrapper\"><style id=\"mk-shortcode-style-69e08c3d0b46a\" type=\"text\/css\">#text-block-69e08c3d0b46a { margin-bottom:0px; text-align:left; }<\/style>\t<div class=\"vc_custom_1703846135452\">\r\n\r\n<div id=\"text-block-69e08c3d0b46a\" class=\"mk-text-block  jupiter-donut-\">\r\n\r\n\t\r\n\t<p style=\"font-weight: 400;\">La The Sarao Factory, SLU \u00e8 stato un beneficiario del Fondo Europeo di Sviluppo Regionale, il cui obiettivo \u00e8 Promuovere la ricerca, lo sviluppo tecnologico e l&#039;innovazione, e grazie alla quale ha intrapreso un progetto di\u00a0<strong><u>L&#039;attuazione di una Gestione Sistematica di metodologie<\/u><\/strong>\u00a0per sostenere la creazione e il consolidamento di imprese innovative. Per fare questo, si ha avuto il sostegno del Programma InnoC\u00e1maras 2023 della Camera di Commercio di Alicante.\u201d<\/p>\n<p style=\"font-weight: 400;\">Un modo per rendere l&#039;Europa<\/p>\n<p>&nbsp;<\/p>\n<p><img decoding=\"async\" class=\"aligncenter wp-image-832\" src=\"https:\/\/thesaraofactory.com\/wp-content\/uploads\/2023\/07\/logo-feder-300x254.jpg\" alt=\"\" width=\"212\" height=\"179\" \/> <img decoding=\"async\" class=\"aligncenter size-medium wp-image-831\" src=\"https:\/\/thesaraofactory.com\/wp-content\/uploads\/2023\/07\/logo-ivace-r-300x90.jpg\" alt=\"\" width=\"300\" height=\"90\" \/><\/p>\n\r\n\t<div class=\"clearboth\"><\/div>\r\n<\/div>\r\n\r\n\t<\/div>\r\n<\/div><\/div><\/div>\t<\/div>\r\n\r\n\r\n<div class=\"wpb_row vc_inner vc_row vc_row-fluid jupiter-donut-   attched-false   vc_custom_1655134021891\">\r\n\t\t\t\t<\/div>\r\n<div class=\"wpb_column vc_column_container vc_col-sm-12\"><div class=\"vc_column-inner\"><div class=\"wpb_wrapper\"><\/div><\/div><\/div><style id=\"mk-shortcode-style-69e08c3d0b6de\" type=\"text\/css\">#text-block-69e08c3d0b6de { margin-bottom:0px; text-align:left; }<\/style>\t<div class=\"vc_custom_1703846451276\">\r\n\r\n<div id=\"text-block-69e08c3d0b6de\" class=\"mk-text-block  jupiter-donut-\">\r\n\r\n\t\r\n\t<div  data-mk-stretch-content=\"true\" class=\"wpb_row vc_row vc_row-fluid jupiter-donut- mk-fullwidth-false  attched-false     js-master-row  mk-grid\">\r\n\t\t\t\t\t<\/div>\r\n<style id=\"mk-shortcode-style-69e08c3d0b913\" type=\"text\/css\"><\/style>\r\n<div class=\"vc_col-sm-12 wpb_column column_container  jupiter-donut- _ jupiter-donut-height-full\">\r\n\t<\/div>\r\n<style id=\"mk-shortcode-style-69e08c3d0b9d6\" type=\"text\/css\">#text-block-69e08c3d0b9d6 { margin-bottom:0px; text-align:left; }<\/style>\r\n<div id=\"text-block-69e08c3d0b9d6\" class=\"mk-text-block  jupiter-donut-\">\r\n\r\n\t\r\n\t\r\n\t<div class=\"clearboth\"><\/div>\r\n<\/div>\n<div class=\"mk-page-section-wrapper\" style=\"position: relative; box-sizing: border-box; width: 483px; left: -20px;\" data-mk-full-width=\"true\" data-mk-full-width-init=\"true\" data-mk-stretch-content=\"true\">\n<div id=\"page-section-2\" class=\"mk-page-section self-hosted full_layout full-width-2 js-el js-master-row jupiter-donut-visible-sm\" style=\"position: fixed; z-index: 100;\" data-intro-effect=\"false\">\n<div class=\"page-section-content vc_row-fluid page-section-fullwidth\">\n<div class=\"mk-padding-wrapper wpb_row\">\n<div class=\"vc_col-sm-12 wpb_column column_container jupiter-donut- _ jupiter-donut-height-full\">\n<div class=\"wpb_row vc_inner vc_row vc_row-fluid jupiter-donut- attched-false\">\n<div class=\"wpb_column vc_column_container vc_col-sm-12\">\n<div class=\"vc_column-inner\">\n<div class=\"wpb_wrapper\">\n<div class=\"vc_custom_1654203243248\">\n<div id=\"text-block-4\" class=\"mk-text-block jupiter-donut-\">\n<p style=\"text-align: center; margin-bottom: 0px; padding: 5px;\">Avviso legale<\/p>\n<div class=\"clearboth\"><\/div>\n<\/div>\n<\/div>\n<\/div>\n<\/div>\n<\/div>\n<\/div>\n<\/div>\n<\/div>\n<div class=\"clearboth\"><\/div>\n<\/div>\n<div class=\"clearboth\"><\/div>\n<\/div>\n<\/div>\n<div class=\"mk-page-section-wrapper\" data-mk-full-width=\"true\" data-mk-full-width-init=\"true\" data-mk-stretch-content=\"true\">\r\n\t<div id=\"page-section-69e08c3d0bbe7\" class=\"mk-page-section self-hosted   full_layout full-width-69e08c3d0bbe7 js-el js-master-row jupiter-donut-visible-sm\"    data-intro-effect=\"false\">\r\n\r\n\t\t\t\r\n\t\t\t<div class=\"mk-page-section-inner\">\r\n\t\t\t\t\r\n\r\n\r\n<div class=\"mk-video-color-mask\"><\/div>\r\n\r\n\t\t\t\t\r\n\t\t\t\t\t\t\t<\/div>\r\n\r\n\t\t\t\r\n        <div class=\"page-section-content vc_row-fluid page-section-fullwidth\" >\r\n            <div class=\"mk-padding-wrapper wpb_row\"><\/div>\r\n            <div class=\"clearboth\"><\/div>\r\n        <\/div>\r\n\r\n\r\n\t\t\t\r\n\t\t\t\r\n\t\t\t\r\n\t\t<div class=\"clearboth\"><\/div>\r\n\t<\/div>\r\n<\/div>\r\n<div class=\"vc_row-full-width vc_clearfix\"><\/div>\r\n\r\n<style id=\"mk-shortcode-style-69e08c3d0bbe7\" type=\"text\/css\">.full-width-69e08c3d0bbe7 { min-height:40px; margin-bottom:0px; background-color:#329471; border:1px solid #ffffff;border-left:none;border-right:none; } .full-width-69e08c3d0bbe7 .page-section-content { padding:0px 0 0px; } #background-layer--69e08c3d0bbe7 { ; background-position:left top; background-repeat:repeat; ; } #background-layer--69e08c3d0bbe7 .mk-color-layer { ; width:100%; height:100%; position:absolute; top:0; left:0; }<\/style><style id=\"mk-shortcode-style-69e08c3d0bbe7\" type=\"text\/css\">.full-width-69e08c3d0bbe7 .mk-fancy-title.pattern-style span, .full-width-69e08c3d0bbe7 .mk-blog-view-all { background-color:#329471 !important; }<\/style><style id=\"mk-shortcode-style-69e08c3d0beb6\" type=\"text\/css\"><\/style>\r\n<div class=\"vc_col-sm-12 wpb_column column_container  jupiter-donut- _ jupiter-donut-height-full\">\r\n\t<\/div>\r\n\r\n\r\n<div class=\"wpb_row vc_inner vc_row vc_row-fluid jupiter-donut-   attched-false\">\r\n\t\t\t\t<\/div>\r\n<div class=\"wpb_column vc_column_container vc_col-sm-12\"><div class=\"vc_column-inner\"><div class=\"wpb_wrapper\"><\/div><\/div><\/div><div class=\"vc_empty_space\"   style=\"height: 5px\"><span class=\"vc_empty_space_inner\"><\/span><\/div><style id=\"mk-shortcode-style-69e08c3d0c128\" type=\"text\/css\">#text-block-69e08c3d0c128 { margin-bottom:0px; text-align:left; }<\/style>\t<div class=\"vc_custom_1654203243248\">\r\n\r\n<div id=\"text-block-69e08c3d0c128\" class=\"mk-text-block  jupiter-donut-\">\r\n\r\n\t\r\n\t\r\n\t<div class=\"clearboth\"><\/div>\r\n<\/div>\r\n\r\n\t<\/div>\n<h3 style=\"text-align: center; margin-bottom: 0px;\">FEDER programma della Comunitat Valenciana 2021-27<\/h3>\n\r\n\t<div class=\"clearboth\"><\/div>\r\n<\/div>\r\n\r\n\t<\/div>\r\n<\/div>\r\n\r\n<div class=\"mk-page-section-wrapper\" data-mk-full-width=\"true\" data-mk-full-width-init=\"true\" data-mk-stretch-content=\"true\">\r\n\t<div id=\"page-section-69e08c3d0c378\" class=\"mk-page-section self-hosted   full_layout full-width-69e08c3d0c378 js-el js-master-row jupiter-donut-\"    data-intro-effect=\"false\">\r\n\r\n\t\t\t\r\n\t\t\t<div class=\"mk-page-section-inner\">\r\n\t\t\t\t\r\n\r\n\r\n<div class=\"mk-video-color-mask\"><\/div>\r\n\r\n\t\t\t\t\r\n\t\t\t\t\t\t\t<\/div>\r\n\r\n\t\t\t\r\n        <div class=\"page-section-content vc_row-fluid page-section-fullwidth\" >\r\n            <div class=\"mk-padding-wrapper wpb_row\"><\/div>\r\n            <div class=\"clearboth\"><\/div>\r\n        <\/div>\r\n\r\n\r\n\t\t\t\r\n\t\t\t\r\n\t\t\t\r\n\t\t<div class=\"clearboth\"><\/div>\r\n\t<\/div>\r\n<\/div>\r\n<div class=\"vc_row-full-width vc_clearfix\"><\/div>\r\n\r\n<style id=\"mk-shortcode-style-69e08c3d0c378\" type=\"text\/css\">.full-width-69e08c3d0c378 { min-height:100px; margin-bottom:0px; } .full-width-69e08c3d0c378 .page-section-content { padding:10px 0 10px; } #background-layer--69e08c3d0c378 { ; background-position:left top; background-repeat:repeat; ; } #background-layer--69e08c3d0c378 .mk-color-layer { ; width:100%; height:100%; position:absolute; top:0; left:0; }<\/style><\/div>\r\n            <div class=\"clearboth\"><\/div>\r\n        <\/div>\r\n\r\n\r\n\t\t\t\r\n\t\t\t\r\n\t\t\t\r\n\t\t<div class=\"clearboth\"><\/div>\r\n\t<\/div>\r\n<\/div>\r\n<div class=\"vc_row-full-width vc_clearfix\"><\/div>\r\n\r\n<style id=\"mk-shortcode-style-69e08c3d0ae93\" type=\"text\/css\">.full-width-69e08c3d0ae93 { min-height:100px; margin-bottom:0px; } .full-width-69e08c3d0ae93 .page-section-content { padding:10px 0 10px; } #background-layer--69e08c3d0ae93 { ; background-position:left top; background-repeat:repeat; ; } #background-layer--69e08c3d0ae93 .mk-color-layer { ; width:100%; height:100%; position:absolute; top:0; left:0; }<\/style>[\/mk_page_section]<style id=\"mk-shortcode-style-69e08c3d0c6ce\" type=\"text\/css\"><\/style>\r\n<div class=\"vc_col-sm-12 wpb_column column_container  jupiter-donut- _ jupiter-donut-height-full\">\r\n\t\r\n\r\n<div class=\"wpb_row vc_inner vc_row vc_row-fluid jupiter-donut-   attched-false   vc_custom_1655134021891\">\r\n\t\t\t<div class=\"wpb_column vc_column_container vc_col-sm-12\"><div class=\"vc_column-inner\"><div class=\"wpb_wrapper\"><style id=\"mk-shortcode-style-69e08c3d0c9af\" type=\"text\/css\">#text-block-69e08c3d0c9af { margin-bottom:0px; text-align:left; }<\/style>\t<div class=\"vc_custom_1703846135452\">\r\n\r\n<div id=\"text-block-69e08c3d0c9af\" class=\"mk-text-block  jupiter-donut-\">\r\n\r\n\t\r\n\t<p>LA SERATA di FABBRICA, S. L. U. ha effettuato azioni finalizzate alla consulenza strategica con l&#039;obiettivo di definire la strategia di espansione commerciale del progetto internazionale. Questa azione \u00e8 co-finanziato dall&#039;Unione Europea attraverso il FESR Programma della Comunitat Valenciana 2021-27.<\/p>\n<p>Il progetto, con il numero di file ITCOES\/2023\/123, \u00e8 stato sostenuto con un finanziamento di 13.410,00 \u20ac<\/p>\n<p>&nbsp;<\/p>\n<p><img decoding=\"async\" class=\"aligncenter wp-image-1195\" src=\"https:\/\/thesaraofactory.com\/wp-content\/uploads\/2023\/12\/logo-financiacion-300x32.png\" alt=\"\" width=\"375\" height=\"40\" srcset=\"https:\/\/thesaraofactory.com\/wp-content\/uploads\/2023\/12\/logo-financiacion-300x32.png 300w, https:\/\/thesaraofactory.com\/wp-content\/uploads\/2023\/12\/logo-financiacion-1024x108.png 1024w, https:\/\/thesaraofactory.com\/wp-content\/uploads\/2023\/12\/logo-financiacion-768x81.png 768w, https:\/\/thesaraofactory.com\/wp-content\/uploads\/2023\/12\/logo-financiacion.png 1030w\" sizes=\"(max-width: 375px) 100vw, 375px\" \/><\/p>\n\r\n\t<div class=\"clearboth\"><\/div>\r\n<\/div>\r\n\r\n\t<\/div>\r\n<\/div><\/div><\/div>\t<\/div>\r\n\r\n\r\n<div class=\"wpb_row vc_inner vc_row vc_row-fluid jupiter-donut-   attched-false   vc_custom_1655134021891\">\r\n\t\t\t<div class=\"wpb_column vc_column_container vc_col-sm-12\"><div class=\"vc_column-inner\"><div class=\"wpb_wrapper\"><style id=\"mk-shortcode-style-69e08c3d0cc05\" type=\"text\/css\">#text-block-69e08c3d0cc05 { margin-bottom:0px; text-align:left; }<\/style>\t<div class=\"vc_custom_1744181402748\">\r\n\r\n<div id=\"text-block-69e08c3d0cc05\" class=\"mk-text-block  jupiter-donut-\">\r\n\r\n\t\r\n\t<p><span data-olk-copy-source=\"MessageBody\">The Sarao Factory, S.L.U. SL\u00a0<\/span>\u00e8 stato un beneficiario di Fondi Europei, il cui obiettivo \u00e8 il rafforzamento della crescita sostenibile e la competitivit\u00e0 delle PMI, e grazie al quale ha lanciato un Piano di Azione con l&#039;obiettivo di migliorare la competitivit\u00e0 attraverso la trasformazione digitale, promozione online e di e-commerce mercati internazionali durante l&#039;anno 2024. Per fare questo, si ha avuto il sostegno del Programma Xpand Digitale della Camera di Commercio di Alicante. #EuropaSeSiente<\/p>\n<p><img loading=\"lazy\" decoding=\"async\" class=\"aligncenter wp-image-1559 size-full\" src=\"https:\/\/thesaraofactory.com\/wp-content\/uploads\/2024\/10\/fondos-europeos.jpg\" alt=\"\" width=\"998\" height=\"74\" srcset=\"https:\/\/thesaraofactory.com\/wp-content\/uploads\/2024\/10\/fondos-europeos.jpg 998w, https:\/\/thesaraofactory.com\/wp-content\/uploads\/2024\/10\/fondos-europeos-300x22.jpg 300w, https:\/\/thesaraofactory.com\/wp-content\/uploads\/2024\/10\/fondos-europeos-768x57.jpg 768w\" sizes=\"(max-width: 998px) 100vw, 998px\" \/><\/p>\n\r\n\t<div class=\"clearboth\"><\/div>\r\n<\/div>\r\n\r\n\t<\/div>\r\n<\/div><\/div><\/div>\t<\/div>\r\n<\/div>\r\n[\/vc_row]\n<\/div>","protected":false},"excerpt":{"rendered":"<p>[\/mk_page_section][\/vc_row]<\/p>","protected":false},"author":2,"featured_media":0,"parent":0,"menu_order":0,"comment_status":"closed","ping_status":"closed","template":"","meta":{"footnotes":""},"class_list":["post-807","page","type-page","status-publish","hentry"],"_links":{"self":[{"href":"https:\/\/thesaraofactory.com\/it\/wp-json\/wp\/v2\/pages\/807","targetHints":{"allow":["GET"]}}],"collection":[{"href":"https:\/\/thesaraofactory.com\/it\/wp-json\/wp\/v2\/pages"}],"about":[{"href":"https:\/\/thesaraofactory.com\/it\/wp-json\/wp\/v2\/types\/page"}],"author":[{"embeddable":true,"href":"https:\/\/thesaraofactory.com\/it\/wp-json\/wp\/v2\/users\/2"}],"replies":[{"embeddable":true,"href":"https:\/\/thesaraofactory.com\/it\/wp-json\/wp\/v2\/comments?post=807"}],"version-history":[{"count":28,"href":"https:\/\/thesaraofactory.com\/it\/wp-json\/wp\/v2\/pages\/807\/revisions"}],"predecessor-version":[{"id":1493,"href":"https:\/\/thesaraofactory.com\/it\/wp-json\/wp\/v2\/pages\/807\/revisions\/1493"}],"wp:attachment":[{"href":"https:\/\/thesaraofactory.com\/it\/wp-json\/wp\/v2\/media?parent=807"}],"curies":[{"name":"wp","href":"https:\/\/api.w.org\/{rel}","templated":true}]}}