{"id":633,"date":"2023-03-17T13:06:03","date_gmt":"2023-03-17T13:06:03","guid":{"rendered":"https:\/\/thesaraofactory.com\/?page_id=633"},"modified":"2025-04-09T06:46:04","modified_gmt":"2025-04-09T06:46:04","slug":"proteccion-datos-personales","status":"publish","type":"page","link":"https:\/\/thesaraofactory.com\/it\/proteccion-datos-personales\/","title":{"rendered":"Protecci\u00f3n datos personales"},"content":{"rendered":"<div class=\"wpb-content-wrapper\">\r\n<div  data-mk-stretch-content=\"true\" class=\"wpb_row vc_row vc_row-fluid jupiter-donut- mk-fullwidth-false  attched-false     js-master-row  mk-grid\">\r\n\t\t\t\t\t<\/div>\r\n<style id=\"mk-shortcode-style-69e08efff0b5f\" type=\"text\/css\"><\/style>\r\n<div class=\"vc_col-sm-12 wpb_column column_container  jupiter-donut- _ jupiter-donut-height-full\">\r\n\t<style id=\"mk-shortcode-style-69e08efff0e0e\" type=\"text\/css\">#text-block-69e08efff0e0e { margin-bottom:0px; text-align:left; }<\/style>\r\n<div id=\"text-block-69e08efff0e0e\" class=\"mk-text-block  jupiter-donut-\">\r\n\r\n\t\r\n\t<div class=\"mk-page-section-wrapper\" style=\"position: relative; box-sizing: border-box; width: 483px; left: -20px;\" data-mk-full-width=\"true\" data-mk-full-width-init=\"true\" data-mk-stretch-content=\"true\">\n<div id=\"page-section-2\" class=\"mk-page-section self-hosted full_layout full-width-2 js-el js-master-row jupiter-donut-visible-sm\" style=\"position: fixed; z-index: 100;\" data-intro-effect=\"false\">\n<div class=\"page-section-content vc_row-fluid page-section-fullwidth\">\n<div class=\"mk-padding-wrapper wpb_row\">\n<div class=\"vc_col-sm-12 wpb_column column_container jupiter-donut- _ jupiter-donut-height-full\">\n<div class=\"wpb_row vc_inner vc_row vc_row-fluid jupiter-donut- attched-false\">\n<div class=\"wpb_column vc_column_container vc_col-sm-12\">\n<div class=\"vc_column-inner\">\n<div class=\"wpb_wrapper\">\n<div class=\"vc_custom_1654203243248\">\n<div id=\"text-block-4\" class=\"mk-text-block jupiter-donut-\">\n<p style=\"text-align: center; margin-bottom: 0px; padding: 5px;\">Politica sulla Privacy<\/p>\n<div class=\"clearboth\"><\/div>\n<\/div>\n<\/div>\n<\/div>\n<\/div>\n<\/div>\n<\/div>\n<\/div>\n<\/div>\n<div class=\"clearboth\"><\/div>\n<\/div>\n<div class=\"clearboth\"><\/div>\n<\/div>\n<\/div>\n<div class=\"mk-page-section-wrapper\" data-mk-full-width=\"true\" data-mk-full-width-init=\"true\" data-mk-stretch-content=\"true\">\r\n\t<div id=\"page-section-69e08efff110a\" class=\"mk-page-section self-hosted   full_layout full-width-69e08efff110a js-el js-master-row jupiter-donut-visible-sm\"    data-intro-effect=\"false\">\r\n\r\n\t\t\t\r\n\t\t\t<div class=\"mk-page-section-inner\">\r\n\t\t\t\t\r\n\r\n\r\n<div class=\"mk-video-color-mask\"><\/div>\r\n\r\n\t\t\t\t\r\n\t\t\t\t\t\t\t<\/div>\r\n\r\n\t\t\t\r\n        <div class=\"page-section-content vc_row-fluid page-section-fullwidth\" >\r\n            <div class=\"mk-padding-wrapper wpb_row\"><\/div>\r\n            <div class=\"clearboth\"><\/div>\r\n        <\/div>\r\n\r\n\r\n\t\t\t\r\n\t\t\t\r\n\t\t\t\r\n\t\t<div class=\"clearboth\"><\/div>\r\n\t<\/div>\r\n<\/div>\r\n<div class=\"vc_row-full-width vc_clearfix\"><\/div>\r\n\r\n<style id=\"mk-shortcode-style-69e08efff110a\" type=\"text\/css\">.full-width-69e08efff110a { min-height:40px; margin-bottom:0px; background-color:#329471; border:1px solid #ffffff;border-left:none;border-right:none; } .full-width-69e08efff110a .page-section-content { padding:0px 0 0px; } #background-layer--69e08efff110a { ; background-position:left top; background-repeat:repeat; ; } #background-layer--69e08efff110a .mk-color-layer { ; width:100%; height:100%; position:absolute; top:0; left:0; }<\/style><style id=\"mk-shortcode-style-69e08efff110a\" type=\"text\/css\">.full-width-69e08efff110a .mk-fancy-title.pattern-style span, .full-width-69e08efff110a .mk-blog-view-all { background-color:#329471 !important; }<\/style><style id=\"mk-shortcode-style-69e08efff1420\" type=\"text\/css\"><\/style>\r\n<div class=\"vc_col-sm-12 wpb_column column_container  jupiter-donut- _ jupiter-donut-height-full\">\r\n\t<\/div>\r\n\r\n\r\n<div class=\"wpb_row vc_inner vc_row vc_row-fluid jupiter-donut-   attched-false\">\r\n\t\t\t\t<\/div>\r\n<div class=\"wpb_column vc_column_container vc_col-sm-12\"><div class=\"vc_column-inner\"><div class=\"wpb_wrapper\"><\/div><\/div><\/div><div class=\"vc_empty_space\"   style=\"height: 5px\"><span class=\"vc_empty_space_inner\"><\/span><\/div><style id=\"mk-shortcode-style-69e08efff17d8\" type=\"text\/css\">#text-block-69e08efff17d8 { margin-bottom:0px; text-align:left; }<\/style>\t<div class=\"vc_custom_1654203243248\">\r\n\r\n<div id=\"text-block-69e08efff17d8\" class=\"mk-text-block  jupiter-donut-\">\r\n\r\n\t\r\n\t\r\n\t<div class=\"clearboth\"><\/div>\r\n<\/div>\r\n\r\n\t<\/div>\n<p style=\"text-align: center; margin-bottom: 0px;\">Politica sulla Privacy<\/p>\n\r\n\t<div class=\"clearboth\"><\/div>\r\n<\/div>\r\n\r\n<\/div>\r\n\r\n<div class=\"mk-page-section-wrapper\" data-mk-full-width=\"true\" data-mk-full-width-init=\"true\" data-mk-stretch-content=\"true\">\r\n\t<div id=\"page-section-69e08efff1a46\" class=\"mk-page-section self-hosted   full_layout full-width-69e08efff1a46 js-el js-master-row jupiter-donut-\"    data-intro-effect=\"false\">\r\n\r\n\t\t\t\r\n\t\t\t<div class=\"mk-page-section-inner\">\r\n\t\t\t\t\r\n\r\n\r\n<div class=\"mk-video-color-mask\"><\/div>\r\n\r\n\t\t\t\t\r\n\t\t\t\t\t\t\t<\/div>\r\n\r\n\t\t\t\r\n        <div class=\"page-section-content vc_row-fluid page-section-fullwidth\" >\r\n            <div class=\"mk-padding-wrapper wpb_row\"><style id=\"mk-shortcode-style-69e08efff1d30\" type=\"text\/css\"><\/style>\r\n<div class=\"vc_col-sm-12 wpb_column column_container  jupiter-donut- _ jupiter-donut-height-full\">\r\n\t\r\n\r\n<div class=\"wpb_row vc_inner vc_row vc_row-fluid jupiter-donut-   attched-false   vc_custom_1655134021891\">\r\n\t\t\t<div class=\"wpb_column vc_column_container vc_col-sm-12\"><div class=\"vc_column-inner\"><div class=\"wpb_wrapper\"><style id=\"mk-shortcode-style-69e08efff20a6\" type=\"text\/css\">#text-block-69e08efff20a6 { margin-bottom:0px; text-align:left; }<\/style>\t<div class=\"vc_custom_1699874954287\">\r\n\r\n<div id=\"text-block-69e08efff20a6\" class=\"mk-text-block  jupiter-donut-\">\r\n\r\n\t\r\n\t<h1><span style=\"font-weight: 400;\">Protezione dei dati<\/span><span style=\"font-weight: 400;\">\u00a0<\/span><\/h1>\n<p><b>INFORMAZIONI SULLA PROTEZIONE E TRATTAMENTO DEI DATI PERSONALI<\/b><\/p>\n<p><span style=\"font-weight: 400;\">Questo messaggio e tutti i file allegati sono riservate e sono destinate solo per il suo destinatario. Se non siete il destinatario, con la presente si notifica che l&#039;uso, la divulgazione e\/o la copia senza autorizzazione \u00e8 vietata ai sensi della normativa vigente. Se avete ricevuto questo messaggio per errore, siete pregati di informarci immediatamente per telefono o via email, come descritto sopra, e si prega di eliminare dal vostro sistema.\u00a0<\/span><span style=\"font-weight: 400;\">\u00a0<\/span><\/p>\n<p><span style=\"font-weight: 400;\">In conformit\u00e0 con il REGOLAMENTO (UE) 2016\/679, e in relazione al trattamento dei tuoi dati personali, la informiamo di quanto segue: Responsabile: Il responsabile del trattamento \u00e8 il SARAO di FABBRICA, S. L. U., Avenida Giocattolo 39, 03440, Ibi (ALICANTE). Scopo: la Fornitura dei nostri servizi, per l&#039;invio di informazioni, rispondere alle loro domande e richieste, per tutta la durata del nostro rapporto, e\/o il vostro consenso. Legittimazione: Esecuzione del contratto, di consenso o di interesse legittimo. Destinatari: i dati Non verranno ceduti a terze parti, ad eccezione di un obbligo legale. Diritti: si Pu\u00f2 esercitare i diritti di accesso, rettifica, la cancellazione e la portabilit\u00e0 dei dati e la limitazione o l&#039;opposizione al trattamento utilizzando il nostro sito DI ESERCIZIO DEI DIRITTI, in\u00a0<\/span><a href=\"https:\/\/www.adelopd.com\/portalderechos\/the-sarao-factory-slu\"><span style=\"font-weight: 400;\">https:\/\/www.adelopd.com\/portalderechos\/the-sarao-factory-slu<\/span><\/a><span style=\"font-weight: 400;\">. In caso di disaccordo con il trattamento, si ha anche il diritto di presentare un reclamo con l&#039;Agenzia spagnola per la Protezione dei Dati. Ulteriori informazioni:\u00a0<\/span><a href=\"https:\/\/www.adelopd.com\/privacidad\/the-sarao-factory-slu\"><span style=\"font-weight: 400;\">https:\/\/www.adelopd.com\/privacidad\/the-sarao-factory-slu<\/span><\/a><span style=\"font-weight: 400;\">\u00a0<\/span><\/p>\n\r\n\t<div class=\"clearboth\"><\/div>\r\n<\/div>\r\n\r\n\t<\/div>\r\n<div class=\"vc_empty_space\"   style=\"height: 10px\"><span class=\"vc_empty_space_inner\"><\/span><\/div><\/div><\/div><\/div>\t<\/div>\r\n<\/div>\r\n<\/div>\r\n            <div class=\"clearboth\"><\/div>\r\n        <\/div>\r\n\r\n\r\n\t\t\t\r\n\t\t\t\r\n\t\t\t\r\n\t\t<div class=\"clearboth\"><\/div>\r\n\t<\/div>\r\n<\/div>\r\n<div class=\"vc_row-full-width vc_clearfix\"><\/div>\r\n\r\n<style id=\"mk-shortcode-style-69e08efff1a46\" type=\"text\/css\">.full-width-69e08efff1a46 { min-height:100px; margin-bottom:0px; } .full-width-69e08efff1a46 .page-section-content { padding:10px 0 10px; } #background-layer--69e08efff1a46 { ; background-position:left top; background-repeat:repeat; ; } #background-layer--69e08efff1a46 .mk-color-layer { ; width:100%; height:100%; position:absolute; top:0; left:0; }<\/style>\n<\/div>","protected":false},"excerpt":{"rendered":"Pol\u00edtica de privacidad Pol\u00edtica de privacidad Protecci\u00f3n de datos\u00a0 INFORMACI\u00d3N\u00a0 SOBRE PROTECCI\u00d3N Y TRATAMIENTO DE DATOS PERSONALES Este mensaje y los archivos adjuntos son confidenciales y se dirigen exclusivamente a su destinatario. Si no es usted el destinatario indicado, queda notificado de que la utilizaci\u00f3n, divulgaci\u00f3n y\/o copia sin autorizaci\u00f3n est\u00e1 prohibida en virtud de [...]","protected":false},"author":2,"featured_media":0,"parent":0,"menu_order":0,"comment_status":"closed","ping_status":"closed","template":"","meta":{"footnotes":""},"class_list":["post-633","page","type-page","status-publish","hentry"],"_links":{"self":[{"href":"https:\/\/thesaraofactory.com\/it\/wp-json\/wp\/v2\/pages\/633","targetHints":{"allow":["GET"]}}],"collection":[{"href":"https:\/\/thesaraofactory.com\/it\/wp-json\/wp\/v2\/pages"}],"about":[{"href":"https:\/\/thesaraofactory.com\/it\/wp-json\/wp\/v2\/types\/page"}],"author":[{"embeddable":true,"href":"https:\/\/thesaraofactory.com\/it\/wp-json\/wp\/v2\/users\/2"}],"replies":[{"embeddable":true,"href":"https:\/\/thesaraofactory.com\/it\/wp-json\/wp\/v2\/comments?post=633"}],"version-history":[{"count":16,"href":"https:\/\/thesaraofactory.com\/it\/wp-json\/wp\/v2\/pages\/633\/revisions"}],"predecessor-version":[{"id":2414,"href":"https:\/\/thesaraofactory.com\/it\/wp-json\/wp\/v2\/pages\/633\/revisions\/2414"}],"wp:attachment":[{"href":"https:\/\/thesaraofactory.com\/it\/wp-json\/wp\/v2\/media?parent=633"}],"curies":[{"name":"wp","href":"https:\/\/api.w.org\/{rel}","templated":true}]}}