{"id":6,"date":"2022-04-28T12:10:49","date_gmt":"2022-04-28T12:10:49","guid":{"rendered":"https:\/\/thesaraofactory.com\/?page_id=6"},"modified":"2025-04-09T06:32:30","modified_gmt":"2025-04-09T06:32:30","slug":"inicio","status":"publish","type":"page","link":"https:\/\/thesaraofactory.com\/it","title":{"rendered":"Inicio"},"content":{"rendered":"<div class=\"wpb-content-wrapper\">\r\n<div class=\"mk-page-section-wrapper\" data-mk-full-width=\"true\" data-mk-full-width-init=\"true\" data-mk-stretch-content=\"true\">\r\n\t<div id=\"page-section-69e09dd7433ae\" class=\"mk-page-section self-hosted   full_layout full-width-69e09dd7433ae js-el js-master-row jupiter-donut-hidden-sm\"    data-intro-effect=\"false\">\r\n\r\n\t\t\t\r\n\t\t\t<div class=\"mk-page-section-inner\">\r\n\t\t\t\t\r\n\r\n\r\n<div class=\"mk-video-color-mask\"><\/div>\r\n\r\n\t\t\t\t\r\n\t\t\t\t\r\n\t\r\n\t<div class=\"background-layer-holder\">\r\n\t\t<div id=\"background-layer--69e09dd7433ae\" data-mk-lazyload=\"false\" class=\"background-layer mk-background-stretch none-blend-effect js-el\"    data-mk-img-set='{\"landscape\":{\"desktop\":\"https:\/\/thesaraofactory.com\/wp-content\/uploads\/2022\/06\/tsf-homepage-scaled.jpeg\",\"tablet\":\"https:\/\/thesaraofactory.com\/wp-content\/uploads\/2022\/06\/tsf-homepage-scaled-1024x768.jpeg\",\"mobile\":\"https:\/\/thesaraofactory.com\/wp-content\/uploads\/2022\/06\/tsf-homepage-scaled-736x414.jpeg\"},\"responsive\":\"true\"}' >\r\n\t\t\t\t\t\t\t\t\t<div class=\"mk-color-layer\"><\/div>\r\n\t\t<\/div>\r\n\t<\/div>\r\n\r\n\t\t\t<\/div>\r\n\r\n\t\t\t\r\n        <div class=\"page-section-content vc_row-fluid mk-grid\" >\r\n            <div class=\"mk-padding-wrapper wpb_row\"><style id=\"mk-shortcode-style-69e09dd743c89\" type=\"text\/css\"><\/style>\r\n<div class=\"vc_col-sm-12 wpb_column column_container  jupiter-donut- _ jupiter-donut-height-full\">\r\n\t<div class=\"vc_empty_space\"   style=\"height: 32px\"><span class=\"vc_empty_space_inner\"><\/span><\/div>\r\n\r\n<div class=\"wpb_row vc_inner vc_row vc_row-fluid jupiter-donut-   attched-false\">\r\n\t\t\t<div class=\"wpb_column vc_column_container vc_col-sm-12\"><div class=\"vc_column-inner\"><div class=\"wpb_wrapper\"><style id=\"mk-shortcode-style-69e09dd744117\" type=\"text\/css\">#text-block-69e09dd744117 { margin-bottom:0px; text-align:left; }<\/style>\t<div class=\"vc_custom_1655992569187\">\r\n\r\n<div id=\"text-block-69e09dd744117\" class=\"mk-text-block  jupiter-donut-\">\r\n\r\n\t\r\n\t<p style=\"text-align: center; font-size: 64px; font-weight: 600; line-height: 75px;\">Soluzioni sostenibili<br \/>\n<em style=\"font-weight: 300;\">per mettere insieme una buona serata.<\/em><\/p>\n\r\n\t<div class=\"clearboth\"><\/div>\r\n<\/div>\r\n\r\n\t<\/div>\r\n<\/div><\/div><\/div>\t<\/div>\r\n<\/div>\r\n<\/div>\r\n            <div class=\"clearboth\"><\/div>\r\n        <\/div>\r\n\r\n\r\n\t\t\t\r\n\t\t\t\r\n\t\t\t\r\n\t\t<div class=\"clearboth\"><\/div>\r\n\t<\/div>\r\n<\/div>\r\n<div class=\"vc_row-full-width vc_clearfix\"><\/div>\r\n\r\n<style id=\"mk-shortcode-style-69e09dd7433ae\" type=\"text\/css\">.full-width-69e09dd7433ae { min-height:850px; margin-bottom:0px; } .full-width-69e09dd7433ae .page-section-content { padding:10px 0 10px; } #background-layer--69e09dd7433ae { ; background-position:center center; background-repeat:no-repeat; ; } #background-layer--69e09dd7433ae .mk-color-layer { ; width:100%; height:100%; position:absolute; top:0; left:0; }<\/style>\r\n<div class=\"mk-page-section-wrapper\" data-mk-full-width=\"true\" data-mk-full-width-init=\"true\" data-mk-stretch-content=\"true\">\r\n\t<div id=\"page-section-69e09dd744268\" class=\"mk-page-section self-hosted   full_layout full-width-69e09dd744268 js-el js-master-row jupiter-donut-visible-sm\"    data-intro-effect=\"false\">\r\n\r\n\t\t\t\r\n\t\t\t<div class=\"mk-page-section-inner\">\r\n\t\t\t\t\r\n\r\n\r\n<div class=\"mk-video-color-mask\"><\/div>\r\n\r\n\t\t\t\t\r\n\t\t\t\t\r\n\t\r\n\t<div class=\"background-layer-holder\">\r\n\t\t<div id=\"background-layer--69e09dd744268\" data-mk-lazyload=\"false\" class=\"background-layer mk-background-stretch none-blend-effect js-el\"    data-mk-img-set='{\"landscape\":{\"desktop\":\"https:\/\/thesaraofactory.com\/wp-content\/uploads\/2022\/06\/tsf-home-movil.jpg\",\"tablet\":\"https:\/\/thesaraofactory.com\/wp-content\/uploads\/2022\/06\/tsf-home-movil.jpg\",\"mobile\":\"https:\/\/thesaraofactory.com\/wp-content\/uploads\/2022\/06\/tsf-home-movil.jpg\"},\"responsive\":\"true\"}' >\r\n\t\t\t\t\t\t\t\t\t<div class=\"mk-color-layer\"><\/div>\r\n\t\t<\/div>\r\n\t<\/div>\r\n\r\n\t\t\t<\/div>\r\n\r\n\t\t\t\r\n        <div class=\"page-section-content vc_row-fluid mk-grid\" >\r\n            <div class=\"mk-padding-wrapper wpb_row\"><style id=\"mk-shortcode-style-69e09dd7447c9\" type=\"text\/css\"><\/style>\r\n<div class=\"vc_col-sm-12 wpb_column column_container  jupiter-donut- _ jupiter-donut-height-full\">\r\n\t<div class=\"vc_empty_space\"   style=\"height: 32px\"><span class=\"vc_empty_space_inner\"><\/span><\/div>\r\n\r\n<div class=\"wpb_row vc_inner vc_row vc_row-fluid jupiter-donut-   attched-false\">\r\n\t\t\t<div class=\"wpb_column vc_column_container vc_col-sm-12\"><div class=\"vc_column-inner\"><div class=\"wpb_wrapper\"><style id=\"mk-shortcode-style-69e09dd744943\" type=\"text\/css\">#text-block-69e09dd744943 { margin-bottom:0px; text-align:left; }<\/style>\t<div class=\"vc_custom_1655992576623\">\r\n\r\n<div id=\"text-block-69e09dd744943\" class=\"mk-text-block  jupiter-donut-\">\r\n\r\n\t\r\n\t<p style=\"text-align: center; font-size: 40px; font-weight: 600; line-height: 45px;\">Soluzioni sostenibili<br \/>\n<em style=\"font-weight: 300;\">per mettere insieme una buona serata.<\/em><\/p>\n\r\n\t<div class=\"clearboth\"><\/div>\r\n<\/div>\r\n\r\n\t<\/div>\r\n<\/div><\/div><\/div>\t<\/div>\r\n<div class=\"vc_empty_space\"   style=\"height: 300px\"><span class=\"vc_empty_space_inner\"><\/span><\/div><\/div>\r\n<\/div>\r\n            <div class=\"clearboth\"><\/div>\r\n        <\/div>\r\n\r\n\r\n\t\t\t\r\n\t\t\t\r\n\t\t\t\r\n\t\t<div class=\"clearboth\"><\/div>\r\n\t<\/div>\r\n<\/div>\r\n<div class=\"vc_row-full-width vc_clearfix\"><\/div>\r\n\r\n<style id=\"mk-shortcode-style-69e09dd744268\" type=\"text\/css\">.full-width-69e09dd744268 { min-height:100px; margin-bottom:0px; } .full-width-69e09dd744268 .page-section-content { padding:10px 0 10px; } #background-layer--69e09dd744268 { ; background-position:center center; background-repeat:no-repeat; ; } #background-layer--69e09dd744268 .mk-color-layer { ; width:100%; height:100%; position:absolute; top:0; left:0; }<\/style>\r\n<div class=\"mk-page-section-wrapper\" data-mk-full-width=\"true\" data-mk-full-width-init=\"true\" data-mk-stretch-content=\"true\">\r\n\t<div id=\"page-section-69e09dd744a7a\" class=\"mk-page-section self-hosted   full_layout full-width-69e09dd744a7a js-el js-master-row jupiter-donut-hidden-sm\"    data-intro-effect=\"false\">\r\n\r\n\t\t\t\r\n\t\t\t<div class=\"mk-page-section-inner\">\r\n\t\t\t\t\r\n\r\n\r\n<div class=\"mk-video-color-mask\"><\/div>\r\n\r\n\t\t\t\t\r\n\t\t\t\t\t\t\t<\/div>\r\n\r\n\t\t\t\r\n        <div class=\"page-section-content vc_row-fluid mk-grid\" >\r\n            <div class=\"mk-padding-wrapper wpb_row\"><style id=\"mk-shortcode-style-69e09dd744bc6\" type=\"text\/css\"><\/style>\r\n<div class=\"vc_col-sm-12 wpb_column column_container  jupiter-donut- _ jupiter-donut-height-full\">\r\n\t<div class=\"vc_empty_space\"   style=\"height: 50px\"><span class=\"vc_empty_space_inner\"><\/span><\/div>\r\n\r\n<div class=\"wpb_row vc_inner vc_row vc_row-fluid jupiter-donut-   attched-false\">\r\n\t\t\t<div class=\"wpb_column vc_column_container vc_col-sm-12\"><div class=\"vc_column-inner\"><div class=\"wpb_wrapper\"><style id=\"mk-shortcode-style-69e09dd744dc9\" type=\"text\/css\">#text-block-69e09dd744dc9 { margin-bottom:0px; text-align:left; }<\/style>\t<div class=\"vc_custom_1653029098671\">\r\n\r\n<div id=\"text-block-69e09dd744dc9\" class=\"mk-text-block  jupiter-donut-\">\r\n\r\n\t\r\n\t<p style=\"text-align: center; font-size: 36px; font-weight: 500; line-height: 42.19px;\">Organizzare una festa, un team building e anche servire come un catering non sar\u00e0 pi\u00f9 un mal di testa <em style=\"font-weight: 300;\">#notanymore #takeiteasy<\/em>.<\/p>\n\r\n\t<div class=\"clearboth\"><\/div>\r\n<\/div>\r\n\r\n\t<\/div>\r\n<style id=\"mk-shortcode-style-69e09dd744e39\" type=\"text\/css\">#text-block-69e09dd744e39 { margin-bottom:0px; text-align:left; }<\/style>\t<div class=\"vc_custom_1653029069187\">\r\n\r\n<div id=\"text-block-69e09dd744e39\" class=\"mk-text-block  jupiter-donut-\">\r\n\r\n\t\r\n\t<p style=\"text-align: center; font-weight: 300; line-height: 28.13px;\">La gioia di creare soluzioni sostenibili per il montaggio di una buona <strong>#serata<\/strong> raggiunge<br \/>\nil nostro massimo livello di soddisfazione e ci stanno rivoluzionando il cuore a soddisfare le aspettative<br \/>\ndei nostri clienti grazie al nostro intervento come una squadra.<\/p>\n\r\n\t<div class=\"clearboth\"><\/div>\r\n<\/div>\r\n\r\n\t<\/div>\r\n<div class=\"vc_empty_space\"   style=\"height: 10px\"><span class=\"vc_empty_space_inner\"><\/span><\/div><\/div><\/div><\/div>\t<\/div>\r\n<\/div>\r\n<\/div>\r\n            <div class=\"clearboth\"><\/div>\r\n        <\/div>\r\n\r\n\r\n\t\t\t\r\n\t\t\t\r\n\t\t\t\r\n\t\t<div class=\"clearboth\"><\/div>\r\n\t<\/div>\r\n<\/div>\r\n<div class=\"vc_row-full-width vc_clearfix\"><\/div>\r\n\r\n<style id=\"mk-shortcode-style-69e09dd744a7a\" type=\"text\/css\">.full-width-69e09dd744a7a { min-height:100px; margin-bottom:0px; } .full-width-69e09dd744a7a .page-section-content { padding:10px 0 10px; } #background-layer--69e09dd744a7a { ; background-position:left top; background-repeat:repeat; ; } #background-layer--69e09dd744a7a .mk-color-layer { ; width:100%; height:100%; position:absolute; top:0; left:0; }<\/style>\r\n<div class=\"mk-page-section-wrapper\" data-mk-full-width=\"true\" data-mk-full-width-init=\"true\" data-mk-stretch-content=\"true\">\r\n\t<div id=\"page-section-69e09dd744f7a\" class=\"mk-page-section self-hosted   full_layout full-width-69e09dd744f7a js-el js-master-row jupiter-donut-visible-sm\"    data-intro-effect=\"false\">\r\n\r\n\t\t\t\r\n\t\t\t<div class=\"mk-page-section-inner\">\r\n\t\t\t\t\r\n\r\n\r\n<div class=\"mk-video-color-mask\"><\/div>\r\n\r\n\t\t\t\t\r\n\t\t\t\t\t\t\t<\/div>\r\n\r\n\t\t\t\r\n        <div class=\"page-section-content vc_row-fluid mk-grid\" >\r\n            <div class=\"mk-padding-wrapper wpb_row\"><style id=\"mk-shortcode-style-69e09dd7450c0\" type=\"text\/css\"><\/style>\r\n<div class=\"vc_col-sm-12 wpb_column column_container  jupiter-donut- _ jupiter-donut-height-full\">\r\n\t<div class=\"vc_empty_space\"   style=\"height: 50px\"><span class=\"vc_empty_space_inner\"><\/span><\/div>\r\n\r\n<div class=\"wpb_row vc_inner vc_row vc_row-fluid jupiter-donut-   attched-false\">\r\n\t\t\t<div class=\"wpb_column vc_column_container vc_col-sm-12\"><div class=\"vc_column-inner\"><div class=\"wpb_wrapper\"><style id=\"mk-shortcode-style-69e09dd74521c\" type=\"text\/css\">#text-block-69e09dd74521c { margin-bottom:0px; text-align:left; }<\/style>\t<div class=\"vc_custom_1653039274868\">\r\n\r\n<div id=\"text-block-69e09dd74521c\" class=\"mk-text-block  jupiter-donut-\">\r\n\r\n\t\r\n\t<p style=\"text-align: center; font-size: 28px; font-weight: 500; line-height: 32px;\">Organizzare una festa, un team building e anche servire come un catering non sar\u00e0 pi\u00f9 un mal di testa <em style=\"font-weight: 300;\">#notanymore #takeiteasy<\/em>.<\/p>\n\r\n\t<div class=\"clearboth\"><\/div>\r\n<\/div>\r\n\r\n\t<\/div>\r\n<style id=\"mk-shortcode-style-69e09dd74527b\" type=\"text\/css\">#text-block-69e09dd74527b { margin-bottom:0px; text-align:left; }<\/style>\t<div class=\"vc_custom_1653029069187\">\r\n\r\n<div id=\"text-block-69e09dd74527b\" class=\"mk-text-block  jupiter-donut-\">\r\n\r\n\t\r\n\t<p style=\"text-align: center; font-weight: 300; line-height: 28.13px;\">La gioia di creare soluzioni sostenibili per il montaggio di una buona <strong>#serata<\/strong> raggiunge<br \/>\nil nostro massimo livello di soddisfazione e ci stanno rivoluzionando il cuore a soddisfare le aspettative<br \/>\ndei nostri clienti grazie al nostro intervento come una squadra.<\/p>\n\r\n\t<div class=\"clearboth\"><\/div>\r\n<\/div>\r\n\r\n\t<\/div>\r\n<div class=\"vc_empty_space\"   style=\"height: 10px\"><span class=\"vc_empty_space_inner\"><\/span><\/div><\/div><\/div><\/div>\t<\/div>\r\n<\/div>\r\n<\/div>\r\n            <div class=\"clearboth\"><\/div>\r\n        <\/div>\r\n\r\n\r\n\t\t\t\r\n\t\t\t\r\n\t\t\t\r\n\t\t<div class=\"clearboth\"><\/div>\r\n\t<\/div>\r\n<\/div>\r\n<div class=\"vc_row-full-width vc_clearfix\"><\/div>\r\n\r\n<style id=\"mk-shortcode-style-69e09dd744f7a\" type=\"text\/css\">.full-width-69e09dd744f7a { min-height:100px; margin-bottom:0px; } .full-width-69e09dd744f7a .page-section-content { padding:10px 0 10px; } #background-layer--69e09dd744f7a { ; background-position:left top; background-repeat:repeat; ; } #background-layer--69e09dd744f7a .mk-color-layer { ; width:100%; height:100%; position:absolute; top:0; left:0; }<\/style>\n<\/div>","protected":false},"excerpt":{"rendered":"Soluciones sostenibles para armar un buen sarao. Soluciones sostenibles para armar un buen sarao. Organizar una fiesta, un team-building e incluso servir un catering ya no ser\u00e1 un quebradero de cabeza #notanymore #takeiteasy. El regocijo de crear soluciones sostenibles para montar un buen #sarao alcanza nuestro nivel m\u00e1ximo de satisfacci\u00f3n y nos revoluciona el coraz\u00f3n [...]","protected":false},"author":1,"featured_media":0,"parent":0,"menu_order":0,"comment_status":"closed","ping_status":"closed","template":"","meta":{"footnotes":""},"class_list":["post-6","page","type-page","status-publish","hentry"],"_links":{"self":[{"href":"https:\/\/thesaraofactory.com\/it\/wp-json\/wp\/v2\/pages\/6","targetHints":{"allow":["GET"]}}],"collection":[{"href":"https:\/\/thesaraofactory.com\/it\/wp-json\/wp\/v2\/pages"}],"about":[{"href":"https:\/\/thesaraofactory.com\/it\/wp-json\/wp\/v2\/types\/page"}],"author":[{"embeddable":true,"href":"https:\/\/thesaraofactory.com\/it\/wp-json\/wp\/v2\/users\/1"}],"replies":[{"embeddable":true,"href":"https:\/\/thesaraofactory.com\/it\/wp-json\/wp\/v2\/comments?post=6"}],"version-history":[{"count":65,"href":"https:\/\/thesaraofactory.com\/it\/wp-json\/wp\/v2\/pages\/6\/revisions"}],"predecessor-version":[{"id":2392,"href":"https:\/\/thesaraofactory.com\/it\/wp-json\/wp\/v2\/pages\/6\/revisions\/2392"}],"wp:attachment":[{"href":"https:\/\/thesaraofactory.com\/it\/wp-json\/wp\/v2\/media?parent=6"}],"curies":[{"name":"wp","href":"https:\/\/api.w.org\/{rel}","templated":true}]}}