{"id":372,"date":"2022-06-13T15:32:50","date_gmt":"2022-06-13T15:32:50","guid":{"rendered":"https:\/\/thesaraofactory.com\/?page_id=372"},"modified":"2025-04-09T06:48:54","modified_gmt":"2025-04-09T06:48:54","slug":"politica-de-cookies","status":"publish","type":"page","link":"https:\/\/thesaraofactory.com\/it\/politica-de-cookies\/","title":{"rendered":"Cookie policy"},"content":{"rendered":"<div class=\"wpb-content-wrapper\">\r\n<div  data-mk-stretch-content=\"true\" class=\"wpb_row vc_row vc_row-fluid jupiter-donut- mk-fullwidth-false  attched-false     js-master-row  mk-grid\">\r\n\t\t\t\t\t<\/div>\r\n<style id=\"mk-shortcode-style-69e08ef8995e8\" type=\"text\/css\"><\/style>\r\n<div class=\"vc_col-sm-12 wpb_column column_container  jupiter-donut- _ jupiter-donut-height-full\">\r\n\t<style id=\"mk-shortcode-style-69e08ef8997e0\" type=\"text\/css\">#text-block-69e08ef8997e0 { margin-bottom:0px; text-align:left; }<\/style>\r\n<div id=\"text-block-69e08ef8997e0\" class=\"mk-text-block  jupiter-donut-\">\r\n\r\n\t\r\n\t<div class=\"mk-page-section-wrapper\" style=\"position: relative; box-sizing: border-box; width: 483px; left: -20px;\" data-mk-full-width=\"true\" data-mk-full-width-init=\"true\" data-mk-stretch-content=\"true\">\n<div id=\"page-section-2\" class=\"mk-page-section self-hosted full_layout full-width-2 js-el js-master-row jupiter-donut-visible-sm\" style=\"position: fixed; z-index: 100;\" data-intro-effect=\"false\">\n<div class=\"page-section-content vc_row-fluid page-section-fullwidth\">\n<div class=\"mk-padding-wrapper wpb_row\">\n<div class=\"vc_col-sm-12 wpb_column column_container jupiter-donut- _ jupiter-donut-height-full\">\n<div class=\"wpb_row vc_inner vc_row vc_row-fluid jupiter-donut- attched-false\">\n<div class=\"wpb_column vc_column_container vc_col-sm-12\">\n<div class=\"vc_column-inner\">\n<div class=\"wpb_wrapper\">\n<div class=\"vc_custom_1654203243248\">\n<div id=\"text-block-4\" class=\"mk-text-block jupiter-donut-\">\n<p style=\"text-align: center; margin-bottom: 0px; padding: 5px;\">Cookie policy<\/p>\n<div class=\"clearboth\"><\/div>\n<\/div>\n<\/div>\n<\/div>\n<\/div>\n<\/div>\n<\/div>\n<\/div>\n<\/div>\n<div class=\"clearboth\"><\/div>\n<\/div>\n<div class=\"clearboth\"><\/div>\n<\/div>\n<\/div>\n<div class=\"mk-page-section-wrapper\" data-mk-full-width=\"true\" data-mk-full-width-init=\"true\" data-mk-stretch-content=\"true\">\r\n\t<div id=\"page-section-69e08ef899ab1\" class=\"mk-page-section self-hosted   full_layout full-width-69e08ef899ab1 js-el js-master-row jupiter-donut-visible-sm\"    data-intro-effect=\"false\">\r\n\r\n\t\t\t\r\n\t\t\t<div class=\"mk-page-section-inner\">\r\n\t\t\t\t\r\n\r\n\r\n<div class=\"mk-video-color-mask\"><\/div>\r\n\r\n\t\t\t\t\r\n\t\t\t\t\t\t\t<\/div>\r\n\r\n\t\t\t\r\n        <div class=\"page-section-content vc_row-fluid page-section-fullwidth\" >\r\n            <div class=\"mk-padding-wrapper wpb_row\"><\/div>\r\n            <div class=\"clearboth\"><\/div>\r\n        <\/div>\r\n\r\n\r\n\t\t\t\r\n\t\t\t\r\n\t\t\t\r\n\t\t<div class=\"clearboth\"><\/div>\r\n\t<\/div>\r\n<\/div>\r\n<div class=\"vc_row-full-width vc_clearfix\"><\/div>\r\n\r\n<style id=\"mk-shortcode-style-69e08ef899ab1\" type=\"text\/css\">.full-width-69e08ef899ab1 { min-height:40px; margin-bottom:0px; background-color:#329471; border:1px solid #ffffff;border-left:none;border-right:none; } .full-width-69e08ef899ab1 .page-section-content { padding:0px 0 0px; } #background-layer--69e08ef899ab1 { ; background-position:left top; background-repeat:repeat; ; } #background-layer--69e08ef899ab1 .mk-color-layer { ; width:100%; height:100%; position:absolute; top:0; left:0; }<\/style><style id=\"mk-shortcode-style-69e08ef899ab1\" type=\"text\/css\">.full-width-69e08ef899ab1 .mk-fancy-title.pattern-style span, .full-width-69e08ef899ab1 .mk-blog-view-all { background-color:#329471 !important; }<\/style><style id=\"mk-shortcode-style-69e08ef899daa\" type=\"text\/css\"><\/style>\r\n<div class=\"vc_col-sm-12 wpb_column column_container  jupiter-donut- _ jupiter-donut-height-full\">\r\n\t<\/div>\r\n\r\n\r\n<div class=\"wpb_row vc_inner vc_row vc_row-fluid jupiter-donut-   attched-false\">\r\n\t\t\t\t<\/div>\r\n<div class=\"wpb_column vc_column_container vc_col-sm-12\"><div class=\"vc_column-inner\"><div class=\"wpb_wrapper\"><\/div><\/div><\/div><div class=\"vc_empty_space\"   style=\"height: 5px\"><span class=\"vc_empty_space_inner\"><\/span><\/div><style id=\"mk-shortcode-style-69e08ef89a0ef\" type=\"text\/css\">#text-block-69e08ef89a0ef { margin-bottom:0px; text-align:left; }<\/style>\t<div class=\"vc_custom_1654203243248\">\r\n\r\n<div id=\"text-block-69e08ef89a0ef\" class=\"mk-text-block  jupiter-donut-\">\r\n\r\n\t\r\n\t\r\n\t<div class=\"clearboth\"><\/div>\r\n<\/div>\r\n\r\n\t<\/div>\n<p style=\"text-align: center; margin-bottom: 0px;\">Cookie policy<\/p>\n\r\n\t<div class=\"clearboth\"><\/div>\r\n<\/div>\r\n\r\n<\/div>\r\n\r\n<div class=\"mk-page-section-wrapper\" data-mk-full-width=\"true\" data-mk-full-width-init=\"true\" data-mk-stretch-content=\"true\">\r\n\t<div id=\"page-section-69e08ef89a356\" class=\"mk-page-section self-hosted   full_layout full-width-69e08ef89a356 js-el js-master-row jupiter-donut-\"    data-intro-effect=\"false\">\r\n\r\n\t\t\t\r\n\t\t\t<div class=\"mk-page-section-inner\">\r\n\t\t\t\t\r\n\r\n\r\n<div class=\"mk-video-color-mask\"><\/div>\r\n\r\n\t\t\t\t\r\n\t\t\t\t\t\t\t<\/div>\r\n\r\n\t\t\t\r\n        <div class=\"page-section-content vc_row-fluid page-section-fullwidth\" >\r\n            <div class=\"mk-padding-wrapper wpb_row\"><style id=\"mk-shortcode-style-69e08ef89a5d2\" type=\"text\/css\"><\/style>\r\n<div class=\"vc_col-sm-12 wpb_column column_container  jupiter-donut- _ jupiter-donut-height-full\">\r\n\t\r\n\r\n<div class=\"wpb_row vc_inner vc_row vc_row-fluid jupiter-donut-   attched-false   vc_custom_1655134021891\">\r\n\t\t\t<div class=\"wpb_column vc_column_container vc_col-sm-12\"><div class=\"vc_column-inner\"><div class=\"wpb_wrapper\"><style id=\"mk-shortcode-style-69e08ef89a85e\" type=\"text\/css\">#text-block-69e08ef89a85e { margin-bottom:0px; text-align:left; }<\/style>\t<div class=\"vc_custom_1684408681913\">\r\n\r\n<div id=\"text-block-69e08ef89a85e\" class=\"mk-text-block  jupiter-donut-\">\r\n\r\n\t\r\n\t<p style=\"margin-left: 50px; margin-right: 50px; font-size: 35px;\">COOKIE POLICY<\/p>\n<p style=\"margin-left: 50px; margin-right: 50px; font-weight: bold;\">Che cosa \u00e8 un Cookie?<\/p>\n<p style=\"font-weight: 400;\">Un cookie \u00e8 un file che viene scaricato al terminale (computer, telefono cellulare, tablet, ecc) da parte dell&#039;utente quando accede a determinate pagine web.<\/p>\n<p style=\"font-weight: 400;\">I Cookies consentono a tali pagine web, tra le altre cose, monitor, recuperare, conservare e recuperare le informazioni sulle abitudini di navigazione dell&#039;utente, cos\u00ec come informazioni tecniche relative alla navigabilit\u00e0 delle pagine web. I Cookies, inoltre, contribuiscono alla funzionalit\u00e0, l&#039;usabilit\u00e0 e l&#039;accessibilit\u00e0 delle pagine web.<\/p>\n<p style=\"font-weight: 400;\"><strong>Cosa sono i Cookies utilizzati dal nostro sito?<\/strong><\/p>\n<p style=\"font-weight: 400;\">Il nostro sito web utilizza cookies proprie e di terzi.<\/p>\n<p style=\"font-weight: 400;\">Un cookie \u00e8 un piccolo file di lettere e numeri che viene installata nel tuo computer.<\/p>\n<p style=\"font-weight: 400;\">Questi cookie ci permettono di distinguere dagli altri utenti del sito internet e ci aiuta a fornire una buona esperienza quando si esplora il nostro sito web, cos\u00ec come migliorarlo.<\/p>\n<p style=\"font-weight: 400;\">Il nostro sito contiene le funzionalit\u00e0 fornite da terzi.<\/p>\n<p style=\"font-weight: 400;\"><strong>I Cookie di terze parti<\/strong><\/p>\n<p style=\"font-weight: 400;\">In alcune pagine web \u00e8 possibile installare i cookie di terze parti che consentono di gestire e migliorare i servizi offerti.<\/p>\n<p style=\"font-weight: 400;\">Per gestire le attivit\u00e0 di tutti i cookie dal tuo computer, \u00e8 possibile bloccare o eliminare loro. In caso contrario, la navigazione del sito web implica l&#039;accettazione dell&#039;uso della stessa in conformit\u00e0 a quanto sopra.<\/p>\n<p style=\"font-weight: 400;\">Per effettuare la gestione dei cookie devono seguire le seguenti istruzioni:<\/p>\n<ul>\n<li style=\"font-weight: 400;\"><strong>Internet Explorer<\/strong>: Strumenti -&gt; Opzioni Internet -&gt; Privacy -&gt; Configurazione. Per ulteriori informazioni, \u00e8 possibile consultare il supporto di Microsoft o Guida in linea del browser.<\/li>\n<li style=\"font-weight: 400;\"><strong>Firefox<\/strong>: Strumenti -&gt; Opzioni -&gt; Privacy -&gt; Cronologia -&gt; Impostazioni Personalizzate. Per ulteriori informazioni, \u00e8 possibile consultare il supporto di Mozilla o di Guida in linea del browser.<\/li>\n<li style=\"font-weight: 400;\"><strong>Chrome<\/strong>In : impostazioni -&gt; Mostra opzioni avanzate -&gt; Privacy -&gt; Impostazioni contenuti. Per ulteriori informazioni, \u00e8 possibile consultare il supporto di Google o la Guida in linea del browser.<\/li>\n<li style=\"font-weight: 400;\"><strong>Safari<\/strong>: Preferenze -&gt; Sicurezza. Per ulteriori informazioni, \u00e8 possibile consultare il supporto tecnico di Apple o di Guida in linea del browser.<\/li>\n<\/ul>\n<p style=\"font-weight: 400;\">La disattivazione di questi cookie sar\u00e0 probabilmente evitare che le funzioni offerte da questi servizi. Si pu\u00f2 eliminare e bloccare tutti i cookie di questo sito, ma parti del sito non funzioneranno correttamente.<\/p>\n\r\n\t<div class=\"clearboth\"><\/div>\r\n<\/div>\r\n\r\n\t<\/div>\r\n<div class=\"vc_empty_space\"   style=\"height: 10px\"><span class=\"vc_empty_space_inner\"><\/span><\/div><\/div><\/div><\/div>\t<\/div>\r\n<\/div>\r\n<\/div>\r\n            <div class=\"clearboth\"><\/div>\r\n        <\/div>\r\n\r\n\r\n\t\t\t\r\n\t\t\t\r\n\t\t\t\r\n\t\t<div class=\"clearboth\"><\/div>\r\n\t<\/div>\r\n<\/div>\r\n<div class=\"vc_row-full-width vc_clearfix\"><\/div>\r\n\r\n<style id=\"mk-shortcode-style-69e08ef89a356\" type=\"text\/css\">.full-width-69e08ef89a356 { min-height:100px; margin-bottom:0px; } .full-width-69e08ef89a356 .page-section-content { padding:10px 0 10px; } #background-layer--69e08ef89a356 { ; background-position:left top; background-repeat:repeat; ; } #background-layer--69e08ef89a356 .mk-color-layer { ; width:100%; height:100%; position:absolute; top:0; left:0; }<\/style>\n<\/div>","protected":false},"excerpt":{"rendered":"Pol\u00edtica de cookies Pol\u00edtica de cookies POL\u00cdTICA DE COOKIES \u00bfQu\u00e9 es una Cookie? Una cookie es un fichero que se descarga en el terminal (un ordenador, un tel\u00e9fono m\u00f3vil, una tableta electr\u00f3nica, etc.) del usuario cuando \u00e9ste accede a determinadas p\u00e1ginas web. Las cookies permiten a dichas p\u00e1ginas web, entre otras cosas, monitorear, almacenar y [...]","protected":false},"author":1,"featured_media":0,"parent":0,"menu_order":0,"comment_status":"closed","ping_status":"closed","template":"","meta":{"footnotes":""},"class_list":["post-372","page","type-page","status-publish","hentry"],"_links":{"self":[{"href":"https:\/\/thesaraofactory.com\/it\/wp-json\/wp\/v2\/pages\/372","targetHints":{"allow":["GET"]}}],"collection":[{"href":"https:\/\/thesaraofactory.com\/it\/wp-json\/wp\/v2\/pages"}],"about":[{"href":"https:\/\/thesaraofactory.com\/it\/wp-json\/wp\/v2\/types\/page"}],"author":[{"embeddable":true,"href":"https:\/\/thesaraofactory.com\/it\/wp-json\/wp\/v2\/users\/1"}],"replies":[{"embeddable":true,"href":"https:\/\/thesaraofactory.com\/it\/wp-json\/wp\/v2\/comments?post=372"}],"version-history":[{"count":22,"href":"https:\/\/thesaraofactory.com\/it\/wp-json\/wp\/v2\/pages\/372\/revisions"}],"predecessor-version":[{"id":2421,"href":"https:\/\/thesaraofactory.com\/it\/wp-json\/wp\/v2\/pages\/372\/revisions\/2421"}],"wp:attachment":[{"href":"https:\/\/thesaraofactory.com\/it\/wp-json\/wp\/v2\/media?parent=372"}],"curies":[{"name":"wp","href":"https:\/\/api.w.org\/{rel}","templated":true}]}}