{"id":368,"date":"2022-06-13T15:25:35","date_gmt":"2022-06-13T15:25:35","guid":{"rendered":"https:\/\/thesaraofactory.com\/?page_id=368"},"modified":"2025-04-09T06:45:09","modified_gmt":"2025-04-09T06:45:09","slug":"aviso-legal","status":"publish","type":"page","link":"https:\/\/thesaraofactory.com\/it\/aviso-legal\/","title":{"rendered":"Avviso legale"},"content":{"rendered":"<div class=\"wpb-content-wrapper\">\r\n<div  data-mk-stretch-content=\"true\" class=\"wpb_row vc_row vc_row-fluid jupiter-donut- mk-fullwidth-false  attched-false     js-master-row  mk-grid\">\r\n\t\t\t\t<style id=\"mk-shortcode-style-69e08ef64268d\" type=\"text\/css\"><\/style>\r\n<div class=\"vc_col-sm-12 wpb_column column_container  jupiter-donut- _ jupiter-donut-height-full\">\r\n\t<style id=\"mk-shortcode-style-69e08ef642931\" type=\"text\/css\">#text-block-69e08ef642931 { margin-bottom:0px; text-align:left; }<\/style>\r\n<div id=\"text-block-69e08ef642931\" class=\"mk-text-block  jupiter-donut-\">\r\n\r\n\t\r\n\t<div class=\"mk-page-section-wrapper\" style=\"position: relative; box-sizing: border-box; width: 483px; left: -20px;\" data-mk-full-width=\"true\" data-mk-full-width-init=\"true\" data-mk-stretch-content=\"true\">\n<div id=\"page-section-2\" class=\"mk-page-section self-hosted full_layout full-width-2 js-el js-master-row jupiter-donut-visible-sm\" style=\"position: fixed; z-index: 100;\" data-intro-effect=\"false\">\n<div class=\"page-section-content vc_row-fluid page-section-fullwidth\">\n<div class=\"mk-padding-wrapper wpb_row\">\n<div class=\"vc_col-sm-12 wpb_column column_container jupiter-donut- _ jupiter-donut-height-full\">\n<div class=\"wpb_row vc_inner vc_row vc_row-fluid jupiter-donut- attched-false\">\n<div class=\"wpb_column vc_column_container vc_col-sm-12\">\n<div class=\"vc_column-inner\">\n<div class=\"wpb_wrapper\">\n<div class=\"vc_custom_1654203243248\">\n<div id=\"text-block-4\" class=\"mk-text-block jupiter-donut-\">\n<p style=\"text-align: center; margin-bottom: 0px; padding: 5px;\">Avviso legale<\/p>\n<div class=\"clearboth\"><\/div>\n<\/div>\n<\/div>\n<\/div>\n<\/div>\n<\/div>\n<\/div>\n<\/div>\n<\/div>\n<div class=\"clearboth\"><\/div>\n<\/div>\n<div class=\"clearboth\"><\/div>\n<\/div>\n<\/div>\n<div class=\"mk-page-section-wrapper\" data-mk-full-width=\"true\" data-mk-full-width-init=\"true\" data-mk-stretch-content=\"true\">\r\n\t<div id=\"page-section-69e08ef642c2f\" class=\"mk-page-section self-hosted   full_layout full-width-69e08ef642c2f js-el js-master-row jupiter-donut-visible-sm\"    data-intro-effect=\"false\">\r\n\r\n\t\t\t\r\n\t\t\t<div class=\"mk-page-section-inner\">\r\n\t\t\t\t\r\n\r\n\r\n<div class=\"mk-video-color-mask\"><\/div>\r\n\r\n\t\t\t\t\r\n\t\t\t\t\t\t\t<\/div>\r\n\r\n\t\t\t\r\n        <div class=\"page-section-content vc_row-fluid page-section-fullwidth\" >\r\n            <div class=\"mk-padding-wrapper wpb_row\"><\/div>\r\n            <div class=\"clearboth\"><\/div>\r\n        <\/div>\r\n\r\n\r\n\t\t\t\r\n\t\t\t\r\n\t\t\t\r\n\t\t<div class=\"clearboth\"><\/div>\r\n\t<\/div>\r\n<\/div>\r\n<div class=\"vc_row-full-width vc_clearfix\"><\/div>\r\n\r\n<style id=\"mk-shortcode-style-69e08ef642c2f\" type=\"text\/css\">.full-width-69e08ef642c2f { min-height:40px; margin-bottom:0px; background-color:#329471; border:1px solid #ffffff;border-left:none;border-right:none; } .full-width-69e08ef642c2f .page-section-content { padding:0px 0 0px; } #background-layer--69e08ef642c2f { ; background-position:left top; background-repeat:repeat; ; } #background-layer--69e08ef642c2f .mk-color-layer { ; width:100%; height:100%; position:absolute; top:0; left:0; }<\/style><style id=\"mk-shortcode-style-69e08ef642c2f\" type=\"text\/css\">.full-width-69e08ef642c2f .mk-fancy-title.pattern-style span, .full-width-69e08ef642c2f .mk-blog-view-all { background-color:#329471 !important; }<\/style><style id=\"mk-shortcode-style-69e08ef642f28\" type=\"text\/css\"><\/style>\r\n<div class=\"vc_col-sm-12 wpb_column column_container  jupiter-donut- _ jupiter-donut-height-full\">\r\n\t<\/div>\r\n\r\n\r\n<div class=\"wpb_row vc_inner vc_row vc_row-fluid jupiter-donut-   attched-false\">\r\n\t\t\t\t<\/div>\r\n<div class=\"wpb_column vc_column_container vc_col-sm-12\"><div class=\"vc_column-inner\"><div class=\"wpb_wrapper\"><\/div><\/div><\/div><div class=\"vc_empty_space\"   style=\"height: 5px\"><span class=\"vc_empty_space_inner\"><\/span><\/div><style id=\"mk-shortcode-style-69e08ef6432d9\" type=\"text\/css\">#text-block-69e08ef6432d9 { margin-bottom:0px; text-align:left; }<\/style>\t<div class=\"vc_custom_1654203243248\">\r\n\r\n<div id=\"text-block-69e08ef6432d9\" class=\"mk-text-block  jupiter-donut-\">\r\n\r\n\t\r\n\t\r\n\t<div class=\"clearboth\"><\/div>\r\n<\/div>\r\n\r\n\t<\/div>\n<p style=\"text-align: center; margin-bottom: 0px;\">Avviso legale<\/p>\n\r\n\t<div class=\"clearboth\"><\/div>\r\n<\/div>\r\n\r\n<\/div>\r\n\r\n<div class=\"mk-page-section-wrapper\" data-mk-full-width=\"true\" data-mk-full-width-init=\"true\" data-mk-stretch-content=\"true\">\r\n\t<div id=\"page-section-69e08ef64353d\" class=\"mk-page-section self-hosted   full_layout full-width-69e08ef64353d js-el js-master-row jupiter-donut-\"    data-intro-effect=\"false\">\r\n\r\n\t\t\t\r\n\t\t\t<div class=\"mk-page-section-inner\">\r\n\t\t\t\t\r\n\r\n\r\n<div class=\"mk-video-color-mask\"><\/div>\r\n\r\n\t\t\t\t\r\n\t\t\t\t\t\t\t<\/div>\r\n\r\n\t\t\t\r\n        <div class=\"page-section-content vc_row-fluid page-section-fullwidth\" >\r\n            <div class=\"mk-padding-wrapper wpb_row\"><style id=\"mk-shortcode-style-69e08ef64382b\" type=\"text\/css\"><\/style>\r\n<div class=\"vc_col-sm-12 wpb_column column_container  jupiter-donut- _ jupiter-donut-height-full\">\r\n\t\r\n\r\n<div class=\"wpb_row vc_inner vc_row vc_row-fluid jupiter-donut-   attched-false   vc_custom_1655134021891\">\r\n\t\t\t<div class=\"wpb_column vc_column_container vc_col-sm-12\"><div class=\"vc_column-inner\"><div class=\"wpb_wrapper\"><style id=\"mk-shortcode-style-69e08ef643b7b\" type=\"text\/css\">#text-block-69e08ef643b7b { margin-bottom:0px; text-align:left; }<\/style>\t<div class=\"vc_custom_1679563518770\">\r\n\r\n<div id=\"text-block-69e08ef643b7b\" class=\"mk-text-block  jupiter-donut-\">\r\n\r\n\t\r\n\t<p style=\"margin-left: 50px; margin-right: 50px; font-size: 35px;\">AVVISO LEGALE<\/p>\n<p style=\"margin-left: 50px; margin-right: 50px;\">Il responsabile di questo sito \u00e8: THE SARAO FACTORY S.L.U.., societ\u00e0 iscritta nel Registro delle imprese di Alicante, volume 2.787, libro 2, foglio 148 pagina A-83991 con C. I. F. B-42588467 e indirizzo della sede legale, in Avda. Juguete, 39, 03440, Ibi (ALICANTE).<\/p>\n<p style=\"margin-left: 50px; margin-right: 50px;\">Inoltre, \u00e8 possibile contattare con noi tramite il numero di telefono +34 965 564871 o tramite il seguente indirizzo di posta elettronica: hola@thesaraofactory.com<\/p>\n<p style=\"margin-left: 50px; margin-right: 50px;\">Di propriet\u00e0 intellettuale e Industriale<\/p>\n<p style=\"margin-left: 50px; margin-right: 50px;\">Il design di questo sito web e i suoi codici sorgente, cos\u00ec come il logo, i marchi e gli altri segni distintivi che appaiono nella stessa appartengono alla THE SARAO FACTORY S.L.U. e sono protetti dai relativi diritti di propriet\u00e0 intellettuale e industriale.<\/p>\n<p style=\"margin-left: 50px; margin-right: 50px;\">Responsabilit\u00e0 per i contenuti<\/p>\n<p style=\"margin-left: 50px; margin-right: 50px;\">THE SARAO FACTORY S.L.U.. non \u00e8 responsabile per la legalit\u00e0 di altri siti web di terze parti da cui si accede a questo sito web. THE SARAO FACTORY S.L.U.. non sar\u00e0 responsabile per la legalit\u00e0 di altri siti web di terzi che possono essere collegati o collegati a questo sito web. THE SARAO FACTORY S.L.U.. si riserva il diritto di apportare modifiche al sito, senza preavviso, al fine di mantenere up-to-date informazioni, aggiungere, modificare, correggere o eliminare i contenuti pubblicati o il progetto del portale. THE SARAO FACTORY S.L.U.. non sar\u00e0 responsabile dell&#039;uso che terzi delle informazioni pubblicate sul portale, n\u00e9 per eventuali danni o perdite economiche che, direttamente o indirettamente, producono o possono produrre danni economici, di materiale o di dati derivanti dall&#039;uso di tali informazioni.<\/p>\n<p style=\"margin-left: 50px; margin-right: 50px;\">La riproduzione di contenuti<\/p>\n<p style=\"margin-left: 50px; margin-right: 50px;\">\u00c8 vietata la riproduzione totale o parziale dei contenuti pubblicati su questo sito senza la preventiva autorizzazione scritta della THE SARAO FACTORY S.L.U. Tutte le informazioni relative alla privacy, che hai avuto nella nostra Privacy Policy<\/p>\n\r\n\t<div class=\"clearboth\"><\/div>\r\n<\/div>\r\n\r\n\t<\/div>\r\n<\/div><\/div><\/div>\t<\/div>\r\n<\/div>\r\n<\/div>\r\n            <div class=\"clearboth\"><\/div>\r\n        <\/div>\r\n\r\n\r\n\t\t\t\r\n\t\t\t\r\n\t\t\t\r\n\t\t<div class=\"clearboth\"><\/div>\r\n\t<\/div>\r\n<\/div>\r\n<div class=\"vc_row-full-width vc_clearfix\"><\/div>\r\n\r\n<style id=\"mk-shortcode-style-69e08ef64353d\" type=\"text\/css\">.full-width-69e08ef64353d { min-height:100px; margin-bottom:0px; } .full-width-69e08ef64353d .page-section-content { padding:10px 0 10px; } #background-layer--69e08ef64353d { ; background-position:left top; background-repeat:repeat; ; } #background-layer--69e08ef64353d .mk-color-layer { ; width:100%; height:100%; position:absolute; top:0; left:0; }<\/style>\r\n<div class=\"mk-page-section-wrapper\" data-mk-full-width=\"true\" data-mk-full-width-init=\"true\" data-mk-stretch-content=\"true\">\r\n\t<div id=\"page-section-69e08ef643eb8\" class=\"mk-page-section self-hosted   full_layout full-width-69e08ef643eb8 js-el js-master-row jupiter-donut-\"    data-intro-effect=\"false\">\r\n\r\n\t\t\t\r\n\t\t\t<div class=\"mk-page-section-inner\">\r\n\t\t\t\t\r\n\r\n\r\n<div class=\"mk-video-color-mask\"><\/div>\r\n\r\n\t\t\t\t\r\n\t\t\t\t\t\t\t<\/div>\r\n\r\n\t\t\t\r\n        <div class=\"page-section-content vc_row-fluid page-section-fullwidth\" >\r\n            <div class=\"mk-padding-wrapper wpb_row\"><style id=\"mk-shortcode-style-69e08ef64416b\" type=\"text\/css\"><\/style>\r\n<div class=\"vc_col-sm-12 wpb_column column_container  jupiter-donut- _ jupiter-donut-height-full\">\r\n\t<div class=\"vc_separator wpb_content_element vc_separator_align_center vc_sep_width_100 vc_sep_pos_align_center vc_separator_no_text vc_sep_color_white vc_custom_1651162394176 wpb_content_element  vc_custom_1651162394176 wpb_content_element\" ><span class=\"vc_sep_holder vc_sep_holder_l\"><span class=\"vc_sep_line\"><\/span><\/span><span class=\"vc_sep_holder vc_sep_holder_r\"><span class=\"vc_sep_line\"><\/span><\/span>\n<\/div><\/div>\r\n<\/div>\r\n            <div class=\"clearboth\"><\/div>\r\n        <\/div>\r\n\r\n\r\n\t\t\t\r\n\t\t\t\r\n\t\t\t\r\n\t\t<div class=\"clearboth\"><\/div>\r\n\t<\/div>\r\n<\/div>\r\n<div class=\"vc_row-full-width vc_clearfix\"><\/div>\r\n\r\n<style id=\"mk-shortcode-style-69e08ef643eb8\" type=\"text\/css\">.full-width-69e08ef643eb8 { min-height:100px; margin-bottom:0px; } .full-width-69e08ef643eb8 .page-section-content { padding:10px 0 10px; } #background-layer--69e08ef643eb8 { ; background-position:left top; background-repeat:repeat; ; } #background-layer--69e08ef643eb8 .mk-color-layer { ; width:100%; height:100%; position:absolute; top:0; left:0; }<\/style>\t<\/div>\r\n\n<\/div>","protected":false},"excerpt":{"rendered":"Aviso legal Aviso legal AVISO LEGAL El responsable de esta p\u00e1gina web es: THE SARAO FACTORY S.L.U., sociedad inscrita en el Registro Mercantil de Alicante, tomo 2.787, libro 2, folio 148 hoja A-83991 con C.I.F. B-42588467 y domicilio social en Avda. del Juguete, 39, 03440, Ibi (ALICANTE). Tambi\u00e9n puedes contactar con nosotros a trav\u00e9s del [...]","protected":false},"author":1,"featured_media":0,"parent":0,"menu_order":0,"comment_status":"closed","ping_status":"closed","template":"","meta":{"footnotes":""},"class_list":["post-368","page","type-page","status-publish","hentry"],"_links":{"self":[{"href":"https:\/\/thesaraofactory.com\/it\/wp-json\/wp\/v2\/pages\/368","targetHints":{"allow":["GET"]}}],"collection":[{"href":"https:\/\/thesaraofactory.com\/it\/wp-json\/wp\/v2\/pages"}],"about":[{"href":"https:\/\/thesaraofactory.com\/it\/wp-json\/wp\/v2\/types\/page"}],"author":[{"embeddable":true,"href":"https:\/\/thesaraofactory.com\/it\/wp-json\/wp\/v2\/users\/1"}],"replies":[{"embeddable":true,"href":"https:\/\/thesaraofactory.com\/it\/wp-json\/wp\/v2\/comments?post=368"}],"version-history":[{"count":26,"href":"https:\/\/thesaraofactory.com\/it\/wp-json\/wp\/v2\/pages\/368\/revisions"}],"predecessor-version":[{"id":2412,"href":"https:\/\/thesaraofactory.com\/it\/wp-json\/wp\/v2\/pages\/368\/revisions\/2412"}],"wp:attachment":[{"href":"https:\/\/thesaraofactory.com\/it\/wp-json\/wp\/v2\/media?parent=368"}],"curies":[{"name":"wp","href":"https:\/\/api.w.org\/{rel}","templated":true}]}}