{"id":1508,"date":"2024-04-15T11:38:41","date_gmt":"2024-04-15T11:38:41","guid":{"rendered":"https:\/\/thesaraofactory.com\/?page_id=1508"},"modified":"2025-04-09T06:46:40","modified_gmt":"2025-04-09T06:46:40","slug":"politica-devolucion-incidencias","status":"publish","type":"page","link":"https:\/\/thesaraofactory.com\/it\/politica-devolucion-incidencias\/","title":{"rendered":"La politica di rimpatrio e di Incidenti"},"content":{"rendered":"<div class=\"wpb-content-wrapper\">\r\n<div class=\"mk-page-section-wrapper\" data-mk-full-width=\"true\" data-mk-full-width-init=\"true\" data-mk-stretch-content=\"true\">\r\n\t<div id=\"page-section-69e08fa8792d6\" class=\"mk-page-section self-hosted   full_layout full-width-69e08fa8792d6 js-el js-master-row jupiter-donut-visible-sm\"    data-intro-effect=\"false\">\r\n\r\n\t\t\t\r\n\t\t\t<div class=\"mk-page-section-inner\">\r\n\t\t\t\t\r\n\r\n\r\n<div class=\"mk-video-color-mask\"><\/div>\r\n\r\n\t\t\t\t\r\n\t\t\t\t\t\t\t<\/div>\r\n\r\n\t\t\t\r\n        <div class=\"page-section-content vc_row-fluid page-section-fullwidth\" >\r\n            <div class=\"mk-padding-wrapper wpb_row\"><style id=\"mk-shortcode-style-69e08fa8796f1\" type=\"text\/css\"><\/style>\r\n<div class=\"vc_col-sm-12 wpb_column column_container  jupiter-donut- _ jupiter-donut-height-full\">\r\n\t\r\n\r\n<div class=\"wpb_row vc_inner vc_row vc_row-fluid jupiter-donut-   attched-false\">\r\n\t\t\t<div class=\"wpb_column vc_column_container vc_col-sm-12\"><div class=\"vc_column-inner\"><div class=\"wpb_wrapper\"><div class=\"vc_empty_space\"   style=\"height: 5px\"><span class=\"vc_empty_space_inner\"><\/span><\/div><style id=\"mk-shortcode-style-69e08fa879c8d\" type=\"text\/css\">#text-block-69e08fa879c8d { margin-bottom:0px; text-align:left; }<\/style>\t<div class=\"vc_custom_1713334757115\">\r\n\r\n<div id=\"text-block-69e08fa879c8d\" class=\"mk-text-block  jupiter-donut-\">\r\n\r\n\t\r\n\t<p style=\"text-align: center; margin-bottom: 0px;\">Politica di restituzione e Incidenti<\/p>\n\r\n\t<div class=\"clearboth\"><\/div>\r\n<\/div>\r\n\r\n\t<\/div>\r\n<\/div><\/div><\/div>\t<\/div>\r\n<\/div>\r\n<\/div>\r\n            <div class=\"clearboth\"><\/div>\r\n        <\/div>\r\n\r\n\r\n\t\t\t\r\n\t\t\t\r\n\t\t\t\r\n\t\t<div class=\"clearboth\"><\/div>\r\n\t<\/div>\r\n<\/div>\r\n<div class=\"vc_row-full-width vc_clearfix\"><\/div>\r\n\r\n<style id=\"mk-shortcode-style-69e08fa8792d6\" type=\"text\/css\">.full-width-69e08fa8792d6 { min-height:40px; margin-bottom:0px; background-color:#329471; border:1px solid #ffffff;border-left:none;border-right:none; } .full-width-69e08fa8792d6 .page-section-content { padding:0px 0 0px; } #background-layer--69e08fa8792d6 { ; background-position:left top; background-repeat:repeat; ; } #background-layer--69e08fa8792d6 .mk-color-layer { ; width:100%; height:100%; position:absolute; top:0; left:0; }<\/style><style id=\"mk-shortcode-style-69e08fa8792d6\" type=\"text\/css\">.full-width-69e08fa8792d6 .mk-fancy-title.pattern-style span, .full-width-69e08fa8792d6 .mk-blog-view-all { background-color:#329471 !important; }<\/style>\r\n<div class=\"mk-page-section-wrapper\" data-mk-full-width=\"true\" data-mk-full-width-init=\"true\" data-mk-stretch-content=\"true\">\r\n\t<div id=\"page-section-69e08fa879f9c\" class=\"mk-page-section self-hosted   full_layout full-width-69e08fa879f9c js-el js-master-row jupiter-donut-\"    data-intro-effect=\"false\">\r\n\r\n\t\t\t\r\n\t\t\t<div class=\"mk-page-section-inner\">\r\n\t\t\t\t\r\n\r\n\r\n<div class=\"mk-video-color-mask\"><\/div>\r\n\r\n\t\t\t\t\r\n\t\t\t\t\t\t\t<\/div>\r\n\r\n\t\t\t\r\n        <div class=\"page-section-content vc_row-fluid page-section-fullwidth\" >\r\n            <div class=\"mk-padding-wrapper wpb_row\"><style id=\"mk-shortcode-style-69e08fa87a20f\" type=\"text\/css\"><\/style>\r\n<div class=\"vc_col-sm-12 wpb_column column_container  jupiter-donut- _ jupiter-donut-height-full\">\r\n\t\r\n\r\n<div class=\"wpb_row vc_inner vc_row vc_row-fluid jupiter-donut-   attched-false   vc_custom_1655134021891\">\r\n\t\t\t<div class=\"wpb_column vc_column_container vc_col-sm-12\"><div class=\"vc_column-inner\"><div class=\"wpb_wrapper\"><style id=\"mk-shortcode-style-69e08fa87a475\" type=\"text\/css\">#text-block-69e08fa87a475 { margin-bottom:0px; text-align:left; }<\/style>\t<div class=\"vc_custom_1713334786886\">\r\n\r\n<div id=\"text-block-69e08fa87a475\" class=\"mk-text-block  jupiter-donut-\">\r\n\r\n\t\r\n\t<h1>Politica di restituzione e Incidenti<\/h1>\n<p>Per quanto riguarda la restituzione a causa di rotture durante il trasporto, La The Sarao Factory stabilisce un periodo di 14 giorni di calendario dal ricevimento della l&#039;ordine, condizione che il cliente specificare nei commenti del foglio agenzia di trasporto che ha trovato un problema con la merce consegnata. In caso di mancata osservazione da parte del cliente nel foglio di trasporto, si hanno 7 giorni di calendario, per fare la domanda.<\/p>\n<p>Per problemi di qualit\u00e0, il cliente avr\u00e0 3 mesi di tempo per fare una domanda. In entrambi i casi, la richiesta di restituzione deve essere effettuata in forma scritta via e-mail a incidencias@thesaraofactory.com o attraverso il modulo di incidenti che potrebbero richiedere il vostro business.<\/p>\n<p>La The Sarao Factory \u00e8 impegnata a rispondere alla richiesta entro un periodo massimo di 3 giorni lavorativi. Rimborso verr\u00e0 risolto entro un periodo massimo di 30 giorni dalla ricezione iniziale.<\/p>\n<p>Non vi \u00e8 alcun rimborso se: (a) il client invia le caselle di incompleta e\/o con la confezione originale \u00e8 peggiorato; (b) il sinistro si occupa delle valutazioni personali di qualit\u00e0. Se il prodotto \u00e8 conforme alle specifiche della scheda Tecnica non sar\u00e0 accettata come un ritorno, per ragioni di qualit\u00e0. Schede tecniche pu\u00f2 essere richiesto per e-mail: pedidos@thesaraofactory.com.<\/p>\n<p>La The Sarao Factory non accetta le ragioni sopra descritte, valido per il ritorno della merce. Se, nonostante tutto, il cliente potr\u00e0 restituire la merce al magazzino dell&#039;azienda senza causa prima analizzato e autorizzati, i prodotti saranno salvati durante un periodo massimo di 7 giorni, dopo di che, in caso di mancato ritiro da parte del cliente, il materiale sar\u00e0 distrutta, senza diritto ad un indennizzo.<\/p>\n\r\n\t<div class=\"clearboth\"><\/div>\r\n<\/div>\r\n\r\n\t<\/div>\r\n<div class=\"vc_empty_space\"   style=\"height: 10px\"><span class=\"vc_empty_space_inner\"><\/span><\/div><\/div><\/div><\/div>\t<\/div>\r\n<\/div>\r\n<\/div>\r\n            <div class=\"clearboth\"><\/div>\r\n        <\/div>\r\n\r\n\r\n\t\t\t\r\n\t\t\t\r\n\t\t\t\r\n\t\t<div class=\"clearboth\"><\/div>\r\n\t<\/div>\r\n<\/div>\r\n<div class=\"vc_row-full-width vc_clearfix\"><\/div>\r\n\r\n<style id=\"mk-shortcode-style-69e08fa879f9c\" type=\"text\/css\">.full-width-69e08fa879f9c { min-height:100px; margin-bottom:0px; } .full-width-69e08fa879f9c .page-section-content { padding:10px 0 10px; } #background-layer--69e08fa879f9c { ; background-position:left top; background-repeat:repeat; ; } #background-layer--69e08fa879f9c .mk-color-layer { ; width:100%; height:100%; position:absolute; top:0; left:0; }<\/style>\n<\/div>","protected":false},"excerpt":{"rendered":"Pol\u00edtica de Devoluciones e Incidencias Pol\u00edtica de Devoluciones e Incidencias Respecto a las devoluciones por roturas durante el transporte, The Sarao Factory establece un plazo de 14 d\u00edas naturales tras la recepci\u00f3n del pedido, siempre y cuando el cliente indique en observaciones de la hoja de agencia de transporte que ha encontrado un problema con [...]","protected":false},"author":2,"featured_media":0,"parent":0,"menu_order":0,"comment_status":"closed","ping_status":"closed","template":"","meta":{"footnotes":""},"class_list":["post-1508","page","type-page","status-publish","hentry"],"_links":{"self":[{"href":"https:\/\/thesaraofactory.com\/it\/wp-json\/wp\/v2\/pages\/1508","targetHints":{"allow":["GET"]}}],"collection":[{"href":"https:\/\/thesaraofactory.com\/it\/wp-json\/wp\/v2\/pages"}],"about":[{"href":"https:\/\/thesaraofactory.com\/it\/wp-json\/wp\/v2\/types\/page"}],"author":[{"embeddable":true,"href":"https:\/\/thesaraofactory.com\/it\/wp-json\/wp\/v2\/users\/2"}],"replies":[{"embeddable":true,"href":"https:\/\/thesaraofactory.com\/it\/wp-json\/wp\/v2\/comments?post=1508"}],"version-history":[{"count":9,"href":"https:\/\/thesaraofactory.com\/it\/wp-json\/wp\/v2\/pages\/1508\/revisions"}],"predecessor-version":[{"id":2419,"href":"https:\/\/thesaraofactory.com\/it\/wp-json\/wp\/v2\/pages\/1508\/revisions\/2419"}],"wp:attachment":[{"href":"https:\/\/thesaraofactory.com\/it\/wp-json\/wp\/v2\/media?parent=1508"}],"curies":[{"name":"wp","href":"https:\/\/api.w.org\/{rel}","templated":true}]}}