{"id":807,"date":"2023-07-28T08:11:10","date_gmt":"2023-07-28T08:11:10","guid":{"rendered":"https:\/\/thesaraofactory.com\/?page_id=807"},"modified":"2025-04-09T06:53:48","modified_gmt":"2025-04-09T06:53:48","slug":"financiacion","status":"publish","type":"page","link":"https:\/\/thesaraofactory.com\/fr\/financiacion\/","title":{"rendered":"Financement"},"content":{"rendered":"<div class=\"wpb-content-wrapper\"><style id=\"mk-shortcode-style-69e08dad9edb4\" type=\"text\/css\"><\/style>\r\n<div class=\"vc_col-sm-12 wpb_column column_container  jupiter-donut- _ jupiter-donut-height-full\">\r\n\t\r\n\r\n<div class=\"wpb_row vc_inner vc_row vc_row-fluid jupiter-donut-   attched-false\">\r\n\t\t\t\t<\/div>\r\n<div class=\"wpb_column vc_column_container vc_col-sm-12\"><div class=\"vc_column-inner\"><div class=\"wpb_wrapper\"><\/div><\/div><\/div><div class=\"vc_empty_space\"   style=\"height: 5px\"><span class=\"vc_empty_space_inner\"><\/span><\/div><style id=\"mk-shortcode-style-69e08dad9f322\" type=\"text\/css\">#text-block-69e08dad9f322 { margin-bottom:0px; text-align:left; }<\/style>\t<div class=\"vc_custom_1654203243248\">\r\n\r\n<div id=\"text-block-69e08dad9f322\" class=\"mk-text-block  jupiter-donut-\">\r\n\r\n\t\r\n\t<h3 style=\"text-align: center; margin-bottom: 0px;\"><strong>FINANCEMENT INNOC\u00c1MARAS<\/strong><\/h3>\n\r\n\t<div class=\"clearboth\"><\/div>\r\n<\/div>\r\n\r\n\t<\/div>\r\n<\/div>\r\n\r\n<div class=\"mk-page-section-wrapper\" data-mk-full-width=\"true\" data-mk-full-width-init=\"true\" data-mk-stretch-content=\"true\">\r\n\t<div id=\"page-section-69e08dad9f5a1\" class=\"mk-page-section self-hosted   full_layout full-width-69e08dad9f5a1 js-el js-master-row jupiter-donut-\"    data-intro-effect=\"false\">\r\n\r\n\t\t\t\r\n\t\t\t<div class=\"mk-page-section-inner\">\r\n\t\t\t\t\r\n\r\n\r\n<div class=\"mk-video-color-mask\"><\/div>\r\n\r\n\t\t\t\t\r\n\t\t\t\t\t\t\t<\/div>\r\n\r\n\t\t\t\r\n        <div class=\"page-section-content vc_row-fluid page-section-fullwidth\" >\r\n            <div class=\"mk-padding-wrapper wpb_row\"><style id=\"mk-shortcode-style-69e08dad9f854\" type=\"text\/css\"><\/style>\r\n<div class=\"vc_col-sm-12 wpb_column column_container  jupiter-donut- _ jupiter-donut-height-full\">\r\n\t\r\n\r\n<div class=\"wpb_row vc_inner vc_row vc_row-fluid jupiter-donut-   attched-false   vc_custom_1655134021891\">\r\n\t\t\t<div class=\"wpb_column vc_column_container vc_col-sm-12\"><div class=\"vc_column-inner\"><div class=\"wpb_wrapper\"><style id=\"mk-shortcode-style-69e08dad9fb77\" type=\"text\/css\">#text-block-69e08dad9fb77 { margin-bottom:0px; text-align:left; }<\/style>\t<div class=\"vc_custom_1703846135452\">\r\n\r\n<div id=\"text-block-69e08dad9fb77\" class=\"mk-text-block  jupiter-donut-\">\r\n\r\n\t\r\n\t<p style=\"font-weight: 400;\">The Sarao Factory, SLU a \u00e9t\u00e9 un b\u00e9n\u00e9ficiaire du Fonds Europ\u00e9en de D\u00e9veloppement R\u00e9gional dont l&#039;objectif est de Promouvoir la recherche, le d\u00e9veloppement technologique et l&#039;innovation, et gr\u00e2ce \u00e0 qui a entrepris un projet de\u00a0<strong><u>La mise en \u0153uvre Syst\u00e9matique de m\u00e9thodes de Gestion de la<\/u><\/strong>\u00a0pour soutenir la cr\u00e9ation et la consolidation d&#039;entreprises innovantes. Pour ce faire, il a eu le soutien du Programme InnoC\u00e1maras 2023 de la Chambre de Commerce d&#039;Alicante.\u201d<\/p>\n<p style=\"font-weight: 400;\">Une fa\u00e7on de faire de l&#039;Europe<\/p>\n<p>&nbsp;<\/p>\n<p><img decoding=\"async\" class=\"aligncenter wp-image-832\" src=\"https:\/\/thesaraofactory.com\/wp-content\/uploads\/2023\/07\/logo-feder-300x254.jpg\" alt=\"\" width=\"212\" height=\"179\" \/> <img decoding=\"async\" class=\"aligncenter size-medium wp-image-831\" src=\"https:\/\/thesaraofactory.com\/wp-content\/uploads\/2023\/07\/logo-ivace-r-300x90.jpg\" alt=\"\" width=\"300\" height=\"90\" \/><\/p>\n\r\n\t<div class=\"clearboth\"><\/div>\r\n<\/div>\r\n\r\n\t<\/div>\r\n<\/div><\/div><\/div>\t<\/div>\r\n\r\n\r\n<div class=\"wpb_row vc_inner vc_row vc_row-fluid jupiter-donut-   attched-false   vc_custom_1655134021891\">\r\n\t\t\t\t<\/div>\r\n<div class=\"wpb_column vc_column_container vc_col-sm-12\"><div class=\"vc_column-inner\"><div class=\"wpb_wrapper\"><\/div><\/div><\/div><style id=\"mk-shortcode-style-69e08dad9fdd8\" type=\"text\/css\">#text-block-69e08dad9fdd8 { margin-bottom:0px; text-align:left; }<\/style>\t<div class=\"vc_custom_1703846451276\">\r\n\r\n<div id=\"text-block-69e08dad9fdd8\" class=\"mk-text-block  jupiter-donut-\">\r\n\r\n\t\r\n\t<div  data-mk-stretch-content=\"true\" class=\"wpb_row vc_row vc_row-fluid jupiter-donut- mk-fullwidth-false  attched-false     js-master-row  mk-grid\">\r\n\t\t\t\t\t<\/div>\r\n<style id=\"mk-shortcode-style-69e08dada0009\" type=\"text\/css\"><\/style>\r\n<div class=\"vc_col-sm-12 wpb_column column_container  jupiter-donut- _ jupiter-donut-height-full\">\r\n\t<\/div>\r\n<style id=\"mk-shortcode-style-69e08dada00c3\" type=\"text\/css\">#text-block-69e08dada00c3 { margin-bottom:0px; text-align:left; }<\/style>\r\n<div id=\"text-block-69e08dada00c3\" class=\"mk-text-block  jupiter-donut-\">\r\n\r\n\t\r\n\t\r\n\t<div class=\"clearboth\"><\/div>\r\n<\/div>\n<div class=\"mk-page-section-wrapper\" style=\"position: relative; box-sizing: border-box; width: 483px; left: -20px;\" data-mk-full-width=\"true\" data-mk-full-width-init=\"true\" data-mk-stretch-content=\"true\">\n<div id=\"page-section-2\" class=\"mk-page-section self-hosted full_layout full-width-2 js-el js-master-row jupiter-donut-visible-sm\" style=\"position: fixed; z-index: 100;\" data-intro-effect=\"false\">\n<div class=\"page-section-content vc_row-fluid page-section-fullwidth\">\n<div class=\"mk-padding-wrapper wpb_row\">\n<div class=\"vc_col-sm-12 wpb_column column_container jupiter-donut- _ jupiter-donut-height-full\">\n<div class=\"wpb_row vc_inner vc_row vc_row-fluid jupiter-donut- attched-false\">\n<div class=\"wpb_column vc_column_container vc_col-sm-12\">\n<div class=\"vc_column-inner\">\n<div class=\"wpb_wrapper\">\n<div class=\"vc_custom_1654203243248\">\n<div id=\"text-block-4\" class=\"mk-text-block jupiter-donut-\">\n<p style=\"text-align: center; margin-bottom: 0px; padding: 5px;\">Avis juridique<\/p>\n<div class=\"clearboth\"><\/div>\n<\/div>\n<\/div>\n<\/div>\n<\/div>\n<\/div>\n<\/div>\n<\/div>\n<\/div>\n<div class=\"clearboth\"><\/div>\n<\/div>\n<div class=\"clearboth\"><\/div>\n<\/div>\n<\/div>\n<div class=\"mk-page-section-wrapper\" data-mk-full-width=\"true\" data-mk-full-width-init=\"true\" data-mk-stretch-content=\"true\">\r\n\t<div id=\"page-section-69e08dada02cb\" class=\"mk-page-section self-hosted   full_layout full-width-69e08dada02cb js-el js-master-row jupiter-donut-visible-sm\"    data-intro-effect=\"false\">\r\n\r\n\t\t\t\r\n\t\t\t<div class=\"mk-page-section-inner\">\r\n\t\t\t\t\r\n\r\n\r\n<div class=\"mk-video-color-mask\"><\/div>\r\n\r\n\t\t\t\t\r\n\t\t\t\t\t\t\t<\/div>\r\n\r\n\t\t\t\r\n        <div class=\"page-section-content vc_row-fluid page-section-fullwidth\" >\r\n            <div class=\"mk-padding-wrapper wpb_row\"><\/div>\r\n            <div class=\"clearboth\"><\/div>\r\n        <\/div>\r\n\r\n\r\n\t\t\t\r\n\t\t\t\r\n\t\t\t\r\n\t\t<div class=\"clearboth\"><\/div>\r\n\t<\/div>\r\n<\/div>\r\n<div class=\"vc_row-full-width vc_clearfix\"><\/div>\r\n\r\n<style id=\"mk-shortcode-style-69e08dada02cb\" type=\"text\/css\">.full-width-69e08dada02cb { min-height:40px; margin-bottom:0px; background-color:#329471; border:1px solid #ffffff;border-left:none;border-right:none; } .full-width-69e08dada02cb .page-section-content { padding:0px 0 0px; } #background-layer--69e08dada02cb { ; background-position:left top; background-repeat:repeat; ; } #background-layer--69e08dada02cb .mk-color-layer { ; width:100%; height:100%; position:absolute; top:0; left:0; }<\/style><style id=\"mk-shortcode-style-69e08dada02cb\" type=\"text\/css\">.full-width-69e08dada02cb .mk-fancy-title.pattern-style span, .full-width-69e08dada02cb .mk-blog-view-all { background-color:#329471 !important; }<\/style><style id=\"mk-shortcode-style-69e08dada0597\" type=\"text\/css\"><\/style>\r\n<div class=\"vc_col-sm-12 wpb_column column_container  jupiter-donut- _ jupiter-donut-height-full\">\r\n\t<\/div>\r\n\r\n\r\n<div class=\"wpb_row vc_inner vc_row vc_row-fluid jupiter-donut-   attched-false\">\r\n\t\t\t\t<\/div>\r\n<div class=\"wpb_column vc_column_container vc_col-sm-12\"><div class=\"vc_column-inner\"><div class=\"wpb_wrapper\"><\/div><\/div><\/div><div class=\"vc_empty_space\"   style=\"height: 5px\"><span class=\"vc_empty_space_inner\"><\/span><\/div><style id=\"mk-shortcode-style-69e08dada0809\" type=\"text\/css\">#text-block-69e08dada0809 { margin-bottom:0px; text-align:left; }<\/style>\t<div class=\"vc_custom_1654203243248\">\r\n\r\n<div id=\"text-block-69e08dada0809\" class=\"mk-text-block  jupiter-donut-\">\r\n\r\n\t\r\n\t\r\n\t<div class=\"clearboth\"><\/div>\r\n<\/div>\r\n\r\n\t<\/div>\n<h3 style=\"text-align: center; margin-bottom: 0px;\">FEDER programme de la Comunitat Valenciana 2021-27<\/h3>\n\r\n\t<div class=\"clearboth\"><\/div>\r\n<\/div>\r\n\r\n\t<\/div>\r\n<\/div>\r\n\r\n<div class=\"mk-page-section-wrapper\" data-mk-full-width=\"true\" data-mk-full-width-init=\"true\" data-mk-stretch-content=\"true\">\r\n\t<div id=\"page-section-69e08dada0a5b\" class=\"mk-page-section self-hosted   full_layout full-width-69e08dada0a5b js-el js-master-row jupiter-donut-\"    data-intro-effect=\"false\">\r\n\r\n\t\t\t\r\n\t\t\t<div class=\"mk-page-section-inner\">\r\n\t\t\t\t\r\n\r\n\r\n<div class=\"mk-video-color-mask\"><\/div>\r\n\r\n\t\t\t\t\r\n\t\t\t\t\t\t\t<\/div>\r\n\r\n\t\t\t\r\n        <div class=\"page-section-content vc_row-fluid page-section-fullwidth\" >\r\n            <div class=\"mk-padding-wrapper wpb_row\"><\/div>\r\n            <div class=\"clearboth\"><\/div>\r\n        <\/div>\r\n\r\n\r\n\t\t\t\r\n\t\t\t\r\n\t\t\t\r\n\t\t<div class=\"clearboth\"><\/div>\r\n\t<\/div>\r\n<\/div>\r\n<div class=\"vc_row-full-width vc_clearfix\"><\/div>\r\n\r\n<style id=\"mk-shortcode-style-69e08dada0a5b\" type=\"text\/css\">.full-width-69e08dada0a5b { min-height:100px; margin-bottom:0px; } .full-width-69e08dada0a5b .page-section-content { padding:10px 0 10px; } #background-layer--69e08dada0a5b { ; background-position:left top; background-repeat:repeat; ; } #background-layer--69e08dada0a5b .mk-color-layer { ; width:100%; height:100%; position:absolute; top:0; left:0; }<\/style><\/div>\r\n            <div class=\"clearboth\"><\/div>\r\n        <\/div>\r\n\r\n\r\n\t\t\t\r\n\t\t\t\r\n\t\t\t\r\n\t\t<div class=\"clearboth\"><\/div>\r\n\t<\/div>\r\n<\/div>\r\n<div class=\"vc_row-full-width vc_clearfix\"><\/div>\r\n\r\n<style id=\"mk-shortcode-style-69e08dad9f5a1\" type=\"text\/css\">.full-width-69e08dad9f5a1 { min-height:100px; margin-bottom:0px; } .full-width-69e08dad9f5a1 .page-section-content { padding:10px 0 10px; } #background-layer--69e08dad9f5a1 { ; background-position:left top; background-repeat:repeat; ; } #background-layer--69e08dad9f5a1 .mk-color-layer { ; width:100%; height:100%; position:absolute; top:0; left:0; }<\/style>[\/mk_page_section]<style id=\"mk-shortcode-style-69e08dada0db7\" type=\"text\/css\"><\/style>\r\n<div class=\"vc_col-sm-12 wpb_column column_container  jupiter-donut- _ jupiter-donut-height-full\">\r\n\t\r\n\r\n<div class=\"wpb_row vc_inner vc_row vc_row-fluid jupiter-donut-   attched-false   vc_custom_1655134021891\">\r\n\t\t\t<div class=\"wpb_column vc_column_container vc_col-sm-12\"><div class=\"vc_column-inner\"><div class=\"wpb_wrapper\"><style id=\"mk-shortcode-style-69e08dada1086\" type=\"text\/css\">#text-block-69e08dada1086 { margin-bottom:0px; text-align:left; }<\/style>\t<div class=\"vc_custom_1703846135452\">\r\n\r\n<div id=\"text-block-69e08dada1086\" class=\"mk-text-block  jupiter-donut-\">\r\n\r\n\t\r\n\t<p>LA SOIREE USINE, S. L. U. a men\u00e9 des actions visant \u00e0 la de conseil strat\u00e9gique dans le but de d\u00e9finir la strat\u00e9gie de l&#039;expansion commerciale du projet international. Cette action est co-financ\u00e9e par l&#039;Union Europ\u00e9enne via le FEDER, Programme de la Comunitat Valenciana 2021-27.<\/p>\n<p>Le projet, avec le num\u00e9ro de dossier ITCOES\/2023\/123, il a \u00e9t\u00e9 soutenu par une subvention de 13.410,00 \u20ac<\/p>\n<p>&nbsp;<\/p>\n<p><img decoding=\"async\" class=\"aligncenter wp-image-1195\" src=\"https:\/\/thesaraofactory.com\/wp-content\/uploads\/2023\/12\/logo-financiacion-300x32.png\" alt=\"\" width=\"375\" height=\"40\" srcset=\"https:\/\/thesaraofactory.com\/wp-content\/uploads\/2023\/12\/logo-financiacion-300x32.png 300w, https:\/\/thesaraofactory.com\/wp-content\/uploads\/2023\/12\/logo-financiacion-1024x108.png 1024w, https:\/\/thesaraofactory.com\/wp-content\/uploads\/2023\/12\/logo-financiacion-768x81.png 768w, https:\/\/thesaraofactory.com\/wp-content\/uploads\/2023\/12\/logo-financiacion.png 1030w\" sizes=\"(max-width: 375px) 100vw, 375px\" \/><\/p>\n\r\n\t<div class=\"clearboth\"><\/div>\r\n<\/div>\r\n\r\n\t<\/div>\r\n<\/div><\/div><\/div>\t<\/div>\r\n\r\n\r\n<div class=\"wpb_row vc_inner vc_row vc_row-fluid jupiter-donut-   attched-false   vc_custom_1655134021891\">\r\n\t\t\t<div class=\"wpb_column vc_column_container vc_col-sm-12\"><div class=\"vc_column-inner\"><div class=\"wpb_wrapper\"><style id=\"mk-shortcode-style-69e08dada12db\" type=\"text\/css\">#text-block-69e08dada12db { margin-bottom:0px; text-align:left; }<\/style>\t<div class=\"vc_custom_1744181402748\">\r\n\r\n<div id=\"text-block-69e08dada12db\" class=\"mk-text-block  jupiter-donut-\">\r\n\r\n\t\r\n\t<p><span data-olk-copy-source=\"MessageBody\">LA SOIREE USINE SL\u00a0<\/span>a \u00e9t\u00e9 un b\u00e9n\u00e9ficiaire de Fonds Europ\u00e9ens, dont l&#039;objectif est le renforcement de la croissance durable et la comp\u00e9titivit\u00e9 des PME et gr\u00e2ce \u00e0 qui a lanc\u00e9 un Plan d&#039;Action dans le but d&#039;am\u00e9liorer sa comp\u00e9titivit\u00e9 gr\u00e2ce \u00e0 la transformation num\u00e9rique, la promotion en ligne et e-commerce sur les march\u00e9s internationaux au cours de l&#039;ann\u00e9e 2024. Pour ce faire, il a eu le soutien du Programme Xpande Num\u00e9rique de la Chambre de Commerce d&#039;Alicante. #EuropaSeSiente<\/p>\n<p><img loading=\"lazy\" decoding=\"async\" class=\"aligncenter wp-image-1559 size-full\" src=\"https:\/\/thesaraofactory.com\/wp-content\/uploads\/2024\/10\/fondos-europeos.jpg\" alt=\"\" width=\"998\" height=\"74\" srcset=\"https:\/\/thesaraofactory.com\/wp-content\/uploads\/2024\/10\/fondos-europeos.jpg 998w, https:\/\/thesaraofactory.com\/wp-content\/uploads\/2024\/10\/fondos-europeos-300x22.jpg 300w, https:\/\/thesaraofactory.com\/wp-content\/uploads\/2024\/10\/fondos-europeos-768x57.jpg 768w\" sizes=\"(max-width: 998px) 100vw, 998px\" \/><\/p>\n\r\n\t<div class=\"clearboth\"><\/div>\r\n<\/div>\r\n\r\n\t<\/div>\r\n<\/div><\/div><\/div>\t<\/div>\r\n<\/div>\r\n[\/vc_row]\n<\/div>","protected":false},"excerpt":{"rendered":"<p>[\/mk_page_section][\/vc_row]<\/p>","protected":false},"author":2,"featured_media":0,"parent":0,"menu_order":0,"comment_status":"closed","ping_status":"closed","template":"","meta":{"footnotes":""},"class_list":["post-807","page","type-page","status-publish","hentry"],"_links":{"self":[{"href":"https:\/\/thesaraofactory.com\/fr\/wp-json\/wp\/v2\/pages\/807","targetHints":{"allow":["GET"]}}],"collection":[{"href":"https:\/\/thesaraofactory.com\/fr\/wp-json\/wp\/v2\/pages"}],"about":[{"href":"https:\/\/thesaraofactory.com\/fr\/wp-json\/wp\/v2\/types\/page"}],"author":[{"embeddable":true,"href":"https:\/\/thesaraofactory.com\/fr\/wp-json\/wp\/v2\/users\/2"}],"replies":[{"embeddable":true,"href":"https:\/\/thesaraofactory.com\/fr\/wp-json\/wp\/v2\/comments?post=807"}],"version-history":[{"count":28,"href":"https:\/\/thesaraofactory.com\/fr\/wp-json\/wp\/v2\/pages\/807\/revisions"}],"predecessor-version":[{"id":1493,"href":"https:\/\/thesaraofactory.com\/fr\/wp-json\/wp\/v2\/pages\/807\/revisions\/1493"}],"wp:attachment":[{"href":"https:\/\/thesaraofactory.com\/fr\/wp-json\/wp\/v2\/media?parent=807"}],"curies":[{"name":"wp","href":"https:\/\/api.w.org\/{rel}","templated":true}]}}