{"id":766,"date":"2023-04-17T08:28:37","date_gmt":"2023-04-17T08:28:37","guid":{"rendered":"https:\/\/thesaraofactory.com\/?page_id=766"},"modified":"2025-04-09T06:46:22","modified_gmt":"2025-04-09T06:46:22","slug":"fsc","status":"publish","type":"page","link":"https:\/\/thesaraofactory.com\/fr\/fsc\/","title":{"rendered":"FSC"},"content":{"rendered":"<div class=\"wpb-content-wrapper\">\r\n<div class=\"mk-page-section-wrapper\" data-mk-full-width=\"true\" data-mk-full-width-init=\"true\" data-mk-stretch-content=\"true\">\r\n\t<div id=\"page-section-69e08f1941ffd\" class=\"mk-page-section self-hosted   full_layout full-width-69e08f1941ffd js-el js-master-row jupiter-donut-visible-sm\"    data-intro-effect=\"false\">\r\n\r\n\t\t\t\r\n\t\t\t<div class=\"mk-page-section-inner\">\r\n\t\t\t\t\r\n\r\n\r\n<div class=\"mk-video-color-mask\"><\/div>\r\n\r\n\t\t\t\t\r\n\t\t\t\t\t\t\t<\/div>\r\n\r\n\t\t\t\r\n        <div class=\"page-section-content vc_row-fluid page-section-fullwidth\" >\r\n            <div class=\"mk-padding-wrapper wpb_row\"><style id=\"mk-shortcode-style-69e08f194241c\" type=\"text\/css\"><\/style>\r\n<div class=\"vc_col-sm-12 wpb_column column_container  jupiter-donut- _ jupiter-donut-height-full\">\r\n\t\r\n\r\n<div class=\"wpb_row vc_inner vc_row vc_row-fluid jupiter-donut-   attched-false\">\r\n\t\t\t<div class=\"wpb_column vc_column_container vc_col-sm-12\"><div class=\"vc_column-inner\"><div class=\"wpb_wrapper\"><div class=\"vc_empty_space\"   style=\"height: 5px\"><span class=\"vc_empty_space_inner\"><\/span><\/div><style id=\"mk-shortcode-style-69e08f19429a9\" type=\"text\/css\">#text-block-69e08f19429a9 { margin-bottom:0px; text-align:left; }<\/style>\t<div class=\"vc_custom_1654203243248\">\r\n\r\n<div id=\"text-block-69e08f19429a9\" class=\"mk-text-block  jupiter-donut-\">\r\n\r\n\t\r\n\t<p style=\"text-align: center; margin-bottom: 0px;\">FSC<\/p>\n\r\n\t<div class=\"clearboth\"><\/div>\r\n<\/div>\r\n\r\n\t<\/div>\r\n<\/div><\/div><\/div>\t<\/div>\r\n<\/div>\r\n<\/div>\r\n            <div class=\"clearboth\"><\/div>\r\n        <\/div>\r\n\r\n\r\n\t\t\t\r\n\t\t\t\r\n\t\t\t\r\n\t\t<div class=\"clearboth\"><\/div>\r\n\t<\/div>\r\n<\/div>\r\n<div class=\"vc_row-full-width vc_clearfix\"><\/div>\r\n\r\n<style id=\"mk-shortcode-style-69e08f1941ffd\" type=\"text\/css\">.full-width-69e08f1941ffd { min-height:40px; margin-bottom:0px; background-color:#329471; border:1px solid #ffffff;border-left:none;border-right:none; } .full-width-69e08f1941ffd .page-section-content { padding:0px 0 0px; } #background-layer--69e08f1941ffd { ; background-position:left top; background-repeat:repeat; ; } #background-layer--69e08f1941ffd .mk-color-layer { ; width:100%; height:100%; position:absolute; top:0; left:0; }<\/style><style id=\"mk-shortcode-style-69e08f1941ffd\" type=\"text\/css\">.full-width-69e08f1941ffd .mk-fancy-title.pattern-style span, .full-width-69e08f1941ffd .mk-blog-view-all { background-color:#329471 !important; }<\/style>\r\n<div class=\"mk-page-section-wrapper\" data-mk-full-width=\"true\" data-mk-full-width-init=\"true\" data-mk-stretch-content=\"true\">\r\n\t<div id=\"page-section-69e08f1942cd0\" class=\"mk-page-section self-hosted   full_layout full-width-69e08f1942cd0 js-el js-master-row jupiter-donut-\"    data-intro-effect=\"false\">\r\n\r\n\t\t\t\r\n\t\t\t<div class=\"mk-page-section-inner\">\r\n\t\t\t\t\r\n\r\n\r\n<div class=\"mk-video-color-mask\"><\/div>\r\n\r\n\t\t\t\t\r\n\t\t\t\t\t\t\t<\/div>\r\n\r\n\t\t\t\r\n        <div class=\"page-section-content vc_row-fluid page-section-fullwidth\" >\r\n            <div class=\"mk-padding-wrapper wpb_row\"><style id=\"mk-shortcode-style-69e08f1942f50\" type=\"text\/css\"><\/style>\r\n<div class=\"vc_col-sm-12 wpb_column column_container  jupiter-donut- _ jupiter-donut-height-full\">\r\n\t\r\n\r\n<div class=\"wpb_row vc_inner vc_row vc_row-fluid jupiter-donut-   attched-false   vc_custom_1655134021891\">\r\n\t\t\t<div class=\"wpb_column vc_column_container vc_col-sm-12\"><div class=\"vc_column-inner\"><div class=\"wpb_wrapper\"><style id=\"mk-shortcode-style-69e08f19431d3\" type=\"text\/css\">#text-block-69e08f19431d3 { margin-bottom:0px; text-align:left; }<\/style>\t<div class=\"vc_custom_1699875252259\">\r\n\r\n<div id=\"text-block-69e08f19431d3\" class=\"mk-text-block  jupiter-donut-\">\r\n\r\n\t\r\n\t<h1><b>LA CERTIFICATION FSC<\/b><b>\u00a0<\/b><\/h1>\n<p>La politique de The Sarao Factory, S. L. U., avec <strong>Num\u00e9ro de licence FSC\u00ae C178166<\/strong>sur la consommation de la for\u00eat de mat\u00e9riel, et de l&#039;engagement de ls de la Sant\u00e9, de la S\u00e9curit\u00e9 et de Travail.<\/p>\n<p>La certification foresti\u00e8re selon les exigences des r\u00e8gles de <strong>FSC (Forest Stewardship Council\u00ae)<\/strong> ils sont d&#039;excellents outils pour la promotion de la conservation des for\u00eats et de la maintenance et de l&#039;am\u00e9lioration de la biodiversit\u00e9 de la for\u00eat. D&#039;autre part, la certification de la cha\u00eene de tra\u00e7abilit\u00e9 est un \u00e9l\u00e9ment cl\u00e9 pour s&#039;assurer contre le march\u00e9 de l&#039;origine des mati\u00e8res premi\u00e8res que nous utilisons.<\/p>\n<p>The Sarao Factory, S. L. U. est consciente de l&#039;impact de leurs d\u00e9cisions d&#039;achat sur les for\u00eats, ils sont nourris que de l&#039;importance de la promotion aupr\u00e8s de leurs fournisseurs une gestion responsable des for\u00eats et les droits des travailleurs. En cons\u00e9quence, La Soir\u00e9e en Usine, S. L. U. s&#039;engage \u00e0 \u00e9viter toute sorte de relation directe ou indirecte avec les activit\u00e9s telles que:<\/p>\n<p>\u2013 L&#039;exploitation de bois ill\u00e9gal ou illicite de la commercialisation des produits de la for\u00eat ou de la for\u00eat;<\/p>\n<p>\u2013 La violation des droits de l&#039;homme et traditionnelle dans les op\u00e9rations foresti\u00e8res;<\/p>\n<p>\u2013 La destruction de grandes valeurs des activit\u00e9s de conservation, l&#039;exploitation de la for\u00eat;<\/p>\n<p>\u2013 La conversion de for\u00eats naturelles en plantations ou non foresti\u00e8res;<\/p>\n<p>\u2013 L&#039;introduction d&#039;organismes g\u00e9n\u00e9tiquement modifi\u00e9s dans l&#039;exploitation foresti\u00e8re;<\/p>\n<p>\u2013 Violation de l&#039;une quelconque des Conventions Fondamentales de l&#039;OIT, tel que d\u00e9fini dans la D\u00e9claration de l&#039;OIT relative aux principes et droits fondamentaux au travail, 1998.<\/p>\n<p>The Sarao Factory, S. L. U. de m\u00eame, il s&#039;engage \u00e0 respecter les engagements de la s\u00e9curit\u00e9 sociale et de la sant\u00e9 de la l\u00e9gislation en vigueur, telles que:<\/p>\n<p>\u2013 Permettre aux travailleurs de s&#039;associer librement, de choisir des repr\u00e9sentants et \u00e0 la n\u00e9gociation collective.<\/p>\n<p>Le Respect de l&#039;\u00e2ge minimum l\u00e9gal du contrat (16 ans).<\/p>\n<p>\u2013 Se conformer aux exigences l\u00e9gales de la sant\u00e9 et de la s\u00e9curit\u00e9 au travail, ainsi que de ne pas avoir recours au travail forc\u00e9.<\/p>\n<p>Bases de respect de l&#039;\u00e9galit\u00e9 de chances et de traitement des travailleurs.<\/p>\n<p>Par cons\u00e9quent, la direction s&#039;engage \u00e0 ce que cette Politique est comprise et mise en \u0153uvre \u00e0 tous les niveaux de la soci\u00e9t\u00e9, et est disponible pour tous nos clients et groupes d&#039;int\u00e9r\u00eat.<\/p>\n<p>Alberto Garc\u00eda Carrillo\u2013 G\u00e9rant de The Sarao Factory, S. L. U. le 1er juillet 2022<\/p>\n\r\n\t<div class=\"clearboth\"><\/div>\r\n<\/div>\r\n\r\n\t<\/div>\r\n<div class=\"vc_empty_space\"   style=\"height: 10px\"><span class=\"vc_empty_space_inner\"><\/span><\/div><\/div><\/div><\/div>\t<\/div>\r\n<\/div>\r\n<\/div>\r\n            <div class=\"clearboth\"><\/div>\r\n        <\/div>\r\n\r\n\r\n\t\t\t\r\n\t\t\t\r\n\t\t\t\r\n\t\t<div class=\"clearboth\"><\/div>\r\n\t<\/div>\r\n<\/div>\r\n<div class=\"vc_row-full-width vc_clearfix\"><\/div>\r\n\r\n<style id=\"mk-shortcode-style-69e08f1942cd0\" type=\"text\/css\">.full-width-69e08f1942cd0 { min-height:100px; margin-bottom:0px; } .full-width-69e08f1942cd0 .page-section-content { padding:10px 0 10px; } #background-layer--69e08f1942cd0 { ; background-position:left top; background-repeat:repeat; ; } #background-layer--69e08f1942cd0 .mk-color-layer { ; width:100%; height:100%; position:absolute; top:0; left:0; }<\/style>\n<\/div>","protected":false},"excerpt":{"rendered":"FSC CERTIFICACI\u00d3N\u00a0 FSC\u00a0 Pol\u00edtica de The Sarao Factory, S.L.U. con n\u00famero de Licencia\u00a0FSC\u00ae C178166,\u00a0sobre el consumo de material forestal y compromiso con ls Salud, Seguridad y Trabajo. La certificaci\u00f3n forestal bajo los requisitos de las normas de FSC (Forest Stewardship Council\u00ae) son excelentes herramientas para promover la conservaci\u00f3n de los bosques y el mantenimiento y [...]","protected":false},"author":2,"featured_media":0,"parent":0,"menu_order":0,"comment_status":"closed","ping_status":"closed","template":"","meta":{"footnotes":""},"class_list":["post-766","page","type-page","status-publish","hentry"],"_links":{"self":[{"href":"https:\/\/thesaraofactory.com\/fr\/wp-json\/wp\/v2\/pages\/766","targetHints":{"allow":["GET"]}}],"collection":[{"href":"https:\/\/thesaraofactory.com\/fr\/wp-json\/wp\/v2\/pages"}],"about":[{"href":"https:\/\/thesaraofactory.com\/fr\/wp-json\/wp\/v2\/types\/page"}],"author":[{"embeddable":true,"href":"https:\/\/thesaraofactory.com\/fr\/wp-json\/wp\/v2\/users\/2"}],"replies":[{"embeddable":true,"href":"https:\/\/thesaraofactory.com\/fr\/wp-json\/wp\/v2\/comments?post=766"}],"version-history":[{"count":23,"href":"https:\/\/thesaraofactory.com\/fr\/wp-json\/wp\/v2\/pages\/766\/revisions"}],"predecessor-version":[{"id":2416,"href":"https:\/\/thesaraofactory.com\/fr\/wp-json\/wp\/v2\/pages\/766\/revisions\/2416"}],"wp:attachment":[{"href":"https:\/\/thesaraofactory.com\/fr\/wp-json\/wp\/v2\/media?parent=766"}],"curies":[{"name":"wp","href":"https:\/\/api.w.org\/{rel}","templated":true}]}}