{"id":52,"date":"2022-04-29T11:40:59","date_gmt":"2022-04-29T11:40:59","guid":{"rendered":"https:\/\/thesaraofactory.com\/?page_id=52"},"modified":"2025-04-09T12:21:08","modified_gmt":"2025-04-09T12:21:08","slug":"eco-living","status":"publish","type":"page","link":"https:\/\/thesaraofactory.com\/fr\/eco-living\/","title":{"rendered":"Eco-vie"},"content":{"rendered":"<div class=\"wpb-content-wrapper\">\r\n<div  data-mk-stretch-content=\"true\" class=\"wpb_row vc_row vc_row-fluid jupiter-donut- mk-fullwidth-false  attched-false     js-master-row  mk-grid\">\r\n\t\t\t\t<style id=\"mk-shortcode-style-69e08d883fa84\" type=\"text\/css\"><\/style>\r\n<div class=\"vc_col-sm-12 wpb_column column_container  jupiter-donut- _ jupiter-donut-height-full\">\r\n\t<style id=\"mk-shortcode-style-69e08d883fccd\" type=\"text\/css\">#text-block-69e08d883fccd { margin-bottom:0px; text-align:left; }<\/style>\r\n<div id=\"text-block-69e08d883fccd\" class=\"mk-text-block  jupiter-donut-\">\r\n\r\n\t\r\n\t<p class=\"subtitle-desk\" style=\"text-align: center; margin-bottom: 0px;\">Vie \u00e9co<\/p>\n\r\n\t<div class=\"clearboth\"><\/div>\r\n<\/div>\r\n\r\n<\/div>\r\n\r\n<div class=\"mk-page-section-wrapper\" data-mk-full-width=\"true\" data-mk-full-width-init=\"true\" data-mk-stretch-content=\"true\">\r\n\t<div id=\"page-section-69e08d883ff4a\" class=\"mk-page-section self-hosted   full_layout full-width-69e08d883ff4a js-el js-master-row jupiter-donut-hidden-sm\"    data-intro-effect=\"false\">\r\n\r\n\t\t\t\r\n\t\t\t<div class=\"mk-page-section-inner\">\r\n\t\t\t\t\r\n\r\n\r\n<div class=\"mk-video-color-mask\"><\/div>\r\n\r\n\t\t\t\t\r\n\t\t\t\t\t\t\t<\/div>\r\n\r\n\t\t\t\r\n        <div class=\"page-section-content vc_row-fluid page-section-fullwidth\" >\r\n            <div class=\"mk-padding-wrapper wpb_row\"><style id=\"mk-shortcode-style-69e08d88401e7\" type=\"text\/css\"><\/style>\r\n<div class=\"vc_col-sm-12 wpb_column column_container  jupiter-donut- _ jupiter-donut-height-full\">\r\n\t\r\n\r\n<div class=\"wpb_row vc_inner vc_row vc_row-fluid jupiter-donut-   attched-false\">\r\n\t\t\t<div class=\"wpb_column vc_column_container vc_col-sm-12\"><div class=\"vc_column-inner\"><div class=\"wpb_wrapper\"><div class=\"vc_empty_space\"   style=\"height: 20px\"><span class=\"vc_empty_space_inner\"><\/span><\/div><style id=\"mk-shortcode-style-69e08d8840578\" type=\"text\/css\">#text-block-69e08d8840578 { margin-bottom:0px; text-align:left; }<\/style>\t<div class=\"vc_custom_1653029808863\">\r\n\r\n<div id=\"text-block-69e08d8840578\" class=\"mk-text-block  jupiter-donut-\">\r\n\r\n\t\r\n\t<p style=\"margin-left: 50px; font-size: 48px; font-weight: bold; line-height: 52.73px;\">La connexion nous permet de nous. Chaque action compte. Chacun de nous est n\u00e9cessaire pour r\u00e9aliser le changement. Ensemble, nous pouvons faire des choses extraordinaires. Ce n&#039;est que le pistolet de d\u00e9part.<\/p>\n\r\n\t<div class=\"clearboth\"><\/div>\r\n<\/div>\r\n\r\n\t<\/div>\r\n<div class=\"vc_empty_space\"   style=\"height: 20px\"><span class=\"vc_empty_space_inner\"><\/span><\/div><\/div><\/div><\/div>\t<\/div>\r\n<div class=\"vc_separator wpb_content_element vc_separator_align_center vc_sep_width_100 vc_sep_pos_align_center vc_separator_no_text vc_sep_color_white vc_custom_1651162394176 wpb_content_element  vc_custom_1651162394176 wpb_content_element\" ><span class=\"vc_sep_holder vc_sep_holder_l\"><span class=\"vc_sep_line\"><\/span><\/span><span class=\"vc_sep_holder vc_sep_holder_r\"><span class=\"vc_sep_line\"><\/span><\/span>\n<\/div><\/div>\r\n<\/div>\r\n            <div class=\"clearboth\"><\/div>\r\n        <\/div>\r\n\r\n\r\n\t\t\t\r\n\t\t\t\r\n\t\t\t\r\n\t\t<div class=\"clearboth\"><\/div>\r\n\t<\/div>\r\n<\/div>\r\n<div class=\"vc_row-full-width vc_clearfix\"><\/div>\r\n\r\n<style id=\"mk-shortcode-style-69e08d883ff4a\" type=\"text\/css\">.full-width-69e08d883ff4a { min-height:100px; margin-bottom:0px; } .full-width-69e08d883ff4a .page-section-content { padding:10px 0 1px; } #background-layer--69e08d883ff4a { ; background-position:left top; background-repeat:repeat; ; } #background-layer--69e08d883ff4a .mk-color-layer { ; width:100%; height:100%; position:absolute; top:0; left:0; }<\/style>\r\n<div class=\"mk-page-section-wrapper\" data-mk-full-width=\"true\" data-mk-full-width-init=\"true\" data-mk-stretch-content=\"true\">\r\n\t<div id=\"page-section-69e08d8840aa3\" class=\"mk-page-section self-hosted   full_layout full-width-69e08d8840aa3 js-el js-master-row jupiter-donut-visible-sm\"    data-intro-effect=\"false\">\r\n\r\n\t\t\t\r\n\t\t\t<div class=\"mk-page-section-inner\">\r\n\t\t\t\t\r\n\r\n\r\n<div class=\"mk-video-color-mask\"><\/div>\r\n\r\n\t\t\t\t\r\n\t\t\t\t\t\t\t<\/div>\r\n\r\n\t\t\t\r\n        <div class=\"page-section-content vc_row-fluid page-section-fullwidth\" >\r\n            <div class=\"mk-padding-wrapper wpb_row\"><style id=\"mk-shortcode-style-69e08d8840d06\" type=\"text\/css\"><\/style>\r\n<div class=\"vc_col-sm-12 wpb_column column_container  jupiter-donut- _ jupiter-donut-height-full\">\r\n\t\r\n\r\n<div class=\"wpb_row vc_inner vc_row vc_row-fluid jupiter-donut-   attched-false\">\r\n\t\t\t<div class=\"wpb_column vc_column_container vc_col-sm-12\"><div class=\"vc_column-inner\"><div class=\"wpb_wrapper\"><div class=\"vc_empty_space\"   style=\"height: 40px\"><span class=\"vc_empty_space_inner\"><\/span><\/div><style id=\"mk-shortcode-style-69e08d8840fae\" type=\"text\/css\">#text-block-69e08d8840fae { margin-bottom:0px; text-align:left; }<\/style>\t<div class=\"vc_custom_1653040948547\">\r\n\r\n<div id=\"text-block-69e08d8840fae\" class=\"mk-text-block  jupiter-donut-\">\r\n\r\n\t\r\n\t<p style=\"font-size: 28px; font-weight: bold; line-height: 32px;\">La connexion nous permet de nous. Chaque action compte. Chacun de nous est n\u00e9cessaire pour r\u00e9aliser le changement. Ensemble, nous pouvons faire des choses extraordinaires. Ce n&#039;est que le pistolet de d\u00e9part.<\/p>\n\r\n\t<div class=\"clearboth\"><\/div>\r\n<\/div>\r\n\r\n\t<\/div>\r\n<div class=\"vc_empty_space\"   style=\"height: 50px\"><span class=\"vc_empty_space_inner\"><\/span><\/div><\/div><\/div><\/div>\t<\/div>\r\n<\/div>\r\n<\/div>\r\n            <div class=\"clearboth\"><\/div>\r\n        <\/div>\r\n\r\n\r\n\t\t\t\r\n\t\t\t\r\n\t\t\t\r\n\t\t<div class=\"clearboth\"><\/div>\r\n\t<\/div>\r\n<\/div>\r\n<div class=\"vc_row-full-width vc_clearfix\"><\/div>\r\n\r\n<style id=\"mk-shortcode-style-69e08d8840aa3\" type=\"text\/css\">.full-width-69e08d8840aa3 { min-height:100px; margin-bottom:0px; } .full-width-69e08d8840aa3 .page-section-content { padding:10px 0 1px; } #background-layer--69e08d8840aa3 { ; background-position:left top; background-repeat:repeat; ; } #background-layer--69e08d8840aa3 .mk-color-layer { ; width:100%; height:100%; position:absolute; top:0; left:0; }<\/style>\r\n<div class=\"mk-page-section-wrapper\" data-mk-full-width=\"true\" data-mk-full-width-init=\"true\" data-mk-stretch-content=\"true\">\r\n\t<div id=\"page-section-69e08d8841306\" class=\"mk-page-section self-hosted   full_layout full-width-69e08d8841306 js-el js-master-row jupiter-donut-hidden-sm\"    data-intro-effect=\"false\">\r\n\r\n\t\t\t\r\n\t\t\t<div class=\"mk-page-section-inner\">\r\n\t\t\t\t\r\n\r\n\r\n<div class=\"mk-video-color-mask\"><\/div>\r\n\r\n\t\t\t\t\r\n\t\t\t\t\t\t\t<\/div>\r\n\r\n\t\t\t\r\n        <div class=\"page-section-content vc_row-fluid page-section-fullwidth\" >\r\n            <div class=\"mk-padding-wrapper wpb_row\"><style id=\"mk-shortcode-style-69e08d884156b\" type=\"text\/css\"><\/style>\r\n<div class=\"vc_col-sm-12 wpb_column column_container  jupiter-donut- _ jupiter-donut-height-full\">\r\n\t\r\n\r\n<div class=\"wpb_row vc_inner vc_row vc_row-fluid jupiter-donut-   attched-false\">\r\n\t\t\t<div class=\"wpb_column vc_column_container vc_col-sm-4\"><div class=\"vc_column-inner\"><div class=\"wpb_wrapper\"><div class=\"vc_empty_space\"   style=\"height: 50px\"><span class=\"vc_empty_space_inner\"><\/span><\/div><style id=\"mk-shortcode-style-69e08d884183c\" type=\"text\/css\">#text-block-69e08d884183c { margin-bottom:0px; text-align:left; }<\/style>\t<div class=\"vc_custom_1651232250236\">\r\n\r\n<div id=\"text-block-69e08d884183c\" class=\"mk-text-block  jupiter-donut-\">\r\n\r\n\t\r\n\t<p style=\"font-size: 36px; font-weight: bold; margin-left: 50px;\">O\u00f9?<\/p>\n\r\n\t<div class=\"clearboth\"><\/div>\r\n<\/div>\r\n\r\n\t<\/div>\r\n<style id=\"mk-shortcode-style-69e08d8841908\" type=\"text\/css\">#text-block-69e08d8841908 { margin-bottom:0px; text-align:left; }<\/style>\t<div class=\"vc_custom_1697464174048\">\r\n\r\n<div id=\"text-block-69e08d8841908\" class=\"mk-text-block  jupiter-donut-\">\r\n\r\n\t\r\n\t<p style=\"margin-left: 50px; font-size: 24px; font-weight: 300; line-height: 28.13px;\">Ici et maintenant. Dans la Terre, de l&#039;Espagne \u00e0 l&#039;endroit o\u00f9 vous le voulez.<\/p>\n\r\n\t<div class=\"clearboth\"><\/div>\r\n<\/div>\r\n\r\n\t<\/div>\r\n<div class=\"vc_empty_space\"   style=\"height: 20px\"><span class=\"vc_empty_space_inner\"><\/span><\/div><style id=\"mk-shortcode-style-69e08d8841a3c\" type=\"text\/css\">#text-block-69e08d8841a3c { margin-bottom:0px; text-align:left; }<\/style>\t<div class=\"vc_custom_1651232282456\">\r\n\r\n<div id=\"text-block-69e08d8841a3c\" class=\"mk-text-block  jupiter-donut-\">\r\n\r\n\t\r\n\t<p style=\"font-size: 36px; font-weight: bold; margin-left: 50px;\">Comment?<\/p>\n\r\n\t<div class=\"clearboth\"><\/div>\r\n<\/div>\r\n\r\n\t<\/div>\r\n<style id=\"mk-shortcode-style-69e08d8841aef\" type=\"text\/css\">#text-block-69e08d8841aef { margin-bottom:0px; text-align:left; }<\/style>\t<div class=\"vc_custom_1653029873042\">\r\n\r\n<div id=\"text-block-69e08d8841aef\" class=\"mk-text-block  jupiter-donut-\">\r\n\r\n\t\r\n\t<p style=\"margin-left: 50px; font-size: 24px; font-weight: 300; line-height: 28.13px;\">L&#039;\u00e9co-conception de solutions durables en Espagne, qui sont conformes \u00e0 la R\u00e9glementation Europ\u00e9enne.<\/p>\n\r\n\t<div class=\"clearboth\"><\/div>\r\n<\/div>\r\n\r\n\t<\/div>\r\n<div class=\"vc_empty_space\"   style=\"height: 20px\"><span class=\"vc_empty_space_inner\"><\/span><\/div><style id=\"mk-shortcode-style-69e08d8841c13\" type=\"text\/css\">#text-block-69e08d8841c13 { margin-bottom:0px; text-align:left; }<\/style>\t<div class=\"vc_custom_1651232317998\">\r\n\r\n<div id=\"text-block-69e08d8841c13\" class=\"mk-text-block  jupiter-donut-\">\r\n\r\n\t\r\n\t<p style=\"font-size: 36px; font-weight: bold; margin-left: 50px;\">Quand?<\/p>\n\r\n\t<div class=\"clearboth\"><\/div>\r\n<\/div>\r\n\r\n\t<\/div>\r\n<style id=\"mk-shortcode-style-69e08d8841cbd\" type=\"text\/css\">#text-block-69e08d8841cbd { margin-bottom:0px; text-align:left; }<\/style>\t<div class=\"vc_custom_1653029877679\">\r\n\r\n<div id=\"text-block-69e08d8841cbd\" class=\"mk-text-block  jupiter-donut-\">\r\n\r\n\t\r\n\t<p style=\"margin-left: 50px; font-size: 24px; font-weight: 300; line-height: 28.13px;\">Pour les plus de 18 ans, agissant dans le moment pr\u00e9sent et anticiper le matin #24\/7<\/p>\n\r\n\t<div class=\"clearboth\"><\/div>\r\n<\/div>\r\n\r\n\t<\/div>\r\n<div class=\"vc_empty_space\"   style=\"height: 40px\"><span class=\"vc_empty_space_inner\"><\/span><\/div><\/div><\/div><\/div><div class=\"wpb_column vc_column_container vc_col-sm-2\"><div class=\"vc_column-inner\"><div class=\"wpb_wrapper\"><\/div><\/div><\/div><div class=\"wpb_column vc_column_container vc_col-sm-6 vc_col-has-fill\"><div class=\"vc_column-inner vc_custom_1654206481429\"><div class=\"wpb_wrapper\"><div class=\"vc_empty_space\"   style=\"height: 600px\"><span class=\"vc_empty_space_inner\"><\/span><\/div><\/div><\/div><\/div>\t<\/div>\r\n<div class=\"vc_separator wpb_content_element vc_separator_align_center vc_sep_width_100 vc_sep_pos_align_center vc_separator_no_text vc_sep_color_white vc_custom_1651162394176 wpb_content_element  vc_custom_1651162394176 wpb_content_element\" ><span class=\"vc_sep_holder vc_sep_holder_l\"><span class=\"vc_sep_line\"><\/span><\/span><span class=\"vc_sep_holder vc_sep_holder_r\"><span class=\"vc_sep_line\"><\/span><\/span>\n<\/div><\/div>\r\n<\/div>\r\n            <div class=\"clearboth\"><\/div>\r\n        <\/div>\r\n\r\n\r\n\t\t\t\r\n\t\t\t\r\n\t\t\t\r\n\t\t<div class=\"clearboth\"><\/div>\r\n\t<\/div>\r\n<\/div>\r\n<div class=\"vc_row-full-width vc_clearfix\"><\/div>\r\n\r\n<style id=\"mk-shortcode-style-69e08d8841306\" type=\"text\/css\">.full-width-69e08d8841306 { min-height:100px; margin-bottom:0px; } .full-width-69e08d8841306 .page-section-content { padding:0px 0 1px; } #background-layer--69e08d8841306 { ; background-position:left top; background-repeat:repeat; ; } #background-layer--69e08d8841306 .mk-color-layer { ; width:100%; height:100%; position:absolute; top:0; left:0; }<\/style>\r\n<div class=\"mk-page-section-wrapper\" data-mk-full-width=\"true\" data-mk-full-width-init=\"true\" data-mk-stretch-content=\"true\">\r\n\t<div id=\"page-section-69e08d8842344\" class=\"mk-page-section self-hosted   full_layout full-width-69e08d8842344 js-el js-master-row jupiter-donut-visible-sm\"    data-intro-effect=\"false\">\r\n\r\n\t\t\t\r\n\t\t\t<div class=\"mk-page-section-inner\">\r\n\t\t\t\t\r\n\r\n\r\n<div class=\"mk-video-color-mask\"><\/div>\r\n\r\n\t\t\t\t\r\n\t\t\t\t\r\n\t\r\n\t<div class=\"background-layer-holder\">\r\n\t\t<div id=\"background-layer--69e08d8842344\" data-mk-lazyload=\"false\" class=\"background-layer  none-blend-effect js-el\"    data-mk-img-set='{\"landscape\":{\"desktop\":\"https:\/\/thesaraofactory.com\/wp-content\/uploads\/2022\/06\/the-sarao-factory-1.png\",\"tablet\":\"https:\/\/thesaraofactory.com\/wp-content\/uploads\/2022\/06\/the-sarao-factory-1-1024x768.png\",\"mobile\":\"https:\/\/thesaraofactory.com\/wp-content\/uploads\/2022\/06\/the-sarao-factory-1-736x414.png\"},\"responsive\":\"true\"}' >\r\n\t\t\t\t\t\t\t\t\t<div class=\"mk-color-layer\"><\/div>\r\n\t\t<\/div>\r\n\t<\/div>\r\n\r\n\t\t\t<\/div>\r\n\r\n\t\t\t\r\n        <div class=\"page-section-content vc_row-fluid page-section-fullwidth\" >\r\n            <div class=\"mk-padding-wrapper wpb_row\"><style id=\"mk-shortcode-style-69e08d8842c65\" type=\"text\/css\"><\/style>\r\n<div class=\"vc_col-sm-12 wpb_column column_container  jupiter-donut- _ jupiter-donut-height-full\">\r\n\t\r\n\r\n<div class=\"wpb_row vc_inner vc_row vc_row-fluid jupiter-donut-   attched-false\">\r\n\t\t\t<div class=\"wpb_column vc_column_container vc_col-sm-12\"><div class=\"vc_column-inner\"><div class=\"wpb_wrapper\"><div class=\"vc_empty_space\"   style=\"height: 315px\"><span class=\"vc_empty_space_inner\"><\/span><\/div><\/div><\/div><\/div>\t<\/div>\r\n<\/div>\r\n<\/div>\r\n            <div class=\"clearboth\"><\/div>\r\n        <\/div>\r\n\r\n\r\n\t\t\t\r\n\t\t\t\r\n\t\t\t\r\n\t\t<div class=\"clearboth\"><\/div>\r\n\t<\/div>\r\n<\/div>\r\n<div class=\"vc_row-full-width vc_clearfix\"><\/div>\r\n\r\n<style id=\"mk-shortcode-style-69e08d8842344\" type=\"text\/css\">.full-width-69e08d8842344 { min-height:100px; margin-bottom:0px; } .full-width-69e08d8842344 .page-section-content { padding:0px 0 1px; } #background-layer--69e08d8842344 { ; background-position:center center; background-repeat:no-repeat; ; } #background-layer--69e08d8842344 .mk-color-layer { ; width:100%; height:100%; position:absolute; top:0; left:0; }<\/style>\r\n<div class=\"mk-page-section-wrapper\" data-mk-full-width=\"true\" data-mk-full-width-init=\"true\" data-mk-stretch-content=\"true\">\r\n\t<div id=\"page-section-69e08d8843133\" class=\"mk-page-section self-hosted   full_layout full-width-69e08d8843133 js-el js-master-row jupiter-donut-visible-sm\"    data-intro-effect=\"false\">\r\n\r\n\t\t\t\r\n\t\t\t<div class=\"mk-page-section-inner\">\r\n\t\t\t\t\r\n\r\n\r\n<div class=\"mk-video-color-mask\"><\/div>\r\n\r\n\t\t\t\t\r\n\t\t\t\t\t\t\t<\/div>\r\n\r\n\t\t\t\r\n        <div class=\"page-section-content vc_row-fluid page-section-fullwidth\" >\r\n            <div class=\"mk-padding-wrapper wpb_row\"><style id=\"mk-shortcode-style-69e08d88433a1\" type=\"text\/css\"><\/style>\r\n<div class=\"vc_col-sm-12 wpb_column column_container  jupiter-donut- _ jupiter-donut-height-full\">\r\n\t\r\n\r\n<div class=\"wpb_row vc_inner vc_row vc_row-fluid jupiter-donut-   attched-false\">\r\n\t\t\t<div class=\"wpb_column vc_column_container vc_col-sm-12\"><div class=\"vc_column-inner\"><div class=\"wpb_wrapper\"><div class=\"vc_empty_space\"   style=\"height: 50px\"><span class=\"vc_empty_space_inner\"><\/span><\/div><style id=\"mk-shortcode-style-69e08d884365f\" type=\"text\/css\">#text-block-69e08d884365f { margin-bottom:0px; text-align:left; }<\/style>\t<div class=\"vc_custom_1653040986312\">\r\n\r\n<div id=\"text-block-69e08d884365f\" class=\"mk-text-block  jupiter-donut-\">\r\n\r\n\t\r\n\t<p style=\"font-size: 28px; font-weight: bold; line-height: 32px;\">O\u00f9?<\/p>\n\r\n\t<div class=\"clearboth\"><\/div>\r\n<\/div>\r\n\r\n\t<\/div>\r\n<style id=\"mk-shortcode-style-69e08d8843726\" type=\"text\/css\">#text-block-69e08d8843726 { margin-bottom:0px; text-align:left; }<\/style>\t<div class=\"vc_custom_1697464187497\">\r\n\r\n<div id=\"text-block-69e08d8843726\" class=\"mk-text-block  jupiter-donut-\">\r\n\r\n\t\r\n\t<p style=\"font-weight: 300;\">Ici et maintenant. Dans la Terre, de l&#039;Espagne \u00e0 l&#039;endroit o\u00f9 vous le voulez.<\/p>\n\r\n\t<div class=\"clearboth\"><\/div>\r\n<\/div>\r\n\r\n\t<\/div>\r\n<div class=\"vc_empty_space\"   style=\"height: 30px\"><span class=\"vc_empty_space_inner\"><\/span><\/div><style id=\"mk-shortcode-style-69e08d8843867\" type=\"text\/css\">#text-block-69e08d8843867 { margin-bottom:0px; text-align:left; }<\/style>\t<div class=\"vc_custom_1653041066161\">\r\n\r\n<div id=\"text-block-69e08d8843867\" class=\"mk-text-block  jupiter-donut-\">\r\n\r\n\t\r\n\t<p style=\"font-size: 28px; font-weight: bold; line-height: 32px;\">Comment?<\/p>\n\r\n\t<div class=\"clearboth\"><\/div>\r\n<\/div>\r\n\r\n\t<\/div>\r\n<style id=\"mk-shortcode-style-69e08d8843923\" type=\"text\/css\">#text-block-69e08d8843923 { margin-bottom:0px; text-align:left; }<\/style>\t<div class=\"vc_custom_1653041042245\">\r\n\r\n<div id=\"text-block-69e08d8843923\" class=\"mk-text-block  jupiter-donut-\">\r\n\r\n\t\r\n\t<p style=\"font-weight: 300;\">L&#039;\u00e9co-conception de solutions durables en Espagne, qui sont conformes \u00e0 la R\u00e9glementation Europ\u00e9enne.<\/p>\n\r\n\t<div class=\"clearboth\"><\/div>\r\n<\/div>\r\n\r\n\t<\/div>\r\n<div class=\"vc_empty_space\"   style=\"height: 30px\"><span class=\"vc_empty_space_inner\"><\/span><\/div><style id=\"mk-shortcode-style-69e08d8843a41\" type=\"text\/css\">#text-block-69e08d8843a41 { margin-bottom:0px; text-align:left; }<\/style>\t<div class=\"vc_custom_1653041056829\">\r\n\r\n<div id=\"text-block-69e08d8843a41\" class=\"mk-text-block  jupiter-donut-\">\r\n\r\n\t\r\n\t<p style=\"font-size: 28px; font-weight: bold; line-height: 32px;\">Quand?<\/p>\n\r\n\t<div class=\"clearboth\"><\/div>\r\n<\/div>\r\n\r\n\t<\/div>\r\n<style id=\"mk-shortcode-style-69e08d8843aea\" type=\"text\/css\">#text-block-69e08d8843aea { margin-bottom:0px; text-align:left; }<\/style>\t<div class=\"vc_custom_1653041074929\">\r\n\r\n<div id=\"text-block-69e08d8843aea\" class=\"mk-text-block  jupiter-donut-\">\r\n\r\n\t\r\n\t<p style=\"font-weight: 300;\">Pour les plus de 18 ans, agissant dans le moment pr\u00e9sent et anticiper le matin #24\/7<\/p>\n\r\n\t<div class=\"clearboth\"><\/div>\r\n<\/div>\r\n\r\n\t<\/div>\r\n<div class=\"vc_empty_space\"   style=\"height: 40px\"><span class=\"vc_empty_space_inner\"><\/span><\/div><\/div><\/div><\/div>\t<\/div>\r\n<div class=\"vc_separator wpb_content_element vc_separator_align_center vc_sep_width_100 vc_sep_pos_align_center vc_separator_no_text vc_sep_color_white vc_custom_1651162394176 wpb_content_element  vc_custom_1651162394176 wpb_content_element\" ><span class=\"vc_sep_holder vc_sep_holder_l\"><span class=\"vc_sep_line\"><\/span><\/span><span class=\"vc_sep_holder vc_sep_holder_r\"><span class=\"vc_sep_line\"><\/span><\/span>\n<\/div><\/div>\r\n<\/div>\r\n            <div class=\"clearboth\"><\/div>\r\n        <\/div>\r\n\r\n\r\n\t\t\t\r\n\t\t\t\r\n\t\t\t\r\n\t\t<div class=\"clearboth\"><\/div>\r\n\t<\/div>\r\n<\/div>\r\n<div class=\"vc_row-full-width vc_clearfix\"><\/div>\r\n\r\n<style id=\"mk-shortcode-style-69e08d8843133\" type=\"text\/css\">.full-width-69e08d8843133 { min-height:100px; margin-bottom:0px; } .full-width-69e08d8843133 .page-section-content { padding:0px 0 1px; } #background-layer--69e08d8843133 { ; background-position:left top; background-repeat:repeat; ; } #background-layer--69e08d8843133 .mk-color-layer { ; width:100%; height:100%; position:absolute; top:0; left:0; }<\/style>\t<\/div>\r\n\n<\/div>","protected":false},"excerpt":{"rendered":"Eco living La conexi\u00f3n nos empodera. Cada acci\u00f3n importa. Cada uno de nosotros es necesario para lograr el cambio. Juntos podemos hacer cosas extraordinarias. Esto es solo el pistoletazo de salida. La conexi\u00f3n nos empodera. Cada acci\u00f3n importa. Cada uno de nosotros es necesario para lograr el cambio. Juntos podemos hacer cosas extraordinarias. Esto es [...]","protected":false},"author":1,"featured_media":0,"parent":0,"menu_order":0,"comment_status":"closed","ping_status":"closed","template":"","meta":{"footnotes":""},"class_list":["post-52","page","type-page","status-publish","hentry"],"_links":{"self":[{"href":"https:\/\/thesaraofactory.com\/fr\/wp-json\/wp\/v2\/pages\/52","targetHints":{"allow":["GET"]}}],"collection":[{"href":"https:\/\/thesaraofactory.com\/fr\/wp-json\/wp\/v2\/pages"}],"about":[{"href":"https:\/\/thesaraofactory.com\/fr\/wp-json\/wp\/v2\/types\/page"}],"author":[{"embeddable":true,"href":"https:\/\/thesaraofactory.com\/fr\/wp-json\/wp\/v2\/users\/1"}],"replies":[{"embeddable":true,"href":"https:\/\/thesaraofactory.com\/fr\/wp-json\/wp\/v2\/comments?post=52"}],"version-history":[{"count":77,"href":"https:\/\/thesaraofactory.com\/fr\/wp-json\/wp\/v2\/pages\/52\/revisions"}],"predecessor-version":[{"id":815,"href":"https:\/\/thesaraofactory.com\/fr\/wp-json\/wp\/v2\/pages\/52\/revisions\/815"}],"wp:attachment":[{"href":"https:\/\/thesaraofactory.com\/fr\/wp-json\/wp\/v2\/media?parent=52"}],"curies":[{"name":"wp","href":"https:\/\/api.w.org\/{rel}","templated":true}]}}