{"id":372,"date":"2022-06-13T15:32:50","date_gmt":"2022-06-13T15:32:50","guid":{"rendered":"https:\/\/thesaraofactory.com\/?page_id=372"},"modified":"2025-04-09T06:48:54","modified_gmt":"2025-04-09T06:48:54","slug":"politica-de-cookies","status":"publish","type":"page","link":"https:\/\/thesaraofactory.com\/fr\/politica-de-cookies\/","title":{"rendered":"Politique en mati\u00e8re de cookies"},"content":{"rendered":"<div class=\"wpb-content-wrapper\">\r\n<div  data-mk-stretch-content=\"true\" class=\"wpb_row vc_row vc_row-fluid jupiter-donut- mk-fullwidth-false  attched-false     js-master-row  mk-grid\">\r\n\t\t\t\t\t<\/div>\r\n<style id=\"mk-shortcode-style-69e08f6647c8b\" type=\"text\/css\"><\/style>\r\n<div class=\"vc_col-sm-12 wpb_column column_container  jupiter-donut- _ jupiter-donut-height-full\">\r\n\t<style id=\"mk-shortcode-style-69e08f6647e80\" type=\"text\/css\">#text-block-69e08f6647e80 { margin-bottom:0px; text-align:left; }<\/style>\r\n<div id=\"text-block-69e08f6647e80\" class=\"mk-text-block  jupiter-donut-\">\r\n\r\n\t\r\n\t<div class=\"mk-page-section-wrapper\" style=\"position: relative; box-sizing: border-box; width: 483px; left: -20px;\" data-mk-full-width=\"true\" data-mk-full-width-init=\"true\" data-mk-stretch-content=\"true\">\n<div id=\"page-section-2\" class=\"mk-page-section self-hosted full_layout full-width-2 js-el js-master-row jupiter-donut-visible-sm\" style=\"position: fixed; z-index: 100;\" data-intro-effect=\"false\">\n<div class=\"page-section-content vc_row-fluid page-section-fullwidth\">\n<div class=\"mk-padding-wrapper wpb_row\">\n<div class=\"vc_col-sm-12 wpb_column column_container jupiter-donut- _ jupiter-donut-height-full\">\n<div class=\"wpb_row vc_inner vc_row vc_row-fluid jupiter-donut- attched-false\">\n<div class=\"wpb_column vc_column_container vc_col-sm-12\">\n<div class=\"vc_column-inner\">\n<div class=\"wpb_wrapper\">\n<div class=\"vc_custom_1654203243248\">\n<div id=\"text-block-4\" class=\"mk-text-block jupiter-donut-\">\n<p style=\"text-align: center; margin-bottom: 0px; padding: 5px;\">Politique en mati\u00e8re de cookies<\/p>\n<div class=\"clearboth\"><\/div>\n<\/div>\n<\/div>\n<\/div>\n<\/div>\n<\/div>\n<\/div>\n<\/div>\n<\/div>\n<div class=\"clearboth\"><\/div>\n<\/div>\n<div class=\"clearboth\"><\/div>\n<\/div>\n<\/div>\n<div class=\"mk-page-section-wrapper\" data-mk-full-width=\"true\" data-mk-full-width-init=\"true\" data-mk-stretch-content=\"true\">\r\n\t<div id=\"page-section-69e08f6648136\" class=\"mk-page-section self-hosted   full_layout full-width-69e08f6648136 js-el js-master-row jupiter-donut-visible-sm\"    data-intro-effect=\"false\">\r\n\r\n\t\t\t\r\n\t\t\t<div class=\"mk-page-section-inner\">\r\n\t\t\t\t\r\n\r\n\r\n<div class=\"mk-video-color-mask\"><\/div>\r\n\r\n\t\t\t\t\r\n\t\t\t\t\t\t\t<\/div>\r\n\r\n\t\t\t\r\n        <div class=\"page-section-content vc_row-fluid page-section-fullwidth\" >\r\n            <div class=\"mk-padding-wrapper wpb_row\"><\/div>\r\n            <div class=\"clearboth\"><\/div>\r\n        <\/div>\r\n\r\n\r\n\t\t\t\r\n\t\t\t\r\n\t\t\t\r\n\t\t<div class=\"clearboth\"><\/div>\r\n\t<\/div>\r\n<\/div>\r\n<div class=\"vc_row-full-width vc_clearfix\"><\/div>\r\n\r\n<style id=\"mk-shortcode-style-69e08f6648136\" type=\"text\/css\">.full-width-69e08f6648136 { min-height:40px; margin-bottom:0px; background-color:#329471; border:1px solid #ffffff;border-left:none;border-right:none; } .full-width-69e08f6648136 .page-section-content { padding:0px 0 0px; } #background-layer--69e08f6648136 { ; background-position:left top; background-repeat:repeat; ; } #background-layer--69e08f6648136 .mk-color-layer { ; width:100%; height:100%; position:absolute; top:0; left:0; }<\/style><style id=\"mk-shortcode-style-69e08f6648136\" type=\"text\/css\">.full-width-69e08f6648136 .mk-fancy-title.pattern-style span, .full-width-69e08f6648136 .mk-blog-view-all { background-color:#329471 !important; }<\/style><style id=\"mk-shortcode-style-69e08f6648436\" type=\"text\/css\"><\/style>\r\n<div class=\"vc_col-sm-12 wpb_column column_container  jupiter-donut- _ jupiter-donut-height-full\">\r\n\t<\/div>\r\n\r\n\r\n<div class=\"wpb_row vc_inner vc_row vc_row-fluid jupiter-donut-   attched-false\">\r\n\t\t\t\t<\/div>\r\n<div class=\"wpb_column vc_column_container vc_col-sm-12\"><div class=\"vc_column-inner\"><div class=\"wpb_wrapper\"><\/div><\/div><\/div><div class=\"vc_empty_space\"   style=\"height: 5px\"><span class=\"vc_empty_space_inner\"><\/span><\/div><style id=\"mk-shortcode-style-69e08f6648769\" type=\"text\/css\">#text-block-69e08f6648769 { margin-bottom:0px; text-align:left; }<\/style>\t<div class=\"vc_custom_1654203243248\">\r\n\r\n<div id=\"text-block-69e08f6648769\" class=\"mk-text-block  jupiter-donut-\">\r\n\r\n\t\r\n\t\r\n\t<div class=\"clearboth\"><\/div>\r\n<\/div>\r\n\r\n\t<\/div>\n<p style=\"text-align: center; margin-bottom: 0px;\">Politique en mati\u00e8re de cookies<\/p>\n\r\n\t<div class=\"clearboth\"><\/div>\r\n<\/div>\r\n\r\n<\/div>\r\n\r\n<div class=\"mk-page-section-wrapper\" data-mk-full-width=\"true\" data-mk-full-width-init=\"true\" data-mk-stretch-content=\"true\">\r\n\t<div id=\"page-section-69e08f66489c1\" class=\"mk-page-section self-hosted   full_layout full-width-69e08f66489c1 js-el js-master-row jupiter-donut-\"    data-intro-effect=\"false\">\r\n\r\n\t\t\t\r\n\t\t\t<div class=\"mk-page-section-inner\">\r\n\t\t\t\t\r\n\r\n\r\n<div class=\"mk-video-color-mask\"><\/div>\r\n\r\n\t\t\t\t\r\n\t\t\t\t\t\t\t<\/div>\r\n\r\n\t\t\t\r\n        <div class=\"page-section-content vc_row-fluid page-section-fullwidth\" >\r\n            <div class=\"mk-padding-wrapper wpb_row\"><style id=\"mk-shortcode-style-69e08f6648c3b\" type=\"text\/css\"><\/style>\r\n<div class=\"vc_col-sm-12 wpb_column column_container  jupiter-donut- _ jupiter-donut-height-full\">\r\n\t\r\n\r\n<div class=\"wpb_row vc_inner vc_row vc_row-fluid jupiter-donut-   attched-false   vc_custom_1655134021891\">\r\n\t\t\t<div class=\"wpb_column vc_column_container vc_col-sm-12\"><div class=\"vc_column-inner\"><div class=\"wpb_wrapper\"><style id=\"mk-shortcode-style-69e08f6648ed1\" type=\"text\/css\">#text-block-69e08f6648ed1 { margin-bottom:0px; text-align:left; }<\/style>\t<div class=\"vc_custom_1684408681913\">\r\n\r\n<div id=\"text-block-69e08f6648ed1\" class=\"mk-text-block  jupiter-donut-\">\r\n\r\n\t\r\n\t<p style=\"margin-left: 50px; margin-right: 50px; font-size: 35px;\">POLITIQUE EN MATI\u00c8RE DE COOKIES<\/p>\n<p style=\"margin-left: 50px; margin-right: 50px; font-weight: bold;\">Qu&#039;est ce qu&#039;un Cookie?<\/p>\n<p style=\"font-weight: 400;\">Un cookie est un fichier qui est t\u00e9l\u00e9charg\u00e9 sur le terminal (un ordinateur, un t\u00e9l\u00e9phone mobile, une tablette, etc) de l&#039;utilisateur lorsqu&#039;il acc\u00e8de \u00e0 certaines pages web.<\/p>\n<p style=\"font-weight: 400;\">Les Cookies permettent \u00e0 ces pages web, entre autres choses, de contr\u00f4ler, de r\u00e9cup\u00e9rer, de stocker et de r\u00e9cup\u00e9rer des informations sur les habitudes de navigation de l&#039;utilisateur ainsi que les informations techniques relatives \u00e0 la navigabilit\u00e9 des pages web. Les Cookies permettent \u00e9galement de contribuer \u00e0 la fonctionnalit\u00e9, la facilit\u00e9 d&#039;utilisation et l&#039;accessibilit\u00e9 des pages web.<\/p>\n<p style=\"font-weight: 400;\"><strong>Ce que sont les Cookies utilis\u00e9s par notre site web?<\/strong><\/p>\n<p style=\"font-weight: 400;\">Notre site utilise des cookies propres et de tiers.<\/p>\n<p style=\"font-weight: 400;\">Un cookie est un petit fichier de lettres et de chiffres qui est install\u00e9 dans votre ordinateur.<\/p>\n<p style=\"font-weight: 400;\">Ces cookies nous permettent de vous distinguer des autres utilisateurs du site web et nous aide \u00e0 vous fournir une meilleure exp\u00e9rience lorsque vous naviguez sur notre site web, ainsi que de l&#039;am\u00e9liorer.<\/p>\n<p style=\"font-weight: 400;\">Notre site inclut des fonctionnalit\u00e9s fournies par des tiers.<\/p>\n<p style=\"font-weight: 400;\"><strong>Les Cookies de tierce partie<\/strong><\/p>\n<p style=\"font-weight: 400;\">Sur certaines pages web, vous pouvez installer des cookies de tiers, qui vous permettent de g\u00e9rer et d&#039;am\u00e9liorer les services offerts.<\/p>\n<p style=\"font-weight: 400;\">Pour g\u00e9rer l&#039;activit\u00e9 des cookies \u00e0 partir de votre ordinateur, vous pouvez les bloquer ou les supprimer. Sinon, la navigation sur le site implique l&#039;acceptation de l&#039;utilisation de la m\u00eame conform\u00e9ment \u00e0 la ci-dessus.<\/p>\n<p style=\"font-weight: 400;\">Pour effectuer la gestion des cookies doivent suivre les instructions suivantes:<\/p>\n<ul>\n<li style=\"font-weight: 400;\"><strong>Internet Explorer<\/strong>: Outils -&gt; Options Internet -&gt; Confidentialit\u00e9 -&gt; Configuration. Pour plus d&#039;informations, vous pouvez consulter le support de Microsoft ou l&#039;Aide du navigateur.<\/li>\n<li style=\"font-weight: 400;\"><strong>Firefox<\/strong>: Outils -&gt; Options -&gt; Vie Priv\u00e9e -&gt; Historique -&gt; Param\u00e8tres Personnalis\u00e9s. Pour plus d&#039;informations, vous pouvez consulter le support de Mozilla ou l&#039;Aide du navigateur.<\/li>\n<li style=\"font-weight: 400;\"><strong>Chrome<\/strong>: Param\u00e8tres -&gt; Afficher les options avanc\u00e9es -&gt; Confidentialit\u00e9&gt; Param\u00e8tres de contenu. Pour plus d&#039;informations, vous pouvez consulter le support de Google ou l&#039;Aide du navigateur.<\/li>\n<li style=\"font-weight: 400;\"><strong>Safari<\/strong>: Pr\u00e9f\u00e9rences -&gt; S\u00e9curit\u00e9. Pour plus d&#039;informations, vous pouvez consulter le support de Apple ou l&#039;Aide du navigateur.<\/li>\n<\/ul>\n<p style=\"font-weight: 400;\">La d\u00e9sactivation de ces cookies, sera susceptible de pr\u00e9venir les fonctions offertes par ces services. Vous pouvez supprimer et bloquer tous les cookies de ce site, mais certaines parties du site ne fonctionneront pas correctement.<\/p>\n\r\n\t<div class=\"clearboth\"><\/div>\r\n<\/div>\r\n\r\n\t<\/div>\r\n<div class=\"vc_empty_space\"   style=\"height: 10px\"><span class=\"vc_empty_space_inner\"><\/span><\/div><\/div><\/div><\/div>\t<\/div>\r\n<\/div>\r\n<\/div>\r\n            <div class=\"clearboth\"><\/div>\r\n        <\/div>\r\n\r\n\r\n\t\t\t\r\n\t\t\t\r\n\t\t\t\r\n\t\t<div class=\"clearboth\"><\/div>\r\n\t<\/div>\r\n<\/div>\r\n<div class=\"vc_row-full-width vc_clearfix\"><\/div>\r\n\r\n<style id=\"mk-shortcode-style-69e08f66489c1\" type=\"text\/css\">.full-width-69e08f66489c1 { min-height:100px; margin-bottom:0px; } .full-width-69e08f66489c1 .page-section-content { padding:10px 0 10px; } #background-layer--69e08f66489c1 { ; background-position:left top; background-repeat:repeat; ; } #background-layer--69e08f66489c1 .mk-color-layer { ; width:100%; height:100%; position:absolute; top:0; left:0; }<\/style>\n<\/div>","protected":false},"excerpt":{"rendered":"Pol\u00edtica de cookies Pol\u00edtica de cookies POL\u00cdTICA DE COOKIES \u00bfQu\u00e9 es una Cookie? Una cookie es un fichero que se descarga en el terminal (un ordenador, un tel\u00e9fono m\u00f3vil, una tableta electr\u00f3nica, etc.) del usuario cuando \u00e9ste accede a determinadas p\u00e1ginas web. Las cookies permiten a dichas p\u00e1ginas web, entre otras cosas, monitorear, almacenar y [...]","protected":false},"author":1,"featured_media":0,"parent":0,"menu_order":0,"comment_status":"closed","ping_status":"closed","template":"","meta":{"footnotes":""},"class_list":["post-372","page","type-page","status-publish","hentry"],"_links":{"self":[{"href":"https:\/\/thesaraofactory.com\/fr\/wp-json\/wp\/v2\/pages\/372","targetHints":{"allow":["GET"]}}],"collection":[{"href":"https:\/\/thesaraofactory.com\/fr\/wp-json\/wp\/v2\/pages"}],"about":[{"href":"https:\/\/thesaraofactory.com\/fr\/wp-json\/wp\/v2\/types\/page"}],"author":[{"embeddable":true,"href":"https:\/\/thesaraofactory.com\/fr\/wp-json\/wp\/v2\/users\/1"}],"replies":[{"embeddable":true,"href":"https:\/\/thesaraofactory.com\/fr\/wp-json\/wp\/v2\/comments?post=372"}],"version-history":[{"count":22,"href":"https:\/\/thesaraofactory.com\/fr\/wp-json\/wp\/v2\/pages\/372\/revisions"}],"predecessor-version":[{"id":2421,"href":"https:\/\/thesaraofactory.com\/fr\/wp-json\/wp\/v2\/pages\/372\/revisions\/2421"}],"wp:attachment":[{"href":"https:\/\/thesaraofactory.com\/fr\/wp-json\/wp\/v2\/media?parent=372"}],"curies":[{"name":"wp","href":"https:\/\/api.w.org\/{rel}","templated":true}]}}