{"id":368,"date":"2022-06-13T15:25:35","date_gmt":"2022-06-13T15:25:35","guid":{"rendered":"https:\/\/thesaraofactory.com\/?page_id=368"},"modified":"2025-04-09T06:45:09","modified_gmt":"2025-04-09T06:45:09","slug":"aviso-legal","status":"publish","type":"page","link":"https:\/\/thesaraofactory.com\/fr\/aviso-legal\/","title":{"rendered":"Avis juridique"},"content":{"rendered":"<div class=\"wpb-content-wrapper\">\r\n<div  data-mk-stretch-content=\"true\" class=\"wpb_row vc_row vc_row-fluid jupiter-donut- mk-fullwidth-false  attched-false     js-master-row  mk-grid\">\r\n\t\t\t\t<style id=\"mk-shortcode-style-69e08f64c1d40\" type=\"text\/css\"><\/style>\r\n<div class=\"vc_col-sm-12 wpb_column column_container  jupiter-donut- _ jupiter-donut-height-full\">\r\n\t<style id=\"mk-shortcode-style-69e08f64c1f41\" type=\"text\/css\">#text-block-69e08f64c1f41 { margin-bottom:0px; text-align:left; }<\/style>\r\n<div id=\"text-block-69e08f64c1f41\" class=\"mk-text-block  jupiter-donut-\">\r\n\r\n\t\r\n\t<div class=\"mk-page-section-wrapper\" style=\"position: relative; box-sizing: border-box; width: 483px; left: -20px;\" data-mk-full-width=\"true\" data-mk-full-width-init=\"true\" data-mk-stretch-content=\"true\">\n<div id=\"page-section-2\" class=\"mk-page-section self-hosted full_layout full-width-2 js-el js-master-row jupiter-donut-visible-sm\" style=\"position: fixed; z-index: 100;\" data-intro-effect=\"false\">\n<div class=\"page-section-content vc_row-fluid page-section-fullwidth\">\n<div class=\"mk-padding-wrapper wpb_row\">\n<div class=\"vc_col-sm-12 wpb_column column_container jupiter-donut- _ jupiter-donut-height-full\">\n<div class=\"wpb_row vc_inner vc_row vc_row-fluid jupiter-donut- attched-false\">\n<div class=\"wpb_column vc_column_container vc_col-sm-12\">\n<div class=\"vc_column-inner\">\n<div class=\"wpb_wrapper\">\n<div class=\"vc_custom_1654203243248\">\n<div id=\"text-block-4\" class=\"mk-text-block jupiter-donut-\">\n<p style=\"text-align: center; margin-bottom: 0px; padding: 5px;\">Avis juridique<\/p>\n<div class=\"clearboth\"><\/div>\n<\/div>\n<\/div>\n<\/div>\n<\/div>\n<\/div>\n<\/div>\n<\/div>\n<\/div>\n<div class=\"clearboth\"><\/div>\n<\/div>\n<div class=\"clearboth\"><\/div>\n<\/div>\n<\/div>\n<div class=\"mk-page-section-wrapper\" data-mk-full-width=\"true\" data-mk-full-width-init=\"true\" data-mk-stretch-content=\"true\">\r\n\t<div id=\"page-section-69e08f64c2200\" class=\"mk-page-section self-hosted   full_layout full-width-69e08f64c2200 js-el js-master-row jupiter-donut-visible-sm\"    data-intro-effect=\"false\">\r\n\r\n\t\t\t\r\n\t\t\t<div class=\"mk-page-section-inner\">\r\n\t\t\t\t\r\n\r\n\r\n<div class=\"mk-video-color-mask\"><\/div>\r\n\r\n\t\t\t\t\r\n\t\t\t\t\t\t\t<\/div>\r\n\r\n\t\t\t\r\n        <div class=\"page-section-content vc_row-fluid page-section-fullwidth\" >\r\n            <div class=\"mk-padding-wrapper wpb_row\"><\/div>\r\n            <div class=\"clearboth\"><\/div>\r\n        <\/div>\r\n\r\n\r\n\t\t\t\r\n\t\t\t\r\n\t\t\t\r\n\t\t<div class=\"clearboth\"><\/div>\r\n\t<\/div>\r\n<\/div>\r\n<div class=\"vc_row-full-width vc_clearfix\"><\/div>\r\n\r\n<style id=\"mk-shortcode-style-69e08f64c2200\" type=\"text\/css\">.full-width-69e08f64c2200 { min-height:40px; margin-bottom:0px; background-color:#329471; border:1px solid #ffffff;border-left:none;border-right:none; } .full-width-69e08f64c2200 .page-section-content { padding:0px 0 0px; } #background-layer--69e08f64c2200 { ; background-position:left top; background-repeat:repeat; ; } #background-layer--69e08f64c2200 .mk-color-layer { ; width:100%; height:100%; position:absolute; top:0; left:0; }<\/style><style id=\"mk-shortcode-style-69e08f64c2200\" type=\"text\/css\">.full-width-69e08f64c2200 .mk-fancy-title.pattern-style span, .full-width-69e08f64c2200 .mk-blog-view-all { background-color:#329471 !important; }<\/style><style id=\"mk-shortcode-style-69e08f64c2509\" type=\"text\/css\"><\/style>\r\n<div class=\"vc_col-sm-12 wpb_column column_container  jupiter-donut- _ jupiter-donut-height-full\">\r\n\t<\/div>\r\n\r\n\r\n<div class=\"wpb_row vc_inner vc_row vc_row-fluid jupiter-donut-   attched-false\">\r\n\t\t\t\t<\/div>\r\n<div class=\"wpb_column vc_column_container vc_col-sm-12\"><div class=\"vc_column-inner\"><div class=\"wpb_wrapper\"><\/div><\/div><\/div><div class=\"vc_empty_space\"   style=\"height: 5px\"><span class=\"vc_empty_space_inner\"><\/span><\/div><style id=\"mk-shortcode-style-69e08f64c2848\" type=\"text\/css\">#text-block-69e08f64c2848 { margin-bottom:0px; text-align:left; }<\/style>\t<div class=\"vc_custom_1654203243248\">\r\n\r\n<div id=\"text-block-69e08f64c2848\" class=\"mk-text-block  jupiter-donut-\">\r\n\r\n\t\r\n\t\r\n\t<div class=\"clearboth\"><\/div>\r\n<\/div>\r\n\r\n\t<\/div>\n<p style=\"text-align: center; margin-bottom: 0px;\">Avis juridique<\/p>\n\r\n\t<div class=\"clearboth\"><\/div>\r\n<\/div>\r\n\r\n<\/div>\r\n\r\n<div class=\"mk-page-section-wrapper\" data-mk-full-width=\"true\" data-mk-full-width-init=\"true\" data-mk-stretch-content=\"true\">\r\n\t<div id=\"page-section-69e08f64c2aa6\" class=\"mk-page-section self-hosted   full_layout full-width-69e08f64c2aa6 js-el js-master-row jupiter-donut-\"    data-intro-effect=\"false\">\r\n\r\n\t\t\t\r\n\t\t\t<div class=\"mk-page-section-inner\">\r\n\t\t\t\t\r\n\r\n\r\n<div class=\"mk-video-color-mask\"><\/div>\r\n\r\n\t\t\t\t\r\n\t\t\t\t\t\t\t<\/div>\r\n\r\n\t\t\t\r\n        <div class=\"page-section-content vc_row-fluid page-section-fullwidth\" >\r\n            <div class=\"mk-padding-wrapper wpb_row\"><style id=\"mk-shortcode-style-69e08f64c2d6a\" type=\"text\/css\"><\/style>\r\n<div class=\"vc_col-sm-12 wpb_column column_container  jupiter-donut- _ jupiter-donut-height-full\">\r\n\t\r\n\r\n<div class=\"wpb_row vc_inner vc_row vc_row-fluid jupiter-donut-   attched-false   vc_custom_1655134021891\">\r\n\t\t\t<div class=\"wpb_column vc_column_container vc_col-sm-12\"><div class=\"vc_column-inner\"><div class=\"wpb_wrapper\"><style id=\"mk-shortcode-style-69e08f64c30b9\" type=\"text\/css\">#text-block-69e08f64c30b9 { margin-bottom:0px; text-align:left; }<\/style>\t<div class=\"vc_custom_1679563518770\">\r\n\r\n<div id=\"text-block-69e08f64c30b9\" class=\"mk-text-block  jupiter-donut-\">\r\n\r\n\t\r\n\t<p style=\"margin-left: 50px; margin-right: 50px; font-size: 35px;\">AVIS JURIDIQUE<\/p>\n<p style=\"margin-left: 50px; margin-right: 50px;\">Le responsable de ce site est: LA SOIREE USINE S. L. U., une soci\u00e9t\u00e9 inscrite au Registre du commerce d&#039;Alicante, volume 2.787, livre 2, folio 148 page A-83991 avec C. I. F. B-42588467 et enregistr\u00e9 \u00e0 l&#039;adresse Avda. Jouet, 39, 03440, Ibi (ALICANTE).<\/p>\n<p style=\"margin-left: 50px; margin-right: 50px;\">Aussi, vous pouvez contacter avec nous via le num\u00e9ro de t\u00e9l\u00e9phone +34 965 564871 ou par l&#039;interm\u00e9diaire de l&#039;adresse e-mail suivante: hola@thesaraofactory.com<\/p>\n<p style=\"margin-left: 50px; margin-right: 50px;\">Propri\u00e9t\u00e9 intellectuelle et Industrielle<\/p>\n<p style=\"margin-left: 50px; margin-right: 50px;\">La conception de ce site web et de ses codes sources, ainsi que les logos, marques et autres signes distinctifs qui apparaissent dans le m\u00eame appartiennent \u00e0 LA SOIR\u00c9E d&#039;USINE, S. L. U. et sont prot\u00e9g\u00e9s par des droits de propri\u00e9t\u00e9 intellectuelle et industrielle.<\/p>\n<p style=\"margin-left: 50px; margin-right: 50px;\">Responsabilit\u00e9 pour le contenu<\/p>\n<p style=\"margin-left: 50px; margin-right: 50px;\">LA SOIREE USINE S. L. U. n&#039;est pas responsable du contenu des autres sites web de tiers \u00e0 partir duquel vous avez acc\u00e9d\u00e9 \u00e0 ce site web. LA SOIREE USINE S. L. U. ne sera pas responsable de la l\u00e9galit\u00e9 des autres sites web de tiers qui peuvent \u00eatre li\u00e9s \u00e0 li\u00e9s \u00e0 partir de ce site web. LA SOIR\u00c9E d&#039;USINE, S. L. U. se r\u00e9serve le droit d&#039;apporter des modifications au site, sans pr\u00e9avis, dans le but de maintenir l&#039;information \u00e0 jour, d&#039;ajouter, de modifier, de corriger ou d&#039;\u00e9liminer le contenu publi\u00e9 ou la conception du portail. LA SOIREE USINE S. L. U. ne sera pas responsable de l&#039;utilisation que des tiers des informations publi\u00e9es sur le portail, ni des dommages ou des pertes \u00e9conomiques qui, directement ou indirectement, produisent ou peuvent produire des dommages \u00e9conomiques, de mat\u00e9riel ou de donn\u00e9es caus\u00e9e par l&#039;utilisation de ces informations.<\/p>\n<p style=\"margin-left: 50px; margin-right: 50px;\">La Reproduction du contenu<\/p>\n<p style=\"margin-left: 50px; margin-right: 50px;\">Est interdit la reproduction totale ou partielle du contenu publi\u00e9 sur ce site web sans l&#039;autorisation \u00e9crite pr\u00e9alable de LA SOIREE USINE S. L. U. de Toutes les informations relatives \u00e0 la vie priv\u00e9e, vous l&#039;avez dans notre Politique de Confidentialit\u00e9<\/p>\n\r\n\t<div class=\"clearboth\"><\/div>\r\n<\/div>\r\n\r\n\t<\/div>\r\n<\/div><\/div><\/div>\t<\/div>\r\n<\/div>\r\n<\/div>\r\n            <div class=\"clearboth\"><\/div>\r\n        <\/div>\r\n\r\n\r\n\t\t\t\r\n\t\t\t\r\n\t\t\t\r\n\t\t<div class=\"clearboth\"><\/div>\r\n\t<\/div>\r\n<\/div>\r\n<div class=\"vc_row-full-width vc_clearfix\"><\/div>\r\n\r\n<style id=\"mk-shortcode-style-69e08f64c2aa6\" type=\"text\/css\">.full-width-69e08f64c2aa6 { min-height:100px; margin-bottom:0px; } .full-width-69e08f64c2aa6 .page-section-content { padding:10px 0 10px; } #background-layer--69e08f64c2aa6 { ; background-position:left top; background-repeat:repeat; ; } #background-layer--69e08f64c2aa6 .mk-color-layer { ; width:100%; height:100%; position:absolute; top:0; left:0; }<\/style>\r\n<div class=\"mk-page-section-wrapper\" data-mk-full-width=\"true\" data-mk-full-width-init=\"true\" data-mk-stretch-content=\"true\">\r\n\t<div id=\"page-section-69e08f64c3401\" class=\"mk-page-section self-hosted   full_layout full-width-69e08f64c3401 js-el js-master-row jupiter-donut-\"    data-intro-effect=\"false\">\r\n\r\n\t\t\t\r\n\t\t\t<div class=\"mk-page-section-inner\">\r\n\t\t\t\t\r\n\r\n\r\n<div class=\"mk-video-color-mask\"><\/div>\r\n\r\n\t\t\t\t\r\n\t\t\t\t\t\t\t<\/div>\r\n\r\n\t\t\t\r\n        <div class=\"page-section-content vc_row-fluid page-section-fullwidth\" >\r\n            <div class=\"mk-padding-wrapper wpb_row\"><style id=\"mk-shortcode-style-69e08f64c36ac\" type=\"text\/css\"><\/style>\r\n<div class=\"vc_col-sm-12 wpb_column column_container  jupiter-donut- _ jupiter-donut-height-full\">\r\n\t<div class=\"vc_separator wpb_content_element vc_separator_align_center vc_sep_width_100 vc_sep_pos_align_center vc_separator_no_text vc_sep_color_white vc_custom_1651162394176 wpb_content_element  vc_custom_1651162394176 wpb_content_element\" ><span class=\"vc_sep_holder vc_sep_holder_l\"><span class=\"vc_sep_line\"><\/span><\/span><span class=\"vc_sep_holder vc_sep_holder_r\"><span class=\"vc_sep_line\"><\/span><\/span>\n<\/div><\/div>\r\n<\/div>\r\n            <div class=\"clearboth\"><\/div>\r\n        <\/div>\r\n\r\n\r\n\t\t\t\r\n\t\t\t\r\n\t\t\t\r\n\t\t<div class=\"clearboth\"><\/div>\r\n\t<\/div>\r\n<\/div>\r\n<div class=\"vc_row-full-width vc_clearfix\"><\/div>\r\n\r\n<style id=\"mk-shortcode-style-69e08f64c3401\" type=\"text\/css\">.full-width-69e08f64c3401 { min-height:100px; margin-bottom:0px; } .full-width-69e08f64c3401 .page-section-content { padding:10px 0 10px; } #background-layer--69e08f64c3401 { ; background-position:left top; background-repeat:repeat; ; } #background-layer--69e08f64c3401 .mk-color-layer { ; width:100%; height:100%; position:absolute; top:0; left:0; }<\/style>\t<\/div>\r\n\n<\/div>","protected":false},"excerpt":{"rendered":"Aviso legal Aviso legal AVISO LEGAL El responsable de esta p\u00e1gina web es: THE SARAO FACTORY S.L.U., sociedad inscrita en el Registro Mercantil de Alicante, tomo 2.787, libro 2, folio 148 hoja A-83991 con C.I.F. B-42588467 y domicilio social en Avda. del Juguete, 39, 03440, Ibi (ALICANTE). Tambi\u00e9n puedes contactar con nosotros a trav\u00e9s del [...]","protected":false},"author":1,"featured_media":0,"parent":0,"menu_order":0,"comment_status":"closed","ping_status":"closed","template":"","meta":{"footnotes":""},"class_list":["post-368","page","type-page","status-publish","hentry"],"_links":{"self":[{"href":"https:\/\/thesaraofactory.com\/fr\/wp-json\/wp\/v2\/pages\/368","targetHints":{"allow":["GET"]}}],"collection":[{"href":"https:\/\/thesaraofactory.com\/fr\/wp-json\/wp\/v2\/pages"}],"about":[{"href":"https:\/\/thesaraofactory.com\/fr\/wp-json\/wp\/v2\/types\/page"}],"author":[{"embeddable":true,"href":"https:\/\/thesaraofactory.com\/fr\/wp-json\/wp\/v2\/users\/1"}],"replies":[{"embeddable":true,"href":"https:\/\/thesaraofactory.com\/fr\/wp-json\/wp\/v2\/comments?post=368"}],"version-history":[{"count":26,"href":"https:\/\/thesaraofactory.com\/fr\/wp-json\/wp\/v2\/pages\/368\/revisions"}],"predecessor-version":[{"id":2412,"href":"https:\/\/thesaraofactory.com\/fr\/wp-json\/wp\/v2\/pages\/368\/revisions\/2412"}],"wp:attachment":[{"href":"https:\/\/thesaraofactory.com\/fr\/wp-json\/wp\/v2\/media?parent=368"}],"curies":[{"name":"wp","href":"https:\/\/api.w.org\/{rel}","templated":true}]}}