{"id":1713,"date":"2025-01-24T08:43:04","date_gmt":"2025-01-24T08:43:04","guid":{"rendered":"https:\/\/thesaraofactory.com\/?page_id=1713"},"modified":"2025-07-22T08:02:19","modified_gmt":"2025-07-22T08:02:19","slug":"alta-whatsapp-horeca-alimentacion","status":"publish","type":"page","link":"https:\/\/thesaraofactory.com\/fr\/alta-whatsapp-horeca-alimentacion\/","title":{"rendered":"Alta WhatsApp Horeca Alimentaci\u00f3n"},"content":{"rendered":"<div data-elementor-type=\"wp-page\" data-elementor-id=\"1713\" class=\"elementor elementor-1713\" data-elementor-post-type=\"page\">\n\t\t\t\t<div class=\"elementor-element elementor-element-3346afc e-flex e-con-boxed e-con e-parent\" data-id=\"3346afc\" data-element_type=\"container\">\n\t\t\t\t\t<div class=\"e-con-inner\">\n\t\t\t\t<div class=\"elementor-element elementor-element-46f0439 elementor-widget elementor-widget-heading\" data-id=\"46f0439\" data-element_type=\"widget\" data-widget_type=\"heading.default\">\n\t\t\t\t\t<h2 class=\"elementor-heading-title elementor-size-default\">Alta Club Sarao<\/h2>\t\t\t\t<\/div>\n\t\t\t\t\t<\/div>\n\t\t\t\t<\/div>\n\t\t<div class=\"elementor-element elementor-element-09d3279 e-flex e-con-boxed e-con e-parent\" data-id=\"09d3279\" data-element_type=\"container\">\n\t\t\t\t\t<div class=\"e-con-inner\">\n\t\t\t\t<div class=\"elementor-element elementor-element-d265570 select-country elementor-button-align-stretch elementor-widget elementor-widget-form\" data-id=\"d265570\" data-element_type=\"widget\" data-settings=\"{&quot;step_next_label&quot;:&quot;Next&quot;,&quot;step_previous_label&quot;:&quot;Previous&quot;,&quot;button_width&quot;:&quot;100&quot;,&quot;step_type&quot;:&quot;number_text&quot;,&quot;step_icon_shape&quot;:&quot;circle&quot;}\" data-widget_type=\"form.default\">\n\t\t\t\t\t<template id=\"cfef_logic_data_d265570\" class=\"cfef_logic_data_js\" data-form-id=\"d265570\">{&quot;spain_states&quot;:{&quot;display_mode&quot;:&quot;show&quot;,&quot;fire_action&quot;:&quot;All&quot;,&quot;file_types&quot;:&quot;png&quot;,&quot;logic_data&quot;:[{&quot;cfef_logic_field_id&quot;:&quot;pais&quot;,&quot;cfef_logic_field_is&quot;:&quot;==&quot;,&quot;cfef_logic_compare_value&quot;:&quot;Espa\\u00f1a&quot;,&quot;_id&quot;:&quot;fd8e7ce&quot;}]},&quot;field_392a51a&quot;:{&quot;display_mode&quot;:&quot;show&quot;,&quot;fire_action&quot;:&quot;All&quot;,&quot;file_types&quot;:&quot;png&quot;,&quot;logic_data&quot;:[{&quot;cfef_logic_field_id&quot;:&quot;pais&quot;,&quot;cfef_logic_field_is&quot;:&quot;==&quot;,&quot;cfef_logic_compare_value&quot;:&quot;Portugal&quot;,&quot;_id&quot;:&quot;fd8e7ce&quot;}]},&quot;tipogrupo&quot;:{&quot;display_mode&quot;:&quot;show&quot;,&quot;fire_action&quot;:&quot;All&quot;,&quot;file_types&quot;:&quot;png&quot;,&quot;logic_data&quot;:[{&quot;cfef_logic_field_id&quot;:&quot;grupo&quot;,&quot;cfef_logic_field_is&quot;:&quot;==&quot;,&quot;cfef_logic_compare_value&quot;:&quot;Si&quot;,&quot;_id&quot;:&quot;a23e770&quot;}]}}<\/template>\t\t<form class=\"elementor-form\" method=\"post\" name=\"Alta WhatsApp Horeca Alimentaci\u00f3n\" aria-label=\"Alta WhatsApp Horeca Alimentaci\u00f3n\" action=\"\">\n\t\t\t<input type=\"hidden\" name=\"post_id\" value=\"1713\"\/>\n\t\t\t<input type=\"hidden\" name=\"form_id\" value=\"d265570\"\/>\n\t\t\t<input type=\"hidden\" name=\"referer_title\" value=\"Alta WhatsApp Horeca Alimentaci\u00f3n\" \/>\n\n\t\t\t\t\t\t\t<input type=\"hidden\" name=\"queried_id\" value=\"1713\"\/>\n\t\t\t\n\t\t\t<div class=\"elementor-form-fields-wrapper elementor-labels-above\">\n\t\t\t\t\t\t\t\t<div class=\"elementor-field-type-text elementor-field-group elementor-column elementor-field-group-name elementor-col-33 elementor-field-required\">\n\t\t\t\t\t\t\t\t\t\t\t\t<label for=\"form-field-name\" class=\"elementor-field-label\">\n\t\t\t\t\t\t\t\tC\u00f3digo Cliente *\t\t\t\t\t\t\t<\/label>\n\t\t\t\t\t\t\t\t\t\t\t\t\t\t<input size=\"1\" type=\"text\" name=\"form_fields[name]\" id=\"form-field-name\" class=\"elementor-field elementor-size-lg  elementor-field-textual\" placeholder=\"C\u00f3digo Cliente\" required=\"required\">\n\t\t\t\t\t\t\t\t\t\t\t<\/div>\n\t\t\t\t\t\t\t\t<div class=\"elementor-field-type-text elementor-field-group elementor-column elementor-field-group-field_91412f2 elementor-col-33 elementor-field-required\">\n\t\t\t\t\t\t\t\t\t\t\t\t<label for=\"form-field-field_91412f2\" class=\"elementor-field-label\">\n\t\t\t\t\t\t\t\tNombre Comercial del Cliente *\t\t\t\t\t\t\t<\/label>\n\t\t\t\t\t\t\t\t\t\t\t\t\t\t<input size=\"1\" type=\"text\" name=\"form_fields[field_91412f2]\" id=\"form-field-field_91412f2\" class=\"elementor-field elementor-size-lg  elementor-field-textual\" placeholder=\"Nombre Comercial del Cliente *\" required=\"required\">\n\t\t\t\t\t\t\t\t\t\t\t<\/div>\n\t\t\t\t\t\t\t\t<div class=\"elementor-field-type-text elementor-field-group elementor-column elementor-field-group-field_e659022 elementor-col-33 elementor-field-required\">\n\t\t\t\t\t\t\t\t\t\t\t\t<label for=\"form-field-field_e659022\" class=\"elementor-field-label\">\n\t\t\t\t\t\t\t\tCIF *\t\t\t\t\t\t\t<\/label>\n\t\t\t\t\t\t\t\t\t\t\t\t\t\t<input size=\"1\" type=\"text\" name=\"form_fields[field_e659022]\" id=\"form-field-field_e659022\" class=\"elementor-field elementor-size-lg  elementor-field-textual\" placeholder=\"CIF\" required=\"required\">\n\t\t\t\t\t\t\t\t\t\t\t<\/div>\n\t\t\t\t\t\t\t\t<div class=\"elementor-field-type-select elementor-field-group elementor-column elementor-field-group-pais elementor-col-33\">\n\t\t\t\t\t\t\t\t\t\t\t\t<label for=\"form-field-pais\" class=\"elementor-field-label\">\n\t\t\t\t\t\t\t\tPa\u00eds\t\t\t\t\t\t\t<\/label>\n\t\t\t\t\t\t\t\t<div class=\"elementor-field elementor-select-wrapper remove-before\">\n\t\t\t<div class=\"select-caret-down-wrapper\">\n\t\t\t\t<svg aria-hidden=\"true\" class=\"e-font-icon-svg e-eicon-caret-down\" viewbox=\"0 0 571.4 571.4\" xmlns=\"http:\/\/www.w3.org\/2000\/svg\"><path d=\"M571 393Q571 407 561 418L311 668Q300 679 286 679T261 668L11 418Q0 407 0 393T11 368 36 357H536Q550 357 561 368T571 393Z\"><\/path><\/svg>\t\t\t<\/div>\n\t\t\t<select name=\"form_fields[pais]\" id=\"form-field-pais\" class=\"elementor-field-textual elementor-size-lg\">\n\t\t\t\t\t\t\t\t\t<option value=\" Espa\u00f1a\">Espa\u00f1a <\/option>\n\t\t\t\t\t\t\t\t\t<option value=\" Portugal\">Portugal <\/option>\n\t\t\t\t\t\t\t<\/select>\n\t\t<\/div>\n\t\t\t\t\t\t<\/div>\n\t\t\t\t\t\t\t\t<div class=\"elementor-field-type-select elementor-field-group elementor-column elementor-field-group-field_53ab67c elementor-col-33 elementor-field-required\">\n\t\t\t\t\t\t\t\t\t\t\t\t<label for=\"form-field-field_53ab67c\" class=\"elementor-field-label\">\n\t\t\t\t\t\t\t\tRepresentante *\t\t\t\t\t\t\t<\/label>\n\t\t\t\t\t\t\t\t<div class=\"elementor-field elementor-select-wrapper remove-before\">\n\t\t\t<div class=\"select-caret-down-wrapper\">\n\t\t\t\t<svg aria-hidden=\"true\" class=\"e-font-icon-svg e-eicon-caret-down\" viewbox=\"0 0 571.4 571.4\" xmlns=\"http:\/\/www.w3.org\/2000\/svg\"><path d=\"M571 393Q571 407 561 418L311 668Q300 679 286 679T261 668L11 418Q0 407 0 393T11 368 36 357H536Q550 357 561 368T571 393Z\"><\/path><\/svg>\t\t\t<\/div>\n\t\t\t<select name=\"form_fields[field_53ab67c]\" id=\"form-field-field_53ab67c\" class=\"elementor-field-textual elementor-size-lg\" required=\"required\">\n\t\t\t\t\t\t\t\t\t<option value=\"Elige representante\">Elige representante<\/option>\n\t\t\t\t\t\t\t\t\t<option value=\" Alberto Lopez Martinez\">Alberto Lopez Martinez <\/option>\n\t\t\t\t\t\t\t\t\t<option value=\" Banlix Agencia Representaciones S.L\">Banlix Agencia Representaciones S.L <\/option>\n\t\t\t\t\t\t\t\t\t<option value=\" Calvo Representaciones S.L.U\">Calvo Representaciones S.L.U <\/option>\n\t\t\t\t\t\t\t\t\t<option value=\" Cliente Directo Horeca &amp; GD\">Cliente Directo Horeca &amp; GD <\/option>\n\t\t\t\t\t\t\t\t\t<option value=\" Cliente Directo Portugal\">Cliente Directo Portugal <\/option>\n\t\t\t\t\t\t\t\t\t<option value=\" Jos\u00e9 \u00c1ngel Gracia Sancho\">Jos\u00e9 \u00c1ngel Gracia Sancho <\/option>\n\t\t\t\t\t\t\t\t\t<option value=\" Jose Paulino Gonz\u00e1lez Suarez\">Jose Paulino Gonz\u00e1lez Suarez <\/option>\n\t\t\t\t\t\t\t\t\t<option value=\" Juan Mart\u00ednez Lagos\">Juan Mart\u00ednez Lagos <\/option>\n\t\t\t\t\t\t\t\t\t<option value=\" Marco Bastos\">Marco Bastos <\/option>\n\t\t\t\t\t\t\t\t\t<option value=\" Mariano Estevanez Botello\">Mariano Estevanez Botello <\/option>\n\t\t\t\t\t\t\t\t\t<option value=\" Moises Cane Cris\">Moises Cane Cris <\/option>\n\t\t\t\t\t\t\t\t\t<option value=\" Paula Martinez Rico\">Paula Martinez Rico <\/option>\n\t\t\t\t\t\t\t\t\t<option value=\" Pedro F., Landa Fuster\">Pedro F., Landa Fuster <\/option>\n\t\t\t\t\t\t\t\t\t<option value=\" Quintilianos, S.L.\">Quintilianos, S.L. <\/option>\n\t\t\t\t\t\t\t\t\t<option value=\" Ra\u00fal Mart\u00ednez-G\u00f3mez L\u00f3pez\">Ra\u00fal Mart\u00ednez-G\u00f3mez L\u00f3pez <\/option>\n\t\t\t\t\t\t\t\t\t<option value=\" Representaciones Aral, S.L.\">Representaciones Aral, S.L. <\/option>\n\t\t\t\t\t\t\t\t\t<option value=\" Representaciones Cabrera, S.C.\">Representaciones Cabrera, S.C. <\/option>\n\t\t\t\t\t\t\t\t\t<option value=\" Representaciones Pineda Zambruno, SL\">Representaciones Pineda Zambruno, SL <\/option>\n\t\t\t\t\t\t\t\t\t<option value=\" Victor Ortega Moreno\">Victor Ortega Moreno <\/option>\n\t\t\t\t\t\t\t\t\t<option value=\" Raimundo Luis Melero Ruiz de Pascual\">Raimundo Luis Melero Ruiz de Pascual <\/option>\n\t\t\t\t\t\t\t<\/select>\n\t\t<\/div>\n\t\t\t\t\t\t<\/div>\n\t\t\t\t\t\t\t\t<div class=\"elementor-field-type-select elementor-field-group elementor-column elementor-field-group-spain_states elementor-col-33\">\n\t\t\t\t\t\t\t\t\t\t\t\t<label for=\"form-field-spain_states\" class=\"elementor-field-label\">\n\t\t\t\t\t\t\t\tEstado \/ Comunidad\t\t\t\t\t\t\t<\/label>\n\t\t\t\t\t\t\t\t<div class=\"elementor-field elementor-select-wrapper remove-before\">\n\t\t\t<div class=\"select-caret-down-wrapper\">\n\t\t\t\t<svg aria-hidden=\"true\" class=\"e-font-icon-svg e-eicon-caret-down\" viewbox=\"0 0 571.4 571.4\" xmlns=\"http:\/\/www.w3.org\/2000\/svg\"><path d=\"M571 393Q571 407 561 418L311 668Q300 679 286 679T261 668L11 418Q0 407 0 393T11 368 36 357H536Q550 357 561 368T571 393Z\"><\/path><\/svg>\t\t\t<\/div>\n\t\t\t<select name=\"form_fields[spain_states]\" id=\"form-field-spain_states\" class=\"elementor-field-textual elementor-size-lg\">\n\t\t\t\t\t\t\t\t\t<option value=\" Andaluc\u00eda\">Andaluc\u00eda <\/option>\n\t\t\t\t\t\t\t\t\t<option value=\" Arag\u00f3n\">Arag\u00f3n <\/option>\n\t\t\t\t\t\t\t\t\t<option value=\" Asturias\">Asturias <\/option>\n\t\t\t\t\t\t\t\t\t<option value=\" Baleares\">Baleares <\/option>\n\t\t\t\t\t\t\t\t\t<option value=\" Canarias\">Canarias <\/option>\n\t\t\t\t\t\t\t\t\t<option value=\" Cantabria\">Cantabria <\/option>\n\t\t\t\t\t\t\t\t\t<option value=\" Castilla-La Mancha\">Castilla-La Mancha <\/option>\n\t\t\t\t\t\t\t\t\t<option value=\" Castilla y Le\u00f3n\">Castilla y Le\u00f3n <\/option>\n\t\t\t\t\t\t\t\t\t<option value=\" Catalu\u00f1a\">Catalu\u00f1a <\/option>\n\t\t\t\t\t\t\t\t\t<option value=\" Extremadura\">Extremadura <\/option>\n\t\t\t\t\t\t\t\t\t<option value=\" Galicia\">Galicia <\/option>\n\t\t\t\t\t\t\t\t\t<option value=\" Madrid\">Madrid <\/option>\n\t\t\t\t\t\t\t\t\t<option value=\" Murcia\">Murcia <\/option>\n\t\t\t\t\t\t\t\t\t<option value=\" Navarra\">Navarra <\/option>\n\t\t\t\t\t\t\t\t\t<option value=\" La Rioja\">La Rioja <\/option>\n\t\t\t\t\t\t\t\t\t<option value=\" Pa\u00eds Vasco\">Pa\u00eds Vasco <\/option>\n\t\t\t\t\t\t\t\t\t<option value=\" Valencia\">Valencia <\/option>\n\t\t\t\t\t\t\t\t\t<option value=\" Ceuta\">Ceuta <\/option>\n\t\t\t\t\t\t\t\t\t<option value=\" Melilla\">Melilla <\/option>\n\t\t\t\t\t\t\t<\/select>\n\t\t<\/div>\n\t\t\t\t\t\t<\/div>\n\t\t\t\t\t\t\t\t<div class=\"elementor-field-type-select elementor-field-group elementor-column elementor-field-group-field_392a51a elementor-col-33\">\n\t\t\t\t\t\t\t\t\t\t\t\t<label for=\"form-field-field_392a51a\" class=\"elementor-field-label\">\n\t\t\t\t\t\t\t\tEstado \/ Comunidad\t\t\t\t\t\t\t<\/label>\n\t\t\t\t\t\t\t\t<div class=\"elementor-field elementor-select-wrapper remove-before\">\n\t\t\t<div class=\"select-caret-down-wrapper\">\n\t\t\t\t<svg aria-hidden=\"true\" class=\"e-font-icon-svg e-eicon-caret-down\" viewbox=\"0 0 571.4 571.4\" xmlns=\"http:\/\/www.w3.org\/2000\/svg\"><path d=\"M571 393Q571 407 561 418L311 668Q300 679 286 679T261 668L11 418Q0 407 0 393T11 368 36 357H536Q550 357 561 368T571 393Z\"><\/path><\/svg>\t\t\t<\/div>\n\t\t\t<select name=\"form_fields[field_392a51a]\" id=\"form-field-field_392a51a\" class=\"elementor-field-textual elementor-size-lg\">\n\t\t\t\t\t\t\t\t\t<option value=\" Aveiro\">Aveiro <\/option>\n\t\t\t\t\t\t\t\t\t<option value=\" Beja\">Beja <\/option>\n\t\t\t\t\t\t\t\t\t<option value=\" Braga\">Braga <\/option>\n\t\t\t\t\t\t\t\t\t<option value=\" Bragan\u00e7a\">Bragan\u00e7a <\/option>\n\t\t\t\t\t\t\t\t\t<option value=\" Castelo Branco\">Castelo Branco <\/option>\n\t\t\t\t\t\t\t\t\t<option value=\" Coimbra\">Coimbra <\/option>\n\t\t\t\t\t\t\t\t\t<option value=\" \u00c9vora\">\u00c9vora <\/option>\n\t\t\t\t\t\t\t\t\t<option value=\" Faro\">Faro <\/option>\n\t\t\t\t\t\t\t\t\t<option value=\" Guarda\">Guarda <\/option>\n\t\t\t\t\t\t\t\t\t<option value=\" Leiria\">Leiria <\/option>\n\t\t\t\t\t\t\t\t\t<option value=\" Lisboa\">Lisboa <\/option>\n\t\t\t\t\t\t\t\t\t<option value=\" Portalegre\">Portalegre <\/option>\n\t\t\t\t\t\t\t\t\t<option value=\" Porto\">Porto <\/option>\n\t\t\t\t\t\t\t\t\t<option value=\" Santar\u00e9m\">Santar\u00e9m <\/option>\n\t\t\t\t\t\t\t\t\t<option value=\" Set\u00fabal\">Set\u00fabal <\/option>\n\t\t\t\t\t\t\t\t\t<option value=\" Viana do Castelo\">Viana do Castelo <\/option>\n\t\t\t\t\t\t\t\t\t<option value=\" Vila Real\">Vila Real <\/option>\n\t\t\t\t\t\t\t\t\t<option value=\" Viseu\">Viseu <\/option>\n\t\t\t\t\t\t\t\t\t<option value=\" A\u00e7ores\">A\u00e7ores <\/option>\n\t\t\t\t\t\t\t\t\t<option value=\" Madeira\">Madeira <\/option>\n\t\t\t\t\t\t\t<\/select>\n\t\t<\/div>\n\t\t\t\t\t\t<\/div>\n\t\t\t\t\t\t\t\t<div class=\"elementor-field-type-text elementor-field-group elementor-column elementor-field-group-field_2d4a40b elementor-col-33\">\n\t\t\t\t\t\t\t\t\t\t\t\t<label for=\"form-field-field_2d4a40b\" class=\"elementor-field-label\">\n\t\t\t\t\t\t\t\tGerente \/ Propietario\t\t\t\t\t\t\t<\/label>\n\t\t\t\t\t\t\t\t\t\t\t\t\t\t<input size=\"1\" type=\"text\" name=\"form_fields[field_2d4a40b]\" id=\"form-field-field_2d4a40b\" class=\"elementor-field elementor-size-lg  elementor-field-textual\" placeholder=\"Gerente \/ Propietario\">\n\t\t\t\t\t\t\t\t\t\t\t<\/div>\n\t\t\t\t\t\t\t\t<div class=\"elementor-field-type-select elementor-field-group elementor-column elementor-field-group-grupo elementor-col-33\">\n\t\t\t\t\t\t\t\t\t\t\t\t<label for=\"form-field-grupo\" class=\"elementor-field-label\">\n\t\t\t\t\t\t\t\tPertenece a grupo\t\t\t\t\t\t\t<\/label>\n\t\t\t\t\t\t\t\t<div class=\"elementor-field elementor-select-wrapper remove-before\">\n\t\t\t<div class=\"select-caret-down-wrapper\">\n\t\t\t\t<svg aria-hidden=\"true\" class=\"e-font-icon-svg e-eicon-caret-down\" viewbox=\"0 0 571.4 571.4\" xmlns=\"http:\/\/www.w3.org\/2000\/svg\"><path d=\"M571 393Q571 407 561 418L311 668Q300 679 286 679T261 668L11 418Q0 407 0 393T11 368 36 357H536Q550 357 561 368T571 393Z\"><\/path><\/svg>\t\t\t<\/div>\n\t\t\t<select name=\"form_fields[grupo]\" id=\"form-field-grupo\" class=\"elementor-field-textual elementor-size-lg\">\n\t\t\t\t\t\t\t\t\t<option value=\" Si\">Si <\/option>\n\t\t\t\t\t\t\t\t\t<option value=\" No\">No <\/option>\n\t\t\t\t\t\t\t<\/select>\n\t\t<\/div>\n\t\t\t\t\t\t<\/div>\n\t\t\t\t\t\t\t\t<div class=\"elementor-field-type-text elementor-field-group elementor-column elementor-field-group-tipogrupo elementor-col-33\">\n\t\t\t\t\t\t\t\t\t\t\t\t<label for=\"form-field-tipogrupo\" class=\"elementor-field-label\">\n\t\t\t\t\t\t\t\t\u00bfA qu\u00e9 grupo?\t\t\t\t\t\t\t<\/label>\n\t\t\t\t\t\t\t\t\t\t\t\t\t\t<input size=\"1\" type=\"text\" name=\"form_fields[tipogrupo]\" id=\"form-field-tipogrupo\" class=\"elementor-field elementor-size-lg  elementor-field-textual\" placeholder=\"\u00bfA qu\u00e9 grupo?\">\n\t\t\t\t\t\t\t\t\t\t\t<\/div>\n\t\t\t\t\t\t\t\t<div class=\"elementor-field-type-text elementor-field-group elementor-column elementor-field-group-field_a202b82 elementor-col-33 elementor-field-required\">\n\t\t\t\t\t\t\t\t\t\t\t\t<label for=\"form-field-field_a202b82\" class=\"elementor-field-label\">\n\t\t\t\t\t\t\t\tN\u00ba de Empleados*\t\t\t\t\t\t\t<\/label>\n\t\t\t\t\t\t\t\t\t\t\t\t\t\t<input size=\"1\" type=\"text\" name=\"form_fields[field_a202b82]\" id=\"form-field-field_a202b82\" class=\"elementor-field elementor-size-lg  elementor-field-textual\" placeholder=\"N\u00ba de Empleados*\" required=\"required\">\n\t\t\t\t\t\t\t\t\t\t\t<\/div>\n\t\t\t\t\t\t\t\t<div class=\"elementor-field-type-date elementor-field-group elementor-column elementor-field-group-field_edd56d0 elementor-col-33\">\n\t\t\t\t\t\t\t\t\t\t\t\t<label for=\"form-field-field_edd56d0\" class=\"elementor-field-label\">\n\t\t\t\t\t\t\t\tAniversario Punto de Venta\t\t\t\t\t\t\t<\/label>\n\t\t\t\t\t\t\n\t\t<input type=\"date\" name=\"form_fields[field_edd56d0]\" id=\"form-field-field_edd56d0\" class=\"elementor-field elementor-size-lg  elementor-field-textual elementor-date-field\" placeholder=\"Aniversario Punto de Venta\" pattern=\"[0-9]{4}-[0-9]{2}-[0-9]{2}\">\n\t\t\t\t\t\t<\/div>\n\t\t\t\t\t\t\t\t<div class=\"elementor-field-type-text elementor-field-group elementor-column elementor-field-group-field_79ab3c2 elementor-col-33\">\n\t\t\t\t\t\t\t\t\t\t\t\t<label for=\"form-field-field_79ab3c2\" class=\"elementor-field-label\">\n\t\t\t\t\t\t\t\tm2 Punto de Venta\t\t\t\t\t\t\t<\/label>\n\t\t\t\t\t\t\t\t\t\t\t\t\t\t<input size=\"1\" type=\"text\" name=\"form_fields[field_79ab3c2]\" id=\"form-field-field_79ab3c2\" class=\"elementor-field elementor-size-lg  elementor-field-textual\" placeholder=\"m2 Punto de Venta\">\n\t\t\t\t\t\t\t\t\t\t\t<\/div>\n\t\t\t\t\t\t\t\t<div class=\"elementor-field-type-text elementor-field-group elementor-column elementor-field-group-field_c92b088 elementor-col-33\">\n\t\t\t\t\t\t\t\t\t\t\t\t<label for=\"form-field-field_c92b088\" class=\"elementor-field-label\">\n\t\t\t\t\t\t\t\tN\u00famero Escaparates\t\t\t\t\t\t\t<\/label>\n\t\t\t\t\t\t\t\t\t\t\t\t\t\t<input size=\"1\" type=\"text\" name=\"form_fields[field_c92b088]\" id=\"form-field-field_c92b088\" class=\"elementor-field elementor-size-lg  elementor-field-textual\" placeholder=\"N\u00famero Escaparates\">\n\t\t\t\t\t\t\t\t\t\t\t<\/div>\n\t\t\t\t\t\t\t\t<div class=\"elementor-field-type-text elementor-field-group elementor-column elementor-field-group-field_67f16d7 elementor-col-33 elementor-field-required\">\n\t\t\t\t\t\t\t\t\t\t\t\t<label for=\"form-field-field_67f16d7\" class=\"elementor-field-label\">\n\t\t\t\t\t\t\t\tTel\u00e9fono\t\t\t\t\t\t\t<\/label>\n\t\t\t\t\t\t\t\t\t\t\t\t\t\t<input size=\"1\" type=\"text\" name=\"form_fields[field_67f16d7]\" id=\"form-field-field_67f16d7\" class=\"elementor-field elementor-size-lg  elementor-field-textual\" placeholder=\"Tel\u00e9fono\" required=\"required\">\n\t\t\t\t\t\t\t\t\t\t\t<\/div>\n\t\t\t\t\t\t\t\t<div class=\"elementor-field-type-email elementor-field-group elementor-column elementor-field-group-field_2ce9831 elementor-col-33 elementor-field-required\">\n\t\t\t\t\t\t\t\t\t\t\t\t<label for=\"form-field-field_2ce9831\" class=\"elementor-field-label\">\n\t\t\t\t\t\t\t\tEmail\t\t\t\t\t\t\t<\/label>\n\t\t\t\t\t\t\t\t\t\t\t\t\t\t<input size=\"1\" type=\"email\" name=\"form_fields[field_2ce9831]\" id=\"form-field-field_2ce9831\" class=\"elementor-field elementor-size-lg  elementor-field-textual\" placeholder=\"Email\" required=\"required\">\n\t\t\t\t\t\t\t\t\t\t\t<\/div>\n\t\t\t\t\t\t\t\t<div class=\"elementor-field-type-text elementor-field-group elementor-column elementor-field-group-field_4244019 elementor-col-33 elementor-field-required\">\n\t\t\t\t\t\t\t\t\t\t\t\t<label for=\"form-field-field_4244019\" class=\"elementor-field-label\">\n\t\t\t\t\t\t\t\tWhatsapp\t\t\t\t\t\t\t<\/label>\n\t\t\t\t\t\t\t\t\t\t\t\t\t\t<input size=\"1\" type=\"text\" name=\"form_fields[field_4244019]\" id=\"form-field-field_4244019\" class=\"elementor-field elementor-size-lg  elementor-field-textual\" placeholder=\"Whatsapp\" required=\"required\">\n\t\t\t\t\t\t\t\t\t\t\t<\/div>\n\t\t\t\t\t\t\t\t<div class=\"elementor-field-type-text elementor-field-group elementor-column elementor-field-group-field_37e5b74 elementor-col-50\">\n\t\t\t\t\t\t\t\t\t\t\t\t<label for=\"form-field-field_37e5b74\" class=\"elementor-field-label\">\n\t\t\t\t\t\t\t\tInstagram\t\t\t\t\t\t\t<\/label>\n\t\t\t\t\t\t\t\t\t\t\t\t\t\t<input size=\"1\" type=\"text\" name=\"form_fields[field_37e5b74]\" id=\"form-field-field_37e5b74\" class=\"elementor-field elementor-size-lg  elementor-field-textual\" placeholder=\"Instagram\">\n\t\t\t\t\t\t\t\t\t\t\t<\/div>\n\t\t\t\t\t\t\t\t<div class=\"elementor-field-type-text elementor-field-group elementor-column elementor-field-group-field_8ac75cc elementor-col-50\">\n\t\t\t\t\t\t\t\t\t\t\t\t<label for=\"form-field-field_8ac75cc\" class=\"elementor-field-label\">\n\t\t\t\t\t\t\t\tFacebook\t\t\t\t\t\t\t<\/label>\n\t\t\t\t\t\t\t\t\t\t\t\t\t\t<input size=\"1\" type=\"text\" name=\"form_fields[field_8ac75cc]\" id=\"form-field-field_8ac75cc\" class=\"elementor-field elementor-size-lg  elementor-field-textual\" placeholder=\"Facebook\">\n\t\t\t\t\t\t\t\t\t\t\t<\/div>\n\t\t\t\t\t\t\t\t<div class=\"elementor-field-type-acceptance elementor-field-group elementor-column elementor-field-group-field_280109e elementor-col-100 elementor-field-required\">\n\t\t\t\t\t\t\t<div class=\"elementor-field-subgroup\">\n\t\t\t<span class=\"elementor-field-option\">\n\t\t\t\t<input type=\"checkbox\" name=\"form_fields[field_280109e]\" id=\"form-field-field_280109e\" class=\"elementor-field elementor-size-lg  elementor-acceptance-field\" required=\"required\">\n\t\t\t\t<label for=\"form-field-field_280109e\"><span style=\"color:white;\">Acepto la <a href=\"\/fr\/politica-de-privacidad\/\">pol\u00edtica de privacidad<\/a>.<\/span><\/label>\t\t\t<\/span>\n\t\t<\/div>\n\t\t\t\t\t\t<\/div>\n\t\t\t\t\t\t\t\t<div class=\"elementor-field-group elementor-column elementor-field-type-submit elementor-col-100 e-form__buttons\">\n\t\t\t\t\t<button class=\"elementor-button elementor-size-sm\" type=\"submit\">\n\t\t\t\t\t\t<span class=\"elementor-button-content-wrapper\">\n\t\t\t\t\t\t\t\t\t\t\t\t\t\t\t\t\t\t\t\t\t\t<span class=\"elementor-button-text\">Enviar<\/span>\n\t\t\t\t\t\t\t\t\t\t\t\t\t<\/span>\n\t\t\t\t\t<\/button>\n\t\t\t\t<\/div>\n\t\t\t<\/div>\n\t\t<input type=\"hidden\" name=\"trp-form-language\" value=\"fr\"\/><\/form>\n\t\t\t\t\t\t<\/div>\n\t\t\t\t\t<\/div>\n\t\t\t\t<\/div>\n\t\t\t\t<\/div>","protected":false},"excerpt":{"rendered":"<p>Alta Club Sarao<\/p>","protected":false},"author":2,"featured_media":0,"parent":0,"menu_order":0,"comment_status":"closed","ping_status":"closed","template":"","meta":{"footnotes":""},"class_list":["post-1713","page","type-page","status-publish","hentry"],"_links":{"self":[{"href":"https:\/\/thesaraofactory.com\/fr\/wp-json\/wp\/v2\/pages\/1713","targetHints":{"allow":["GET"]}}],"collection":[{"href":"https:\/\/thesaraofactory.com\/fr\/wp-json\/wp\/v2\/pages"}],"about":[{"href":"https:\/\/thesaraofactory.com\/fr\/wp-json\/wp\/v2\/types\/page"}],"author":[{"embeddable":true,"href":"https:\/\/thesaraofactory.com\/fr\/wp-json\/wp\/v2\/users\/2"}],"replies":[{"embeddable":true,"href":"https:\/\/thesaraofactory.com\/fr\/wp-json\/wp\/v2\/comments?post=1713"}],"version-history":[{"count":115,"href":"https:\/\/thesaraofactory.com\/fr\/wp-json\/wp\/v2\/pages\/1713\/revisions"}],"predecessor-version":[{"id":2552,"href":"https:\/\/thesaraofactory.com\/fr\/wp-json\/wp\/v2\/pages\/1713\/revisions\/2552"}],"wp:attachment":[{"href":"https:\/\/thesaraofactory.com\/fr\/wp-json\/wp\/v2\/media?parent=1713"}],"curies":[{"name":"wp","href":"https:\/\/api.w.org\/{rel}","templated":true}]}}