{"id":1504,"date":"2024-04-15T11:16:54","date_gmt":"2024-04-15T11:16:54","guid":{"rendered":"https:\/\/thesaraofactory.com\/?page_id=1504"},"modified":"2025-04-09T06:46:46","modified_gmt":"2025-04-09T06:46:46","slug":"politica-envios-pedido-minimo","status":"publish","type":"page","link":"https:\/\/thesaraofactory.com\/fr\/politica-envios-pedido-minimo\/","title":{"rendered":"Politique d&#039;exp\u00e9dition et de quantit\u00e9 Minimum de Commande"},"content":{"rendered":"<div class=\"wpb-content-wrapper\">\r\n<div class=\"mk-page-section-wrapper\" data-mk-full-width=\"true\" data-mk-full-width-init=\"true\" data-mk-stretch-content=\"true\">\r\n\t<div id=\"page-section-69e08f19bcdc6\" class=\"mk-page-section self-hosted   full_layout full-width-69e08f19bcdc6 js-el js-master-row jupiter-donut-visible-sm\"    data-intro-effect=\"false\">\r\n\r\n\t\t\t\r\n\t\t\t<div class=\"mk-page-section-inner\">\r\n\t\t\t\t\r\n\r\n\r\n<div class=\"mk-video-color-mask\"><\/div>\r\n\r\n\t\t\t\t\r\n\t\t\t\t\t\t\t<\/div>\r\n\r\n\t\t\t\r\n        <div class=\"page-section-content vc_row-fluid page-section-fullwidth\" >\r\n            <div class=\"mk-padding-wrapper wpb_row\"><style id=\"mk-shortcode-style-69e08f19bd1e8\" type=\"text\/css\"><\/style>\r\n<div class=\"vc_col-sm-12 wpb_column column_container  jupiter-donut- _ jupiter-donut-height-full\">\r\n\t\r\n\r\n<div class=\"wpb_row vc_inner vc_row vc_row-fluid jupiter-donut-   attched-false\">\r\n\t\t\t<div class=\"wpb_column vc_column_container vc_col-sm-12\"><div class=\"vc_column-inner\"><div class=\"wpb_wrapper\"><div class=\"vc_empty_space\"   style=\"height: 5px\"><span class=\"vc_empty_space_inner\"><\/span><\/div><style id=\"mk-shortcode-style-69e08f19bd786\" type=\"text\/css\">#text-block-69e08f19bd786 { margin-bottom:0px; text-align:left; }<\/style>\t<div class=\"vc_custom_1713334961711\">\r\n\r\n<div id=\"text-block-69e08f19bd786\" class=\"mk-text-block  jupiter-donut-\">\r\n\r\n\t\r\n\t<p style=\"text-align: center; margin-bottom: 0px;\">Politique d&#039;exp\u00e9dition et de quantit\u00e9 Minimum de Commande<\/p>\n\r\n\t<div class=\"clearboth\"><\/div>\r\n<\/div>\r\n\r\n\t<\/div>\r\n<\/div><\/div><\/div>\t<\/div>\r\n<\/div>\r\n<\/div>\r\n            <div class=\"clearboth\"><\/div>\r\n        <\/div>\r\n\r\n\r\n\t\t\t\r\n\t\t\t\r\n\t\t\t\r\n\t\t<div class=\"clearboth\"><\/div>\r\n\t<\/div>\r\n<\/div>\r\n<div class=\"vc_row-full-width vc_clearfix\"><\/div>\r\n\r\n<style id=\"mk-shortcode-style-69e08f19bcdc6\" type=\"text\/css\">.full-width-69e08f19bcdc6 { min-height:40px; margin-bottom:0px; background-color:#329471; border:1px solid #ffffff;border-left:none;border-right:none; } .full-width-69e08f19bcdc6 .page-section-content { padding:0px 0 0px; } #background-layer--69e08f19bcdc6 { ; background-position:left top; background-repeat:repeat; ; } #background-layer--69e08f19bcdc6 .mk-color-layer { ; width:100%; height:100%; position:absolute; top:0; left:0; }<\/style><style id=\"mk-shortcode-style-69e08f19bcdc6\" type=\"text\/css\">.full-width-69e08f19bcdc6 .mk-fancy-title.pattern-style span, .full-width-69e08f19bcdc6 .mk-blog-view-all { background-color:#329471 !important; }<\/style>\r\n<div class=\"mk-page-section-wrapper\" data-mk-full-width=\"true\" data-mk-full-width-init=\"true\" data-mk-stretch-content=\"true\">\r\n\t<div id=\"page-section-69e08f19bdaa1\" class=\"mk-page-section self-hosted   full_layout full-width-69e08f19bdaa1 js-el js-master-row jupiter-donut-\"    data-intro-effect=\"false\">\r\n\r\n\t\t\t\r\n\t\t\t<div class=\"mk-page-section-inner\">\r\n\t\t\t\t\r\n\r\n\r\n<div class=\"mk-video-color-mask\"><\/div>\r\n\r\n\t\t\t\t\r\n\t\t\t\t\t\t\t<\/div>\r\n\r\n\t\t\t\r\n        <div class=\"page-section-content vc_row-fluid page-section-fullwidth\" >\r\n            <div class=\"mk-padding-wrapper wpb_row\"><style id=\"mk-shortcode-style-69e08f19bdd1b\" type=\"text\/css\"><\/style>\r\n<div class=\"vc_col-sm-12 wpb_column column_container  jupiter-donut- _ jupiter-donut-height-full\">\r\n\t\r\n\r\n<div class=\"wpb_row vc_inner vc_row vc_row-fluid jupiter-donut-   attched-false   vc_custom_1655134021891\">\r\n\t\t\t<div class=\"wpb_column vc_column_container vc_col-sm-12\"><div class=\"vc_column-inner\"><div class=\"wpb_wrapper\"><style id=\"mk-shortcode-style-69e08f19bdf60\" type=\"text\/css\">#text-block-69e08f19bdf60 { margin-bottom:0px; text-align:left; }<\/style>\t<div class=\"vc_custom_1713513297720\">\r\n\r\n<div id=\"text-block-69e08f19bdf60\" class=\"mk-text-block  jupiter-donut-\">\r\n\r\n\t\r\n\t<h1>Politique d&#039;exp\u00e9dition et de quantit\u00e9 Minimum de Commande<\/h1>\n<p>The Sarao Factory de d\u00e9finir un minimum de commande pour les commandes en Espagne et au Portugal de 500\u20ac et pour les commandes internationales (\u00e0 l&#039;exception du Portugal) \u00e0 1 000\u20ac. En dessous de ces montants, les frais d&#039;envoi sont \u00e0 la charge du client<strong>.<\/strong> Toutes les commandes sont trait\u00e9es dans les 24 \u00e0 72 heures ouvr\u00e9es (hors week-end et jours f\u00e9ri\u00e9s) apr\u00e8s l&#039;ach\u00e8vement de la commande. Veuillez noter que pendant les p\u00e9riodes de grand volume, le temps de traitement peut prendre plus de temps que d&#039;habitude. Le temps de passage de votre commande d\u00e9pend de la localit\u00e9 de destination.<\/p>\n\r\n\t<div class=\"clearboth\"><\/div>\r\n<\/div>\r\n\r\n\t<\/div>\r\n<div class=\"vc_empty_space\"   style=\"height: 10px\"><span class=\"vc_empty_space_inner\"><\/span><\/div><\/div><\/div><\/div>\t<\/div>\r\n<\/div>\r\n<\/div>\r\n            <div class=\"clearboth\"><\/div>\r\n        <\/div>\r\n\r\n\r\n\t\t\t\r\n\t\t\t\r\n\t\t\t\r\n\t\t<div class=\"clearboth\"><\/div>\r\n\t<\/div>\r\n<\/div>\r\n<div class=\"vc_row-full-width vc_clearfix\"><\/div>\r\n\r\n<style id=\"mk-shortcode-style-69e08f19bdaa1\" type=\"text\/css\">.full-width-69e08f19bdaa1 { min-height:100px; margin-bottom:0px; } .full-width-69e08f19bdaa1 .page-section-content { padding:10px 0 10px; } #background-layer--69e08f19bdaa1 { ; background-position:left top; background-repeat:repeat; ; } #background-layer--69e08f19bdaa1 .mk-color-layer { ; width:100%; height:100%; position:absolute; top:0; left:0; }<\/style>\n<\/div>","protected":false},"excerpt":{"rendered":"Pol\u00edtica de Env\u00edos y Pedido M\u00ednimo Pol\u00edtica de Env\u00edos y Pedido M\u00ednimo The Sarao Factory establece un pedido m\u00ednimo para pedidos en Espa\u00f1a y Portugal de 500\u20ac y, para pedidos internacionales (exceptuando Portugal) de 1.000\u20ac. Por debajo de estas cantidades, los gastos de env\u00edo correr\u00e1n a cuenta del cliente. Todos los pedidos se procesan dentro [...]","protected":false},"author":2,"featured_media":0,"parent":0,"menu_order":0,"comment_status":"closed","ping_status":"closed","template":"","meta":{"footnotes":""},"class_list":["post-1504","page","type-page","status-publish","hentry"],"_links":{"self":[{"href":"https:\/\/thesaraofactory.com\/fr\/wp-json\/wp\/v2\/pages\/1504","targetHints":{"allow":["GET"]}}],"collection":[{"href":"https:\/\/thesaraofactory.com\/fr\/wp-json\/wp\/v2\/pages"}],"about":[{"href":"https:\/\/thesaraofactory.com\/fr\/wp-json\/wp\/v2\/types\/page"}],"author":[{"embeddable":true,"href":"https:\/\/thesaraofactory.com\/fr\/wp-json\/wp\/v2\/users\/2"}],"replies":[{"embeddable":true,"href":"https:\/\/thesaraofactory.com\/fr\/wp-json\/wp\/v2\/comments?post=1504"}],"version-history":[{"count":13,"href":"https:\/\/thesaraofactory.com\/fr\/wp-json\/wp\/v2\/pages\/1504\/revisions"}],"predecessor-version":[{"id":2420,"href":"https:\/\/thesaraofactory.com\/fr\/wp-json\/wp\/v2\/pages\/1504\/revisions\/2420"}],"wp:attachment":[{"href":"https:\/\/thesaraofactory.com\/fr\/wp-json\/wp\/v2\/media?parent=1504"}],"curies":[{"name":"wp","href":"https:\/\/api.w.org\/{rel}","templated":true}]}}