{"id":633,"date":"2023-03-17T13:06:03","date_gmt":"2023-03-17T13:06:03","guid":{"rendered":"https:\/\/thesaraofactory.com\/?page_id=633"},"modified":"2025-04-09T06:46:04","modified_gmt":"2025-04-09T06:46:04","slug":"proteccion-datos-personales","status":"publish","type":"page","link":"https:\/\/thesaraofactory.com\/en\/proteccion-datos-personales\/","title":{"rendered":"Protecci\u00f3n datos personales"},"content":{"rendered":"<div class=\"wpb-content-wrapper\">\r\n<div  data-mk-stretch-content=\"true\" class=\"wpb_row vc_row vc_row-fluid jupiter-donut- mk-fullwidth-false  attched-false     js-master-row  mk-grid\">\r\n\t\t\t\t\t<\/div>\r\n<style id=\"mk-shortcode-style-69e088304a578\" type=\"text\/css\"><\/style>\r\n<div class=\"vc_col-sm-12 wpb_column column_container  jupiter-donut- _ jupiter-donut-height-full\">\r\n\t<style id=\"mk-shortcode-style-69e088304a768\" type=\"text\/css\">#text-block-69e088304a768 { margin-bottom:0px; text-align:left; }<\/style>\r\n<div id=\"text-block-69e088304a768\" class=\"mk-text-block  jupiter-donut-\">\r\n\r\n\t\r\n\t<div class=\"mk-page-section-wrapper\" style=\"position: relative; box-sizing: border-box; width: 483px; left: -20px;\" data-mk-full-width=\"true\" data-mk-full-width-init=\"true\" data-mk-stretch-content=\"true\">\n<div id=\"page-section-2\" class=\"mk-page-section self-hosted full_layout full-width-2 js-el js-master-row jupiter-donut-visible-sm\" style=\"position: fixed; z-index: 100;\" data-intro-effect=\"false\">\n<div class=\"page-section-content vc_row-fluid page-section-fullwidth\">\n<div class=\"mk-padding-wrapper wpb_row\">\n<div class=\"vc_col-sm-12 wpb_column column_container jupiter-donut- _ jupiter-donut-height-full\">\n<div class=\"wpb_row vc_inner vc_row vc_row-fluid jupiter-donut- attched-false\">\n<div class=\"wpb_column vc_column_container vc_col-sm-12\">\n<div class=\"vc_column-inner\">\n<div class=\"wpb_wrapper\">\n<div class=\"vc_custom_1654203243248\">\n<div id=\"text-block-4\" class=\"mk-text-block jupiter-donut-\">\n<p style=\"text-align: center; margin-bottom: 0px; padding: 5px;\">Privacy policy<\/p>\n<div class=\"clearboth\"><\/div>\n<\/div>\n<\/div>\n<\/div>\n<\/div>\n<\/div>\n<\/div>\n<\/div>\n<\/div>\n<div class=\"clearboth\"><\/div>\n<\/div>\n<div class=\"clearboth\"><\/div>\n<\/div>\n<\/div>\n<div class=\"mk-page-section-wrapper\" data-mk-full-width=\"true\" data-mk-full-width-init=\"true\" data-mk-stretch-content=\"true\">\r\n\t<div id=\"page-section-69e088304aa38\" class=\"mk-page-section self-hosted   full_layout full-width-69e088304aa38 js-el js-master-row jupiter-donut-visible-sm\"    data-intro-effect=\"false\">\r\n\r\n\t\t\t\r\n\t\t\t<div class=\"mk-page-section-inner\">\r\n\t\t\t\t\r\n\r\n\r\n<div class=\"mk-video-color-mask\"><\/div>\r\n\r\n\t\t\t\t\r\n\t\t\t\t\t\t\t<\/div>\r\n\r\n\t\t\t\r\n        <div class=\"page-section-content vc_row-fluid page-section-fullwidth\" >\r\n            <div class=\"mk-padding-wrapper wpb_row\"><\/div>\r\n            <div class=\"clearboth\"><\/div>\r\n        <\/div>\r\n\r\n\r\n\t\t\t\r\n\t\t\t\r\n\t\t\t\r\n\t\t<div class=\"clearboth\"><\/div>\r\n\t<\/div>\r\n<\/div>\r\n<div class=\"vc_row-full-width vc_clearfix\"><\/div>\r\n\r\n<style id=\"mk-shortcode-style-69e088304aa38\" type=\"text\/css\">.full-width-69e088304aa38 { min-height:40px; margin-bottom:0px; background-color:#329471; border:1px solid #ffffff;border-left:none;border-right:none; } .full-width-69e088304aa38 .page-section-content { padding:0px 0 0px; } #background-layer--69e088304aa38 { ; background-position:left top; background-repeat:repeat; ; } #background-layer--69e088304aa38 .mk-color-layer { ; width:100%; height:100%; position:absolute; top:0; left:0; }<\/style><style id=\"mk-shortcode-style-69e088304aa38\" type=\"text\/css\">.full-width-69e088304aa38 .mk-fancy-title.pattern-style span, .full-width-69e088304aa38 .mk-blog-view-all { background-color:#329471 !important; }<\/style><style id=\"mk-shortcode-style-69e088304ad44\" type=\"text\/css\"><\/style>\r\n<div class=\"vc_col-sm-12 wpb_column column_container  jupiter-donut- _ jupiter-donut-height-full\">\r\n\t<\/div>\r\n\r\n\r\n<div class=\"wpb_row vc_inner vc_row vc_row-fluid jupiter-donut-   attched-false\">\r\n\t\t\t\t<\/div>\r\n<div class=\"wpb_column vc_column_container vc_col-sm-12\"><div class=\"vc_column-inner\"><div class=\"wpb_wrapper\"><\/div><\/div><\/div><div class=\"vc_empty_space\"   style=\"height: 5px\"><span class=\"vc_empty_space_inner\"><\/span><\/div><style id=\"mk-shortcode-style-69e088304b081\" type=\"text\/css\">#text-block-69e088304b081 { margin-bottom:0px; text-align:left; }<\/style>\t<div class=\"vc_custom_1654203243248\">\r\n\r\n<div id=\"text-block-69e088304b081\" class=\"mk-text-block  jupiter-donut-\">\r\n\r\n\t\r\n\t\r\n\t<div class=\"clearboth\"><\/div>\r\n<\/div>\r\n\r\n\t<\/div>\n<p style=\"text-align: center; margin-bottom: 0px;\">Privacy policy<\/p>\n\r\n\t<div class=\"clearboth\"><\/div>\r\n<\/div>\r\n\r\n<\/div>\r\n\r\n<div class=\"mk-page-section-wrapper\" data-mk-full-width=\"true\" data-mk-full-width-init=\"true\" data-mk-stretch-content=\"true\">\r\n\t<div id=\"page-section-69e088304b2da\" class=\"mk-page-section self-hosted   full_layout full-width-69e088304b2da js-el js-master-row jupiter-donut-\"    data-intro-effect=\"false\">\r\n\r\n\t\t\t\r\n\t\t\t<div class=\"mk-page-section-inner\">\r\n\t\t\t\t\r\n\r\n\r\n<div class=\"mk-video-color-mask\"><\/div>\r\n\r\n\t\t\t\t\r\n\t\t\t\t\t\t\t<\/div>\r\n\r\n\t\t\t\r\n        <div class=\"page-section-content vc_row-fluid page-section-fullwidth\" >\r\n            <div class=\"mk-padding-wrapper wpb_row\"><style id=\"mk-shortcode-style-69e088304b563\" type=\"text\/css\"><\/style>\r\n<div class=\"vc_col-sm-12 wpb_column column_container  jupiter-donut- _ jupiter-donut-height-full\">\r\n\t\r\n\r\n<div class=\"wpb_row vc_inner vc_row vc_row-fluid jupiter-donut-   attched-false   vc_custom_1655134021891\">\r\n\t\t\t<div class=\"wpb_column vc_column_container vc_col-sm-12\"><div class=\"vc_column-inner\"><div class=\"wpb_wrapper\"><style id=\"mk-shortcode-style-69e088304b7ca\" type=\"text\/css\">#text-block-69e088304b7ca { margin-bottom:0px; text-align:left; }<\/style>\t<div class=\"vc_custom_1699874954287\">\r\n\r\n<div id=\"text-block-69e088304b7ca\" class=\"mk-text-block  jupiter-donut-\">\r\n\r\n\t\r\n\t<h1><span style=\"font-weight: 400;\">Data protection<\/span><span style=\"font-weight: 400;\">\u00a0<\/span><\/h1>\n<p><b>INFORMATION ABOUT THE PROTECTION AND PROCESSING OF PERSONAL DATA<\/b><\/p>\n<p><span style=\"font-weight: 400;\">This message and any attached files are confidential and are intended only for its addressee. If you are not the intended recipient, hereby notified that the use, disclosure and\/or copying it without authorisation is forbidden under the current legislation. If you have received this email by error, please notify us immediately via email or telephone, as described at the top, and please delete it from your system.\u00a0<\/span><span style=\"font-weight: 400;\">\u00a0<\/span><\/p>\n<p><span style=\"font-weight: 400;\">In compliance with REGULATION (EU) 2016\/679, and in relation to the processing of your personal data, we inform you of the following: Responsible: The person responsible of the treatment is THE SARAO FACTORY, S. L. U., Avenida Toy 39, 03440, Ibi (ALICANTE). Purpose: Provision of our service, to send information, answer their queries and requests, for the duration of our relationship, and\/or we have your consent. Legitimation: Execution of the agreement, consent or legitimate interest. Recipients: No data will be transferred to third parties except legal obligation. Rights: you Can exercise the rights of access, rectification, erasure and portability of your data and the limitation or opposition to the treatment by using our site OF EXERCISE OF RIGHTS, in\u00a0<\/span><a href=\"https:\/\/www.adelopd.com\/portalderechos\/the-sarao-factory-slu\"><span style=\"font-weight: 400;\">https:\/\/www.adelopd.com\/portalderechos\/the-sarao-factory-slu<\/span><\/a><span style=\"font-weight: 400;\">. In case of disagreement with the treatment, you also have the right to lodge a complaint with the Spanish Agency for Data Protection. More information:\u00a0<\/span><a href=\"https:\/\/www.adelopd.com\/privacidad\/the-sarao-factory-slu\"><span style=\"font-weight: 400;\">https:\/\/www.adelopd.com\/privacidad\/the-sarao-factory-slu<\/span><\/a><span style=\"font-weight: 400;\">\u00a0<\/span><\/p>\n\r\n\t<div class=\"clearboth\"><\/div>\r\n<\/div>\r\n\r\n\t<\/div>\r\n<div class=\"vc_empty_space\"   style=\"height: 10px\"><span class=\"vc_empty_space_inner\"><\/span><\/div><\/div><\/div><\/div>\t<\/div>\r\n<\/div>\r\n<\/div>\r\n            <div class=\"clearboth\"><\/div>\r\n        <\/div>\r\n\r\n\r\n\t\t\t\r\n\t\t\t\r\n\t\t\t\r\n\t\t<div class=\"clearboth\"><\/div>\r\n\t<\/div>\r\n<\/div>\r\n<div class=\"vc_row-full-width vc_clearfix\"><\/div>\r\n\r\n<style id=\"mk-shortcode-style-69e088304b2da\" type=\"text\/css\">.full-width-69e088304b2da { min-height:100px; margin-bottom:0px; } .full-width-69e088304b2da .page-section-content { padding:10px 0 10px; } #background-layer--69e088304b2da { ; background-position:left top; background-repeat:repeat; ; } #background-layer--69e088304b2da .mk-color-layer { ; width:100%; height:100%; position:absolute; top:0; left:0; }<\/style>\n<\/div>","protected":false},"excerpt":{"rendered":"Pol\u00edtica de privacidad Pol\u00edtica de privacidad Protecci\u00f3n de datos\u00a0 INFORMACI\u00d3N\u00a0 SOBRE PROTECCI\u00d3N Y TRATAMIENTO DE DATOS PERSONALES Este mensaje y los archivos adjuntos son confidenciales y se dirigen exclusivamente a su destinatario. Si no es usted el destinatario indicado, queda notificado de que la utilizaci\u00f3n, divulgaci\u00f3n y\/o copia sin autorizaci\u00f3n est\u00e1 prohibida en virtud de [...]","protected":false},"author":2,"featured_media":0,"parent":0,"menu_order":0,"comment_status":"closed","ping_status":"closed","template":"","meta":{"footnotes":""},"class_list":["post-633","page","type-page","status-publish","hentry"],"_links":{"self":[{"href":"https:\/\/thesaraofactory.com\/en\/wp-json\/wp\/v2\/pages\/633","targetHints":{"allow":["GET"]}}],"collection":[{"href":"https:\/\/thesaraofactory.com\/en\/wp-json\/wp\/v2\/pages"}],"about":[{"href":"https:\/\/thesaraofactory.com\/en\/wp-json\/wp\/v2\/types\/page"}],"author":[{"embeddable":true,"href":"https:\/\/thesaraofactory.com\/en\/wp-json\/wp\/v2\/users\/2"}],"replies":[{"embeddable":true,"href":"https:\/\/thesaraofactory.com\/en\/wp-json\/wp\/v2\/comments?post=633"}],"version-history":[{"count":16,"href":"https:\/\/thesaraofactory.com\/en\/wp-json\/wp\/v2\/pages\/633\/revisions"}],"predecessor-version":[{"id":2414,"href":"https:\/\/thesaraofactory.com\/en\/wp-json\/wp\/v2\/pages\/633\/revisions\/2414"}],"wp:attachment":[{"href":"https:\/\/thesaraofactory.com\/en\/wp-json\/wp\/v2\/media?parent=633"}],"curies":[{"name":"wp","href":"https:\/\/api.w.org\/{rel}","templated":true}]}}