{"id":568,"date":"2023-01-25T09:41:44","date_gmt":"2023-01-25T09:41:44","guid":{"rendered":"https:\/\/thesaraofactory.com\/?page_id=568"},"modified":"2025-04-09T06:49:35","modified_gmt":"2025-04-09T06:49:35","slug":"bureau-veritas-certification","status":"publish","type":"page","link":"https:\/\/thesaraofactory.com\/en\/bureau-veritas-certification\/","title":{"rendered":"Pol\u00edtica de Gesti\u00f3n (Calidad y Medio Ambiente)"},"content":{"rendered":"<div class=\"wpb-content-wrapper\">\r\n<div  data-mk-stretch-content=\"true\" class=\"wpb_row vc_row vc_row-fluid jupiter-donut- mk-fullwidth-false  attched-false     js-master-row  mk-grid\">\r\n\t\t\t\t\t<\/div>\r\n<style id=\"mk-shortcode-style-69e0891756a2a\" type=\"text\/css\"><\/style>\r\n<div class=\"vc_col-sm-12 wpb_column column_container  jupiter-donut- _ jupiter-donut-height-full\">\r\n\t<style id=\"mk-shortcode-style-69e0891756c36\" type=\"text\/css\">#text-block-69e0891756c36 { margin-bottom:0px; text-align:left; }<\/style>\r\n<div id=\"text-block-69e0891756c36\" class=\"mk-text-block  jupiter-donut-\">\r\n\r\n\t\r\n\t<div class=\"mk-page-section-wrapper\" style=\"position: relative; box-sizing: border-box; width: 483px; left: -20px;\" data-mk-full-width=\"true\" data-mk-full-width-init=\"true\" data-mk-stretch-content=\"true\">\n<div id=\"page-section-2\" class=\"mk-page-section self-hosted full_layout full-width-2 js-el js-master-row jupiter-donut-visible-sm\" style=\"position: fixed; z-index: 100;\" data-intro-effect=\"false\">\n<div class=\"page-section-content vc_row-fluid page-section-fullwidth\">\n<div class=\"mk-padding-wrapper wpb_row\">\n<div class=\"vc_col-sm-12 wpb_column column_container jupiter-donut- _ jupiter-donut-height-full\">\n<div class=\"wpb_row vc_inner vc_row vc_row-fluid jupiter-donut- attched-false\">\n<div class=\"wpb_column vc_column_container vc_col-sm-12\">\n<div class=\"vc_column-inner\">\n<div class=\"wpb_wrapper\">\n<div class=\"vc_custom_1654203243248\">\n<div id=\"text-block-4\" class=\"mk-text-block jupiter-donut-\">\n<p style=\"text-align: center; margin-bottom: 0px; padding: 5px;\">Legal notice<\/p>\n<div class=\"clearboth\"><\/div>\n<\/div>\n<\/div>\n<\/div>\n<\/div>\n<\/div>\n<\/div>\n<\/div>\n<\/div>\n<div class=\"clearboth\"><\/div>\n<\/div>\n<div class=\"clearboth\"><\/div>\n<\/div>\n<\/div>\n<div class=\"mk-page-section-wrapper\" data-mk-full-width=\"true\" data-mk-full-width-init=\"true\" data-mk-stretch-content=\"true\">\r\n\t<div id=\"page-section-69e0891756ee7\" class=\"mk-page-section self-hosted   full_layout full-width-69e0891756ee7 js-el js-master-row jupiter-donut-visible-sm\"    data-intro-effect=\"false\">\r\n\r\n\t\t\t\r\n\t\t\t<div class=\"mk-page-section-inner\">\r\n\t\t\t\t\r\n\r\n\r\n<div class=\"mk-video-color-mask\"><\/div>\r\n\r\n\t\t\t\t\r\n\t\t\t\t\t\t\t<\/div>\r\n\r\n\t\t\t\r\n        <div class=\"page-section-content vc_row-fluid page-section-fullwidth\" >\r\n            <div class=\"mk-padding-wrapper wpb_row\"><\/div>\r\n            <div class=\"clearboth\"><\/div>\r\n        <\/div>\r\n\r\n\r\n\t\t\t\r\n\t\t\t\r\n\t\t\t\r\n\t\t<div class=\"clearboth\"><\/div>\r\n\t<\/div>\r\n<\/div>\r\n<div class=\"vc_row-full-width vc_clearfix\"><\/div>\r\n\r\n<style id=\"mk-shortcode-style-69e0891756ee7\" type=\"text\/css\">.full-width-69e0891756ee7 { min-height:40px; margin-bottom:0px; background-color:#329471; border:1px solid #ffffff;border-left:none;border-right:none; } .full-width-69e0891756ee7 .page-section-content { padding:0px 0 0px; } #background-layer--69e0891756ee7 { ; background-position:left top; background-repeat:repeat; ; } #background-layer--69e0891756ee7 .mk-color-layer { ; width:100%; height:100%; position:absolute; top:0; left:0; }<\/style><style id=\"mk-shortcode-style-69e0891756ee7\" type=\"text\/css\">.full-width-69e0891756ee7 .mk-fancy-title.pattern-style span, .full-width-69e0891756ee7 .mk-blog-view-all { background-color:#329471 !important; }<\/style><style id=\"mk-shortcode-style-69e08917571c0\" type=\"text\/css\"><\/style>\r\n<div class=\"vc_col-sm-12 wpb_column column_container  jupiter-donut- _ jupiter-donut-height-full\">\r\n\t<\/div>\r\n\r\n\r\n<div class=\"wpb_row vc_inner vc_row vc_row-fluid jupiter-donut-   attched-false\">\r\n\t\t\t\t<\/div>\r\n<div class=\"wpb_column vc_column_container vc_col-sm-12\"><div class=\"vc_column-inner\"><div class=\"wpb_wrapper\"><\/div><\/div><\/div><div class=\"vc_empty_space\"   style=\"height: 5px\"><span class=\"vc_empty_space_inner\"><\/span><\/div><style id=\"mk-shortcode-style-69e08917574f5\" type=\"text\/css\">#text-block-69e08917574f5 { margin-bottom:0px; text-align:left; }<\/style>\t<div class=\"vc_custom_1654203243248\">\r\n\r\n<div id=\"text-block-69e08917574f5\" class=\"mk-text-block  jupiter-donut-\">\r\n\r\n\t\r\n\t\r\n\t<div class=\"clearboth\"><\/div>\r\n<\/div>\r\n\r\n\t<\/div>\n<h3 style=\"text-align: center; margin-bottom: 0px;\"><strong>Pol\u00edtica de Gesti\u00f3n (Calidad y Medio Ambiente)<\/strong><\/h3>\n\r\n\t<div class=\"clearboth\"><\/div>\r\n<\/div>\r\n\r\n<\/div>\r\n\r\n<div class=\"mk-page-section-wrapper\" data-mk-full-width=\"true\" data-mk-full-width-init=\"true\" data-mk-stretch-content=\"true\">\r\n\t<div id=\"page-section-69e0891757740\" class=\"mk-page-section self-hosted   full_layout full-width-69e0891757740 js-el js-master-row jupiter-donut-\"    data-intro-effect=\"false\">\r\n\r\n\t\t\t\r\n\t\t\t<div class=\"mk-page-section-inner\">\r\n\t\t\t\t\r\n\r\n\r\n<div class=\"mk-video-color-mask\"><\/div>\r\n\r\n\t\t\t\t\r\n\t\t\t\t\t\t\t<\/div>\r\n\r\n\t\t\t\r\n        <div class=\"page-section-content vc_row-fluid page-section-fullwidth\" >\r\n            <div class=\"mk-padding-wrapper wpb_row\"><style id=\"mk-shortcode-style-69e0891757a3d\" type=\"text\/css\"><\/style>\r\n<div class=\"vc_col-sm-12 wpb_column column_container  jupiter-donut- _ jupiter-donut-height-full\">\r\n\t\r\n\r\n<div class=\"wpb_row vc_inner vc_row vc_row-fluid jupiter-donut-   attched-false   vc_custom_1655134021891\">\r\n\t\t\t<div class=\"wpb_column vc_column_container vc_col-sm-12\"><div class=\"vc_column-inner\"><div class=\"wpb_wrapper\"><style id=\"mk-shortcode-style-69e0891757dce\" type=\"text\/css\">#text-block-69e0891757dce { margin-bottom:0px; text-align:left; }<\/style>\t<div class=\"vc_custom_1712730978689\">\r\n\r\n<div id=\"text-block-69e0891757dce\" class=\"mk-text-block  jupiter-donut-\">\r\n\r\n\t\r\n\t<p>THE SARAO FACTORY, SLU es una empresa dedicada a la Importaci\u00f3n, Almacenamiento y Comercializaci\u00f3n de productos aptos para uso alimentario.<\/p>\n<p>Mediante este documento y la implantaci\u00f3n de un Sistema de Gesti\u00f3n Integrado (Calidad y Medio Ambiente) basado en las normas UNE-EN-ISO 9001 y UNE-EN-ISO 14001, la Direcci\u00f3n de THE SARAO FACTORY, SLU expone a todos sus clientes, proveedores, empleados y sociedad en general su COMPROMISO con la Satisfacci\u00f3n de sus clientes y con la Mejora Continua del Producto y del Servicio<\/p>\n<p>Este compromiso de THE SARAO FACTORY, S.L.U, se traduce en los siguientes <strong>Principios:<\/strong><\/p>\n<ul>\n<li><strong>INNOVACI\u00d3N, <\/strong>se apuesta por estos aspectos para presentar en el mercado productos innovadores y sostenibles para obtener la satisfacci\u00f3n a las demandas de los clientes y la adaptaci\u00f3n a un mercado en evoluci\u00f3n continua.<\/li>\n<li><strong>CUMPLIMIENTO DE LOS REQUISITOS LEGALES DEL PRODUCTO Y DE LAS ACTIVIDADES,\u00a0 <\/strong>ya que nuestros productos son fabricados en sus pa\u00edses de origen bajo estrictos controles de calidad que exigen las normativas de los pa\u00edses de destino de nuestros clientes.<\/li>\n<li><strong>ATENCI\u00d3N AL CLIENTE, <\/strong>el personal de la organizaci\u00f3n est\u00e1 comprometido con el cliente, atendiendo personalmente todas sus necesidades y requisitos de forma personalizada, desde que contacta con nosotros hasta que recepciona el producto.<\/li>\n<li><strong>PLAZOS DE ENTREGA. <\/strong>Garantizamos el cumplimiento de los plazos de entrega de los pedidos de nuestros clientes, sin que se puedan producir retrasos injustificados que les afecten.<\/li>\n<li><strong>CALIDAD, <\/strong>el Sistema de Gesti\u00f3n de la Calidad implantado permite controlar los requisitos de calidad exigidos por los clientes, comprometi\u00e9ndose a su cumplimiento y a la mejora continua de la eficacia del Sistema de Gesti\u00f3n de la Calidad.<\/li>\n<li><strong>SOSTENIBILIDAD<\/strong>, incluyendo un compromiso para la protecci\u00f3n del medio ambiente, incluida la prevenci\u00f3n de la contaminaci\u00f3n y otros compromisos espec\u00edficos pertinentes al contexto de THE SARAO FACTORY, S.L.U. As\u00ed como un compromiso de mejora continua para la propia mejora del desempe\u00f1o ambiental.<\/li>\n<\/ul>\n<p>As\u00ed mismo, en la empresa imperan los siguientes <strong>Valores:<\/strong><\/p>\n<ul>\n<li><strong>ORIENTACI\u00d3N A RESULTADOS.<\/strong><\/li>\n<li><strong>TRABAJO EN EQUIPO.<\/strong><\/li>\n<li><strong>INTEGRIDAD Y HONESTIDAD.<\/strong><\/li>\n<li><strong>IMPLICACI\u00d3N.<\/strong><\/li>\n<li><strong>SUPERACI\u00d3N.<\/strong><\/li>\n<\/ul>\n<p>Con este compromiso, THE SARAO FACTORY, S.L.U \u00a0se obliga a incluir en el marco de sus Objetivos lograr la <strong>Calidad de sus productos, la Excelencia en sus servicios, la Innovaci\u00f3n\/Sostenibilidad para adaptarse a un mercado cambiante, garantizando un Producto Seguro y Econ\u00f3mico y consiguiendo de esta forma la mejora continua de los resultados de su Sistema de Gesti\u00f3n (Calidad y Medio Ambiente)<\/strong>, adoptando las decisiones adecuadas orientadas a:<\/p>\n<ul>\n<li>Fomentar la informaci\u00f3n, comunicaci\u00f3n, el trabajo en equipo y la<strong> necesaria Formaci\u00f3n del personal de la empresa <\/strong>cuya competencia y motivaci\u00f3n son clave para la evoluci\u00f3n de la empresa y la consecuci\u00f3n de los objetivos marcados.<\/li>\n<li>Estudiar e implantar las medidas necesarias <strong>en el desarrollo de la actividad, <\/strong>para reducir de esta forma las no conformidades derivadas de mejoras identificadas hacia la prestaci\u00f3n de servicios y\/o productos.<\/li>\n<\/ul>\n<p>La Direcci\u00f3n de THE SARAO FACTORY, S.L.U se compromete al mantenimiento y mejora continua de su Sistema de Gesti\u00f3n (Calidad y Medio Ambiente) para garantizar su adecuaci\u00f3n permanente a la Pol\u00edtica de Calidad expuesta y comunicada.<\/p>\n<p>Ibi a 01 de Julio de 2023<\/p>\n\r\n\t<div class=\"clearboth\"><\/div>\r\n<\/div>\r\n\r\n\t<\/div>\r\n<\/div><\/div><\/div>\t<\/div>\r\n<\/div>\r\n<\/div>\r\n            <div class=\"clearboth\"><\/div>\r\n        <\/div>\r\n\r\n\r\n\t\t\t\r\n\t\t\t\r\n\t\t\t\r\n\t\t<div class=\"clearboth\"><\/div>\r\n\t<\/div>\r\n<\/div>\r\n<div class=\"vc_row-full-width vc_clearfix\"><\/div>\r\n\r\n<style id=\"mk-shortcode-style-69e0891757740\" type=\"text\/css\">.full-width-69e0891757740 { min-height:100px; margin-bottom:0px; } .full-width-69e0891757740 .page-section-content { padding:10px 0 10px; } #background-layer--69e0891757740 { ; background-position:left top; background-repeat:repeat; ; } #background-layer--69e0891757740 .mk-color-layer { ; width:100%; height:100%; position:absolute; top:0; left:0; }<\/style>\n<\/div>","protected":false},"excerpt":{"rendered":"Aviso legal Pol\u00edtica de Gesti\u00f3n (Calidad y Medio Ambiente) THE SARAO FACTORY, SLU es una empresa dedicada a la Importaci\u00f3n, Almacenamiento y Comercializaci\u00f3n de productos aptos para uso alimentario. Mediante este documento y la implantaci\u00f3n de un Sistema de Gesti\u00f3n Integrado (Calidad y Medio Ambiente) basado en las normas UNE-EN-ISO 9001 y UNE-EN-ISO 14001, la [...]","protected":false},"author":2,"featured_media":0,"parent":0,"menu_order":0,"comment_status":"closed","ping_status":"closed","template":"","meta":{"footnotes":""},"class_list":["post-568","page","type-page","status-publish","hentry"],"_links":{"self":[{"href":"https:\/\/thesaraofactory.com\/en\/wp-json\/wp\/v2\/pages\/568","targetHints":{"allow":["GET"]}}],"collection":[{"href":"https:\/\/thesaraofactory.com\/en\/wp-json\/wp\/v2\/pages"}],"about":[{"href":"https:\/\/thesaraofactory.com\/en\/wp-json\/wp\/v2\/types\/page"}],"author":[{"embeddable":true,"href":"https:\/\/thesaraofactory.com\/en\/wp-json\/wp\/v2\/users\/2"}],"replies":[{"embeddable":true,"href":"https:\/\/thesaraofactory.com\/en\/wp-json\/wp\/v2\/comments?post=568"}],"version-history":[{"count":26,"href":"https:\/\/thesaraofactory.com\/en\/wp-json\/wp\/v2\/pages\/568\/revisions"}],"predecessor-version":[{"id":2425,"href":"https:\/\/thesaraofactory.com\/en\/wp-json\/wp\/v2\/pages\/568\/revisions\/2425"}],"wp:attachment":[{"href":"https:\/\/thesaraofactory.com\/en\/wp-json\/wp\/v2\/media?parent=568"}],"curies":[{"name":"wp","href":"https:\/\/api.w.org\/{rel}","templated":true}]}}