{"id":372,"date":"2022-06-13T15:32:50","date_gmt":"2022-06-13T15:32:50","guid":{"rendered":"https:\/\/thesaraofactory.com\/?page_id=372"},"modified":"2025-04-09T06:48:54","modified_gmt":"2025-04-09T06:48:54","slug":"politica-de-cookies","status":"publish","type":"page","link":"https:\/\/thesaraofactory.com\/en\/politica-de-cookies\/","title":{"rendered":"Cookie policy"},"content":{"rendered":"<div class=\"wpb-content-wrapper\">\r\n<div  data-mk-stretch-content=\"true\" class=\"wpb_row vc_row vc_row-fluid jupiter-donut- mk-fullwidth-false  attched-false     js-master-row  mk-grid\">\r\n\t\t\t\t\t<\/div>\r\n<style id=\"mk-shortcode-style-69e0882b3566c\" type=\"text\/css\"><\/style>\r\n<div class=\"vc_col-sm-12 wpb_column column_container  jupiter-donut- _ jupiter-donut-height-full\">\r\n\t<style id=\"mk-shortcode-style-69e0882b3585a\" type=\"text\/css\">#text-block-69e0882b3585a { margin-bottom:0px; text-align:left; }<\/style>\r\n<div id=\"text-block-69e0882b3585a\" class=\"mk-text-block  jupiter-donut-\">\r\n\r\n\t\r\n\t<div class=\"mk-page-section-wrapper\" style=\"position: relative; box-sizing: border-box; width: 483px; left: -20px;\" data-mk-full-width=\"true\" data-mk-full-width-init=\"true\" data-mk-stretch-content=\"true\">\n<div id=\"page-section-2\" class=\"mk-page-section self-hosted full_layout full-width-2 js-el js-master-row jupiter-donut-visible-sm\" style=\"position: fixed; z-index: 100;\" data-intro-effect=\"false\">\n<div class=\"page-section-content vc_row-fluid page-section-fullwidth\">\n<div class=\"mk-padding-wrapper wpb_row\">\n<div class=\"vc_col-sm-12 wpb_column column_container jupiter-donut- _ jupiter-donut-height-full\">\n<div class=\"wpb_row vc_inner vc_row vc_row-fluid jupiter-donut- attched-false\">\n<div class=\"wpb_column vc_column_container vc_col-sm-12\">\n<div class=\"vc_column-inner\">\n<div class=\"wpb_wrapper\">\n<div class=\"vc_custom_1654203243248\">\n<div id=\"text-block-4\" class=\"mk-text-block jupiter-donut-\">\n<p style=\"text-align: center; margin-bottom: 0px; padding: 5px;\">Cookie policy<\/p>\n<div class=\"clearboth\"><\/div>\n<\/div>\n<\/div>\n<\/div>\n<\/div>\n<\/div>\n<\/div>\n<\/div>\n<\/div>\n<div class=\"clearboth\"><\/div>\n<\/div>\n<div class=\"clearboth\"><\/div>\n<\/div>\n<\/div>\n<div class=\"mk-page-section-wrapper\" data-mk-full-width=\"true\" data-mk-full-width-init=\"true\" data-mk-stretch-content=\"true\">\r\n\t<div id=\"page-section-69e0882b35b30\" class=\"mk-page-section self-hosted   full_layout full-width-69e0882b35b30 js-el js-master-row jupiter-donut-visible-sm\"    data-intro-effect=\"false\">\r\n\r\n\t\t\t\r\n\t\t\t<div class=\"mk-page-section-inner\">\r\n\t\t\t\t\r\n\r\n\r\n<div class=\"mk-video-color-mask\"><\/div>\r\n\r\n\t\t\t\t\r\n\t\t\t\t\t\t\t<\/div>\r\n\r\n\t\t\t\r\n        <div class=\"page-section-content vc_row-fluid page-section-fullwidth\" >\r\n            <div class=\"mk-padding-wrapper wpb_row\"><\/div>\r\n            <div class=\"clearboth\"><\/div>\r\n        <\/div>\r\n\r\n\r\n\t\t\t\r\n\t\t\t\r\n\t\t\t\r\n\t\t<div class=\"clearboth\"><\/div>\r\n\t<\/div>\r\n<\/div>\r\n<div class=\"vc_row-full-width vc_clearfix\"><\/div>\r\n\r\n<style id=\"mk-shortcode-style-69e0882b35b30\" type=\"text\/css\">.full-width-69e0882b35b30 { min-height:40px; margin-bottom:0px; background-color:#329471; border:1px solid #ffffff;border-left:none;border-right:none; } .full-width-69e0882b35b30 .page-section-content { padding:0px 0 0px; } #background-layer--69e0882b35b30 { ; background-position:left top; background-repeat:repeat; ; } #background-layer--69e0882b35b30 .mk-color-layer { ; width:100%; height:100%; position:absolute; top:0; left:0; }<\/style><style id=\"mk-shortcode-style-69e0882b35b30\" type=\"text\/css\">.full-width-69e0882b35b30 .mk-fancy-title.pattern-style span, .full-width-69e0882b35b30 .mk-blog-view-all { background-color:#329471 !important; }<\/style><style id=\"mk-shortcode-style-69e0882b35e37\" type=\"text\/css\"><\/style>\r\n<div class=\"vc_col-sm-12 wpb_column column_container  jupiter-donut- _ jupiter-donut-height-full\">\r\n\t<\/div>\r\n\r\n\r\n<div class=\"wpb_row vc_inner vc_row vc_row-fluid jupiter-donut-   attched-false\">\r\n\t\t\t\t<\/div>\r\n<div class=\"wpb_column vc_column_container vc_col-sm-12\"><div class=\"vc_column-inner\"><div class=\"wpb_wrapper\"><\/div><\/div><\/div><div class=\"vc_empty_space\"   style=\"height: 5px\"><span class=\"vc_empty_space_inner\"><\/span><\/div><style id=\"mk-shortcode-style-69e0882b3617b\" type=\"text\/css\">#text-block-69e0882b3617b { margin-bottom:0px; text-align:left; }<\/style>\t<div class=\"vc_custom_1654203243248\">\r\n\r\n<div id=\"text-block-69e0882b3617b\" class=\"mk-text-block  jupiter-donut-\">\r\n\r\n\t\r\n\t\r\n\t<div class=\"clearboth\"><\/div>\r\n<\/div>\r\n\r\n\t<\/div>\n<p style=\"text-align: center; margin-bottom: 0px;\">Cookie policy<\/p>\n\r\n\t<div class=\"clearboth\"><\/div>\r\n<\/div>\r\n\r\n<\/div>\r\n\r\n<div class=\"mk-page-section-wrapper\" data-mk-full-width=\"true\" data-mk-full-width-init=\"true\" data-mk-stretch-content=\"true\">\r\n\t<div id=\"page-section-69e0882b363d4\" class=\"mk-page-section self-hosted   full_layout full-width-69e0882b363d4 js-el js-master-row jupiter-donut-\"    data-intro-effect=\"false\">\r\n\r\n\t\t\t\r\n\t\t\t<div class=\"mk-page-section-inner\">\r\n\t\t\t\t\r\n\r\n\r\n<div class=\"mk-video-color-mask\"><\/div>\r\n\r\n\t\t\t\t\r\n\t\t\t\t\t\t\t<\/div>\r\n\r\n\t\t\t\r\n        <div class=\"page-section-content vc_row-fluid page-section-fullwidth\" >\r\n            <div class=\"mk-padding-wrapper wpb_row\"><style id=\"mk-shortcode-style-69e0882b36662\" type=\"text\/css\"><\/style>\r\n<div class=\"vc_col-sm-12 wpb_column column_container  jupiter-donut- _ jupiter-donut-height-full\">\r\n\t\r\n\r\n<div class=\"wpb_row vc_inner vc_row vc_row-fluid jupiter-donut-   attched-false   vc_custom_1655134021891\">\r\n\t\t\t<div class=\"wpb_column vc_column_container vc_col-sm-12\"><div class=\"vc_column-inner\"><div class=\"wpb_wrapper\"><style id=\"mk-shortcode-style-69e0882b368ef\" type=\"text\/css\">#text-block-69e0882b368ef { margin-bottom:0px; text-align:left; }<\/style>\t<div class=\"vc_custom_1684408681913\">\r\n\r\n<div id=\"text-block-69e0882b368ef\" class=\"mk-text-block  jupiter-donut-\">\r\n\r\n\t\r\n\t<p style=\"margin-left: 50px; margin-right: 50px; font-size: 35px;\">COOKIE POLICY<\/p>\n<p style=\"margin-left: 50px; margin-right: 50px; font-weight: bold;\">What is a Cookie?<\/p>\n<p style=\"font-weight: 400;\">A cookie is a file which is downloaded to the terminal (a computer, a mobile phone, a tablet, etc) of the user when he accesses certain web pages.<\/p>\n<p style=\"font-weight: 400;\">Cookies allow such web-pages, among other things, monitor, retrieve, store, and retrieve information on the browsing habits of the user as well as technical information related to the navigability of the web pages. Cookies also contribute to the functionality, usability and accessibility of web pages.<\/p>\n<p style=\"font-weight: 400;\"><strong>What Cookies are used by our website?<\/strong><\/p>\n<p style=\"font-weight: 400;\">Our website uses cookies own and of third parties.<\/p>\n<p style=\"font-weight: 400;\">A cookie is a small file of letters and numbers that is installed in your computer.<\/p>\n<p style=\"font-weight: 400;\">These cookies allow us to distinguish you from other users of the website and helps us to provide you with a good experience when you browse our website, as well as improve it.<\/p>\n<p style=\"font-weight: 400;\">Our site includes functionality provided by third parties.<\/p>\n<p style=\"font-weight: 400;\"><strong>Third party Cookies<\/strong><\/p>\n<p style=\"font-weight: 400;\">On some web pages you can install cookies of third parties that allow you to manage and improve the services offered.<\/p>\n<p style=\"font-weight: 400;\">To manage the activity of the cookies from your computer, you can block or delete them. Otherwise, the navigation of the website implies the acceptance of the use of the same in accordance with the above.<\/p>\n<p style=\"font-weight: 400;\">To carry out the management of the cookies should follow the following instructions:<\/p>\n<ul>\n<li style=\"font-weight: 400;\"><strong>Internet Explorer<\/strong>: Tools -&gt; Internet Options -&gt; Privacy -&gt; Configuration. For more information, you can consult Microsoft support or the browser Help.<\/li>\n<li style=\"font-weight: 400;\"><strong>Firefox<\/strong>: Tools -&gt; Options -&gt; Privacy -&gt; History -&gt; Custom Settings. For more information, you can consult the support of Mozilla or the browser Help.<\/li>\n<li style=\"font-weight: 400;\"><strong>Chrome<\/strong>: Settings -&gt; Show advanced options -&gt; Privacy -&gt; content Settings. For more information, you can consult the support of Google or the Help of the browser.<\/li>\n<li style=\"font-weight: 400;\"><strong>Safari<\/strong>: Preferences -&gt; Security. For more information, you can consult Apple support or the browser Help.<\/li>\n<\/ul>\n<p style=\"font-weight: 400;\">Disabling these cookies will likely prevent the functions offered by these services. You may delete and block all cookies from this site, but parts of the site will not work correctly.<\/p>\n\r\n\t<div class=\"clearboth\"><\/div>\r\n<\/div>\r\n\r\n\t<\/div>\r\n<div class=\"vc_empty_space\"   style=\"height: 10px\"><span class=\"vc_empty_space_inner\"><\/span><\/div><\/div><\/div><\/div>\t<\/div>\r\n<\/div>\r\n<\/div>\r\n            <div class=\"clearboth\"><\/div>\r\n        <\/div>\r\n\r\n\r\n\t\t\t\r\n\t\t\t\r\n\t\t\t\r\n\t\t<div class=\"clearboth\"><\/div>\r\n\t<\/div>\r\n<\/div>\r\n<div class=\"vc_row-full-width vc_clearfix\"><\/div>\r\n\r\n<style id=\"mk-shortcode-style-69e0882b363d4\" type=\"text\/css\">.full-width-69e0882b363d4 { min-height:100px; margin-bottom:0px; } .full-width-69e0882b363d4 .page-section-content { padding:10px 0 10px; } #background-layer--69e0882b363d4 { ; background-position:left top; background-repeat:repeat; ; } #background-layer--69e0882b363d4 .mk-color-layer { ; width:100%; height:100%; position:absolute; top:0; left:0; }<\/style>\n<\/div>","protected":false},"excerpt":{"rendered":"Pol\u00edtica de cookies Pol\u00edtica de cookies POL\u00cdTICA DE COOKIES \u00bfQu\u00e9 es una Cookie? Una cookie es un fichero que se descarga en el terminal (un ordenador, un tel\u00e9fono m\u00f3vil, una tableta electr\u00f3nica, etc.) del usuario cuando \u00e9ste accede a determinadas p\u00e1ginas web. Las cookies permiten a dichas p\u00e1ginas web, entre otras cosas, monitorear, almacenar y [...]","protected":false},"author":1,"featured_media":0,"parent":0,"menu_order":0,"comment_status":"closed","ping_status":"closed","template":"","meta":{"footnotes":""},"class_list":["post-372","page","type-page","status-publish","hentry"],"_links":{"self":[{"href":"https:\/\/thesaraofactory.com\/en\/wp-json\/wp\/v2\/pages\/372","targetHints":{"allow":["GET"]}}],"collection":[{"href":"https:\/\/thesaraofactory.com\/en\/wp-json\/wp\/v2\/pages"}],"about":[{"href":"https:\/\/thesaraofactory.com\/en\/wp-json\/wp\/v2\/types\/page"}],"author":[{"embeddable":true,"href":"https:\/\/thesaraofactory.com\/en\/wp-json\/wp\/v2\/users\/1"}],"replies":[{"embeddable":true,"href":"https:\/\/thesaraofactory.com\/en\/wp-json\/wp\/v2\/comments?post=372"}],"version-history":[{"count":22,"href":"https:\/\/thesaraofactory.com\/en\/wp-json\/wp\/v2\/pages\/372\/revisions"}],"predecessor-version":[{"id":2421,"href":"https:\/\/thesaraofactory.com\/en\/wp-json\/wp\/v2\/pages\/372\/revisions\/2421"}],"wp:attachment":[{"href":"https:\/\/thesaraofactory.com\/en\/wp-json\/wp\/v2\/media?parent=372"}],"curies":[{"name":"wp","href":"https:\/\/api.w.org\/{rel}","templated":true}]}}