{"id":2270,"date":"2025-04-08T13:22:41","date_gmt":"2025-04-08T13:22:41","guid":{"rendered":"https:\/\/thesaraofactory.com\/?page_id=2270"},"modified":"2026-03-30T08:49:59","modified_gmt":"2026-03-30T08:49:59","slug":"desempeno-ambiental-2025","status":"publish","type":"page","link":"https:\/\/thesaraofactory.com\/en\/desempeno-ambiental-2025\/","title":{"rendered":"Desempe\u00f1o ambiental 2025"},"content":{"rendered":"<div data-elementor-type=\"wp-page\" data-elementor-id=\"2270\" class=\"elementor elementor-2270\" data-elementor-post-type=\"page\">\n\t\t\t\t<div class=\"elementor-element elementor-element-7746582 e-flex e-con-boxed e-con e-parent\" data-id=\"7746582\" data-element_type=\"container\" data-settings=\"{&quot;background_background&quot;:&quot;classic&quot;}\">\n\t\t\t\t\t<div class=\"e-con-inner\">\n\t\t\t\t<div class=\"elementor-element elementor-element-ede2e6a elementor-widget elementor-widget-heading\" data-id=\"ede2e6a\" data-element_type=\"widget\" data-widget_type=\"heading.default\">\n\t\t\t\t\t<h2 class=\"elementor-heading-title elementor-size-default\">Desempe\u00f1o ambiental 2025<\/h2>\t\t\t\t<\/div>\n\t\t\t\t<div class=\"elementor-element elementor-element-f839d1b elementor-widget__width-initial elementor-widget-tablet__width-initial elementor-widget elementor-widget-heading\" data-id=\"f839d1b\" data-element_type=\"widget\" data-widget_type=\"heading.default\">\n\t\t\t\t\t<h2 class=\"elementor-heading-title elementor-size-default\">Guarantees of our commitment to excellence and environmental responsibility.<\/h2>\t\t\t\t<\/div>\n\t\t\t\t\t<\/div>\n\t\t\t\t<\/div>\n\t\t<div class=\"elementor-element elementor-element-76fc931 e-flex e-con-boxed e-con e-parent\" data-id=\"76fc931\" data-element_type=\"container\">\n\t\t\t\t\t<div class=\"e-con-inner\">\n\t\t\t\t<div class=\"elementor-element elementor-element-1b7201d elementor-widget elementor-widget-text-editor\" data-id=\"1b7201d\" data-element_type=\"widget\" data-widget_type=\"text-editor.default\">\n\t\t\t\t\t\t\t\t\t<p>Durante el a\u00f1o 2025 The Sarao Factory, S.LU., como empresa comprometida con la sociedad y el medio ambiente, hemos trabajado activamente en la implantaci\u00f3n de certificaciones que nos ayuden a mejorar nuestra gesti\u00f3n ambiental y nuestra competitividad.<\/p><p>With the aim of increasing the communication of our activities of environmental improvement, in the face of customers, suppliers and society in general, we have to create the following report that will be posted and updated on an annual basis:<\/p><p>En el a\u00f1o 2025, la empresa The Sarao Factory SLU ha conseguido las siguientes certificaciones:<\/p>\t\t\t\t\t\t\t\t<\/div>\n\t\t\t\t\t<\/div>\n\t\t\t\t<\/div>\n\t\t<div class=\"elementor-element elementor-element-d8ef9e3 e-flex e-con-boxed e-con e-parent\" data-id=\"d8ef9e3\" data-element_type=\"container\">\n\t\t\t\t\t<div class=\"e-con-inner\">\n\t\t<div class=\"elementor-element elementor-element-a9b0918 e-con-full e-flex e-con e-child\" data-id=\"a9b0918\" data-element_type=\"container\">\n\t\t<div class=\"elementor-element elementor-element-def1998 e-con-full e-flex e-con e-child\" data-id=\"def1998\" data-element_type=\"container\">\n\t\t\t\t<div class=\"elementor-element elementor-element-ceed197 elementor-widget elementor-widget-heading\" data-id=\"ceed197\" data-element_type=\"widget\" data-widget_type=\"heading.default\">\n\t\t\t\t\t<h2 class=\"elementor-heading-title elementor-size-default\">Registry of Carbon Footprint<\/h2>\t\t\t\t<\/div>\n\t\t\t\t<div class=\"elementor-element elementor-element-3ea1c05 elementor-widget elementor-widget-text-editor\" data-id=\"3ea1c05\" data-element_type=\"widget\" data-widget_type=\"text-editor.default\">\n\t\t\t\t\t\t\t\t\t<p>Granted by the Ministry of Agriculture, Food and the Environment, which confirms that we comply with the commitments to calculate and reduce our emissions of greenhouse gases. Code Carbon Footprint: 2023-a3059<\/p>\t\t\t\t\t\t\t\t<\/div>\n\t\t\t\t<div class=\"elementor-element elementor-element-b6d7fa8 elementor-icon-list--layout-traditional elementor-list-item-link-full_width elementor-widget elementor-widget-icon-list\" data-id=\"b6d7fa8\" data-element_type=\"widget\" data-widget_type=\"icon-list.default\">\n\t\t\t\t\t\t\t<ul class=\"elementor-icon-list-items\">\n\t\t\t\t\t\t\t<li class=\"elementor-icon-list-item\">\n\t\t\t\t\t\t\t\t\t\t\t<span class=\"elementor-icon-list-icon\">\n\t\t\t\t\t\t\t<svg aria-hidden=\"true\" class=\"e-font-icon-svg e-fas-check\" viewbox=\"0 0 512 512\" xmlns=\"http:\/\/www.w3.org\/2000\/svg\"><path d=\"M173.898 439.404l-166.4-166.4c-9.997-9.997-9.997-26.206 0-36.204l36.203-36.204c9.997-9.998 26.207-9.998 36.204 0L192 312.69 432.095 72.596c9.997-9.997 26.207-9.997 36.204 0l36.203 36.204c9.997 9.997 9.997 26.206 0 36.204l-294.4 294.401c-9.998 9.997-26.207 9.997-36.204-.001z\"><\/path><\/svg>\t\t\t\t\t\t<\/span>\n\t\t\t\t\t\t\t\t\t\t<span class=\"elementor-icon-list-text\">Years 2018, 2019 and 2020: Stamp Calculation: Scope 1<\/span>\n\t\t\t\t\t\t\t\t\t<\/li>\n\t\t\t\t\t\t\t\t<li class=\"elementor-icon-list-item\">\n\t\t\t\t\t\t\t\t\t\t\t<span class=\"elementor-icon-list-icon\">\n\t\t\t\t\t\t\t<svg aria-hidden=\"true\" class=\"e-font-icon-svg e-fas-check\" viewbox=\"0 0 512 512\" xmlns=\"http:\/\/www.w3.org\/2000\/svg\"><path d=\"M173.898 439.404l-166.4-166.4c-9.997-9.997-9.997-26.206 0-36.204l36.203-36.204c9.997-9.998 26.207-9.998 36.204 0L192 312.69 432.095 72.596c9.997-9.997 26.207-9.997 36.204 0l36.203 36.204c9.997 9.997 9.997 26.206 0 36.204l-294.4 294.401c-9.998 9.997-26.207 9.997-36.204-.001z\"><\/path><\/svg>\t\t\t\t\t\t<\/span>\n\t\t\t\t\t\t\t\t\t\t<span class=\"elementor-icon-list-text\">Year 2021: Seal Calculation and Reduce: Scopes 1+2<\/span>\n\t\t\t\t\t\t\t\t\t<\/li>\n\t\t\t\t\t\t\t\t<li class=\"elementor-icon-list-item\">\n\t\t\t\t\t\t\t\t\t\t\t<span class=\"elementor-icon-list-icon\">\n\t\t\t\t\t\t\t<svg aria-hidden=\"true\" class=\"e-font-icon-svg e-fas-check\" viewbox=\"0 0 512 512\" xmlns=\"http:\/\/www.w3.org\/2000\/svg\"><path d=\"M173.898 439.404l-166.4-166.4c-9.997-9.997-9.997-26.206 0-36.204l36.203-36.204c9.997-9.998 26.207-9.998 36.204 0L192 312.69 432.095 72.596c9.997-9.997 26.207-9.997 36.204 0l36.203 36.204c9.997 9.997 9.997 26.206 0 36.204l-294.4 294.401c-9.998 9.997-26.207 9.997-36.204-.001z\"><\/path><\/svg>\t\t\t\t\t\t<\/span>\n\t\t\t\t\t\t\t\t\t\t<span class=\"elementor-icon-list-text\">A\u00f1o 2022: Sello Calculo y Reduzco: Alcances 1+2<\/span>\n\t\t\t\t\t\t\t\t\t<\/li>\n\t\t\t\t\t\t\t\t<li class=\"elementor-icon-list-item\">\n\t\t\t\t\t\t\t\t\t\t\t<span class=\"elementor-icon-list-icon\">\n\t\t\t\t\t\t\t<svg aria-hidden=\"true\" class=\"e-font-icon-svg e-fas-check\" viewbox=\"0 0 512 512\" xmlns=\"http:\/\/www.w3.org\/2000\/svg\"><path d=\"M173.898 439.404l-166.4-166.4c-9.997-9.997-9.997-26.206 0-36.204l36.203-36.204c9.997-9.998 26.207-9.998 36.204 0L192 312.69 432.095 72.596c9.997-9.997 26.207-9.997 36.204 0l36.203 36.204c9.997 9.997 9.997 26.206 0 36.204l-294.4 294.401c-9.998 9.997-26.207 9.997-36.204-.001z\"><\/path><\/svg>\t\t\t\t\t\t<\/span>\n\t\t\t\t\t\t\t\t\t\t<span class=\"elementor-icon-list-text\">A\u00f1o 2023: Sello Calculo y Reduzco: Alcances 1+2<\/span>\n\t\t\t\t\t\t\t\t\t<\/li>\n\t\t\t\t\t\t<\/ul>\n\t\t\t\t\t\t<\/div>\n\t\t\t\t<\/div>\n\t\t<div class=\"elementor-element elementor-element-11a0a33 e-con-full e-flex e-con e-child\" data-id=\"11a0a33\" data-element_type=\"container\" data-settings=\"{&quot;background_background&quot;:&quot;classic&quot;}\">\n\t\t<div class=\"elementor-element elementor-element-ddaa55c e-con-full e-flex e-con e-child\" data-id=\"ddaa55c\" data-element_type=\"container\">\n\t\t\t\t<div class=\"elementor-element elementor-element-5f4e6df elementor-widget elementor-widget-image\" data-id=\"5f4e6df\" data-element_type=\"widget\" data-widget_type=\"image.default\">\n\t\t\t\t\t\t\t\t\t\t\t\t\t\t\t<img fetchpriority=\"high\" decoding=\"async\" width=\"722\" height=\"1024\" src=\"https:\/\/thesaraofactory.com\/wp-content\/uploads\/2025\/04\/logo-2021_cr-722x1024.jpg\" class=\"attachment-large size-large wp-image-2519\" alt=\"\" srcset=\"https:\/\/thesaraofactory.com\/wp-content\/uploads\/2025\/04\/logo-2021_cr-722x1024.jpg 722w, https:\/\/thesaraofactory.com\/wp-content\/uploads\/2025\/04\/logo-2021_cr-212x300.jpg 212w, https:\/\/thesaraofactory.com\/wp-content\/uploads\/2025\/04\/logo-2021_cr-768x1089.jpg 768w, https:\/\/thesaraofactory.com\/wp-content\/uploads\/2025\/04\/logo-2021_cr-8x12.jpg 8w, https:\/\/thesaraofactory.com\/wp-content\/uploads\/2025\/04\/logo-2021_cr.jpg 1596w\" sizes=\"(max-width: 722px) 100vw, 722px\" \/>\t\t\t\t\t\t\t\t\t\t\t\t\t\t\t<\/div>\n\t\t\t\t<\/div>\n\t\t<div class=\"elementor-element elementor-element-ef0c4fe e-con-full e-flex e-con e-child\" data-id=\"ef0c4fe\" data-element_type=\"container\">\n\t\t\t\t<div class=\"elementor-element elementor-element-95a1dd7 elementor-widget elementor-widget-image\" data-id=\"95a1dd7\" data-element_type=\"widget\" data-widget_type=\"image.default\">\n\t\t\t\t\t\t\t\t\t\t\t\t\t\t\t<img decoding=\"async\" width=\"722\" height=\"1024\" src=\"https:\/\/thesaraofactory.com\/wp-content\/uploads\/2026\/03\/sello-2022_cr-722x1024.jpg\" class=\"attachment-large size-large wp-image-2607\" alt=\"\" srcset=\"https:\/\/thesaraofactory.com\/wp-content\/uploads\/2026\/03\/sello-2022_cr-722x1024.jpg 722w, https:\/\/thesaraofactory.com\/wp-content\/uploads\/2026\/03\/sello-2022_cr-212x300.jpg 212w, https:\/\/thesaraofactory.com\/wp-content\/uploads\/2026\/03\/sello-2022_cr-768x1089.jpg 768w, https:\/\/thesaraofactory.com\/wp-content\/uploads\/2026\/03\/sello-2022_cr-1083x1536.jpg 1083w, https:\/\/thesaraofactory.com\/wp-content\/uploads\/2026\/03\/sello-2022_cr-1444x2048.jpg 1444w, https:\/\/thesaraofactory.com\/wp-content\/uploads\/2026\/03\/sello-2022_cr-8x12.jpg 8w, https:\/\/thesaraofactory.com\/wp-content\/uploads\/2026\/03\/sello-2022_cr.jpg 1596w\" sizes=\"(max-width: 722px) 100vw, 722px\" \/>\t\t\t\t\t\t\t\t\t\t\t\t\t\t\t<\/div>\n\t\t\t\t<\/div>\n\t\t<div class=\"elementor-element elementor-element-fd2b03a e-con-full e-flex e-con e-child\" data-id=\"fd2b03a\" data-element_type=\"container\">\n\t\t\t\t<div class=\"elementor-element elementor-element-83ac527 elementor-widget elementor-widget-image\" data-id=\"83ac527\" data-element_type=\"widget\" data-widget_type=\"image.default\">\n\t\t\t\t\t\t\t\t\t\t\t\t\t\t\t<img decoding=\"async\" width=\"384\" height=\"544\" src=\"https:\/\/thesaraofactory.com\/wp-content\/uploads\/2026\/03\/sello-2023_cr.jpg\" class=\"attachment-full size-full wp-image-2608\" alt=\"\" srcset=\"https:\/\/thesaraofactory.com\/wp-content\/uploads\/2026\/03\/sello-2023_cr.jpg 384w, https:\/\/thesaraofactory.com\/wp-content\/uploads\/2026\/03\/sello-2023_cr-212x300.jpg 212w, https:\/\/thesaraofactory.com\/wp-content\/uploads\/2026\/03\/sello-2023_cr-8x12.jpg 8w\" sizes=\"(max-width: 384px) 100vw, 384px\" \/>\t\t\t\t\t\t\t\t\t\t\t\t\t\t\t<\/div>\n\t\t\t\t<\/div>\n\t\t\t\t<\/div>\n\t\t\t\t<\/div>\n\t\t\t\t\t<\/div>\n\t\t\t\t<\/div>\n\t\t<div class=\"elementor-element elementor-element-ce83209 e-flex e-con-boxed e-con e-parent\" data-id=\"ce83209\" data-element_type=\"container\">\n\t\t\t\t\t<div class=\"e-con-inner\">\n\t\t<div class=\"elementor-element elementor-element-095bb52 e-con-full e-flex e-con e-child\" data-id=\"095bb52\" data-element_type=\"container\">\n\t\t<div class=\"elementor-element elementor-element-d875675 e-con-full e-flex e-con e-child\" data-id=\"d875675\" data-element_type=\"container\">\n\t\t\t\t<div class=\"elementor-element elementor-element-7ae7bfa elementor-widget elementor-widget-heading\" data-id=\"7ae7bfa\" data-element_type=\"widget\" data-widget_type=\"heading.default\">\n\t\t\t\t\t<h2 class=\"elementor-heading-title elementor-size-default\">Certificaciones OK COMPOST<\/h2>\t\t\t\t<\/div>\n\t\t\t\t<div class=\"elementor-element elementor-element-146042f elementor-widget elementor-widget-text-editor\" data-id=\"146042f\" data-element_type=\"widget\" data-widget_type=\"text-editor.default\">\n\t\t\t\t\t\t\t\t\t<p data-start=\"196\" data-end=\"397\">Durante 2025, en The Sarao Factory S.L.U. hemos ampliado nuestro compromiso con la sostenibilidad incorporando nuevas certificaciones vinculadas a la compostabilidad de nuestros productos y materiales.<\/p><p data-start=\"399\" data-end=\"682\">Estas certificaciones avalan que determinadas referencias cumplen con los requisitos necesarios para su correcta biodegradaci\u00f3n en condiciones de compostaje, facilitando as\u00ed el desarrollo de soluciones m\u00e1s responsables y alineadas con las nuevas exigencias del mercado y del entorno.<\/p>\t\t\t\t\t\t\t\t<\/div>\n\t\t\t\t<\/div>\n\t\t<div class=\"elementor-element elementor-element-dc466c8 e-con-full e-flex e-con e-child\" data-id=\"dc466c8\" data-element_type=\"container\" data-settings=\"{&quot;background_background&quot;:&quot;classic&quot;}\">\n\t\t<div class=\"elementor-element elementor-element-c7e3b9b e-con-full e-flex e-con e-child\" data-id=\"c7e3b9b\" data-element_type=\"container\">\n\t\t\t\t<div class=\"elementor-element elementor-element-7b61c4e elementor-widget elementor-widget-image\" data-id=\"7b61c4e\" data-element_type=\"widget\" data-widget_type=\"image.default\">\n\t\t\t\t\t\t\t\t\t\t\t\t\t\t\t<img loading=\"lazy\" decoding=\"async\" width=\"1024\" height=\"473\" src=\"https:\/\/thesaraofactory.com\/wp-content\/uploads\/2026\/03\/ta-ok-homecompost-s3131-1024x473.jpg\" class=\"attachment-large size-large wp-image-2610\" alt=\"\" srcset=\"https:\/\/thesaraofactory.com\/wp-content\/uploads\/2026\/03\/ta-ok-homecompost-s3131-1024x473.jpg 1024w, https:\/\/thesaraofactory.com\/wp-content\/uploads\/2026\/03\/ta-ok-homecompost-s3131-300x139.jpg 300w, https:\/\/thesaraofactory.com\/wp-content\/uploads\/2026\/03\/ta-ok-homecompost-s3131-768x355.jpg 768w, https:\/\/thesaraofactory.com\/wp-content\/uploads\/2026\/03\/ta-ok-homecompost-s3131-1536x710.jpg 1536w, https:\/\/thesaraofactory.com\/wp-content\/uploads\/2026\/03\/ta-ok-homecompost-s3131-2048x947.jpg 2048w, https:\/\/thesaraofactory.com\/wp-content\/uploads\/2026\/03\/ta-ok-homecompost-s3131-18x8.jpg 18w\" sizes=\"(max-width: 1024px) 100vw, 1024px\" \/>\t\t\t\t\t\t\t\t\t\t\t\t\t\t\t<\/div>\n\t\t\t\t<\/div>\n\t\t<div class=\"elementor-element elementor-element-e8500fa e-con-full e-flex e-con e-child\" data-id=\"e8500fa\" data-element_type=\"container\">\n\t\t\t\t<div class=\"elementor-element elementor-element-1badd36 elementor-widget elementor-widget-image\" data-id=\"1badd36\" data-element_type=\"widget\" data-widget_type=\"image.default\">\n\t\t\t\t\t\t\t\t\t\t\t\t\t\t\t<img loading=\"lazy\" decoding=\"async\" width=\"1024\" height=\"512\" src=\"https:\/\/thesaraofactory.com\/wp-content\/uploads\/2026\/03\/ta-ok-industrialcompost-s3131-1024x512.png\" class=\"attachment-large size-large wp-image-2609\" alt=\"\" srcset=\"https:\/\/thesaraofactory.com\/wp-content\/uploads\/2026\/03\/ta-ok-industrialcompost-s3131-1024x512.png 1024w, https:\/\/thesaraofactory.com\/wp-content\/uploads\/2026\/03\/ta-ok-industrialcompost-s3131-300x150.png 300w, https:\/\/thesaraofactory.com\/wp-content\/uploads\/2026\/03\/ta-ok-industrialcompost-s3131-768x384.png 768w, https:\/\/thesaraofactory.com\/wp-content\/uploads\/2026\/03\/ta-ok-industrialcompost-s3131-1536x768.png 1536w, https:\/\/thesaraofactory.com\/wp-content\/uploads\/2026\/03\/ta-ok-industrialcompost-s3131-18x9.png 18w, https:\/\/thesaraofactory.com\/wp-content\/uploads\/2026\/03\/ta-ok-industrialcompost-s3131.png 1987w\" sizes=\"(max-width: 1024px) 100vw, 1024px\" \/>\t\t\t\t\t\t\t\t\t\t\t\t\t\t\t<\/div>\n\t\t\t\t<\/div>\n\t\t\t\t<\/div>\n\t\t\t\t<\/div>\n\t\t\t\t\t<\/div>\n\t\t\t\t<\/div>\n\t\t<div class=\"elementor-element elementor-element-1b1abe7 e-flex e-con-boxed e-con e-parent\" data-id=\"1b1abe7\" data-element_type=\"container\">\n\t\t\t\t\t<div class=\"e-con-inner\">\n\t\t<div class=\"elementor-element elementor-element-8092e5a e-con-full e-flex e-con e-child\" data-id=\"8092e5a\" data-element_type=\"container\">\n\t\t<div class=\"elementor-element elementor-element-7b11249 e-con-full e-flex e-con e-child\" data-id=\"7b11249\" data-element_type=\"container\">\n\t\t\t\t<div class=\"elementor-element elementor-element-70041d1 elementor-widget elementor-widget-heading\" data-id=\"70041d1\" data-element_type=\"widget\" data-widget_type=\"heading.default\">\n\t\t\t\t\t<h2 class=\"elementor-heading-title elementor-size-default\">Certification ISO 14001:2015.<\/h2>\t\t\t\t<\/div>\n\t\t\t\t<div class=\"elementor-element elementor-element-c8aff58 elementor-widget elementor-widget-text-editor\" data-id=\"c8aff58\" data-element_type=\"widget\" data-widget_type=\"text-editor.default\">\n\t\t\t\t\t\t\t\t\t<p>En el a\u00f1o 2025 la empresa The Sarao Factory SLU consigui\u00f3 la certificaci\u00f3n de su Sistema de Gesti\u00f3n Ambiental seg\u00fan la norma UNE-EN ISO 14.001:2015, que complementa su ya implantado Sistema de Gesti\u00f3n de la Calidad ISO 9001:2015, y que demuestra nuestro compromiso con la protecci\u00f3n del medio ambiente.<\/p>\t\t\t\t\t\t\t\t<\/div>\n\t\t\t\t<\/div>\n\t\t<div class=\"elementor-element elementor-element-5d38dfc e-con-full e-flex e-con e-child\" data-id=\"5d38dfc\" data-element_type=\"container\">\n\t\t\t\t<div class=\"elementor-element elementor-element-6269bde elementor-widget elementor-widget-image\" data-id=\"6269bde\" data-element_type=\"widget\" data-widget_type=\"image.default\">\n\t\t\t\t\t\t\t\t\t\t\t\t\t\t\t<img loading=\"lazy\" decoding=\"async\" width=\"208\" height=\"96\" src=\"https:\/\/thesaraofactory.com\/wp-content\/uploads\/2025\/04\/logo_iso14001_bureauveritas-tsf-ok.svg\" class=\"attachment-large size-large wp-image-2442\" alt=\"\" \/>\t\t\t\t\t\t\t\t\t\t\t\t\t\t\t<\/div>\n\t\t\t\t<\/div>\n\t\t\t\t<\/div>\n\t\t\t\t\t<\/div>\n\t\t\t\t<\/div>\n\t\t<div class=\"elementor-element elementor-element-ad107a8 e-flex e-con-boxed e-con e-parent\" data-id=\"ad107a8\" data-element_type=\"container\">\n\t\t\t\t\t<div class=\"e-con-inner\">\n\t\t<div class=\"elementor-element elementor-element-3354e8c e-con-full e-flex e-con e-child\" data-id=\"3354e8c\" data-element_type=\"container\">\n\t\t<div class=\"elementor-element elementor-element-42de8d1 e-con-full e-flex e-con e-child\" data-id=\"42de8d1\" data-element_type=\"container\">\n\t\t\t\t<div class=\"elementor-element elementor-element-03321d2 elementor-widget elementor-widget-heading\" data-id=\"03321d2\" data-element_type=\"widget\" data-widget_type=\"heading.default\">\n\t\t\t\t\t<h2 class=\"elementor-heading-title elementor-size-default\">Certification FSC \u00ae<\/h2>\t\t\t\t<\/div>\n\t\t\t\t<div class=\"elementor-element elementor-element-09e4469 elementor-widget elementor-widget-text-editor\" data-id=\"09e4469\" data-element_type=\"widget\" data-widget_type=\"text-editor.default\">\n\t\t\t\t\t\t\t\t\t<p>Asimismo, durante 2025, hemos mantenido y consolidado nuestra certificaci\u00f3n FSC \u00ae, incorporando a nuestro cat\u00e1logo gran cantidad de referencias con esta certificaci\u00f3n, garantizando de esta manera una sostenibilidad forestal que genere beneficios no solo a nivel econ\u00f3mico, sino tambi\u00e9n ambientales y sociales.<\/p>\t\t\t\t\t\t\t\t<\/div>\n\t\t\t\t<\/div>\n\t\t<div class=\"elementor-element elementor-element-8bd68b0 e-con-full e-flex e-con e-child\" data-id=\"8bd68b0\" data-element_type=\"container\">\n\t\t\t\t<div class=\"elementor-element elementor-element-939c542 elementor-widget elementor-widget-image\" data-id=\"939c542\" data-element_type=\"widget\" data-widget_type=\"image.default\">\n\t\t\t\t\t\t\t\t\t\t\t\t\t\t\t<img loading=\"lazy\" decoding=\"async\" width=\"626\" height=\"387\" src=\"https:\/\/thesaraofactory.com\/wp-content\/uploads\/2025\/04\/logotipo-certificacion-etiqueta-internacional-fsc-consejo-administracion-forestal-marcas-comerciales-estandar-bosque_655051-108.avif\" class=\"attachment-full size-full wp-image-2288\" alt=\"\" srcset=\"https:\/\/thesaraofactory.com\/wp-content\/uploads\/2025\/04\/logotipo-certificacion-etiqueta-internacional-fsc-consejo-administracion-forestal-marcas-comerciales-estandar-bosque_655051-108.avif 626w, https:\/\/thesaraofactory.com\/wp-content\/uploads\/2025\/04\/logotipo-certificacion-etiqueta-internacional-fsc-consejo-administracion-forestal-marcas-comerciales-estandar-bosque_655051-108-768x474.avif 768w\" sizes=\"(max-width: 626px) 100vw, 626px\" \/>\t\t\t\t\t\t\t\t\t\t\t\t\t\t\t<\/div>\n\t\t\t\t<\/div>\n\t\t\t\t<\/div>\n\t\t\t\t\t<\/div>\n\t\t\t\t<\/div>\n\t\t<div class=\"elementor-element elementor-element-99b4b44 e-flex e-con-boxed e-con e-parent\" data-id=\"99b4b44\" data-element_type=\"container\">\n\t\t\t\t\t<div class=\"e-con-inner\">\n\t\t\t\t<div class=\"elementor-element elementor-element-34e605d elementor-widget elementor-widget-text-editor\" data-id=\"34e605d\" data-element_type=\"widget\" data-widget_type=\"text-editor.default\">\n\t\t\t\t\t\t\t\t\t<p>Para el a\u00f1o 2026, la empresa tiene grandes retos, ya que adem\u00e1s de mantener estas certificaciones, quiere asumir nuevos.<\/p><p>With all this, The Sarao Factory begins a journey of work in terms of the improvement of its environmental management, and in terms of the involvement of employees, customers and suppliers, that is sure to consolidate the improvement of our competitiveness in the market.<\/p>\t\t\t\t\t\t\t\t<\/div>\n\t\t\t\t\t<\/div>\n\t\t\t\t<\/div>\n\t\t\t\t<\/div>","protected":false},"excerpt":{"rendered":"<p>Desempe\u00f1o ambiental 2025 Garant\u00edas de nuestra apuesta por la excelencia y la responsabilidad ambiental. Durante el a\u00f1o 2025 The Sarao Factory, S.LU., como empresa comprometida con la sociedad y el medio ambiente, hemos trabajado activamente en la implantaci\u00f3n de certificaciones que nos ayuden a mejorar nuestra gesti\u00f3n ambiental y nuestra competitividad. Con el af\u00e1n de [&hellip;]<\/p>","protected":false},"author":2,"featured_media":0,"parent":0,"menu_order":0,"comment_status":"closed","ping_status":"closed","template":"elementor_header_footer","meta":{"footnotes":""},"class_list":["post-2270","page","type-page","status-publish","hentry"],"_links":{"self":[{"href":"https:\/\/thesaraofactory.com\/en\/wp-json\/wp\/v2\/pages\/2270","targetHints":{"allow":["GET"]}}],"collection":[{"href":"https:\/\/thesaraofactory.com\/en\/wp-json\/wp\/v2\/pages"}],"about":[{"href":"https:\/\/thesaraofactory.com\/en\/wp-json\/wp\/v2\/types\/page"}],"author":[{"embeddable":true,"href":"https:\/\/thesaraofactory.com\/en\/wp-json\/wp\/v2\/users\/2"}],"replies":[{"embeddable":true,"href":"https:\/\/thesaraofactory.com\/en\/wp-json\/wp\/v2\/comments?post=2270"}],"version-history":[{"count":111,"href":"https:\/\/thesaraofactory.com\/en\/wp-json\/wp\/v2\/pages\/2270\/revisions"}],"predecessor-version":[{"id":2623,"href":"https:\/\/thesaraofactory.com\/en\/wp-json\/wp\/v2\/pages\/2270\/revisions\/2623"}],"wp:attachment":[{"href":"https:\/\/thesaraofactory.com\/en\/wp-json\/wp\/v2\/media?parent=2270"}],"curies":[{"name":"wp","href":"https:\/\/api.w.org\/{rel}","templated":true}]}}