{"id":1504,"date":"2024-04-15T11:16:54","date_gmt":"2024-04-15T11:16:54","guid":{"rendered":"https:\/\/thesaraofactory.com\/?page_id=1504"},"modified":"2025-04-09T06:46:46","modified_gmt":"2025-04-09T06:46:46","slug":"politica-envios-pedido-minimo","status":"publish","type":"page","link":"https:\/\/thesaraofactory.com\/en\/politica-envios-pedido-minimo\/","title":{"rendered":"Shipping policy and Minimum Order quantity"},"content":{"rendered":"<div class=\"wpb-content-wrapper\">\r\n<div class=\"mk-page-section-wrapper\" data-mk-full-width=\"true\" data-mk-full-width-init=\"true\" data-mk-stretch-content=\"true\">\r\n\t<div id=\"page-section-69e08bf5b7918\" class=\"mk-page-section self-hosted   full_layout full-width-69e08bf5b7918 js-el js-master-row jupiter-donut-visible-sm\"    data-intro-effect=\"false\">\r\n\r\n\t\t\t\r\n\t\t\t<div class=\"mk-page-section-inner\">\r\n\t\t\t\t\r\n\r\n\r\n<div class=\"mk-video-color-mask\"><\/div>\r\n\r\n\t\t\t\t\r\n\t\t\t\t\t\t\t<\/div>\r\n\r\n\t\t\t\r\n        <div class=\"page-section-content vc_row-fluid page-section-fullwidth\" >\r\n            <div class=\"mk-padding-wrapper wpb_row\"><style id=\"mk-shortcode-style-69e08bf5b7dbc\" type=\"text\/css\"><\/style>\r\n<div class=\"vc_col-sm-12 wpb_column column_container  jupiter-donut- _ jupiter-donut-height-full\">\r\n\t\r\n\r\n<div class=\"wpb_row vc_inner vc_row vc_row-fluid jupiter-donut-   attched-false\">\r\n\t\t\t<div class=\"wpb_column vc_column_container vc_col-sm-12\"><div class=\"vc_column-inner\"><div class=\"wpb_wrapper\"><div class=\"vc_empty_space\"   style=\"height: 5px\"><span class=\"vc_empty_space_inner\"><\/span><\/div><style id=\"mk-shortcode-style-69e08bf5b855a\" type=\"text\/css\">#text-block-69e08bf5b855a { margin-bottom:0px; text-align:left; }<\/style>\t<div class=\"vc_custom_1713334961711\">\r\n\r\n<div id=\"text-block-69e08bf5b855a\" class=\"mk-text-block  jupiter-donut-\">\r\n\r\n\t\r\n\t<p style=\"text-align: center; margin-bottom: 0px;\">Shipping policy and Minimum Order quantity<\/p>\n\r\n\t<div class=\"clearboth\"><\/div>\r\n<\/div>\r\n\r\n\t<\/div>\r\n<\/div><\/div><\/div>\t<\/div>\r\n<\/div>\r\n<\/div>\r\n            <div class=\"clearboth\"><\/div>\r\n        <\/div>\r\n\r\n\r\n\t\t\t\r\n\t\t\t\r\n\t\t\t\r\n\t\t<div class=\"clearboth\"><\/div>\r\n\t<\/div>\r\n<\/div>\r\n<div class=\"vc_row-full-width vc_clearfix\"><\/div>\r\n\r\n<style id=\"mk-shortcode-style-69e08bf5b7918\" type=\"text\/css\">.full-width-69e08bf5b7918 { min-height:40px; margin-bottom:0px; background-color:#329471; border:1px solid #ffffff;border-left:none;border-right:none; } .full-width-69e08bf5b7918 .page-section-content { padding:0px 0 0px; } #background-layer--69e08bf5b7918 { ; background-position:left top; background-repeat:repeat; ; } #background-layer--69e08bf5b7918 .mk-color-layer { ; width:100%; height:100%; position:absolute; top:0; left:0; }<\/style><style id=\"mk-shortcode-style-69e08bf5b7918\" type=\"text\/css\">.full-width-69e08bf5b7918 .mk-fancy-title.pattern-style span, .full-width-69e08bf5b7918 .mk-blog-view-all { background-color:#329471 !important; }<\/style>\r\n<div class=\"mk-page-section-wrapper\" data-mk-full-width=\"true\" data-mk-full-width-init=\"true\" data-mk-stretch-content=\"true\">\r\n\t<div id=\"page-section-69e08bf5b88ba\" class=\"mk-page-section self-hosted   full_layout full-width-69e08bf5b88ba js-el js-master-row jupiter-donut-\"    data-intro-effect=\"false\">\r\n\r\n\t\t\t\r\n\t\t\t<div class=\"mk-page-section-inner\">\r\n\t\t\t\t\r\n\r\n\r\n<div class=\"mk-video-color-mask\"><\/div>\r\n\r\n\t\t\t\t\r\n\t\t\t\t\t\t\t<\/div>\r\n\r\n\t\t\t\r\n        <div class=\"page-section-content vc_row-fluid page-section-fullwidth\" >\r\n            <div class=\"mk-padding-wrapper wpb_row\"><style id=\"mk-shortcode-style-69e08bf5b8b35\" type=\"text\/css\"><\/style>\r\n<div class=\"vc_col-sm-12 wpb_column column_container  jupiter-donut- _ jupiter-donut-height-full\">\r\n\t\r\n\r\n<div class=\"wpb_row vc_inner vc_row vc_row-fluid jupiter-donut-   attched-false   vc_custom_1655134021891\">\r\n\t\t\t<div class=\"wpb_column vc_column_container vc_col-sm-12\"><div class=\"vc_column-inner\"><div class=\"wpb_wrapper\"><style id=\"mk-shortcode-style-69e08bf5b8d7c\" type=\"text\/css\">#text-block-69e08bf5b8d7c { margin-bottom:0px; text-align:left; }<\/style>\t<div class=\"vc_custom_1713513297720\">\r\n\r\n<div id=\"text-block-69e08bf5b8d7c\" class=\"mk-text-block  jupiter-donut-\">\r\n\r\n\t\r\n\t<h1>Shipping policy and Minimum Order quantity<\/h1>\n<p>The Sarao Factory set an order minimum for orders in Spain and Portugal of 500\u20ac and for international orders (except Portugal)\u20ac 1,000. Below these amounts, the shipping costs shall be borne by the customer<strong>.<\/strong> All orders are processed within 24-72 business hours (excluding weekends and public holidays) after the completion of the order. Please note that during periods of large volume, processing time may take longer than usual. The transit time of your order will depend on the locality destination.<\/p>\n\r\n\t<div class=\"clearboth\"><\/div>\r\n<\/div>\r\n\r\n\t<\/div>\r\n<div class=\"vc_empty_space\"   style=\"height: 10px\"><span class=\"vc_empty_space_inner\"><\/span><\/div><\/div><\/div><\/div>\t<\/div>\r\n<\/div>\r\n<\/div>\r\n            <div class=\"clearboth\"><\/div>\r\n        <\/div>\r\n\r\n\r\n\t\t\t\r\n\t\t\t\r\n\t\t\t\r\n\t\t<div class=\"clearboth\"><\/div>\r\n\t<\/div>\r\n<\/div>\r\n<div class=\"vc_row-full-width vc_clearfix\"><\/div>\r\n\r\n<style id=\"mk-shortcode-style-69e08bf5b88ba\" type=\"text\/css\">.full-width-69e08bf5b88ba { min-height:100px; margin-bottom:0px; } .full-width-69e08bf5b88ba .page-section-content { padding:10px 0 10px; } #background-layer--69e08bf5b88ba { ; background-position:left top; background-repeat:repeat; ; } #background-layer--69e08bf5b88ba .mk-color-layer { ; width:100%; height:100%; position:absolute; top:0; left:0; }<\/style>\n<\/div>","protected":false},"excerpt":{"rendered":"Pol\u00edtica de Env\u00edos y Pedido M\u00ednimo Pol\u00edtica de Env\u00edos y Pedido M\u00ednimo The Sarao Factory establece un pedido m\u00ednimo para pedidos en Espa\u00f1a y Portugal de 500\u20ac y, para pedidos internacionales (exceptuando Portugal) de 1.000\u20ac. Por debajo de estas cantidades, los gastos de env\u00edo correr\u00e1n a cuenta del cliente. Todos los pedidos se procesan dentro [...]","protected":false},"author":2,"featured_media":0,"parent":0,"menu_order":0,"comment_status":"closed","ping_status":"closed","template":"","meta":{"footnotes":""},"class_list":["post-1504","page","type-page","status-publish","hentry"],"_links":{"self":[{"href":"https:\/\/thesaraofactory.com\/en\/wp-json\/wp\/v2\/pages\/1504","targetHints":{"allow":["GET"]}}],"collection":[{"href":"https:\/\/thesaraofactory.com\/en\/wp-json\/wp\/v2\/pages"}],"about":[{"href":"https:\/\/thesaraofactory.com\/en\/wp-json\/wp\/v2\/types\/page"}],"author":[{"embeddable":true,"href":"https:\/\/thesaraofactory.com\/en\/wp-json\/wp\/v2\/users\/2"}],"replies":[{"embeddable":true,"href":"https:\/\/thesaraofactory.com\/en\/wp-json\/wp\/v2\/comments?post=1504"}],"version-history":[{"count":13,"href":"https:\/\/thesaraofactory.com\/en\/wp-json\/wp\/v2\/pages\/1504\/revisions"}],"predecessor-version":[{"id":2420,"href":"https:\/\/thesaraofactory.com\/en\/wp-json\/wp\/v2\/pages\/1504\/revisions\/2420"}],"wp:attachment":[{"href":"https:\/\/thesaraofactory.com\/en\/wp-json\/wp\/v2\/media?parent=1504"}],"curies":[{"name":"wp","href":"https:\/\/api.w.org\/{rel}","templated":true}]}}