{"id":807,"date":"2023-07-28T08:11:10","date_gmt":"2023-07-28T08:11:10","guid":{"rendered":"https:\/\/thesaraofactory.com\/?page_id=807"},"modified":"2025-04-09T06:53:48","modified_gmt":"2025-04-09T06:53:48","slug":"financiacion","status":"publish","type":"page","link":"https:\/\/thesaraofactory.com\/de\/financiacion\/","title":{"rendered":"Finanzierung"},"content":{"rendered":"<div class=\"wpb-content-wrapper\"><style id=\"mk-shortcode-style-69e08f01e523a\" type=\"text\/css\"><\/style>\r\n<div class=\"vc_col-sm-12 wpb_column column_container  jupiter-donut- _ jupiter-donut-height-full\">\r\n\t\r\n\r\n<div class=\"wpb_row vc_inner vc_row vc_row-fluid jupiter-donut-   attched-false\">\r\n\t\t\t\t<\/div>\r\n<div class=\"wpb_column vc_column_container vc_col-sm-12\"><div class=\"vc_column-inner\"><div class=\"wpb_wrapper\"><\/div><\/div><\/div><div class=\"vc_empty_space\"   style=\"height: 5px\"><span class=\"vc_empty_space_inner\"><\/span><\/div><style id=\"mk-shortcode-style-69e08f01e57a5\" type=\"text\/css\">#text-block-69e08f01e57a5 { margin-bottom:0px; text-align:left; }<\/style>\t<div class=\"vc_custom_1654203243248\">\r\n\r\n<div id=\"text-block-69e08f01e57a5\" class=\"mk-text-block  jupiter-donut-\">\r\n\r\n\t\r\n\t<h3 style=\"text-align: center; margin-bottom: 0px;\"><strong>FINANZIERUNG INNOC\u00c1MARAS<\/strong><\/h3>\n\r\n\t<div class=\"clearboth\"><\/div>\r\n<\/div>\r\n\r\n\t<\/div>\r\n<\/div>\r\n\r\n<div class=\"mk-page-section-wrapper\" data-mk-full-width=\"true\" data-mk-full-width-init=\"true\" data-mk-stretch-content=\"true\">\r\n\t<div id=\"page-section-69e08f01e5a1f\" class=\"mk-page-section self-hosted   full_layout full-width-69e08f01e5a1f js-el js-master-row jupiter-donut-\"    data-intro-effect=\"false\">\r\n\r\n\t\t\t\r\n\t\t\t<div class=\"mk-page-section-inner\">\r\n\t\t\t\t\r\n\r\n\r\n<div class=\"mk-video-color-mask\"><\/div>\r\n\r\n\t\t\t\t\r\n\t\t\t\t\t\t\t<\/div>\r\n\r\n\t\t\t\r\n        <div class=\"page-section-content vc_row-fluid page-section-fullwidth\" >\r\n            <div class=\"mk-padding-wrapper wpb_row\"><style id=\"mk-shortcode-style-69e08f01e5cce\" type=\"text\/css\"><\/style>\r\n<div class=\"vc_col-sm-12 wpb_column column_container  jupiter-donut- _ jupiter-donut-height-full\">\r\n\t\r\n\r\n<div class=\"wpb_row vc_inner vc_row vc_row-fluid jupiter-donut-   attched-false   vc_custom_1655134021891\">\r\n\t\t\t<div class=\"wpb_column vc_column_container vc_col-sm-12\"><div class=\"vc_column-inner\"><div class=\"wpb_wrapper\"><style id=\"mk-shortcode-style-69e08f01e6008\" type=\"text\/css\">#text-block-69e08f01e6008 { margin-bottom:0px; text-align:left; }<\/style>\t<div class=\"vc_custom_1703846135452\">\r\n\r\n<div id=\"text-block-69e08f01e6008\" class=\"mk-text-block  jupiter-donut-\">\r\n\r\n\t\r\n\t<p style=\"font-weight: 400;\">Soiree-Fabrik, SLU wurde ein Nutznie\u00dfer des europ\u00e4ischen Fonds f\u00fcr Regionale Entwicklung, dessen Ziel ist die F\u00f6rderung von Forschung, technologischer Entwicklung und innovation, und Dank der sich vorgenommen hat, ein Projekt von\u00a0<strong><u>Systematische Management Methoden<\/u><\/strong>\u00a0zur Unterst\u00fctzung bei der Erstellung und Konsolidierung von innovativen Unternehmen. Um dies zu tun, es hat mit der Unterst\u00fctzung des Programms InnoC\u00e1maras 2023 von der Handelskammer von Alicante.&#034;<\/p>\n<p style=\"font-weight: 400;\">Ein Weg, um Europa<\/p>\n<p>&nbsp;<\/p>\n<p><img decoding=\"async\" class=\"aligncenter wp-image-832\" src=\"https:\/\/thesaraofactory.com\/wp-content\/uploads\/2023\/07\/logo-feder-300x254.jpg\" alt=\"\" width=\"212\" height=\"179\" \/> <img decoding=\"async\" class=\"aligncenter size-medium wp-image-831\" src=\"https:\/\/thesaraofactory.com\/wp-content\/uploads\/2023\/07\/logo-ivace-r-300x90.jpg\" alt=\"\" width=\"300\" height=\"90\" \/><\/p>\n\r\n\t<div class=\"clearboth\"><\/div>\r\n<\/div>\r\n\r\n\t<\/div>\r\n<\/div><\/div><\/div>\t<\/div>\r\n\r\n\r\n<div class=\"wpb_row vc_inner vc_row vc_row-fluid jupiter-donut-   attched-false   vc_custom_1655134021891\">\r\n\t\t\t\t<\/div>\r\n<div class=\"wpb_column vc_column_container vc_col-sm-12\"><div class=\"vc_column-inner\"><div class=\"wpb_wrapper\"><\/div><\/div><\/div><style id=\"mk-shortcode-style-69e08f01e6264\" type=\"text\/css\">#text-block-69e08f01e6264 { margin-bottom:0px; text-align:left; }<\/style>\t<div class=\"vc_custom_1703846451276\">\r\n\r\n<div id=\"text-block-69e08f01e6264\" class=\"mk-text-block  jupiter-donut-\">\r\n\r\n\t\r\n\t<div  data-mk-stretch-content=\"true\" class=\"wpb_row vc_row vc_row-fluid jupiter-donut- mk-fullwidth-false  attched-false     js-master-row  mk-grid\">\r\n\t\t\t\t\t<\/div>\r\n<style id=\"mk-shortcode-style-69e08f01e6489\" type=\"text\/css\"><\/style>\r\n<div class=\"vc_col-sm-12 wpb_column column_container  jupiter-donut- _ jupiter-donut-height-full\">\r\n\t<\/div>\r\n<style id=\"mk-shortcode-style-69e08f01e655c\" type=\"text\/css\">#text-block-69e08f01e655c { margin-bottom:0px; text-align:left; }<\/style>\r\n<div id=\"text-block-69e08f01e655c\" class=\"mk-text-block  jupiter-donut-\">\r\n\r\n\t\r\n\t\r\n\t<div class=\"clearboth\"><\/div>\r\n<\/div>\n<div class=\"mk-page-section-wrapper\" style=\"position: relative; box-sizing: border-box; width: 483px; left: -20px;\" data-mk-full-width=\"true\" data-mk-full-width-init=\"true\" data-mk-stretch-content=\"true\">\n<div id=\"page-section-2\" class=\"mk-page-section self-hosted full_layout full-width-2 js-el js-master-row jupiter-donut-visible-sm\" style=\"position: fixed; z-index: 100;\" data-intro-effect=\"false\">\n<div class=\"page-section-content vc_row-fluid page-section-fullwidth\">\n<div class=\"mk-padding-wrapper wpb_row\">\n<div class=\"vc_col-sm-12 wpb_column column_container jupiter-donut- _ jupiter-donut-height-full\">\n<div class=\"wpb_row vc_inner vc_row vc_row-fluid jupiter-donut- attched-false\">\n<div class=\"wpb_column vc_column_container vc_col-sm-12\">\n<div class=\"vc_column-inner\">\n<div class=\"wpb_wrapper\">\n<div class=\"vc_custom_1654203243248\">\n<div id=\"text-block-4\" class=\"mk-text-block jupiter-donut-\">\n<p style=\"text-align: center; margin-bottom: 0px; padding: 5px;\">Impressum<\/p>\n<div class=\"clearboth\"><\/div>\n<\/div>\n<\/div>\n<\/div>\n<\/div>\n<\/div>\n<\/div>\n<\/div>\n<\/div>\n<div class=\"clearboth\"><\/div>\n<\/div>\n<div class=\"clearboth\"><\/div>\n<\/div>\n<\/div>\n<div class=\"mk-page-section-wrapper\" data-mk-full-width=\"true\" data-mk-full-width-init=\"true\" data-mk-stretch-content=\"true\">\r\n\t<div id=\"page-section-69e08f01e6760\" class=\"mk-page-section self-hosted   full_layout full-width-69e08f01e6760 js-el js-master-row jupiter-donut-visible-sm\"    data-intro-effect=\"false\">\r\n\r\n\t\t\t\r\n\t\t\t<div class=\"mk-page-section-inner\">\r\n\t\t\t\t\r\n\r\n\r\n<div class=\"mk-video-color-mask\"><\/div>\r\n\r\n\t\t\t\t\r\n\t\t\t\t\t\t\t<\/div>\r\n\r\n\t\t\t\r\n        <div class=\"page-section-content vc_row-fluid page-section-fullwidth\" >\r\n            <div class=\"mk-padding-wrapper wpb_row\"><\/div>\r\n            <div class=\"clearboth\"><\/div>\r\n        <\/div>\r\n\r\n\r\n\t\t\t\r\n\t\t\t\r\n\t\t\t\r\n\t\t<div class=\"clearboth\"><\/div>\r\n\t<\/div>\r\n<\/div>\r\n<div class=\"vc_row-full-width vc_clearfix\"><\/div>\r\n\r\n<style id=\"mk-shortcode-style-69e08f01e6760\" type=\"text\/css\">.full-width-69e08f01e6760 { min-height:40px; margin-bottom:0px; background-color:#329471; border:1px solid #ffffff;border-left:none;border-right:none; } .full-width-69e08f01e6760 .page-section-content { padding:0px 0 0px; } #background-layer--69e08f01e6760 { ; background-position:left top; background-repeat:repeat; ; } #background-layer--69e08f01e6760 .mk-color-layer { ; width:100%; height:100%; position:absolute; top:0; left:0; }<\/style><style id=\"mk-shortcode-style-69e08f01e6760\" type=\"text\/css\">.full-width-69e08f01e6760 .mk-fancy-title.pattern-style span, .full-width-69e08f01e6760 .mk-blog-view-all { background-color:#329471 !important; }<\/style><style id=\"mk-shortcode-style-69e08f01e6a27\" type=\"text\/css\"><\/style>\r\n<div class=\"vc_col-sm-12 wpb_column column_container  jupiter-donut- _ jupiter-donut-height-full\">\r\n\t<\/div>\r\n\r\n\r\n<div class=\"wpb_row vc_inner vc_row vc_row-fluid jupiter-donut-   attched-false\">\r\n\t\t\t\t<\/div>\r\n<div class=\"wpb_column vc_column_container vc_col-sm-12\"><div class=\"vc_column-inner\"><div class=\"wpb_wrapper\"><\/div><\/div><\/div><div class=\"vc_empty_space\"   style=\"height: 5px\"><span class=\"vc_empty_space_inner\"><\/span><\/div><style id=\"mk-shortcode-style-69e08f01e6c93\" type=\"text\/css\">#text-block-69e08f01e6c93 { margin-bottom:0px; text-align:left; }<\/style>\t<div class=\"vc_custom_1654203243248\">\r\n\r\n<div id=\"text-block-69e08f01e6c93\" class=\"mk-text-block  jupiter-donut-\">\r\n\r\n\t\r\n\t\r\n\t<div class=\"clearboth\"><\/div>\r\n<\/div>\r\n\r\n\t<\/div>\n<h3 style=\"text-align: center; margin-bottom: 0px;\">FEDER-Programm der Comunitat Valenciana 2021-27<\/h3>\n\r\n\t<div class=\"clearboth\"><\/div>\r\n<\/div>\r\n\r\n\t<\/div>\r\n<\/div>\r\n\r\n<div class=\"mk-page-section-wrapper\" data-mk-full-width=\"true\" data-mk-full-width-init=\"true\" data-mk-stretch-content=\"true\">\r\n\t<div id=\"page-section-69e08f01e6ee3\" class=\"mk-page-section self-hosted   full_layout full-width-69e08f01e6ee3 js-el js-master-row jupiter-donut-\"    data-intro-effect=\"false\">\r\n\r\n\t\t\t\r\n\t\t\t<div class=\"mk-page-section-inner\">\r\n\t\t\t\t\r\n\r\n\r\n<div class=\"mk-video-color-mask\"><\/div>\r\n\r\n\t\t\t\t\r\n\t\t\t\t\t\t\t<\/div>\r\n\r\n\t\t\t\r\n        <div class=\"page-section-content vc_row-fluid page-section-fullwidth\" >\r\n            <div class=\"mk-padding-wrapper wpb_row\"><\/div>\r\n            <div class=\"clearboth\"><\/div>\r\n        <\/div>\r\n\r\n\r\n\t\t\t\r\n\t\t\t\r\n\t\t\t\r\n\t\t<div class=\"clearboth\"><\/div>\r\n\t<\/div>\r\n<\/div>\r\n<div class=\"vc_row-full-width vc_clearfix\"><\/div>\r\n\r\n<style id=\"mk-shortcode-style-69e08f01e6ee3\" type=\"text\/css\">.full-width-69e08f01e6ee3 { min-height:100px; margin-bottom:0px; } .full-width-69e08f01e6ee3 .page-section-content { padding:10px 0 10px; } #background-layer--69e08f01e6ee3 { ; background-position:left top; background-repeat:repeat; ; } #background-layer--69e08f01e6ee3 .mk-color-layer { ; width:100%; height:100%; position:absolute; top:0; left:0; }<\/style><\/div>\r\n            <div class=\"clearboth\"><\/div>\r\n        <\/div>\r\n\r\n\r\n\t\t\t\r\n\t\t\t\r\n\t\t\t\r\n\t\t<div class=\"clearboth\"><\/div>\r\n\t<\/div>\r\n<\/div>\r\n<div class=\"vc_row-full-width vc_clearfix\"><\/div>\r\n\r\n<style id=\"mk-shortcode-style-69e08f01e5a1f\" type=\"text\/css\">.full-width-69e08f01e5a1f { min-height:100px; margin-bottom:0px; } .full-width-69e08f01e5a1f .page-section-content { padding:10px 0 10px; } #background-layer--69e08f01e5a1f { ; background-position:left top; background-repeat:repeat; ; } #background-layer--69e08f01e5a1f .mk-color-layer { ; width:100%; height:100%; position:absolute; top:0; left:0; }<\/style>[\/mk_page_section]<style id=\"mk-shortcode-style-69e08f01e7232\" type=\"text\/css\"><\/style>\r\n<div class=\"vc_col-sm-12 wpb_column column_container  jupiter-donut- _ jupiter-donut-height-full\">\r\n\t\r\n\r\n<div class=\"wpb_row vc_inner vc_row vc_row-fluid jupiter-donut-   attched-false   vc_custom_1655134021891\">\r\n\t\t\t<div class=\"wpb_column vc_column_container vc_col-sm-12\"><div class=\"vc_column-inner\"><div class=\"wpb_wrapper\"><style id=\"mk-shortcode-style-69e08f01e7503\" type=\"text\/css\">#text-block-69e08f01e7503 { margin-bottom:0px; text-align:left; }<\/style>\t<div class=\"vc_custom_1703846135452\">\r\n\r\n<div id=\"text-block-69e08f01e7503\" class=\"mk-text-block  jupiter-donut-\">\r\n\r\n\t\r\n\t<p>SOIREE-FABRIK, S. L. U. durchgef\u00fchrten Ma\u00dfnahmen auf die strategische Beratung mit dem Ziel, die Definition der Strategie, die kommerzielle expansion des internationalen Projekts. Diese Aktion wird co-finanziert durch die Europ\u00e4ische Union im Rahmen des FEDER-Programm der Comunitat Valenciana 2021-27.<\/p>\n<p>Das Projekt, mit Aktenzeichen ITCOES\/2023\/123, es wurde unterst\u00fctzt mit einem Zuschuss von 13.410,00 \u20ac<\/p>\n<p>&nbsp;<\/p>\n<p><img decoding=\"async\" class=\"aligncenter wp-image-1195\" src=\"https:\/\/thesaraofactory.com\/wp-content\/uploads\/2023\/12\/logo-financiacion-300x32.png\" alt=\"\" width=\"375\" height=\"40\" srcset=\"https:\/\/thesaraofactory.com\/wp-content\/uploads\/2023\/12\/logo-financiacion-300x32.png 300w, https:\/\/thesaraofactory.com\/wp-content\/uploads\/2023\/12\/logo-financiacion-1024x108.png 1024w, https:\/\/thesaraofactory.com\/wp-content\/uploads\/2023\/12\/logo-financiacion-768x81.png 768w, https:\/\/thesaraofactory.com\/wp-content\/uploads\/2023\/12\/logo-financiacion.png 1030w\" sizes=\"(max-width: 375px) 100vw, 375px\" \/><\/p>\n\r\n\t<div class=\"clearboth\"><\/div>\r\n<\/div>\r\n\r\n\t<\/div>\r\n<\/div><\/div><\/div>\t<\/div>\r\n\r\n\r\n<div class=\"wpb_row vc_inner vc_row vc_row-fluid jupiter-donut-   attched-false   vc_custom_1655134021891\">\r\n\t\t\t<div class=\"wpb_column vc_column_container vc_col-sm-12\"><div class=\"vc_column-inner\"><div class=\"wpb_wrapper\"><style id=\"mk-shortcode-style-69e08f01e7757\" type=\"text\/css\">#text-block-69e08f01e7757 { margin-bottom:0px; text-align:left; }<\/style>\t<div class=\"vc_custom_1744181402748\">\r\n\r\n<div id=\"text-block-69e08f01e7757\" class=\"mk-text-block  jupiter-donut-\">\r\n\r\n\t\r\n\t<p><span data-olk-copy-source=\"MessageBody\">The Sarao Factory, S.L.U.\u00a0<\/span>wurde ein Nutznie\u00dfer von europ\u00e4ischer Fonds, mit dem Ziel der St\u00e4rkung des nachhaltigen Wachstums und der Wettbewerbsf\u00e4higkeit der KMU und durch die ins Leben gerufen hat, einen Aktionsplan mit dem Ziel der Verbesserung der Wettbewerbsf\u00e4higkeit durch digitale transformation, online-Werbung und e-commerce auf den internationalen M\u00e4rkten im Laufe des Jahres 2024. Um dies zu tun, es hat mit der Unterst\u00fctzung des Programms Xpande Digital der Handelskammer von Alicante. #EuropaSeSiente<\/p>\n<p><img loading=\"lazy\" decoding=\"async\" class=\"aligncenter wp-image-1559 size-full\" src=\"https:\/\/thesaraofactory.com\/wp-content\/uploads\/2024\/10\/fondos-europeos.jpg\" alt=\"\" width=\"998\" height=\"74\" srcset=\"https:\/\/thesaraofactory.com\/wp-content\/uploads\/2024\/10\/fondos-europeos.jpg 998w, https:\/\/thesaraofactory.com\/wp-content\/uploads\/2024\/10\/fondos-europeos-300x22.jpg 300w, https:\/\/thesaraofactory.com\/wp-content\/uploads\/2024\/10\/fondos-europeos-768x57.jpg 768w\" sizes=\"(max-width: 998px) 100vw, 998px\" \/><\/p>\n\r\n\t<div class=\"clearboth\"><\/div>\r\n<\/div>\r\n\r\n\t<\/div>\r\n<\/div><\/div><\/div>\t<\/div>\r\n<\/div>\r\n[\/vc_row]\n<\/div>","protected":false},"excerpt":{"rendered":"<p>[\/mk_page_section][\/vc_row]<\/p>","protected":false},"author":2,"featured_media":0,"parent":0,"menu_order":0,"comment_status":"closed","ping_status":"closed","template":"","meta":{"footnotes":""},"class_list":["post-807","page","type-page","status-publish","hentry"],"_links":{"self":[{"href":"https:\/\/thesaraofactory.com\/de\/wp-json\/wp\/v2\/pages\/807","targetHints":{"allow":["GET"]}}],"collection":[{"href":"https:\/\/thesaraofactory.com\/de\/wp-json\/wp\/v2\/pages"}],"about":[{"href":"https:\/\/thesaraofactory.com\/de\/wp-json\/wp\/v2\/types\/page"}],"author":[{"embeddable":true,"href":"https:\/\/thesaraofactory.com\/de\/wp-json\/wp\/v2\/users\/2"}],"replies":[{"embeddable":true,"href":"https:\/\/thesaraofactory.com\/de\/wp-json\/wp\/v2\/comments?post=807"}],"version-history":[{"count":28,"href":"https:\/\/thesaraofactory.com\/de\/wp-json\/wp\/v2\/pages\/807\/revisions"}],"predecessor-version":[{"id":1493,"href":"https:\/\/thesaraofactory.com\/de\/wp-json\/wp\/v2\/pages\/807\/revisions\/1493"}],"wp:attachment":[{"href":"https:\/\/thesaraofactory.com\/de\/wp-json\/wp\/v2\/media?parent=807"}],"curies":[{"name":"wp","href":"https:\/\/api.w.org\/{rel}","templated":true}]}}