{"id":766,"date":"2023-04-17T08:28:37","date_gmt":"2023-04-17T08:28:37","guid":{"rendered":"https:\/\/thesaraofactory.com\/?page_id=766"},"modified":"2025-04-09T06:46:22","modified_gmt":"2025-04-09T06:46:22","slug":"fsc","status":"publish","type":"page","link":"https:\/\/thesaraofactory.com\/de\/fsc\/","title":{"rendered":"FSC"},"content":{"rendered":"<div class=\"wpb-content-wrapper\">\r\n<div class=\"mk-page-section-wrapper\" data-mk-full-width=\"true\" data-mk-full-width-init=\"true\" data-mk-stretch-content=\"true\">\r\n\t<div id=\"page-section-69e08b5b8039f\" class=\"mk-page-section self-hosted   full_layout full-width-69e08b5b8039f js-el js-master-row jupiter-donut-visible-sm\"    data-intro-effect=\"false\">\r\n\r\n\t\t\t\r\n\t\t\t<div class=\"mk-page-section-inner\">\r\n\t\t\t\t\r\n\r\n\r\n<div class=\"mk-video-color-mask\"><\/div>\r\n\r\n\t\t\t\t\r\n\t\t\t\t\t\t\t<\/div>\r\n\r\n\t\t\t\r\n        <div class=\"page-section-content vc_row-fluid page-section-fullwidth\" >\r\n            <div class=\"mk-padding-wrapper wpb_row\"><style id=\"mk-shortcode-style-69e08b5b80831\" type=\"text\/css\"><\/style>\r\n<div class=\"vc_col-sm-12 wpb_column column_container  jupiter-donut- _ jupiter-donut-height-full\">\r\n\t\r\n\r\n<div class=\"wpb_row vc_inner vc_row vc_row-fluid jupiter-donut-   attched-false\">\r\n\t\t\t<div class=\"wpb_column vc_column_container vc_col-sm-12\"><div class=\"vc_column-inner\"><div class=\"wpb_wrapper\"><div class=\"vc_empty_space\"   style=\"height: 5px\"><span class=\"vc_empty_space_inner\"><\/span><\/div><style id=\"mk-shortcode-style-69e08b5b80fc4\" type=\"text\/css\">#text-block-69e08b5b80fc4 { margin-bottom:0px; text-align:left; }<\/style>\t<div class=\"vc_custom_1654203243248\">\r\n\r\n<div id=\"text-block-69e08b5b80fc4\" class=\"mk-text-block  jupiter-donut-\">\r\n\r\n\t\r\n\t<p style=\"text-align: center; margin-bottom: 0px;\">FSC<\/p>\n\r\n\t<div class=\"clearboth\"><\/div>\r\n<\/div>\r\n\r\n\t<\/div>\r\n<\/div><\/div><\/div>\t<\/div>\r\n<\/div>\r\n<\/div>\r\n            <div class=\"clearboth\"><\/div>\r\n        <\/div>\r\n\r\n\r\n\t\t\t\r\n\t\t\t\r\n\t\t\t\r\n\t\t<div class=\"clearboth\"><\/div>\r\n\t<\/div>\r\n<\/div>\r\n<div class=\"vc_row-full-width vc_clearfix\"><\/div>\r\n\r\n<style id=\"mk-shortcode-style-69e08b5b8039f\" type=\"text\/css\">.full-width-69e08b5b8039f { min-height:40px; margin-bottom:0px; background-color:#329471; border:1px solid #ffffff;border-left:none;border-right:none; } .full-width-69e08b5b8039f .page-section-content { padding:0px 0 0px; } #background-layer--69e08b5b8039f { ; background-position:left top; background-repeat:repeat; ; } #background-layer--69e08b5b8039f .mk-color-layer { ; width:100%; height:100%; position:absolute; top:0; left:0; }<\/style><style id=\"mk-shortcode-style-69e08b5b8039f\" type=\"text\/css\">.full-width-69e08b5b8039f .mk-fancy-title.pattern-style span, .full-width-69e08b5b8039f .mk-blog-view-all { background-color:#329471 !important; }<\/style>\r\n<div class=\"mk-page-section-wrapper\" data-mk-full-width=\"true\" data-mk-full-width-init=\"true\" data-mk-stretch-content=\"true\">\r\n\t<div id=\"page-section-69e08b5b812f8\" class=\"mk-page-section self-hosted   full_layout full-width-69e08b5b812f8 js-el js-master-row jupiter-donut-\"    data-intro-effect=\"false\">\r\n\r\n\t\t\t\r\n\t\t\t<div class=\"mk-page-section-inner\">\r\n\t\t\t\t\r\n\r\n\r\n<div class=\"mk-video-color-mask\"><\/div>\r\n\r\n\t\t\t\t\r\n\t\t\t\t\t\t\t<\/div>\r\n\r\n\t\t\t\r\n        <div class=\"page-section-content vc_row-fluid page-section-fullwidth\" >\r\n            <div class=\"mk-padding-wrapper wpb_row\"><style id=\"mk-shortcode-style-69e08b5b815ac\" type=\"text\/css\"><\/style>\r\n<div class=\"vc_col-sm-12 wpb_column column_container  jupiter-donut- _ jupiter-donut-height-full\">\r\n\t\r\n\r\n<div class=\"wpb_row vc_inner vc_row vc_row-fluid jupiter-donut-   attched-false   vc_custom_1655134021891\">\r\n\t\t\t<div class=\"wpb_column vc_column_container vc_col-sm-12\"><div class=\"vc_column-inner\"><div class=\"wpb_wrapper\"><style id=\"mk-shortcode-style-69e08b5b81846\" type=\"text\/css\">#text-block-69e08b5b81846 { margin-bottom:0px; text-align:left; }<\/style>\t<div class=\"vc_custom_1699875252259\">\r\n\r\n<div id=\"text-block-69e08b5b81846\" class=\"mk-text-block  jupiter-donut-\">\r\n\r\n\t\r\n\t<h1><b>FSC-ZERTIFIZIERUNG<\/b><b>\u00a0<\/b><\/h1>\n<p>Politik Der Soiree-Fabrik, S. L. U., mit <strong>Lizenznummer FSC\u00ae C178166<\/strong>auf den Konsum von Wald Materials und das Engagement f\u00fcr ls Gesundheit, Sicherheit und Arbeit.<\/p>\n<p>Wald Zertifizierung nach den Anforderungen der Regeln von <strong>FSC (Forest Stewardship Council\u00ae)<\/strong> Sie sind ausgezeichnete Instrumente zur F\u00f6rderung der Erhaltung der W\u00e4lder und der Erhaltung und Verbesserung der Biodiversit\u00e4t der W\u00e4lder. Auf der anderen Seite, die Zertifizierung der chain of custody ist ein key-piece zur Absicherung gegen Markt-die Herkunft der Rohstoffe, die wir verwenden.<\/p>\n<p>Soiree-Fabrik, S. L. U. ist bewusst, welchen Einfluss Ihre Kaufentscheidungen auf den W\u00e4ldern, Sie werden gen\u00e4hrt als von der Bedeutung, die der F\u00f6rderung unter Ihren Zulieferern eine verantwortungsbewusste Bewirtschaftung der W\u00e4lder und die Rechte der Arbeitnehmer. In der Folge Soiree-Fabrik, S. L. U. verpflichtet sich, vermeiden Sie jede Art von direkten oder indirekten Beziehung mit Aktivit\u00e4ten wie:<\/p>\n<p>\u2013 Die Nutzung von illegalem Holz oder illegalen Vermarktung von forstwirtschaftlichen ERZEUGNISSEN oder Wald;<\/p>\n<p>\u2013 Die Verletzung von Menschenrechten und traditionellen in forestry operations;<\/p>\n<p>\u2013 Die Vernichtung gro\u00dfer Werte von Naturschutz-Aktivit\u00e4ten der Waldnutzung;<\/p>\n<p>\u2013 Die Umwandlung von Naturw\u00e4ldern in Plantagen oder nicht-Gesamtstruktur verwendet;<\/p>\n<p>\u2013 Die Einf\u00fchrung von gentechnisch ver\u00e4nderten Organismen in forestry operations;<\/p>\n<p>\u2013 Verletzung der ILO-Kern-Konventionen, im Sinne der ILO-Erkl\u00e4rung \u00fcber grundlegende Prinzipien und Rechte bei der Arbeit, 1998.<\/p>\n<p>Soiree-Fabrik, S. L. U. ebenso verpflichtet sich zur Einhaltung der Verpflichtungen und soziale Sicherheit und Gesundheit gegr\u00fcndet, die in der aktuellen Gesetzgebung, wie zum Beispiel:<\/p>\n<p>\u2013 Den Arbeitnehmern erm\u00f6glichen, frei zu assoziieren, w\u00e4hlen Sie Vertreter und Tarifverhandlungen zu f\u00fchren.<\/p>\n<p>\u2013 Respektieren Sie das gesetzliche Mindestalter f\u00fcr den Vertrag (16 Jahre).<\/p>\n<p>\u2013 Im Einklang mit den gesetzlichen Anforderungen an Sicherheit und Gesundheit bei der Arbeit, sowie nicht machen Sie Gebrauch von Zwangsarbeit.<\/p>\n<p>\u2013 Achtung Grundlage der Chancengleichheit und der Gleichbehandlung der Arbeitnehmer.<\/p>\n<p>Daher wird das management damit einverstanden, dass diese Politik verstanden und umgesetzt, auf allen Ebenen des Unternehmens und ist f\u00fcr alle unsere Kunden und Interessengruppen.<\/p>\n<p>Alberto Garc\u00eda Carrillo\u2013 Manager von Der Soiree-Fabrik, S. L. U., 1. Juli, 2022<\/p>\n\r\n\t<div class=\"clearboth\"><\/div>\r\n<\/div>\r\n\r\n\t<\/div>\r\n<div class=\"vc_empty_space\"   style=\"height: 10px\"><span class=\"vc_empty_space_inner\"><\/span><\/div><\/div><\/div><\/div>\t<\/div>\r\n<\/div>\r\n<\/div>\r\n            <div class=\"clearboth\"><\/div>\r\n        <\/div>\r\n\r\n\r\n\t\t\t\r\n\t\t\t\r\n\t\t\t\r\n\t\t<div class=\"clearboth\"><\/div>\r\n\t<\/div>\r\n<\/div>\r\n<div class=\"vc_row-full-width vc_clearfix\"><\/div>\r\n\r\n<style id=\"mk-shortcode-style-69e08b5b812f8\" type=\"text\/css\">.full-width-69e08b5b812f8 { min-height:100px; margin-bottom:0px; } .full-width-69e08b5b812f8 .page-section-content { padding:10px 0 10px; } #background-layer--69e08b5b812f8 { ; background-position:left top; background-repeat:repeat; ; } #background-layer--69e08b5b812f8 .mk-color-layer { ; width:100%; height:100%; position:absolute; top:0; left:0; }<\/style>\n<\/div>","protected":false},"excerpt":{"rendered":"FSC CERTIFICACI\u00d3N\u00a0 FSC\u00a0 Pol\u00edtica de The Sarao Factory, S.L.U. con n\u00famero de Licencia\u00a0FSC\u00ae C178166,\u00a0sobre el consumo de material forestal y compromiso con ls Salud, Seguridad y Trabajo. La certificaci\u00f3n forestal bajo los requisitos de las normas de FSC (Forest Stewardship Council\u00ae) son excelentes herramientas para promover la conservaci\u00f3n de los bosques y el mantenimiento y [...]","protected":false},"author":2,"featured_media":0,"parent":0,"menu_order":0,"comment_status":"closed","ping_status":"closed","template":"","meta":{"footnotes":""},"class_list":["post-766","page","type-page","status-publish","hentry"],"_links":{"self":[{"href":"https:\/\/thesaraofactory.com\/de\/wp-json\/wp\/v2\/pages\/766","targetHints":{"allow":["GET"]}}],"collection":[{"href":"https:\/\/thesaraofactory.com\/de\/wp-json\/wp\/v2\/pages"}],"about":[{"href":"https:\/\/thesaraofactory.com\/de\/wp-json\/wp\/v2\/types\/page"}],"author":[{"embeddable":true,"href":"https:\/\/thesaraofactory.com\/de\/wp-json\/wp\/v2\/users\/2"}],"replies":[{"embeddable":true,"href":"https:\/\/thesaraofactory.com\/de\/wp-json\/wp\/v2\/comments?post=766"}],"version-history":[{"count":23,"href":"https:\/\/thesaraofactory.com\/de\/wp-json\/wp\/v2\/pages\/766\/revisions"}],"predecessor-version":[{"id":2416,"href":"https:\/\/thesaraofactory.com\/de\/wp-json\/wp\/v2\/pages\/766\/revisions\/2416"}],"wp:attachment":[{"href":"https:\/\/thesaraofactory.com\/de\/wp-json\/wp\/v2\/media?parent=766"}],"curies":[{"name":"wp","href":"https:\/\/api.w.org\/{rel}","templated":true}]}}