{"id":52,"date":"2022-04-29T11:40:59","date_gmt":"2022-04-29T11:40:59","guid":{"rendered":"https:\/\/thesaraofactory.com\/?page_id=52"},"modified":"2025-04-09T12:21:08","modified_gmt":"2025-04-09T12:21:08","slug":"eco-living","status":"publish","type":"page","link":"https:\/\/thesaraofactory.com\/de\/eco-living\/","title":{"rendered":"Eco-living"},"content":{"rendered":"<div class=\"wpb-content-wrapper\">\r\n<div  data-mk-stretch-content=\"true\" class=\"wpb_row vc_row vc_row-fluid jupiter-donut- mk-fullwidth-false  attched-false     js-master-row  mk-grid\">\r\n\t\t\t\t<style id=\"mk-shortcode-style-69e08ef9357eb\" type=\"text\/css\"><\/style>\r\n<div class=\"vc_col-sm-12 wpb_column column_container  jupiter-donut- _ jupiter-donut-height-full\">\r\n\t<style id=\"mk-shortcode-style-69e08ef9359dc\" type=\"text\/css\">#text-block-69e08ef9359dc { margin-bottom:0px; text-align:left; }<\/style>\r\n<div id=\"text-block-69e08ef9359dc\" class=\"mk-text-block  jupiter-donut-\">\r\n\r\n\t\r\n\t<p class=\"subtitle-desk\" style=\"text-align: center; margin-bottom: 0px;\">Eco living<\/p>\n\r\n\t<div class=\"clearboth\"><\/div>\r\n<\/div>\r\n\r\n<\/div>\r\n\r\n<div class=\"mk-page-section-wrapper\" data-mk-full-width=\"true\" data-mk-full-width-init=\"true\" data-mk-stretch-content=\"true\">\r\n\t<div id=\"page-section-69e08ef935c4d\" class=\"mk-page-section self-hosted   full_layout full-width-69e08ef935c4d js-el js-master-row jupiter-donut-hidden-sm\"    data-intro-effect=\"false\">\r\n\r\n\t\t\t\r\n\t\t\t<div class=\"mk-page-section-inner\">\r\n\t\t\t\t\r\n\r\n\r\n<div class=\"mk-video-color-mask\"><\/div>\r\n\r\n\t\t\t\t\r\n\t\t\t\t\t\t\t<\/div>\r\n\r\n\t\t\t\r\n        <div class=\"page-section-content vc_row-fluid page-section-fullwidth\" >\r\n            <div class=\"mk-padding-wrapper wpb_row\"><style id=\"mk-shortcode-style-69e08ef935f75\" type=\"text\/css\"><\/style>\r\n<div class=\"vc_col-sm-12 wpb_column column_container  jupiter-donut- _ jupiter-donut-height-full\">\r\n\t\r\n\r\n<div class=\"wpb_row vc_inner vc_row vc_row-fluid jupiter-donut-   attched-false\">\r\n\t\t\t<div class=\"wpb_column vc_column_container vc_col-sm-12\"><div class=\"vc_column-inner\"><div class=\"wpb_wrapper\"><div class=\"vc_empty_space\"   style=\"height: 20px\"><span class=\"vc_empty_space_inner\"><\/span><\/div><style id=\"mk-shortcode-style-69e08ef93637a\" type=\"text\/css\">#text-block-69e08ef93637a { margin-bottom:0px; text-align:left; }<\/style>\t<div class=\"vc_custom_1653029808863\">\r\n\r\n<div id=\"text-block-69e08ef93637a\" class=\"mk-text-block  jupiter-donut-\">\r\n\r\n\t\r\n\t<p style=\"margin-left: 50px; font-size: 48px; font-weight: bold; line-height: 52.73px;\">Die Verbindung erm\u00e4chtigt uns. Jede Aktion z\u00e4hlt. Jeder von uns notwendig ist, um das zu \u00e4ndern. Gemeinsam k\u00f6nnen wir tun au\u00dfergew\u00f6hnliche Dinge. Dies ist nur der Startschuss.<\/p>\n\r\n\t<div class=\"clearboth\"><\/div>\r\n<\/div>\r\n\r\n\t<\/div>\r\n<div class=\"vc_empty_space\"   style=\"height: 20px\"><span class=\"vc_empty_space_inner\"><\/span><\/div><\/div><\/div><\/div>\t<\/div>\r\n<div class=\"vc_separator wpb_content_element vc_separator_align_center vc_sep_width_100 vc_sep_pos_align_center vc_separator_no_text vc_sep_color_white vc_custom_1651162394176 wpb_content_element  vc_custom_1651162394176 wpb_content_element\" ><span class=\"vc_sep_holder vc_sep_holder_l\"><span class=\"vc_sep_line\"><\/span><\/span><span class=\"vc_sep_holder vc_sep_holder_r\"><span class=\"vc_sep_line\"><\/span><\/span>\n<\/div><\/div>\r\n<\/div>\r\n            <div class=\"clearboth\"><\/div>\r\n        <\/div>\r\n\r\n\r\n\t\t\t\r\n\t\t\t\r\n\t\t\t\r\n\t\t<div class=\"clearboth\"><\/div>\r\n\t<\/div>\r\n<\/div>\r\n<div class=\"vc_row-full-width vc_clearfix\"><\/div>\r\n\r\n<style id=\"mk-shortcode-style-69e08ef935c4d\" type=\"text\/css\">.full-width-69e08ef935c4d { min-height:100px; margin-bottom:0px; } .full-width-69e08ef935c4d .page-section-content { padding:10px 0 1px; } #background-layer--69e08ef935c4d { ; background-position:left top; background-repeat:repeat; ; } #background-layer--69e08ef935c4d .mk-color-layer { ; width:100%; height:100%; position:absolute; top:0; left:0; }<\/style>\r\n<div class=\"mk-page-section-wrapper\" data-mk-full-width=\"true\" data-mk-full-width-init=\"true\" data-mk-stretch-content=\"true\">\r\n\t<div id=\"page-section-69e08ef9368b4\" class=\"mk-page-section self-hosted   full_layout full-width-69e08ef9368b4 js-el js-master-row jupiter-donut-visible-sm\"    data-intro-effect=\"false\">\r\n\r\n\t\t\t\r\n\t\t\t<div class=\"mk-page-section-inner\">\r\n\t\t\t\t\r\n\r\n\r\n<div class=\"mk-video-color-mask\"><\/div>\r\n\r\n\t\t\t\t\r\n\t\t\t\t\t\t\t<\/div>\r\n\r\n\t\t\t\r\n        <div class=\"page-section-content vc_row-fluid page-section-fullwidth\" >\r\n            <div class=\"mk-padding-wrapper wpb_row\"><style id=\"mk-shortcode-style-69e08ef936b1b\" type=\"text\/css\"><\/style>\r\n<div class=\"vc_col-sm-12 wpb_column column_container  jupiter-donut- _ jupiter-donut-height-full\">\r\n\t\r\n\r\n<div class=\"wpb_row vc_inner vc_row vc_row-fluid jupiter-donut-   attched-false\">\r\n\t\t\t<div class=\"wpb_column vc_column_container vc_col-sm-12\"><div class=\"vc_column-inner\"><div class=\"wpb_wrapper\"><div class=\"vc_empty_space\"   style=\"height: 40px\"><span class=\"vc_empty_space_inner\"><\/span><\/div><style id=\"mk-shortcode-style-69e08ef936de5\" type=\"text\/css\">#text-block-69e08ef936de5 { margin-bottom:0px; text-align:left; }<\/style>\t<div class=\"vc_custom_1653040948547\">\r\n\r\n<div id=\"text-block-69e08ef936de5\" class=\"mk-text-block  jupiter-donut-\">\r\n\r\n\t\r\n\t<p style=\"font-size: 28px; font-weight: bold; line-height: 32px;\">Die Verbindung erm\u00e4chtigt uns. Jede Aktion z\u00e4hlt. Jeder von uns notwendig ist, um das zu \u00e4ndern. Gemeinsam k\u00f6nnen wir tun au\u00dfergew\u00f6hnliche Dinge. Dies ist nur der Startschuss.<\/p>\n\r\n\t<div class=\"clearboth\"><\/div>\r\n<\/div>\r\n\r\n\t<\/div>\r\n<div class=\"vc_empty_space\"   style=\"height: 50px\"><span class=\"vc_empty_space_inner\"><\/span><\/div><\/div><\/div><\/div>\t<\/div>\r\n<\/div>\r\n<\/div>\r\n            <div class=\"clearboth\"><\/div>\r\n        <\/div>\r\n\r\n\r\n\t\t\t\r\n\t\t\t\r\n\t\t\t\r\n\t\t<div class=\"clearboth\"><\/div>\r\n\t<\/div>\r\n<\/div>\r\n<div class=\"vc_row-full-width vc_clearfix\"><\/div>\r\n\r\n<style id=\"mk-shortcode-style-69e08ef9368b4\" type=\"text\/css\">.full-width-69e08ef9368b4 { min-height:100px; margin-bottom:0px; } .full-width-69e08ef9368b4 .page-section-content { padding:10px 0 1px; } #background-layer--69e08ef9368b4 { ; background-position:left top; background-repeat:repeat; ; } #background-layer--69e08ef9368b4 .mk-color-layer { ; width:100%; height:100%; position:absolute; top:0; left:0; }<\/style>\r\n<div class=\"mk-page-section-wrapper\" data-mk-full-width=\"true\" data-mk-full-width-init=\"true\" data-mk-stretch-content=\"true\">\r\n\t<div id=\"page-section-69e08ef937173\" class=\"mk-page-section self-hosted   full_layout full-width-69e08ef937173 js-el js-master-row jupiter-donut-hidden-sm\"    data-intro-effect=\"false\">\r\n\r\n\t\t\t\r\n\t\t\t<div class=\"mk-page-section-inner\">\r\n\t\t\t\t\r\n\r\n\r\n<div class=\"mk-video-color-mask\"><\/div>\r\n\r\n\t\t\t\t\r\n\t\t\t\t\t\t\t<\/div>\r\n\r\n\t\t\t\r\n        <div class=\"page-section-content vc_row-fluid page-section-fullwidth\" >\r\n            <div class=\"mk-padding-wrapper wpb_row\"><style id=\"mk-shortcode-style-69e08ef9373cd\" type=\"text\/css\"><\/style>\r\n<div class=\"vc_col-sm-12 wpb_column column_container  jupiter-donut- _ jupiter-donut-height-full\">\r\n\t\r\n\r\n<div class=\"wpb_row vc_inner vc_row vc_row-fluid jupiter-donut-   attched-false\">\r\n\t\t\t<div class=\"wpb_column vc_column_container vc_col-sm-4\"><div class=\"vc_column-inner\"><div class=\"wpb_wrapper\"><div class=\"vc_empty_space\"   style=\"height: 50px\"><span class=\"vc_empty_space_inner\"><\/span><\/div><style id=\"mk-shortcode-style-69e08ef9376a6\" type=\"text\/css\">#text-block-69e08ef9376a6 { margin-bottom:0px; text-align:left; }<\/style>\t<div class=\"vc_custom_1651232250236\">\r\n\r\n<div id=\"text-block-69e08ef9376a6\" class=\"mk-text-block  jupiter-donut-\">\r\n\r\n\t\r\n\t<p style=\"font-size: 36px; font-weight: bold; margin-left: 50px;\">Wo?<\/p>\n\r\n\t<div class=\"clearboth\"><\/div>\r\n<\/div>\r\n\r\n\t<\/div>\r\n<style id=\"mk-shortcode-style-69e08ef93776e\" type=\"text\/css\">#text-block-69e08ef93776e { margin-bottom:0px; text-align:left; }<\/style>\t<div class=\"vc_custom_1697464174048\">\r\n\r\n<div id=\"text-block-69e08ef93776e\" class=\"mk-text-block  jupiter-donut-\">\r\n\r\n\t\r\n\t<p style=\"margin-left: 50px; font-size: 24px; font-weight: 300; line-height: 28.13px;\">Hier und jetzt. In der Erde, von Spanien nach, wo Sie es wollen.<\/p>\n\r\n\t<div class=\"clearboth\"><\/div>\r\n<\/div>\r\n\r\n\t<\/div>\r\n<div class=\"vc_empty_space\"   style=\"height: 20px\"><span class=\"vc_empty_space_inner\"><\/span><\/div><style id=\"mk-shortcode-style-69e08ef9378a6\" type=\"text\/css\">#text-block-69e08ef9378a6 { margin-bottom:0px; text-align:left; }<\/style>\t<div class=\"vc_custom_1651232282456\">\r\n\r\n<div id=\"text-block-69e08ef9378a6\" class=\"mk-text-block  jupiter-donut-\">\r\n\r\n\t\r\n\t<p style=\"font-size: 36px; font-weight: bold; margin-left: 50px;\">Wie?<\/p>\n\r\n\t<div class=\"clearboth\"><\/div>\r\n<\/div>\r\n\r\n\t<\/div>\r\n<style id=\"mk-shortcode-style-69e08ef93795d\" type=\"text\/css\">#text-block-69e08ef93795d { margin-bottom:0px; text-align:left; }<\/style>\t<div class=\"vc_custom_1653029873042\">\r\n\r\n<div id=\"text-block-69e08ef93795d\" class=\"mk-text-block  jupiter-donut-\">\r\n\r\n\t\r\n\t<p style=\"margin-left: 50px; font-size: 24px; font-weight: 300; line-height: 28.13px;\">Eco-Design nachhaltige L\u00f6sungen in Spanien, die im Einklang mit der europ\u00e4ischen Verordnung.<\/p>\n\r\n\t<div class=\"clearboth\"><\/div>\r\n<\/div>\r\n\r\n\t<\/div>\r\n<div class=\"vc_empty_space\"   style=\"height: 20px\"><span class=\"vc_empty_space_inner\"><\/span><\/div><style id=\"mk-shortcode-style-69e08ef937a75\" type=\"text\/css\">#text-block-69e08ef937a75 { margin-bottom:0px; text-align:left; }<\/style>\t<div class=\"vc_custom_1651232317998\">\r\n\r\n<div id=\"text-block-69e08ef937a75\" class=\"mk-text-block  jupiter-donut-\">\r\n\r\n\t\r\n\t<p style=\"font-size: 36px; font-weight: bold; margin-left: 50px;\">Wann?<\/p>\n\r\n\t<div class=\"clearboth\"><\/div>\r\n<\/div>\r\n\r\n\t<\/div>\r\n<style id=\"mk-shortcode-style-69e08ef937b21\" type=\"text\/css\">#text-block-69e08ef937b21 { margin-bottom:0px; text-align:left; }<\/style>\t<div class=\"vc_custom_1653029877679\">\r\n\r\n<div id=\"text-block-69e08ef937b21\" class=\"mk-text-block  jupiter-donut-\">\r\n\r\n\t\r\n\t<p style=\"margin-left: 50px; font-size: 24px; font-weight: 300; line-height: 28.13px;\">F\u00fcr mehr als 18 Jahre alt, handeln in der Gegenwart und antizipieren die morgen #24\/7<\/p>\n\r\n\t<div class=\"clearboth\"><\/div>\r\n<\/div>\r\n\r\n\t<\/div>\r\n<div class=\"vc_empty_space\"   style=\"height: 40px\"><span class=\"vc_empty_space_inner\"><\/span><\/div><\/div><\/div><\/div><div class=\"wpb_column vc_column_container vc_col-sm-2\"><div class=\"vc_column-inner\"><div class=\"wpb_wrapper\"><\/div><\/div><\/div><div class=\"wpb_column vc_column_container vc_col-sm-6 vc_col-has-fill\"><div class=\"vc_column-inner vc_custom_1654206481429\"><div class=\"wpb_wrapper\"><div class=\"vc_empty_space\"   style=\"height: 600px\"><span class=\"vc_empty_space_inner\"><\/span><\/div><\/div><\/div><\/div>\t<\/div>\r\n<div class=\"vc_separator wpb_content_element vc_separator_align_center vc_sep_width_100 vc_sep_pos_align_center vc_separator_no_text vc_sep_color_white vc_custom_1651162394176 wpb_content_element  vc_custom_1651162394176 wpb_content_element\" ><span class=\"vc_sep_holder vc_sep_holder_l\"><span class=\"vc_sep_line\"><\/span><\/span><span class=\"vc_sep_holder vc_sep_holder_r\"><span class=\"vc_sep_line\"><\/span><\/span>\n<\/div><\/div>\r\n<\/div>\r\n            <div class=\"clearboth\"><\/div>\r\n        <\/div>\r\n\r\n\r\n\t\t\t\r\n\t\t\t\r\n\t\t\t\r\n\t\t<div class=\"clearboth\"><\/div>\r\n\t<\/div>\r\n<\/div>\r\n<div class=\"vc_row-full-width vc_clearfix\"><\/div>\r\n\r\n<style id=\"mk-shortcode-style-69e08ef937173\" type=\"text\/css\">.full-width-69e08ef937173 { min-height:100px; margin-bottom:0px; } .full-width-69e08ef937173 .page-section-content { padding:0px 0 1px; } #background-layer--69e08ef937173 { ; background-position:left top; background-repeat:repeat; ; } #background-layer--69e08ef937173 .mk-color-layer { ; width:100%; height:100%; position:absolute; top:0; left:0; }<\/style>\r\n<div class=\"mk-page-section-wrapper\" data-mk-full-width=\"true\" data-mk-full-width-init=\"true\" data-mk-stretch-content=\"true\">\r\n\t<div id=\"page-section-69e08ef938240\" class=\"mk-page-section self-hosted   full_layout full-width-69e08ef938240 js-el js-master-row jupiter-donut-visible-sm\"    data-intro-effect=\"false\">\r\n\r\n\t\t\t\r\n\t\t\t<div class=\"mk-page-section-inner\">\r\n\t\t\t\t\r\n\r\n\r\n<div class=\"mk-video-color-mask\"><\/div>\r\n\r\n\t\t\t\t\r\n\t\t\t\t\r\n\t\r\n\t<div class=\"background-layer-holder\">\r\n\t\t<div id=\"background-layer--69e08ef938240\" data-mk-lazyload=\"false\" class=\"background-layer  none-blend-effect js-el\"    data-mk-img-set='{\"landscape\":{\"desktop\":\"https:\/\/thesaraofactory.com\/wp-content\/uploads\/2022\/06\/the-sarao-factory-1.png\",\"tablet\":\"https:\/\/thesaraofactory.com\/wp-content\/uploads\/2022\/06\/the-sarao-factory-1-1024x768.png\",\"mobile\":\"https:\/\/thesaraofactory.com\/wp-content\/uploads\/2022\/06\/the-sarao-factory-1-736x414.png\"},\"responsive\":\"true\"}' >\r\n\t\t\t\t\t\t\t\t\t<div class=\"mk-color-layer\"><\/div>\r\n\t\t<\/div>\r\n\t<\/div>\r\n\r\n\t\t\t<\/div>\r\n\r\n\t\t\t\r\n        <div class=\"page-section-content vc_row-fluid page-section-fullwidth\" >\r\n            <div class=\"mk-padding-wrapper wpb_row\"><style id=\"mk-shortcode-style-69e08ef938bed\" type=\"text\/css\"><\/style>\r\n<div class=\"vc_col-sm-12 wpb_column column_container  jupiter-donut- _ jupiter-donut-height-full\">\r\n\t\r\n\r\n<div class=\"wpb_row vc_inner vc_row vc_row-fluid jupiter-donut-   attched-false\">\r\n\t\t\t<div class=\"wpb_column vc_column_container vc_col-sm-12\"><div class=\"vc_column-inner\"><div class=\"wpb_wrapper\"><div class=\"vc_empty_space\"   style=\"height: 315px\"><span class=\"vc_empty_space_inner\"><\/span><\/div><\/div><\/div><\/div>\t<\/div>\r\n<\/div>\r\n<\/div>\r\n            <div class=\"clearboth\"><\/div>\r\n        <\/div>\r\n\r\n\r\n\t\t\t\r\n\t\t\t\r\n\t\t\t\r\n\t\t<div class=\"clearboth\"><\/div>\r\n\t<\/div>\r\n<\/div>\r\n<div class=\"vc_row-full-width vc_clearfix\"><\/div>\r\n\r\n<style id=\"mk-shortcode-style-69e08ef938240\" type=\"text\/css\">.full-width-69e08ef938240 { min-height:100px; margin-bottom:0px; } .full-width-69e08ef938240 .page-section-content { padding:0px 0 1px; } #background-layer--69e08ef938240 { ; background-position:center center; background-repeat:no-repeat; ; } #background-layer--69e08ef938240 .mk-color-layer { ; width:100%; height:100%; position:absolute; top:0; left:0; }<\/style>\r\n<div class=\"mk-page-section-wrapper\" data-mk-full-width=\"true\" data-mk-full-width-init=\"true\" data-mk-stretch-content=\"true\">\r\n\t<div id=\"page-section-69e08ef939174\" class=\"mk-page-section self-hosted   full_layout full-width-69e08ef939174 js-el js-master-row jupiter-donut-visible-sm\"    data-intro-effect=\"false\">\r\n\r\n\t\t\t\r\n\t\t\t<div class=\"mk-page-section-inner\">\r\n\t\t\t\t\r\n\r\n\r\n<div class=\"mk-video-color-mask\"><\/div>\r\n\r\n\t\t\t\t\r\n\t\t\t\t\t\t\t<\/div>\r\n\r\n\t\t\t\r\n        <div class=\"page-section-content vc_row-fluid page-section-fullwidth\" >\r\n            <div class=\"mk-padding-wrapper wpb_row\"><style id=\"mk-shortcode-style-69e08ef9393e4\" type=\"text\/css\"><\/style>\r\n<div class=\"vc_col-sm-12 wpb_column column_container  jupiter-donut- _ jupiter-donut-height-full\">\r\n\t\r\n\r\n<div class=\"wpb_row vc_inner vc_row vc_row-fluid jupiter-donut-   attched-false\">\r\n\t\t\t<div class=\"wpb_column vc_column_container vc_col-sm-12\"><div class=\"vc_column-inner\"><div class=\"wpb_wrapper\"><div class=\"vc_empty_space\"   style=\"height: 50px\"><span class=\"vc_empty_space_inner\"><\/span><\/div><style id=\"mk-shortcode-style-69e08ef9396a4\" type=\"text\/css\">#text-block-69e08ef9396a4 { margin-bottom:0px; text-align:left; }<\/style>\t<div class=\"vc_custom_1653040986312\">\r\n\r\n<div id=\"text-block-69e08ef9396a4\" class=\"mk-text-block  jupiter-donut-\">\r\n\r\n\t\r\n\t<p style=\"font-size: 28px; font-weight: bold; line-height: 32px;\">Wo?<\/p>\n\r\n\t<div class=\"clearboth\"><\/div>\r\n<\/div>\r\n\r\n\t<\/div>\r\n<style id=\"mk-shortcode-style-69e08ef939780\" type=\"text\/css\">#text-block-69e08ef939780 { margin-bottom:0px; text-align:left; }<\/style>\t<div class=\"vc_custom_1697464187497\">\r\n\r\n<div id=\"text-block-69e08ef939780\" class=\"mk-text-block  jupiter-donut-\">\r\n\r\n\t\r\n\t<p style=\"font-weight: 300;\">Hier und jetzt. In der Erde, von Spanien nach, wo Sie es wollen.<\/p>\n\r\n\t<div class=\"clearboth\"><\/div>\r\n<\/div>\r\n\r\n\t<\/div>\r\n<div class=\"vc_empty_space\"   style=\"height: 30px\"><span class=\"vc_empty_space_inner\"><\/span><\/div><style id=\"mk-shortcode-style-69e08ef9398aa\" type=\"text\/css\">#text-block-69e08ef9398aa { margin-bottom:0px; text-align:left; }<\/style>\t<div class=\"vc_custom_1653041066161\">\r\n\r\n<div id=\"text-block-69e08ef9398aa\" class=\"mk-text-block  jupiter-donut-\">\r\n\r\n\t\r\n\t<p style=\"font-size: 28px; font-weight: bold; line-height: 32px;\">Wie?<\/p>\n\r\n\t<div class=\"clearboth\"><\/div>\r\n<\/div>\r\n\r\n\t<\/div>\r\n<style id=\"mk-shortcode-style-69e08ef939959\" type=\"text\/css\">#text-block-69e08ef939959 { margin-bottom:0px; text-align:left; }<\/style>\t<div class=\"vc_custom_1653041042245\">\r\n\r\n<div id=\"text-block-69e08ef939959\" class=\"mk-text-block  jupiter-donut-\">\r\n\r\n\t\r\n\t<p style=\"font-weight: 300;\">Eco-Design nachhaltige L\u00f6sungen in Spanien, die im Einklang mit der europ\u00e4ischen Verordnung.<\/p>\n\r\n\t<div class=\"clearboth\"><\/div>\r\n<\/div>\r\n\r\n\t<\/div>\r\n<div class=\"vc_empty_space\"   style=\"height: 30px\"><span class=\"vc_empty_space_inner\"><\/span><\/div><style id=\"mk-shortcode-style-69e08ef939a7a\" type=\"text\/css\">#text-block-69e08ef939a7a { margin-bottom:0px; text-align:left; }<\/style>\t<div class=\"vc_custom_1653041056829\">\r\n\r\n<div id=\"text-block-69e08ef939a7a\" class=\"mk-text-block  jupiter-donut-\">\r\n\r\n\t\r\n\t<p style=\"font-size: 28px; font-weight: bold; line-height: 32px;\">Wann?<\/p>\n\r\n\t<div class=\"clearboth\"><\/div>\r\n<\/div>\r\n\r\n\t<\/div>\r\n<style id=\"mk-shortcode-style-69e08ef939b3e\" type=\"text\/css\">#text-block-69e08ef939b3e { margin-bottom:0px; text-align:left; }<\/style>\t<div class=\"vc_custom_1653041074929\">\r\n\r\n<div id=\"text-block-69e08ef939b3e\" class=\"mk-text-block  jupiter-donut-\">\r\n\r\n\t\r\n\t<p style=\"font-weight: 300;\">F\u00fcr mehr als 18 Jahre alt, handeln in der Gegenwart und antizipieren die morgen #24\/7<\/p>\n\r\n\t<div class=\"clearboth\"><\/div>\r\n<\/div>\r\n\r\n\t<\/div>\r\n<div class=\"vc_empty_space\"   style=\"height: 40px\"><span class=\"vc_empty_space_inner\"><\/span><\/div><\/div><\/div><\/div>\t<\/div>\r\n<div class=\"vc_separator wpb_content_element vc_separator_align_center vc_sep_width_100 vc_sep_pos_align_center vc_separator_no_text vc_sep_color_white vc_custom_1651162394176 wpb_content_element  vc_custom_1651162394176 wpb_content_element\" ><span class=\"vc_sep_holder vc_sep_holder_l\"><span class=\"vc_sep_line\"><\/span><\/span><span class=\"vc_sep_holder vc_sep_holder_r\"><span class=\"vc_sep_line\"><\/span><\/span>\n<\/div><\/div>\r\n<\/div>\r\n            <div class=\"clearboth\"><\/div>\r\n        <\/div>\r\n\r\n\r\n\t\t\t\r\n\t\t\t\r\n\t\t\t\r\n\t\t<div class=\"clearboth\"><\/div>\r\n\t<\/div>\r\n<\/div>\r\n<div class=\"vc_row-full-width vc_clearfix\"><\/div>\r\n\r\n<style id=\"mk-shortcode-style-69e08ef939174\" type=\"text\/css\">.full-width-69e08ef939174 { min-height:100px; margin-bottom:0px; } .full-width-69e08ef939174 .page-section-content { padding:0px 0 1px; } #background-layer--69e08ef939174 { ; background-position:left top; background-repeat:repeat; ; } #background-layer--69e08ef939174 .mk-color-layer { ; width:100%; height:100%; position:absolute; top:0; left:0; }<\/style>\t<\/div>\r\n\n<\/div>","protected":false},"excerpt":{"rendered":"Eco living La conexi\u00f3n nos empodera. Cada acci\u00f3n importa. Cada uno de nosotros es necesario para lograr el cambio. Juntos podemos hacer cosas extraordinarias. Esto es solo el pistoletazo de salida. La conexi\u00f3n nos empodera. Cada acci\u00f3n importa. Cada uno de nosotros es necesario para lograr el cambio. Juntos podemos hacer cosas extraordinarias. Esto es [...]","protected":false},"author":1,"featured_media":0,"parent":0,"menu_order":0,"comment_status":"closed","ping_status":"closed","template":"","meta":{"footnotes":""},"class_list":["post-52","page","type-page","status-publish","hentry"],"_links":{"self":[{"href":"https:\/\/thesaraofactory.com\/de\/wp-json\/wp\/v2\/pages\/52","targetHints":{"allow":["GET"]}}],"collection":[{"href":"https:\/\/thesaraofactory.com\/de\/wp-json\/wp\/v2\/pages"}],"about":[{"href":"https:\/\/thesaraofactory.com\/de\/wp-json\/wp\/v2\/types\/page"}],"author":[{"embeddable":true,"href":"https:\/\/thesaraofactory.com\/de\/wp-json\/wp\/v2\/users\/1"}],"replies":[{"embeddable":true,"href":"https:\/\/thesaraofactory.com\/de\/wp-json\/wp\/v2\/comments?post=52"}],"version-history":[{"count":77,"href":"https:\/\/thesaraofactory.com\/de\/wp-json\/wp\/v2\/pages\/52\/revisions"}],"predecessor-version":[{"id":815,"href":"https:\/\/thesaraofactory.com\/de\/wp-json\/wp\/v2\/pages\/52\/revisions\/815"}],"wp:attachment":[{"href":"https:\/\/thesaraofactory.com\/de\/wp-json\/wp\/v2\/media?parent=52"}],"curies":[{"name":"wp","href":"https:\/\/api.w.org\/{rel}","templated":true}]}}