{"id":372,"date":"2022-06-13T15:32:50","date_gmt":"2022-06-13T15:32:50","guid":{"rendered":"https:\/\/thesaraofactory.com\/?page_id=372"},"modified":"2025-04-09T06:48:54","modified_gmt":"2025-04-09T06:48:54","slug":"politica-de-cookies","status":"publish","type":"page","link":"https:\/\/thesaraofactory.com\/de\/politica-de-cookies\/","title":{"rendered":"Cookie-Richtlinie"},"content":{"rendered":"<div class=\"wpb-content-wrapper\">\r\n<div  data-mk-stretch-content=\"true\" class=\"wpb_row vc_row vc_row-fluid jupiter-donut- mk-fullwidth-false  attched-false     js-master-row  mk-grid\">\r\n\t\t\t\t\t<\/div>\r\n<style id=\"mk-shortcode-style-69e08ef821211\" type=\"text\/css\"><\/style>\r\n<div class=\"vc_col-sm-12 wpb_column column_container  jupiter-donut- _ jupiter-donut-height-full\">\r\n\t<style id=\"mk-shortcode-style-69e08ef8213fd\" type=\"text\/css\">#text-block-69e08ef8213fd { margin-bottom:0px; text-align:left; }<\/style>\r\n<div id=\"text-block-69e08ef8213fd\" class=\"mk-text-block  jupiter-donut-\">\r\n\r\n\t\r\n\t<div class=\"mk-page-section-wrapper\" style=\"position: relative; box-sizing: border-box; width: 483px; left: -20px;\" data-mk-full-width=\"true\" data-mk-full-width-init=\"true\" data-mk-stretch-content=\"true\">\n<div id=\"page-section-2\" class=\"mk-page-section self-hosted full_layout full-width-2 js-el js-master-row jupiter-donut-visible-sm\" style=\"position: fixed; z-index: 100;\" data-intro-effect=\"false\">\n<div class=\"page-section-content vc_row-fluid page-section-fullwidth\">\n<div class=\"mk-padding-wrapper wpb_row\">\n<div class=\"vc_col-sm-12 wpb_column column_container jupiter-donut- _ jupiter-donut-height-full\">\n<div class=\"wpb_row vc_inner vc_row vc_row-fluid jupiter-donut- attched-false\">\n<div class=\"wpb_column vc_column_container vc_col-sm-12\">\n<div class=\"vc_column-inner\">\n<div class=\"wpb_wrapper\">\n<div class=\"vc_custom_1654203243248\">\n<div id=\"text-block-4\" class=\"mk-text-block jupiter-donut-\">\n<p style=\"text-align: center; margin-bottom: 0px; padding: 5px;\">Cookie-Richtlinie<\/p>\n<div class=\"clearboth\"><\/div>\n<\/div>\n<\/div>\n<\/div>\n<\/div>\n<\/div>\n<\/div>\n<\/div>\n<\/div>\n<div class=\"clearboth\"><\/div>\n<\/div>\n<div class=\"clearboth\"><\/div>\n<\/div>\n<\/div>\n<div class=\"mk-page-section-wrapper\" data-mk-full-width=\"true\" data-mk-full-width-init=\"true\" data-mk-stretch-content=\"true\">\r\n\t<div id=\"page-section-69e08ef8216cd\" class=\"mk-page-section self-hosted   full_layout full-width-69e08ef8216cd js-el js-master-row jupiter-donut-visible-sm\"    data-intro-effect=\"false\">\r\n\r\n\t\t\t\r\n\t\t\t<div class=\"mk-page-section-inner\">\r\n\t\t\t\t\r\n\r\n\r\n<div class=\"mk-video-color-mask\"><\/div>\r\n\r\n\t\t\t\t\r\n\t\t\t\t\t\t\t<\/div>\r\n\r\n\t\t\t\r\n        <div class=\"page-section-content vc_row-fluid page-section-fullwidth\" >\r\n            <div class=\"mk-padding-wrapper wpb_row\"><\/div>\r\n            <div class=\"clearboth\"><\/div>\r\n        <\/div>\r\n\r\n\r\n\t\t\t\r\n\t\t\t\r\n\t\t\t\r\n\t\t<div class=\"clearboth\"><\/div>\r\n\t<\/div>\r\n<\/div>\r\n<div class=\"vc_row-full-width vc_clearfix\"><\/div>\r\n\r\n<style id=\"mk-shortcode-style-69e08ef8216cd\" type=\"text\/css\">.full-width-69e08ef8216cd { min-height:40px; margin-bottom:0px; background-color:#329471; border:1px solid #ffffff;border-left:none;border-right:none; } .full-width-69e08ef8216cd .page-section-content { padding:0px 0 0px; } #background-layer--69e08ef8216cd { ; background-position:left top; background-repeat:repeat; ; } #background-layer--69e08ef8216cd .mk-color-layer { ; width:100%; height:100%; position:absolute; top:0; left:0; }<\/style><style id=\"mk-shortcode-style-69e08ef8216cd\" type=\"text\/css\">.full-width-69e08ef8216cd .mk-fancy-title.pattern-style span, .full-width-69e08ef8216cd .mk-blog-view-all { background-color:#329471 !important; }<\/style><style id=\"mk-shortcode-style-69e08ef8219d6\" type=\"text\/css\"><\/style>\r\n<div class=\"vc_col-sm-12 wpb_column column_container  jupiter-donut- _ jupiter-donut-height-full\">\r\n\t<\/div>\r\n\r\n\r\n<div class=\"wpb_row vc_inner vc_row vc_row-fluid jupiter-donut-   attched-false\">\r\n\t\t\t\t<\/div>\r\n<div class=\"wpb_column vc_column_container vc_col-sm-12\"><div class=\"vc_column-inner\"><div class=\"wpb_wrapper\"><\/div><\/div><\/div><div class=\"vc_empty_space\"   style=\"height: 5px\"><span class=\"vc_empty_space_inner\"><\/span><\/div><style id=\"mk-shortcode-style-69e08ef821d08\" type=\"text\/css\">#text-block-69e08ef821d08 { margin-bottom:0px; text-align:left; }<\/style>\t<div class=\"vc_custom_1654203243248\">\r\n\r\n<div id=\"text-block-69e08ef821d08\" class=\"mk-text-block  jupiter-donut-\">\r\n\r\n\t\r\n\t\r\n\t<div class=\"clearboth\"><\/div>\r\n<\/div>\r\n\r\n\t<\/div>\n<p style=\"text-align: center; margin-bottom: 0px;\">Cookie-Richtlinie<\/p>\n\r\n\t<div class=\"clearboth\"><\/div>\r\n<\/div>\r\n\r\n<\/div>\r\n\r\n<div class=\"mk-page-section-wrapper\" data-mk-full-width=\"true\" data-mk-full-width-init=\"true\" data-mk-stretch-content=\"true\">\r\n\t<div id=\"page-section-69e08ef821f59\" class=\"mk-page-section self-hosted   full_layout full-width-69e08ef821f59 js-el js-master-row jupiter-donut-\"    data-intro-effect=\"false\">\r\n\r\n\t\t\t\r\n\t\t\t<div class=\"mk-page-section-inner\">\r\n\t\t\t\t\r\n\r\n\r\n<div class=\"mk-video-color-mask\"><\/div>\r\n\r\n\t\t\t\t\r\n\t\t\t\t\t\t\t<\/div>\r\n\r\n\t\t\t\r\n        <div class=\"page-section-content vc_row-fluid page-section-fullwidth\" >\r\n            <div class=\"mk-padding-wrapper wpb_row\"><style id=\"mk-shortcode-style-69e08ef822244\" type=\"text\/css\"><\/style>\r\n<div class=\"vc_col-sm-12 wpb_column column_container  jupiter-donut- _ jupiter-donut-height-full\">\r\n\t\r\n\r\n<div class=\"wpb_row vc_inner vc_row vc_row-fluid jupiter-donut-   attched-false   vc_custom_1655134021891\">\r\n\t\t\t<div class=\"wpb_column vc_column_container vc_col-sm-12\"><div class=\"vc_column-inner\"><div class=\"wpb_wrapper\"><style id=\"mk-shortcode-style-69e08ef8225c1\" type=\"text\/css\">#text-block-69e08ef8225c1 { margin-bottom:0px; text-align:left; }<\/style>\t<div class=\"vc_custom_1684408681913\">\r\n\r\n<div id=\"text-block-69e08ef8225c1\" class=\"mk-text-block  jupiter-donut-\">\r\n\r\n\t\r\n\t<p style=\"margin-left: 50px; margin-right: 50px; font-size: 35px;\">COOKIE-RICHTLINIE<\/p>\n<p style=\"margin-left: 50px; margin-right: 50px; font-weight: bold;\">Was ist ein Cookie?<\/p>\n<p style=\"font-weight: 400;\">Ein cookie ist eine Datei, die heruntergeladen wird, um das Endger\u00e4t (einen computer, ein Mobiltelefon, ein tablet, usw.) der Nutzer, wenn er greift auf bestimmte web-Seiten.<\/p>\n<p style=\"font-weight: 400;\">Cookies erm\u00f6glichen es, solche web-Seiten, unter anderem, monitor, abzurufen, zu speichern und abrufen von Informationen \u00fcber die browsing-Gewohnheiten des Benutzers sowie technische Informationen in Bezug auf die Schiffbarkeit der web-Seiten. - Cookies auch dazu beitragen, die Funktionalit\u00e4t, usability und Barrierefreiheit von web-Seiten.<\/p>\n<p style=\"font-weight: 400;\"><strong>Welche Cookies verwendet unsere website?<\/strong><\/p>\n<p style=\"font-weight: 400;\">Unsere Webseite verwendet cookies, eigene und Dritte.<\/p>\n<p style=\"font-weight: 400;\">Ein cookie ist eine kleine Datei mit Buchstaben und zahlen, die auf Ihrem computer installiert ist.<\/p>\n<p style=\"font-weight: 400;\">Diese cookies erm\u00f6glichen es uns zu unterscheiden, Sie von anderen Nutzern der website, und hilft uns zu bieten Sie mit eine gute Erfahrung, wenn Sie unsere website besuchen, sowie Sie zu verbessern.<\/p>\n<p style=\"font-weight: 400;\">Unsere Website enth\u00e4lt Funktionen, die von Dritten bereitgestellt.<\/p>\n<p style=\"font-weight: 400;\"><strong>Cookies von Dritten<\/strong><\/p>\n<p style=\"font-weight: 400;\">Auf einigen web-Seiten k\u00f6nnen Sie die Installation von cookies von Dritten, die zur Verwaltung und Verbesserung der angebotenen Dienstleistungen.<\/p>\n<p style=\"font-weight: 400;\">Zur Verwaltung der Aktivit\u00e4t des cookies von Ihrem computer, Sie k\u00f6nnen sperren oder zu l\u00f6schen. Sonst, die navigation auf der website bedeutet die Akzeptanz der Nutzung derselben in \u00fcbereinstimmung mit den oben genannten.<\/p>\n<p style=\"font-weight: 400;\">F\u00fcr die Durchf\u00fchrung der Verwaltung der cookies sollten die folgenden Anweisungen Folgen:<\/p>\n<ul>\n<li style=\"font-weight: 400;\"><strong>Internet Explorer<\/strong>: Extras -&gt; Internetoptionen -&gt; Datenschutz -&gt; Konfiguration. F\u00fcr mehr Informationen, k\u00f6nnen Sie sich an den Microsoft-support oder die browser-Hilfe.<\/li>\n<li style=\"font-weight: 400;\"><strong>Firefox<\/strong>: Extras -&gt; Optionen -&gt; Datenschutz -&gt; Verlauf -&gt; Benutzerdefinierte Einstellungen. F\u00fcr weitere Informationen, k\u00f6nnen Sie konsultieren die Unterst\u00fctzung von Mozilla-oder der browser-Hilfe.<\/li>\n<li style=\"font-weight: 400;\"><strong>Chrome<\/strong>: Einstellungen -&gt; erweiterte Optionen Anzeigen -&gt; Datenschutz -&gt; Inhaltseinstellungen. F\u00fcr mehr Informationen, konsultieren Sie bitte den support von Google oder der Hilfe des Browsers.<\/li>\n<li style=\"font-weight: 400;\"><strong>Safari<\/strong>: Pr\u00e4ferenzen -&gt; Sicherheit. Weitere Informationen finden Sie unter Apple support oder browser-Hilfe.<\/li>\n<\/ul>\n<p style=\"font-weight: 400;\">Das deaktivieren dieser cookies wird wahrscheinlich verhindern, dass die Funktionen angeboten, die diese Dienstleistungen. Sie k\u00f6nnen l\u00f6schen und blockieren alle cookies von dieser Website, aber Teile der Website werden nicht korrekt funktionieren.<\/p>\n\r\n\t<div class=\"clearboth\"><\/div>\r\n<\/div>\r\n\r\n\t<\/div>\r\n<div class=\"vc_empty_space\"   style=\"height: 10px\"><span class=\"vc_empty_space_inner\"><\/span><\/div><\/div><\/div><\/div>\t<\/div>\r\n<\/div>\r\n<\/div>\r\n            <div class=\"clearboth\"><\/div>\r\n        <\/div>\r\n\r\n\r\n\t\t\t\r\n\t\t\t\r\n\t\t\t\r\n\t\t<div class=\"clearboth\"><\/div>\r\n\t<\/div>\r\n<\/div>\r\n<div class=\"vc_row-full-width vc_clearfix\"><\/div>\r\n\r\n<style id=\"mk-shortcode-style-69e08ef821f59\" type=\"text\/css\">.full-width-69e08ef821f59 { min-height:100px; margin-bottom:0px; } .full-width-69e08ef821f59 .page-section-content { padding:10px 0 10px; } #background-layer--69e08ef821f59 { ; background-position:left top; background-repeat:repeat; ; } #background-layer--69e08ef821f59 .mk-color-layer { ; width:100%; height:100%; position:absolute; top:0; left:0; }<\/style>\n<\/div>","protected":false},"excerpt":{"rendered":"Pol\u00edtica de cookies Pol\u00edtica de cookies POL\u00cdTICA DE COOKIES \u00bfQu\u00e9 es una Cookie? Una cookie es un fichero que se descarga en el terminal (un ordenador, un tel\u00e9fono m\u00f3vil, una tableta electr\u00f3nica, etc.) del usuario cuando \u00e9ste accede a determinadas p\u00e1ginas web. Las cookies permiten a dichas p\u00e1ginas web, entre otras cosas, monitorear, almacenar y [...]","protected":false},"author":1,"featured_media":0,"parent":0,"menu_order":0,"comment_status":"closed","ping_status":"closed","template":"","meta":{"footnotes":""},"class_list":["post-372","page","type-page","status-publish","hentry"],"_links":{"self":[{"href":"https:\/\/thesaraofactory.com\/de\/wp-json\/wp\/v2\/pages\/372","targetHints":{"allow":["GET"]}}],"collection":[{"href":"https:\/\/thesaraofactory.com\/de\/wp-json\/wp\/v2\/pages"}],"about":[{"href":"https:\/\/thesaraofactory.com\/de\/wp-json\/wp\/v2\/types\/page"}],"author":[{"embeddable":true,"href":"https:\/\/thesaraofactory.com\/de\/wp-json\/wp\/v2\/users\/1"}],"replies":[{"embeddable":true,"href":"https:\/\/thesaraofactory.com\/de\/wp-json\/wp\/v2\/comments?post=372"}],"version-history":[{"count":22,"href":"https:\/\/thesaraofactory.com\/de\/wp-json\/wp\/v2\/pages\/372\/revisions"}],"predecessor-version":[{"id":2421,"href":"https:\/\/thesaraofactory.com\/de\/wp-json\/wp\/v2\/pages\/372\/revisions\/2421"}],"wp:attachment":[{"href":"https:\/\/thesaraofactory.com\/de\/wp-json\/wp\/v2\/media?parent=372"}],"curies":[{"name":"wp","href":"https:\/\/api.w.org\/{rel}","templated":true}]}}