{"id":368,"date":"2022-06-13T15:25:35","date_gmt":"2022-06-13T15:25:35","guid":{"rendered":"https:\/\/thesaraofactory.com\/?page_id=368"},"modified":"2025-04-09T06:45:09","modified_gmt":"2025-04-09T06:45:09","slug":"aviso-legal","status":"publish","type":"page","link":"https:\/\/thesaraofactory.com\/de\/aviso-legal\/","title":{"rendered":"Impressum"},"content":{"rendered":"<div class=\"wpb-content-wrapper\">\r\n<div  data-mk-stretch-content=\"true\" class=\"wpb_row vc_row vc_row-fluid jupiter-donut- mk-fullwidth-false  attched-false     js-master-row  mk-grid\">\r\n\t\t\t\t<style id=\"mk-shortcode-style-69e08d681f820\" type=\"text\/css\"><\/style>\r\n<div class=\"vc_col-sm-12 wpb_column column_container  jupiter-donut- _ jupiter-donut-height-full\">\r\n\t<style id=\"mk-shortcode-style-69e08d681fa2d\" type=\"text\/css\">#text-block-69e08d681fa2d { margin-bottom:0px; text-align:left; }<\/style>\r\n<div id=\"text-block-69e08d681fa2d\" class=\"mk-text-block  jupiter-donut-\">\r\n\r\n\t\r\n\t<div class=\"mk-page-section-wrapper\" style=\"position: relative; box-sizing: border-box; width: 483px; left: -20px;\" data-mk-full-width=\"true\" data-mk-full-width-init=\"true\" data-mk-stretch-content=\"true\">\n<div id=\"page-section-2\" class=\"mk-page-section self-hosted full_layout full-width-2 js-el js-master-row jupiter-donut-visible-sm\" style=\"position: fixed; z-index: 100;\" data-intro-effect=\"false\">\n<div class=\"page-section-content vc_row-fluid page-section-fullwidth\">\n<div class=\"mk-padding-wrapper wpb_row\">\n<div class=\"vc_col-sm-12 wpb_column column_container jupiter-donut- _ jupiter-donut-height-full\">\n<div class=\"wpb_row vc_inner vc_row vc_row-fluid jupiter-donut- attched-false\">\n<div class=\"wpb_column vc_column_container vc_col-sm-12\">\n<div class=\"vc_column-inner\">\n<div class=\"wpb_wrapper\">\n<div class=\"vc_custom_1654203243248\">\n<div id=\"text-block-4\" class=\"mk-text-block jupiter-donut-\">\n<p style=\"text-align: center; margin-bottom: 0px; padding: 5px;\">Impressum<\/p>\n<div class=\"clearboth\"><\/div>\n<\/div>\n<\/div>\n<\/div>\n<\/div>\n<\/div>\n<\/div>\n<\/div>\n<\/div>\n<div class=\"clearboth\"><\/div>\n<\/div>\n<div class=\"clearboth\"><\/div>\n<\/div>\n<\/div>\n<div class=\"mk-page-section-wrapper\" data-mk-full-width=\"true\" data-mk-full-width-init=\"true\" data-mk-stretch-content=\"true\">\r\n\t<div id=\"page-section-69e08d681fd08\" class=\"mk-page-section self-hosted   full_layout full-width-69e08d681fd08 js-el js-master-row jupiter-donut-visible-sm\"    data-intro-effect=\"false\">\r\n\r\n\t\t\t\r\n\t\t\t<div class=\"mk-page-section-inner\">\r\n\t\t\t\t\r\n\r\n\r\n<div class=\"mk-video-color-mask\"><\/div>\r\n\r\n\t\t\t\t\r\n\t\t\t\t\t\t\t<\/div>\r\n\r\n\t\t\t\r\n        <div class=\"page-section-content vc_row-fluid page-section-fullwidth\" >\r\n            <div class=\"mk-padding-wrapper wpb_row\"><\/div>\r\n            <div class=\"clearboth\"><\/div>\r\n        <\/div>\r\n\r\n\r\n\t\t\t\r\n\t\t\t\r\n\t\t\t\r\n\t\t<div class=\"clearboth\"><\/div>\r\n\t<\/div>\r\n<\/div>\r\n<div class=\"vc_row-full-width vc_clearfix\"><\/div>\r\n\r\n<style id=\"mk-shortcode-style-69e08d681fd08\" type=\"text\/css\">.full-width-69e08d681fd08 { min-height:40px; margin-bottom:0px; background-color:#329471; border:1px solid #ffffff;border-left:none;border-right:none; } .full-width-69e08d681fd08 .page-section-content { padding:0px 0 0px; } #background-layer--69e08d681fd08 { ; background-position:left top; background-repeat:repeat; ; } #background-layer--69e08d681fd08 .mk-color-layer { ; width:100%; height:100%; position:absolute; top:0; left:0; }<\/style><style id=\"mk-shortcode-style-69e08d681fd08\" type=\"text\/css\">.full-width-69e08d681fd08 .mk-fancy-title.pattern-style span, .full-width-69e08d681fd08 .mk-blog-view-all { background-color:#329471 !important; }<\/style><style id=\"mk-shortcode-style-69e08d6820018\" type=\"text\/css\"><\/style>\r\n<div class=\"vc_col-sm-12 wpb_column column_container  jupiter-donut- _ jupiter-donut-height-full\">\r\n\t<\/div>\r\n\r\n\r\n<div class=\"wpb_row vc_inner vc_row vc_row-fluid jupiter-donut-   attched-false\">\r\n\t\t\t\t<\/div>\r\n<div class=\"wpb_column vc_column_container vc_col-sm-12\"><div class=\"vc_column-inner\"><div class=\"wpb_wrapper\"><\/div><\/div><\/div><div class=\"vc_empty_space\"   style=\"height: 5px\"><span class=\"vc_empty_space_inner\"><\/span><\/div><style id=\"mk-shortcode-style-69e08d6820359\" type=\"text\/css\">#text-block-69e08d6820359 { margin-bottom:0px; text-align:left; }<\/style>\t<div class=\"vc_custom_1654203243248\">\r\n\r\n<div id=\"text-block-69e08d6820359\" class=\"mk-text-block  jupiter-donut-\">\r\n\r\n\t\r\n\t\r\n\t<div class=\"clearboth\"><\/div>\r\n<\/div>\r\n\r\n\t<\/div>\n<p style=\"text-align: center; margin-bottom: 0px;\">Impressum<\/p>\n\r\n\t<div class=\"clearboth\"><\/div>\r\n<\/div>\r\n\r\n<\/div>\r\n\r\n<div class=\"mk-page-section-wrapper\" data-mk-full-width=\"true\" data-mk-full-width-init=\"true\" data-mk-stretch-content=\"true\">\r\n\t<div id=\"page-section-69e08d68205c3\" class=\"mk-page-section self-hosted   full_layout full-width-69e08d68205c3 js-el js-master-row jupiter-donut-\"    data-intro-effect=\"false\">\r\n\r\n\t\t\t\r\n\t\t\t<div class=\"mk-page-section-inner\">\r\n\t\t\t\t\r\n\r\n\r\n<div class=\"mk-video-color-mask\"><\/div>\r\n\r\n\t\t\t\t\r\n\t\t\t\t\t\t\t<\/div>\r\n\r\n\t\t\t\r\n        <div class=\"page-section-content vc_row-fluid page-section-fullwidth\" >\r\n            <div class=\"mk-padding-wrapper wpb_row\"><style id=\"mk-shortcode-style-69e08d68208b5\" type=\"text\/css\"><\/style>\r\n<div class=\"vc_col-sm-12 wpb_column column_container  jupiter-donut- _ jupiter-donut-height-full\">\r\n\t\r\n\r\n<div class=\"wpb_row vc_inner vc_row vc_row-fluid jupiter-donut-   attched-false   vc_custom_1655134021891\">\r\n\t\t\t<div class=\"wpb_column vc_column_container vc_col-sm-12\"><div class=\"vc_column-inner\"><div class=\"wpb_wrapper\"><style id=\"mk-shortcode-style-69e08d6820c12\" type=\"text\/css\">#text-block-69e08d6820c12 { margin-bottom:0px; text-align:left; }<\/style>\t<div class=\"vc_custom_1679563518770\">\r\n\r\n<div id=\"text-block-69e08d6820c12\" class=\"mk-text-block  jupiter-donut-\">\r\n\r\n\t\r\n\t<p style=\"margin-left: 50px; margin-right: 50px; font-size: 35px;\">IMPRESSUM<\/p>\n<p style=\"margin-left: 50px; margin-right: 50px;\">Der verantwortliche dieser website ist: THE SARAO FACTORY S.L.U., ein Unternehmen registriert im Handelsregister von Alicante, Band 2.787, book 2, folio 148 Seite A-83991 mit C. I. F. B-42588467 und Sitz in Avda. Juguete, 39, 03440, Ibi (ALICANTE).<\/p>\n<p style=\"margin-left: 50px; margin-right: 50px;\">Auch Sie k\u00f6nnen mit uns Kontakt \u00fcber die Telefonnummer +34 965 564871 oder \u00fcber die folgende e-mail-Adresse: hola@thesaraofactory.com<\/p>\n<p style=\"margin-left: 50px; margin-right: 50px;\">Geistiges und gewerbliches Eigentum<\/p>\n<p style=\"margin-left: 50px; margin-right: 50px;\">Das design dieser Website und Ihre Quellcodes sowie die logos, Marken und andere Kennzeichen, die in der gleichen geh\u00f6ren zu DEN SOIREE-FACTORY S. L. U. und gesch\u00fctzt, und die entsprechenden Rechte des geistigen und gewerblichen Eigentums.<\/p>\n<p style=\"margin-left: 50px; margin-right: 50px;\">Haftung f\u00fcr Inhalte<\/p>\n<p style=\"margin-left: 50px; margin-right: 50px;\">THE SARAO FACTORY S.L.U. ist nicht verantwortlich f\u00fcr die Rechtm\u00e4\u00dfigkeit anderer websites Dritter, von der aus Sie auf dieser website. THE SARAO FACTORY S.L.U. haftet nicht f\u00fcr die Rechtm\u00e4\u00dfigkeit anderer websites Dritter verlinkt oder von dieser website verlinkt werden. THE SARAO FACTORY S.L.U. beh\u00e4lt sich das Recht vor, \u00e4nderungen an der website vor, ohne Vorherige Ank\u00fcndigung, um zu halten up-zu-Datum Informationen, hinzuzuf\u00fcgen, zu \u00e4ndern, zu korrigieren oder zu eliminieren, den ver\u00f6ffentlichten Inhalt oder das design des Portals. THE SARAO FACTORY S.L.U. nicht verantwortlich f\u00fcr den Gebrauch, den Dritte von der auf dem portal ver\u00f6ffentlichten Informationen noch f\u00fcr Sch\u00e4den oder wirtschaftlichen Verluste, die direkt oder indirekt, produzieren oder produzieren k\u00f6nnen wirtschaftliche Sch\u00e4den materieller oder Daten verursacht werden durch den Gebrauch solcher Informationen.<\/p>\n<p style=\"margin-left: 50px; margin-right: 50px;\">Wiedergabe von Inhalten<\/p>\n<p style=\"margin-left: 50px; margin-right: 50px;\">Verboten ist das vollst\u00e4ndige oder teilweise Vervielf\u00e4ltigung der auf dieser website ver\u00f6ffentlichten Inhalte ohne Vorherige schriftliche Genehmigung von DER THE SARAO FACTORY S.L.U. Alle Informationen \u00fcber Privatsph\u00e4re, du hast es in unserer Datenschutzerkl\u00e4rung<\/p>\n\r\n\t<div class=\"clearboth\"><\/div>\r\n<\/div>\r\n\r\n\t<\/div>\r\n<\/div><\/div><\/div>\t<\/div>\r\n<\/div>\r\n<\/div>\r\n            <div class=\"clearboth\"><\/div>\r\n        <\/div>\r\n\r\n\r\n\t\t\t\r\n\t\t\t\r\n\t\t\t\r\n\t\t<div class=\"clearboth\"><\/div>\r\n\t<\/div>\r\n<\/div>\r\n<div class=\"vc_row-full-width vc_clearfix\"><\/div>\r\n\r\n<style id=\"mk-shortcode-style-69e08d68205c3\" type=\"text\/css\">.full-width-69e08d68205c3 { min-height:100px; margin-bottom:0px; } .full-width-69e08d68205c3 .page-section-content { padding:10px 0 10px; } #background-layer--69e08d68205c3 { ; background-position:left top; background-repeat:repeat; ; } #background-layer--69e08d68205c3 .mk-color-layer { ; width:100%; height:100%; position:absolute; top:0; left:0; }<\/style>\r\n<div class=\"mk-page-section-wrapper\" data-mk-full-width=\"true\" data-mk-full-width-init=\"true\" data-mk-stretch-content=\"true\">\r\n\t<div id=\"page-section-69e08d6820f5a\" class=\"mk-page-section self-hosted   full_layout full-width-69e08d6820f5a js-el js-master-row jupiter-donut-\"    data-intro-effect=\"false\">\r\n\r\n\t\t\t\r\n\t\t\t<div class=\"mk-page-section-inner\">\r\n\t\t\t\t\r\n\r\n\r\n<div class=\"mk-video-color-mask\"><\/div>\r\n\r\n\t\t\t\t\r\n\t\t\t\t\t\t\t<\/div>\r\n\r\n\t\t\t\r\n        <div class=\"page-section-content vc_row-fluid page-section-fullwidth\" >\r\n            <div class=\"mk-padding-wrapper wpb_row\"><style id=\"mk-shortcode-style-69e08d6821217\" type=\"text\/css\"><\/style>\r\n<div class=\"vc_col-sm-12 wpb_column column_container  jupiter-donut- _ jupiter-donut-height-full\">\r\n\t<div class=\"vc_separator wpb_content_element vc_separator_align_center vc_sep_width_100 vc_sep_pos_align_center vc_separator_no_text vc_sep_color_white vc_custom_1651162394176 wpb_content_element  vc_custom_1651162394176 wpb_content_element\" ><span class=\"vc_sep_holder vc_sep_holder_l\"><span class=\"vc_sep_line\"><\/span><\/span><span class=\"vc_sep_holder vc_sep_holder_r\"><span class=\"vc_sep_line\"><\/span><\/span>\n<\/div><\/div>\r\n<\/div>\r\n            <div class=\"clearboth\"><\/div>\r\n        <\/div>\r\n\r\n\r\n\t\t\t\r\n\t\t\t\r\n\t\t\t\r\n\t\t<div class=\"clearboth\"><\/div>\r\n\t<\/div>\r\n<\/div>\r\n<div class=\"vc_row-full-width vc_clearfix\"><\/div>\r\n\r\n<style id=\"mk-shortcode-style-69e08d6820f5a\" type=\"text\/css\">.full-width-69e08d6820f5a { min-height:100px; margin-bottom:0px; } .full-width-69e08d6820f5a .page-section-content { padding:10px 0 10px; } #background-layer--69e08d6820f5a { ; background-position:left top; background-repeat:repeat; ; } #background-layer--69e08d6820f5a .mk-color-layer { ; width:100%; height:100%; position:absolute; top:0; left:0; }<\/style>\t<\/div>\r\n\n<\/div>","protected":false},"excerpt":{"rendered":"Aviso legal Aviso legal AVISO LEGAL El responsable de esta p\u00e1gina web es: THE SARAO FACTORY S.L.U., sociedad inscrita en el Registro Mercantil de Alicante, tomo 2.787, libro 2, folio 148 hoja A-83991 con C.I.F. B-42588467 y domicilio social en Avda. del Juguete, 39, 03440, Ibi (ALICANTE). Tambi\u00e9n puedes contactar con nosotros a trav\u00e9s del [...]","protected":false},"author":1,"featured_media":0,"parent":0,"menu_order":0,"comment_status":"closed","ping_status":"closed","template":"","meta":{"footnotes":""},"class_list":["post-368","page","type-page","status-publish","hentry"],"_links":{"self":[{"href":"https:\/\/thesaraofactory.com\/de\/wp-json\/wp\/v2\/pages\/368","targetHints":{"allow":["GET"]}}],"collection":[{"href":"https:\/\/thesaraofactory.com\/de\/wp-json\/wp\/v2\/pages"}],"about":[{"href":"https:\/\/thesaraofactory.com\/de\/wp-json\/wp\/v2\/types\/page"}],"author":[{"embeddable":true,"href":"https:\/\/thesaraofactory.com\/de\/wp-json\/wp\/v2\/users\/1"}],"replies":[{"embeddable":true,"href":"https:\/\/thesaraofactory.com\/de\/wp-json\/wp\/v2\/comments?post=368"}],"version-history":[{"count":26,"href":"https:\/\/thesaraofactory.com\/de\/wp-json\/wp\/v2\/pages\/368\/revisions"}],"predecessor-version":[{"id":2412,"href":"https:\/\/thesaraofactory.com\/de\/wp-json\/wp\/v2\/pages\/368\/revisions\/2412"}],"wp:attachment":[{"href":"https:\/\/thesaraofactory.com\/de\/wp-json\/wp\/v2\/media?parent=368"}],"curies":[{"name":"wp","href":"https:\/\/api.w.org\/{rel}","templated":true}]}}