{"id":1508,"date":"2024-04-15T11:38:41","date_gmt":"2024-04-15T11:38:41","guid":{"rendered":"https:\/\/thesaraofactory.com\/?page_id=1508"},"modified":"2025-04-09T06:46:40","modified_gmt":"2025-04-09T06:46:40","slug":"politica-devolucion-incidencias","status":"publish","type":"page","link":"https:\/\/thesaraofactory.com\/de\/politica-devolucion-incidencias\/","title":{"rendered":"R\u00fcckkehr Politik und Vorf\u00e4lle"},"content":{"rendered":"<div class=\"wpb-content-wrapper\">\r\n<div class=\"mk-page-section-wrapper\" data-mk-full-width=\"true\" data-mk-full-width-init=\"true\" data-mk-stretch-content=\"true\">\r\n\t<div id=\"page-section-69e08fa77bb0b\" class=\"mk-page-section self-hosted   full_layout full-width-69e08fa77bb0b js-el js-master-row jupiter-donut-visible-sm\"    data-intro-effect=\"false\">\r\n\r\n\t\t\t\r\n\t\t\t<div class=\"mk-page-section-inner\">\r\n\t\t\t\t\r\n\r\n\r\n<div class=\"mk-video-color-mask\"><\/div>\r\n\r\n\t\t\t\t\r\n\t\t\t\t\t\t\t<\/div>\r\n\r\n\t\t\t\r\n        <div class=\"page-section-content vc_row-fluid page-section-fullwidth\" >\r\n            <div class=\"mk-padding-wrapper wpb_row\"><style id=\"mk-shortcode-style-69e08fa77bf22\" type=\"text\/css\"><\/style>\r\n<div class=\"vc_col-sm-12 wpb_column column_container  jupiter-donut- _ jupiter-donut-height-full\">\r\n\t\r\n\r\n<div class=\"wpb_row vc_inner vc_row vc_row-fluid jupiter-donut-   attched-false\">\r\n\t\t\t<div class=\"wpb_column vc_column_container vc_col-sm-12\"><div class=\"vc_column-inner\"><div class=\"wpb_wrapper\"><div class=\"vc_empty_space\"   style=\"height: 5px\"><span class=\"vc_empty_space_inner\"><\/span><\/div><style id=\"mk-shortcode-style-69e08fa77c4b1\" type=\"text\/css\">#text-block-69e08fa77c4b1 { margin-bottom:0px; text-align:left; }<\/style>\t<div class=\"vc_custom_1713334757115\">\r\n\r\n<div id=\"text-block-69e08fa77c4b1\" class=\"mk-text-block  jupiter-donut-\">\r\n\r\n\t\r\n\t<p style=\"text-align: center; margin-bottom: 0px;\">Zur\u00fcckgegeben Politik und Vorf\u00e4lle<\/p>\n\r\n\t<div class=\"clearboth\"><\/div>\r\n<\/div>\r\n\r\n\t<\/div>\r\n<\/div><\/div><\/div>\t<\/div>\r\n<\/div>\r\n<\/div>\r\n            <div class=\"clearboth\"><\/div>\r\n        <\/div>\r\n\r\n\r\n\t\t\t\r\n\t\t\t\r\n\t\t\t\r\n\t\t<div class=\"clearboth\"><\/div>\r\n\t<\/div>\r\n<\/div>\r\n<div class=\"vc_row-full-width vc_clearfix\"><\/div>\r\n\r\n<style id=\"mk-shortcode-style-69e08fa77bb0b\" type=\"text\/css\">.full-width-69e08fa77bb0b { min-height:40px; margin-bottom:0px; background-color:#329471; border:1px solid #ffffff;border-left:none;border-right:none; } .full-width-69e08fa77bb0b .page-section-content { padding:0px 0 0px; } #background-layer--69e08fa77bb0b { ; background-position:left top; background-repeat:repeat; ; } #background-layer--69e08fa77bb0b .mk-color-layer { ; width:100%; height:100%; position:absolute; top:0; left:0; }<\/style><style id=\"mk-shortcode-style-69e08fa77bb0b\" type=\"text\/css\">.full-width-69e08fa77bb0b .mk-fancy-title.pattern-style span, .full-width-69e08fa77bb0b .mk-blog-view-all { background-color:#329471 !important; }<\/style>\r\n<div class=\"mk-page-section-wrapper\" data-mk-full-width=\"true\" data-mk-full-width-init=\"true\" data-mk-stretch-content=\"true\">\r\n\t<div id=\"page-section-69e08fa77c7c6\" class=\"mk-page-section self-hosted   full_layout full-width-69e08fa77c7c6 js-el js-master-row jupiter-donut-\"    data-intro-effect=\"false\">\r\n\r\n\t\t\t\r\n\t\t\t<div class=\"mk-page-section-inner\">\r\n\t\t\t\t\r\n\r\n\r\n<div class=\"mk-video-color-mask\"><\/div>\r\n\r\n\t\t\t\t\r\n\t\t\t\t\t\t\t<\/div>\r\n\r\n\t\t\t\r\n        <div class=\"page-section-content vc_row-fluid page-section-fullwidth\" >\r\n            <div class=\"mk-padding-wrapper wpb_row\"><style id=\"mk-shortcode-style-69e08fa77ca47\" type=\"text\/css\"><\/style>\r\n<div class=\"vc_col-sm-12 wpb_column column_container  jupiter-donut- _ jupiter-donut-height-full\">\r\n\t\r\n\r\n<div class=\"wpb_row vc_inner vc_row vc_row-fluid jupiter-donut-   attched-false   vc_custom_1655134021891\">\r\n\t\t\t<div class=\"wpb_column vc_column_container vc_col-sm-12\"><div class=\"vc_column-inner\"><div class=\"wpb_wrapper\"><style id=\"mk-shortcode-style-69e08fa77cc94\" type=\"text\/css\">#text-block-69e08fa77cc94 { margin-bottom:0px; text-align:left; }<\/style>\t<div class=\"vc_custom_1713334786886\">\r\n\r\n<div id=\"text-block-69e08fa77cc94\" class=\"mk-text-block  jupiter-donut-\">\r\n\r\n\t\r\n\t<h1>Zur\u00fcckgegeben Politik und Vorf\u00e4lle<\/h1>\n<p>Mit Bezug auf R\u00fccksendungen durch Bruch w\u00e4hrend des Transports, The Sarao Factory, S.L.U. baut eine Frist von 14 Kalendertagen nach Erhalt der Bestellung, sofern der Kunde angeben, in den Kommentaren der Platte-transport-Agentur gefunden hat, dass ein problem mit der gelieferten Ware. Im Falle, dass keine Beobachtung auf den Teil des client in der Bogenf\u00fchrung, Sie haben 7 Kalender Tage zu machen die Anspruch.<\/p>\n<p>F\u00fcr Qualit\u00e4t Probleme, die Kunden hat 3 Monate in Anspruch nehmen. In beiden F\u00e4llen, die R\u00fcckkehr Antrag muss schriftlich per E-Mail zu incidencias@thesaraofactory.com oder durch die form der St\u00f6rungen, die m\u00f6glicherweise ben\u00f6tigt Ihr Unternehmen.<\/p>\n<p>Soiree-Fabrik ist verpflichtet auf die Aufforderung, innerhalb einer Frist von maximal 3 Werktage. R\u00fcckerstattungen werden gel\u00f6st innerhalb einen Zeitraum von maximal 30 Tagen von der ersten Empfang.<\/p>\n<p>Es gibt Keine R\u00fcckerstattung, wenn: (a) der client sendet Boxen unvollst\u00e4ndige und\/oder mit den urspr\u00fcnglichen Verpackung verschlechtert hat; (b) Anspr\u00fcche, die k\u00fcmmert sich um die pers\u00f6nlichen Einsch\u00e4tzungen von Qualit\u00e4t. Wenn das Produkt stimmt mit den Spezifikationen der Technischen Daten-Blatt wird nicht akzeptiert werden als eine R\u00fcckkehr aufgrund Qualit\u00e4t Gr\u00fcnde. Der technische Datenbl\u00e4tter k\u00f6nnen angefordert werden, die in der e-mail: pedidos@thesaraofactory.com.<\/p>\n<p>Soiree-Fabrik werden nicht akzeptieren, die oben genannten Gr\u00fcnde als g\u00fcltig f\u00fcr die R\u00fccksendung der bestellten Ware. Wenn trotz allem der client sendet zur\u00fcckgekehrt waren, um die Lager des Unternehmens, ohne Ursache vor, analysiert und autorisiert ist, die Produkte werden gespeichert, w\u00e4hrend der eine in einer maximalen Frist von 7 Tagen, nach denen im Falle der nicht-Abholung durch den Kunden, wird das material zerst\u00f6rt werden, ohne das Recht auf eine finanzielle Entsch\u00e4digung.<\/p>\n\r\n\t<div class=\"clearboth\"><\/div>\r\n<\/div>\r\n\r\n\t<\/div>\r\n<div class=\"vc_empty_space\"   style=\"height: 10px\"><span class=\"vc_empty_space_inner\"><\/span><\/div><\/div><\/div><\/div>\t<\/div>\r\n<\/div>\r\n<\/div>\r\n            <div class=\"clearboth\"><\/div>\r\n        <\/div>\r\n\r\n\r\n\t\t\t\r\n\t\t\t\r\n\t\t\t\r\n\t\t<div class=\"clearboth\"><\/div>\r\n\t<\/div>\r\n<\/div>\r\n<div class=\"vc_row-full-width vc_clearfix\"><\/div>\r\n\r\n<style id=\"mk-shortcode-style-69e08fa77c7c6\" type=\"text\/css\">.full-width-69e08fa77c7c6 { min-height:100px; margin-bottom:0px; } .full-width-69e08fa77c7c6 .page-section-content { padding:10px 0 10px; } #background-layer--69e08fa77c7c6 { ; background-position:left top; background-repeat:repeat; ; } #background-layer--69e08fa77c7c6 .mk-color-layer { ; width:100%; height:100%; position:absolute; top:0; left:0; }<\/style>\n<\/div>","protected":false},"excerpt":{"rendered":"Pol\u00edtica de Devoluciones e Incidencias Pol\u00edtica de Devoluciones e Incidencias Respecto a las devoluciones por roturas durante el transporte, The Sarao Factory establece un plazo de 14 d\u00edas naturales tras la recepci\u00f3n del pedido, siempre y cuando el cliente indique en observaciones de la hoja de agencia de transporte que ha encontrado un problema con [...]","protected":false},"author":2,"featured_media":0,"parent":0,"menu_order":0,"comment_status":"closed","ping_status":"closed","template":"","meta":{"footnotes":""},"class_list":["post-1508","page","type-page","status-publish","hentry"],"_links":{"self":[{"href":"https:\/\/thesaraofactory.com\/de\/wp-json\/wp\/v2\/pages\/1508","targetHints":{"allow":["GET"]}}],"collection":[{"href":"https:\/\/thesaraofactory.com\/de\/wp-json\/wp\/v2\/pages"}],"about":[{"href":"https:\/\/thesaraofactory.com\/de\/wp-json\/wp\/v2\/types\/page"}],"author":[{"embeddable":true,"href":"https:\/\/thesaraofactory.com\/de\/wp-json\/wp\/v2\/users\/2"}],"replies":[{"embeddable":true,"href":"https:\/\/thesaraofactory.com\/de\/wp-json\/wp\/v2\/comments?post=1508"}],"version-history":[{"count":9,"href":"https:\/\/thesaraofactory.com\/de\/wp-json\/wp\/v2\/pages\/1508\/revisions"}],"predecessor-version":[{"id":2419,"href":"https:\/\/thesaraofactory.com\/de\/wp-json\/wp\/v2\/pages\/1508\/revisions\/2419"}],"wp:attachment":[{"href":"https:\/\/thesaraofactory.com\/de\/wp-json\/wp\/v2\/media?parent=1508"}],"curies":[{"name":"wp","href":"https:\/\/api.w.org\/{rel}","templated":true}]}}