{"id":1120,"date":"2023-11-20T16:31:13","date_gmt":"2023-11-20T16:31:13","guid":{"rendered":"https:\/\/thesaraofactory.com\/?page_id=1120"},"modified":"2025-04-09T06:46:28","modified_gmt":"2025-04-09T06:46:28","slug":"canal-etico","status":"publish","type":"page","link":"https:\/\/thesaraofactory.com\/de\/canal-etico\/","title":{"rendered":"Kanal ethischen"},"content":{"rendered":"<div class=\"wpb-content-wrapper\">\r\n<div  data-mk-stretch-content=\"true\" class=\"wpb_row vc_row vc_row-fluid jupiter-donut- mk-fullwidth-false  attched-false     js-master-row  mk-grid\">\r\n\t\t\t\t<style id=\"mk-shortcode-style-69e08f1a43b19\" type=\"text\/css\"><\/style>\r\n<div class=\"vc_col-sm-12 wpb_column column_container  jupiter-donut- _ jupiter-donut-height-full\">\r\n\t<style id=\"mk-shortcode-style-69e08f1a43d26\" type=\"text\/css\">#text-block-69e08f1a43d26 { margin-bottom:0px; text-align:left; }<\/style>\r\n<div id=\"text-block-69e08f1a43d26\" class=\"mk-text-block  jupiter-donut-\">\r\n\r\n\t\r\n\t<div class=\"mk-page-section-wrapper\" style=\"position: relative; box-sizing: border-box; width: 483px; left: -20px;\" data-mk-full-width=\"true\" data-mk-full-width-init=\"true\" data-mk-stretch-content=\"true\">\n<div id=\"page-section-2\" class=\"mk-page-section self-hosted full_layout full-width-2 js-el js-master-row jupiter-donut-visible-sm\" style=\"position: fixed; z-index: 100;\" data-intro-effect=\"false\">\n<div class=\"page-section-content vc_row-fluid page-section-fullwidth\">\n<div class=\"mk-padding-wrapper wpb_row\">\n<div class=\"vc_col-sm-12 wpb_column column_container jupiter-donut- _ jupiter-donut-height-full\">\n<div class=\"wpb_row vc_inner vc_row vc_row-fluid jupiter-donut- attched-false\">\n<div class=\"wpb_column vc_column_container vc_col-sm-12\">\n<div class=\"vc_column-inner\">\n<div class=\"wpb_wrapper\">\n<div class=\"vc_custom_1654203243248\">\n<div id=\"text-block-4\" class=\"mk-text-block jupiter-donut-\">\n<p style=\"text-align: center; margin-bottom: 0px; padding: 5px;\">Kanal ethischen<\/p>\n<div class=\"clearboth\"><\/div>\n<\/div>\n<\/div>\n<\/div>\n<\/div>\n<\/div>\n<\/div>\n<\/div>\n<\/div>\n<div class=\"clearboth\"><\/div>\n<\/div>\n<div class=\"clearboth\"><\/div>\n<\/div>\n<\/div>\n<div class=\"mk-page-section-wrapper\" data-mk-full-width=\"true\" data-mk-full-width-init=\"true\" data-mk-stretch-content=\"true\">\r\n\t<div id=\"page-section-69e08f1a43ffa\" class=\"mk-page-section self-hosted   full_layout full-width-69e08f1a43ffa js-el js-master-row jupiter-donut-visible-sm\"    data-intro-effect=\"false\">\r\n\r\n\t\t\t\r\n\t\t\t<div class=\"mk-page-section-inner\">\r\n\t\t\t\t\r\n\r\n\r\n<div class=\"mk-video-color-mask\"><\/div>\r\n\r\n\t\t\t\t\r\n\t\t\t\t\t\t\t<\/div>\r\n\r\n\t\t\t\r\n        <div class=\"page-section-content vc_row-fluid page-section-fullwidth\" >\r\n            <div class=\"mk-padding-wrapper wpb_row\"><\/div>\r\n            <div class=\"clearboth\"><\/div>\r\n        <\/div>\r\n\r\n\r\n\t\t\t\r\n\t\t\t\r\n\t\t\t\r\n\t\t<div class=\"clearboth\"><\/div>\r\n\t<\/div>\r\n<\/div>\r\n<div class=\"vc_row-full-width vc_clearfix\"><\/div>\r\n\r\n<style id=\"mk-shortcode-style-69e08f1a43ffa\" type=\"text\/css\">.full-width-69e08f1a43ffa { min-height:40px; margin-bottom:0px; background-color:#329471; border:1px solid #ffffff;border-left:none;border-right:none; } .full-width-69e08f1a43ffa .page-section-content { padding:0px 0 0px; } #background-layer--69e08f1a43ffa { ; background-position:left top; background-repeat:repeat; ; } #background-layer--69e08f1a43ffa .mk-color-layer { ; width:100%; height:100%; position:absolute; top:0; left:0; }<\/style><style id=\"mk-shortcode-style-69e08f1a43ffa\" type=\"text\/css\">.full-width-69e08f1a43ffa .mk-fancy-title.pattern-style span, .full-width-69e08f1a43ffa .mk-blog-view-all { background-color:#329471 !important; }<\/style><style id=\"mk-shortcode-style-69e08f1a44307\" type=\"text\/css\"><\/style>\r\n<div class=\"vc_col-sm-12 wpb_column column_container  jupiter-donut- _ jupiter-donut-height-full\">\r\n\t<\/div>\r\n\r\n\r\n<div class=\"wpb_row vc_inner vc_row vc_row-fluid jupiter-donut-   attched-false\">\r\n\t\t\t\t<\/div>\r\n<div class=\"wpb_column vc_column_container vc_col-sm-12\"><div class=\"vc_column-inner\"><div class=\"wpb_wrapper\"><\/div><\/div><\/div><div class=\"vc_empty_space\"   style=\"height: 5px\"><span class=\"vc_empty_space_inner\"><\/span><\/div><style id=\"mk-shortcode-style-69e08f1a44632\" type=\"text\/css\">#text-block-69e08f1a44632 { margin-bottom:0px; text-align:left; }<\/style>\t<div class=\"vc_custom_1654203243248\">\r\n\r\n<div id=\"text-block-69e08f1a44632\" class=\"mk-text-block  jupiter-donut-\">\r\n\r\n\t\r\n\t\r\n\t<div class=\"clearboth\"><\/div>\r\n<\/div>\r\n\r\n\t<\/div>\n\r\n\t<div class=\"clearboth\"><\/div>\r\n<\/div>\r\n\r\n<\/div>\r\n\r\n<div class=\"mk-page-section-wrapper\" data-mk-full-width=\"true\" data-mk-full-width-init=\"true\" data-mk-stretch-content=\"true\">\r\n\t<div id=\"page-section-69e08f1a4488e\" class=\"mk-page-section self-hosted   full_layout full-width-69e08f1a4488e js-el js-master-row jupiter-donut-\"    data-intro-effect=\"false\">\r\n\r\n\t\t\t\r\n\t\t\t<div class=\"mk-page-section-inner\">\r\n\t\t\t\t\r\n\r\n\r\n<div class=\"mk-video-color-mask\"><\/div>\r\n\r\n\t\t\t\t\r\n\t\t\t\t\t\t\t<\/div>\r\n\r\n\t\t\t\r\n        <div class=\"page-section-content vc_row-fluid page-section-fullwidth\" >\r\n            <div class=\"mk-padding-wrapper wpb_row\"><style id=\"mk-shortcode-style-69e08f1a44b6f\" type=\"text\/css\"><\/style>\r\n<div class=\"vc_col-sm-12 wpb_column column_container  jupiter-donut- _ jupiter-donut-height-full\">\r\n\t\r\n\r\n<div class=\"wpb_row vc_inner vc_row vc_row-fluid jupiter-donut-   attched-false   vc_custom_1655134021891\">\r\n\t\t\t<div class=\"wpb_column vc_column_container vc_col-sm-12\"><div class=\"vc_column-inner\"><div class=\"wpb_wrapper\"><style id=\"mk-shortcode-style-69e08f1a44ec5\" type=\"text\/css\">#text-block-69e08f1a44ec5 { margin-bottom:0px; text-align:left; }<\/style>\t<div class=\"vc_custom_1700498320723\">\r\n\r\n<div id=\"text-block-69e08f1a44ec5\" class=\"mk-text-block  jupiter-donut-\">\r\n\r\n\t\r\n\t<p style=\"font-size: 35px;\">KANAL ETHISCHEN<\/p>\n<p>Soiree-Fabrik unterh\u00e4lt ein starkes Engagement, um Ihre Gesch\u00e4fte und Aktivit\u00e4ten in \u00fcbereinstimmung mit den strengen Kriterien f\u00fcr ethisches und verantwortungsbewusstes Verhalten. Folgen best practices und werden im Einklang mit unserer Unternehmens-Werte, das soziale gewissen, das Engagement und das Vertrauen, sowie der Wunsch nach selbst-Verbesserung, die Grundpfeiler, die uns unterst\u00fctzen, wir haben es erm\u00f6glicht, einen Whistleblowing-Kanal.<\/p>\n\r\n\t<div class=\"clearboth\"><\/div>\r\n<\/div>\r\n\r\n\t<\/div>\r\n<div class=\"vc_btn3-container  btn-canal-denuncias vc_btn3-inline vc_custom_1700498153905 vc_do_btn\" ><a class=\"vc_general vc_btn3 vc_btn3-size-md vc_btn3-shape-rounded vc_btn3-style-modern vc_btn3-color-grey\" href=\"https:\/\/app.sesametime.com\/complaint\/thesaraofactory?sesameRegion=EU1\" title=\"\">Um Zugang zu den whistleblowing-Kanal<\/a><\/div><div class=\"vc_empty_space\"   style=\"height: 200px\"><span class=\"vc_empty_space_inner\"><\/span><\/div><\/div><\/div><\/div>\t<\/div>\r\n<\/div>\r\n<\/div>\r\n            <div class=\"clearboth\"><\/div>\r\n        <\/div>\r\n\r\n\r\n\t\t\t\r\n\t\t\t\r\n\t\t\t\r\n\t\t<div class=\"clearboth\"><\/div>\r\n\t<\/div>\r\n<\/div>\r\n<div class=\"vc_row-full-width vc_clearfix\"><\/div>\r\n\r\n<style id=\"mk-shortcode-style-69e08f1a4488e\" type=\"text\/css\">.full-width-69e08f1a4488e { min-height:100px; margin-bottom:0px; } .full-width-69e08f1a4488e .page-section-content { padding:10px 0 10px; } #background-layer--69e08f1a4488e { ; background-position:left top; background-repeat:repeat; ; } #background-layer--69e08f1a4488e .mk-color-layer { ; width:100%; height:100%; position:absolute; top:0; left:0; }<\/style>\t<\/div>\r\n\n<\/div>","protected":false},"excerpt":{"rendered":"Canal \u00e9tico CANAL \u00c9TICO The Sarao Factory mantiene un firme compromiso por conducir sus actividades y negocios siguiendo estrictos criterios \u00e9ticos y de conducta responsable. Para seguir las mejores pr\u00e1cticas y ser coherentes con nuestros valores empresariales, siendo la conciencia social, el compromiso y confianza, as\u00ed como el af\u00e1n de superaci\u00f3n, pilares b\u00e1sicos que nos [...]","protected":false},"author":2,"featured_media":0,"parent":0,"menu_order":0,"comment_status":"closed","ping_status":"closed","template":"","meta":{"footnotes":""},"class_list":["post-1120","page","type-page","status-publish","hentry"],"_links":{"self":[{"href":"https:\/\/thesaraofactory.com\/de\/wp-json\/wp\/v2\/pages\/1120","targetHints":{"allow":["GET"]}}],"collection":[{"href":"https:\/\/thesaraofactory.com\/de\/wp-json\/wp\/v2\/pages"}],"about":[{"href":"https:\/\/thesaraofactory.com\/de\/wp-json\/wp\/v2\/types\/page"}],"author":[{"embeddable":true,"href":"https:\/\/thesaraofactory.com\/de\/wp-json\/wp\/v2\/users\/2"}],"replies":[{"embeddable":true,"href":"https:\/\/thesaraofactory.com\/de\/wp-json\/wp\/v2\/comments?post=1120"}],"version-history":[{"count":15,"href":"https:\/\/thesaraofactory.com\/de\/wp-json\/wp\/v2\/pages\/1120\/revisions"}],"predecessor-version":[{"id":2417,"href":"https:\/\/thesaraofactory.com\/de\/wp-json\/wp\/v2\/pages\/1120\/revisions\/2417"}],"wp:attachment":[{"href":"https:\/\/thesaraofactory.com\/de\/wp-json\/wp\/v2\/media?parent=1120"}],"curies":[{"name":"wp","href":"https:\/\/api.w.org\/{rel}","templated":true}]}}